{"id":394563,"date":"2026-04-05T14:34:03","date_gmt":"2026-04-05T12:34:03","guid":{"rendered":"https:\/\/bogensportdiscount.ch\/produkt\/decut-risers-cnc-honor-25-rh-66-68-70-black\/"},"modified":"2026-04-17T13:26:02","modified_gmt":"2026-04-17T11:26:02","slug":"decut-recurvebogen-mittelstuck-honor-25-rh-66-68-70-schwarz","status":"publish","type":"product","link":"https:\/\/bogensportdiscount.ch\/fr\/produit\/decut-recurvebogen-mittelstuck-honor-25-rh-66-68-70-schwarz\/","title":{"rendered":"DECUT RISERS CNC HONOR 25\u2033 RH 66-68-70\u2033 BLACK"},"content":{"rendered":"<p>Das DECUT Honor Mittelst\u00fcck ist ein CNC-gefr\u00e4stes Recurvebogen-Mittelst\u00fcck aus Aluminium in einer L\u00e4nge von 25 Zoll. Es ist f\u00fcr Rechtsh\u00e4nder ausgef\u00fchrt und kompatibel mit Bogenl\u00e4ngen von 66, 68 und 70 Zoll.<\/p>\n<p>Die ILF-Pfeilauflage erm\u00f6glicht die Verwendung einer breiten Auswahl an kompatiblen Wurfarmen. Das Mittelst\u00fcck eignet sich laut Herstellerangabe f\u00fcr alle Zuggewichte und richtet sich damit an Einsteiger und erfahrene Sch\u00fctzen gleichermassen.<\/p>\n<ul>\n<li>CNC-gefr\u00e4ste Aluminium-Konstruktion (Forged CNC)<\/li>\n<li>ILF-kompatibel f\u00fcr breite Wurfarm-Auswahl<\/li>\n<li>F\u00fcr 66&#8243;, 68&#8243; und 70&#8243; Bogenl\u00e4ngen geeignet<\/li>\n<li>F\u00fcr alle Zuggewichte empfohlen<\/li>\n<\/ul>","protected":false},"excerpt":{"rendered":"<table>\n<tr>\n<th>Propri\u00e9t\u00e9<\/th>\n<th>Valeur<\/th>\n<\/tr>\n<tr>\n<td>Marque<\/td>\n<td>Decut<\/td>\n<\/tr>\n<tr>\n<td>Modell<\/td>\n<td>Honor<\/td>\n<\/tr>\n<tr>\n<td>Main<\/td>\n<td>Main droite (RH)<\/td>\n<\/tr>\n<tr>\n<td>Couleur<\/td>\n<td>Schwarz<\/td>\n<\/tr>\n<tr>\n<td>Type<\/td>\n<td>Forged CNC<\/td>\n<\/tr>\n<tr>\n<td>Mat\u00e9riau<\/td>\n<td>Aluminium<\/td>\n<\/tr>\n<tr>\n<td>Longueur<\/td>\n<td>25&#8243;<\/td>\n<\/tr>\n<tr>\n<td>Bogenl\u00e4nge (kompatibel)<\/td>\n<td>66&#8243; \/ 68&#8243; \/ 70&#8243;<\/td>\n<\/tr>\n<tr>\n<td>Pfeilauflage-System<\/td>\n<td>ILF<\/td>\n<\/tr>\n<tr>\n<td>Recommandation<\/td>\n<td>Alle Zuggewichte<\/td>\n<\/tr>\n<\/table>","protected":false},"featured_media":440635,"comment_status":"open","ping_status":"closed","template":"","meta":[],"product_brand":[817],"product_cat":[4519],"product_tag":[3546],"class_list":{"0":"post-394563","1":"product","2":"type-product","3":"status-publish","4":"has-post-thumbnail","6":"product_brand-decut","7":"product_cat-recurve-mittelteile-recurve-boegen","8":"product_tag-neuheit","10":"first","11":"instock","12":"shipping-taxable","13":"purchasable","14":"product-type-simple"},"_links":{"self":[{"href":"https:\/\/bogensportdiscount.ch\/fr\/wp-json\/wp\/v2\/product\/394563","targetHints":{"allow":["GET"]}}],"collection":[{"href":"https:\/\/bogensportdiscount.ch\/fr\/wp-json\/wp\/v2\/product"}],"about":[{"href":"https:\/\/bogensportdiscount.ch\/fr\/wp-json\/wp\/v2\/types\/product"}],"replies":[{"embeddable":true,"href":"https:\/\/bogensportdiscount.ch\/fr\/wp-json\/wp\/v2\/comments?post=394563"}],"wp:featuredmedia":[{"embeddable":true,"href":"https:\/\/bogensportdiscount.ch\/fr\/wp-json\/wp\/v2\/media\/440635"}],"wp:attachment":[{"href":"https:\/\/bogensportdiscount.ch\/fr\/wp-json\/wp\/v2\/media?parent=394563"}],"wp:term":[{"taxonomy":"product_brand","embeddable":true,"href":"https:\/\/bogensportdiscount.ch\/fr\/wp-json\/wp\/v2\/product_brand?post=394563"},{"taxonomy":"product_cat","embeddable":true,"href":"https:\/\/bogensportdiscount.ch\/fr\/wp-json\/wp\/v2\/product_cat?post=394563"},{"taxonomy":"product_tag","embeddable":true,"href":"https:\/\/bogensportdiscount.ch\/fr\/wp-json\/wp\/v2\/product_tag?post=394563"}],"curies":[{"name":"wp","href":"https:\/\/api.w.org\/{rel}","templated":true}]}}