{"id":394545,"date":"2026-04-05T14:33:57","date_gmt":"2026-04-05T12:33:57","guid":{"rendered":"https:\/\/bogensportdiscount.ch\/produkt\/pin-nocks-in-out-beiter-ace-green-hunter\/"},"modified":"2026-05-14T07:14:08","modified_gmt":"2026-05-14T05:14:08","slug":"beiter-pin-nocken-in-out-ace-gruen-hunter","status":"publish","type":"product","link":"https:\/\/bogensportdiscount.ch\/fr\/produit\/beiter-pin-nocken-in-out-ace-gruen-hunter\/","title":{"rendered":"PIN-NOCKEN IN\/OUT BEITER ACE GREEN HUNTER"},"content":{"rendered":"<p>Les encoches \u00e0 pin BEITER In\/Out ACE en version Hunter sont sp\u00e9cialement con\u00e7ues pour les fl\u00e8ches avec tube ACE. Les encoches peuvent \u00eatre utilis\u00e9es aussi bien comme encoches int\u00e9rieures qu'ext\u00e9rieures (In\/Out), offrant ainsi des possibilit\u00e9s de montage flexibles.<\/p>\n<p>Le type Hunter avec gorge large est adapt\u00e9 aux exigences du tir \u00e0 l'arc \u00e0 la chasse et assure un maintien fiable sur la corde d'arc. La couleur verte permet une identification et un tri faciles au quotidien.<\/p>\n<ul>\n<li>Compatible avec les fl\u00e8ches \u00e0 tube ACE<\/li>\n<li>Version In\/Out pour un montage flexible<\/li>\n<li>Type Hunter avec encoche \u00e0 large gorge<\/li>\n<li>Fabriqu\u00e9 en Allemagne<\/li>\n<\/ul>","protected":false},"excerpt":{"rendered":"<table>\n<tr>\n<th>Propri\u00e9t\u00e9<\/th>\n<th>Valeur<\/th>\n<\/tr>\n<tr>\n<td>Marque<\/td>\n<td>Beiter<\/td>\n<\/tr>\n<tr>\n<td>Couleur<\/td>\n<td>Vert<\/td>\n<\/tr>\n<tr>\n<td>Type<\/td>\n<td>Hunter<\/td>\n<\/tr>\n<tr>\n<td>TAILLE<\/td>\n<td>ACE<\/td>\n<\/tr>\n<tr>\n<td>Forme<\/td>\n<td>Large Groove<\/td>\n<\/tr>\n<tr>\n<td>Pays d'origine<\/td>\n<td>Allemagne<\/td>\n<\/tr>\n<\/table>","protected":false},"featured_media":522888,"comment_status":"open","ping_status":"closed","template":"","meta":[],"product_brand":[419],"product_cat":[4158,4220,4297],"product_tag":[3546],"class_list":{"0":"post-394545","1":"product","2":"type-product","3":"status-publish","4":"has-post-thumbnail","6":"product_brand-beiter","7":"product_cat-pfeile-schaefte","8":"product_cat-befiederung-nocken-wraps","9":"product_cat-pin-nocken-vanes-nocks-wraps","10":"product_tag-neuheit","11":"product_shipping_class-bsd-standard","13":"first","14":"instock","15":"shipping-taxable","16":"purchasable","17":"product-type-simple"},"yoast_head":"<!-- This site is optimized with the Yoast SEO plugin v27.6 - https:\/\/yoast.com\/product\/yoast-seo-wordpress\/ -->\n<title>PIN-NOCKEN IN\/OUT BEITER ACE GREEN HUNTER - Bogensportdiscount \u2013 B\u00f6gen, Pfeile, Targets &amp; Zubeh\u00f6r<\/title>\n<meta name=\"description\" content=\"PIN-NOCKEN IN\/OUT BEITER ACE GREEN HUNTER g\u00fcnstig kaufen bei Bogensportdiscount \u2013 Top-Marken, schneller Versand aus der Schweiz.\" \/>\n<meta name=\"robots\" content=\"index, follow, max-snippet:-1, max-image-preview:large, max-video-preview:-1\" \/>\n<link rel=\"canonical\" href=\"https:\/\/bogensportdiscount.ch\/fr\/produit\/beiter-pin-nocken-in-out-ace-gruen-hunter\/\" \/>\n<meta property=\"og:locale\" content=\"fr_FR\" \/>\n<meta property=\"og:type\" content=\"article\" \/>\n<meta property=\"og:title\" content=\"PIN-NOCKEN IN\/OUT BEITER ACE GREEN HUNTER - Bogensportdiscount \u2013 B\u00f6gen, Pfeile, Targets &amp; Zubeh\u00f6r\" \/>\n<meta property=\"og:description\" content=\"PIN-NOCKEN IN\/OUT BEITER ACE GREEN HUNTER g\u00fcnstig kaufen bei Bogensportdiscount \u2013 Top-Marken, schneller Versand aus der Schweiz.\" \/>\n<meta property=\"og:url\" content=\"https:\/\/bogensportdiscount.ch\/fr\/produit\/beiter-pin-nocken-in-out-ace-gruen-hunter\/\" \/>\n<meta property=\"og:site_name\" content=\"Bogensportdiscount \u2013 B\u00f6gen, Pfeile, Targets &amp; Zubeh\u00f6r\" \/>\n<meta property=\"article:modified_time\" content=\"2026-05-14T05:14:08+00:00\" \/>\n<meta property=\"og:image\" content=\"https:\/\/bogensportdiscount.ch\/wp-content\/uploads\/bsm-images\/A018394_1.jpg\" \/>\n\t<meta property=\"og:image:width\" content=\"1024\" \/>\n\t<meta property=\"og:image:height\" content=\"768\" \/>\n\t<meta property=\"og:image:type\" content=\"image\/jpeg\" \/>\n<meta name=\"twitter:card\" content=\"summary_large_image\" \/>\n<script type=\"application\/ld+json\" class=\"yoast-schema-graph\">{\"@context\":\"https:\\\/\\\/schema.org\",\"@graph\":[{\"@type\":\"WebPage\",\"@id\":\"https:\\\/\\\/bogensportdiscount.ch\\\/produkt\\\/beiter-pin-nocken-in-out-ace-gruen-hunter\\\/\",\"url\":\"https:\\\/\\\/bogensportdiscount.ch\\\/produkt\\\/beiter-pin-nocken-in-out-ace-gruen-hunter\\\/\",\"name\":\"PIN-NOCKEN IN\\\/OUT BEITER ACE GREEN HUNTER - Bogensportdiscount \u2013 B\u00f6gen, Pfeile, Targets &amp; Zubeh\u00f6r\",\"isPartOf\":{\"@id\":\"https:\\\/\\\/bogensportdiscount.ch\\\/#website\"},\"primaryImageOfPage\":{\"@id\":\"https:\\\/\\\/bogensportdiscount.ch\\\/produkt\\\/beiter-pin-nocken-in-out-ace-gruen-hunter\\\/#primaryimage\"},\"image\":{\"@id\":\"https:\\\/\\\/bogensportdiscount.ch\\\/produkt\\\/beiter-pin-nocken-in-out-ace-gruen-hunter\\\/#primaryimage\"},\"thumbnailUrl\":\"https:\\\/\\\/bogensportdiscount.ch\\\/wp-content\\\/uploads\\\/bsm-images\\\/A018394_1.jpg\",\"datePublished\":\"2026-04-05T12:33:57+00:00\",\"dateModified\":\"2026-05-14T05:14:08+00:00\",\"description\":\"PIN-NOCKEN IN\\\/OUT BEITER ACE GREEN HUNTER g\u00fcnstig kaufen bei Bogensportdiscount \u2013 Top-Marken, schneller Versand aus der Schweiz.\",\"breadcrumb\":{\"@id\":\"https:\\\/\\\/bogensportdiscount.ch\\\/produkt\\\/beiter-pin-nocken-in-out-ace-gruen-hunter\\\/#breadcrumb\"},\"inLanguage\":\"fr-FR\",\"potentialAction\":[{\"@type\":\"ReadAction\",\"target\":[\"https:\\\/\\\/bogensportdiscount.ch\\\/produkt\\\/beiter-pin-nocken-in-out-ace-gruen-hunter\\\/\"]}]},{\"@type\":\"ImageObject\",\"inLanguage\":\"fr-FR\",\"@id\":\"https:\\\/\\\/bogensportdiscount.ch\\\/produkt\\\/beiter-pin-nocken-in-out-ace-gruen-hunter\\\/#primaryimage\",\"url\":\"https:\\\/\\\/bogensportdiscount.ch\\\/wp-content\\\/uploads\\\/bsm-images\\\/A018394_1.jpg\",\"contentUrl\":\"https:\\\/\\\/bogensportdiscount.ch\\\/wp-content\\\/uploads\\\/bsm-images\\\/A018394_1.jpg\",\"width\":1024,\"height\":768},{\"@type\":\"BreadcrumbList\",\"@id\":\"https:\\\/\\\/bogensportdiscount.ch\\\/produkt\\\/beiter-pin-nocken-in-out-ace-gruen-hunter\\\/#breadcrumb\",\"itemListElement\":[{\"@type\":\"ListItem\",\"position\":1,\"name\":\"Home\",\"item\":\"https:\\\/\\\/bogensportdiscount.ch\\\/\"},{\"@type\":\"ListItem\",\"position\":2,\"name\":\"Shop\",\"item\":\"https:\\\/\\\/bogensportdiscount.ch\\\/shop\\\/\"},{\"@type\":\"ListItem\",\"position\":3,\"name\":\"PIN NOCKS IN\\\/OUT BEITER ACE Green Hunter\"}]},{\"@type\":\"WebSite\",\"@id\":\"https:\\\/\\\/bogensportdiscount.ch\\\/#website\",\"url\":\"https:\\\/\\\/bogensportdiscount.ch\\\/\",\"name\":\"Bogensportdiscount\",\"description\":\"\",\"potentialAction\":[{\"@type\":\"SearchAction\",\"target\":{\"@type\":\"EntryPoint\",\"urlTemplate\":\"https:\\\/\\\/bogensportdiscount.ch\\\/?s={search_term_string}\"},\"query-input\":{\"@type\":\"PropertyValueSpecification\",\"valueRequired\":true,\"valueName\":\"search_term_string\"}}],\"inLanguage\":\"fr-FR\"}]}<\/script>\n<!-- \/ Yoast SEO plugin. -->","yoast_head_json":{"title":"PIN-NOCKEN IN\/OUT BEITER ACE GREEN HUNTER - Bogensportdiscount \u2013 B\u00f6gen, Pfeile, Targets &amp; Zubeh\u00f6r","description":"PIN-NOCKEN IN\/OUT BEITER ACE GREEN HUNTER g\u00fcnstig kaufen bei Bogensportdiscount \u2013 Top-Marken, schneller Versand aus der Schweiz.","robots":{"index":"index","follow":"follow","max-snippet":"max-snippet:-1","max-image-preview":"max-image-preview:large","max-video-preview":"max-video-preview:-1"},"canonical":"https:\/\/bogensportdiscount.ch\/fr\/produit\/beiter-pin-nocken-in-out-ace-gruen-hunter\/","og_locale":"fr_FR","og_type":"article","og_title":"PIN-NOCKEN IN\/OUT BEITER ACE GREEN HUNTER - Bogensportdiscount \u2013 B\u00f6gen, Pfeile, Targets &amp; Zubeh\u00f6r","og_description":"PIN-NOCKEN IN\/OUT BEITER ACE GREEN HUNTER g\u00fcnstig kaufen bei Bogensportdiscount \u2013 Top-Marken, schneller Versand aus der Schweiz.","og_url":"https:\/\/bogensportdiscount.ch\/fr\/produit\/beiter-pin-nocken-in-out-ace-gruen-hunter\/","og_site_name":"Bogensportdiscount \u2013 B\u00f6gen, Pfeile, Targets &amp; Zubeh\u00f6r","article_modified_time":"2026-05-14T05:14:08+00:00","og_image":[{"width":1024,"height":768,"url":"https:\/\/bogensportdiscount.ch\/wp-content\/uploads\/bsm-images\/A018394_1.jpg","type":"image\/jpeg"}],"twitter_card":"summary_large_image","schema":{"@context":"https:\/\/schema.org","@graph":[{"@type":"WebPage","@id":"https:\/\/bogensportdiscount.ch\/produkt\/beiter-pin-nocken-in-out-ace-gruen-hunter\/","url":"https:\/\/bogensportdiscount.ch\/produkt\/beiter-pin-nocken-in-out-ace-gruen-hunter\/","name":"PIN-NOCKEN IN\/OUT BEITER ACE GREEN HUNTER - Bogensportdiscount \u2013 B\u00f6gen, Pfeile, Targets &amp; Zubeh\u00f6r","isPartOf":{"@id":"https:\/\/bogensportdiscount.ch\/#website"},"primaryImageOfPage":{"@id":"https:\/\/bogensportdiscount.ch\/produkt\/beiter-pin-nocken-in-out-ace-gruen-hunter\/#primaryimage"},"image":{"@id":"https:\/\/bogensportdiscount.ch\/produkt\/beiter-pin-nocken-in-out-ace-gruen-hunter\/#primaryimage"},"thumbnailUrl":"https:\/\/bogensportdiscount.ch\/wp-content\/uploads\/bsm-images\/A018394_1.jpg","datePublished":"2026-04-05T12:33:57+00:00","dateModified":"2026-05-14T05:14:08+00:00","description":"PIN-NOCKEN IN\/OUT BEITER ACE GREEN HUNTER g\u00fcnstig kaufen bei Bogensportdiscount \u2013 Top-Marken, schneller Versand aus der Schweiz.","breadcrumb":{"@id":"https:\/\/bogensportdiscount.ch\/produkt\/beiter-pin-nocken-in-out-ace-gruen-hunter\/#breadcrumb"},"inLanguage":"fr-FR","potentialAction":[{"@type":"ReadAction","target":["https:\/\/bogensportdiscount.ch\/produkt\/beiter-pin-nocken-in-out-ace-gruen-hunter\/"]}]},{"@type":"ImageObject","inLanguage":"fr-FR","@id":"https:\/\/bogensportdiscount.ch\/produkt\/beiter-pin-nocken-in-out-ace-gruen-hunter\/#primaryimage","url":"https:\/\/bogensportdiscount.ch\/wp-content\/uploads\/bsm-images\/A018394_1.jpg","contentUrl":"https:\/\/bogensportdiscount.ch\/wp-content\/uploads\/bsm-images\/A018394_1.jpg","width":1024,"height":768},{"@type":"BreadcrumbList","@id":"https:\/\/bogensportdiscount.ch\/produkt\/beiter-pin-nocken-in-out-ace-gruen-hunter\/#breadcrumb","itemListElement":[{"@type":"ListItem","position":1,"name":"Home","item":"https:\/\/bogensportdiscount.ch\/"},{"@type":"ListItem","position":2,"name":"Shop","item":"https:\/\/bogensportdiscount.ch\/shop\/"},{"@type":"ListItem","position":3,"name":"PIN NOCKS IN\/OUT BEITER ACE Green Hunter"}]},{"@type":"WebSite","@id":"https:\/\/bogensportdiscount.ch\/#website","url":"https:\/\/bogensportdiscount.ch\/","name":"Bogensportdiscount","description":"","potentialAction":[{"@type":"SearchAction","target":{"@type":"EntryPoint","urlTemplate":"https:\/\/bogensportdiscount.ch\/?s={search_term_string}"},"query-input":{"@type":"PropertyValueSpecification","valueRequired":true,"valueName":"search_term_string"}}],"inLanguage":"fr-FR"}]}},"_links":{"self":[{"href":"https:\/\/bogensportdiscount.ch\/fr\/wp-json\/wp\/v2\/product\/394545","targetHints":{"allow":["GET"]}}],"collection":[{"href":"https:\/\/bogensportdiscount.ch\/fr\/wp-json\/wp\/v2\/product"}],"about":[{"href":"https:\/\/bogensportdiscount.ch\/fr\/wp-json\/wp\/v2\/types\/product"}],"replies":[{"embeddable":true,"href":"https:\/\/bogensportdiscount.ch\/fr\/wp-json\/wp\/v2\/comments?post=394545"}],"wp:featuredmedia":[{"embeddable":true,"href":"https:\/\/bogensportdiscount.ch\/fr\/wp-json\/wp\/v2\/media\/522888"}],"wp:attachment":[{"href":"https:\/\/bogensportdiscount.ch\/fr\/wp-json\/wp\/v2\/media?parent=394545"}],"wp:term":[{"taxonomy":"product_brand","embeddable":true,"href":"https:\/\/bogensportdiscount.ch\/fr\/wp-json\/wp\/v2\/product_brand?post=394545"},{"taxonomy":"product_cat","embeddable":true,"href":"https:\/\/bogensportdiscount.ch\/fr\/wp-json\/wp\/v2\/product_cat?post=394545"},{"taxonomy":"product_tag","embeddable":true,"href":"https:\/\/bogensportdiscount.ch\/fr\/wp-json\/wp\/v2\/product_tag?post=394545"}],"curies":[{"name":"wp","href":"https:\/\/api.w.org\/{rel}","templated":true}]}}