{"id":394539,"date":"2026-04-05T14:33:56","date_gmt":"2026-04-05T12:33:56","guid":{"rendered":"https:\/\/bogensportdiscount.ch\/produkt\/neet-traditional-quivers-fb-bq-1-fred-bear-leather-lh-burgundy\/"},"modified":"2026-05-14T07:14:08","modified_gmt":"2026-05-14T05:14:08","slug":"neet-rueckenkocher-fb-bq-1-fred-bear-leder-linkshaender-burgund","status":"publish","type":"product","link":"https:\/\/bogensportdiscount.ch\/fr\/produit\/neet-rueckenkocher-fb-bq-1-fred-bear-leder-linkshaender-burgund\/","title":{"rendered":"NEET CARQUOIS DE DOS TRADITIONNEL FB-BQ-1 &#8218;Fred bear&#8216; CUIR LH BORDEAUX"},"content":{"rendered":"<p>Le NEET FB-BQ-1 &#8218;Fred Bear&#8216; est un carquois dorsal traditionnel en cuir de couleur bordeaux. Il est sp\u00e9cialement con\u00e7u pour les gauchers et s'adresse aux archers pratiquant le tir \u00e0 l'arc traditionnel.<\/p>\n<p>Ce type de carquois dorsal permet de porter confortablement les fl\u00e8ches sur l'\u00e9paule et constitue un choix classique pour les archers pratiquant l'arc classique ou l'arc long. Le cuir conf\u00e8re au carquois stabilit\u00e9 et esth\u00e9tique traditionnelle.<\/p>\n<ul>\n<li>Mat\u00e9riau : cuir<\/li>\n<li>Version pour gauchers<\/li>\n<li>Couleur : bordeaux<\/li>\n<li>Fabriqu\u00e9 aux \u00c9tats-Unis<\/li>\n<\/ul>","protected":false},"excerpt":{"rendered":"<table>\n<tr>\n<th>Propri\u00e9t\u00e9<\/th>\n<th>Valeur<\/th>\n<\/tr>\n<tr>\n<td>Marque<\/td>\n<td>NEET<\/td>\n<\/tr>\n<tr>\n<td>Mod\u00e8le<\/td>\n<td>FB-BQ-1 &#8218;Fred Bear&#8216;<\/td>\n<\/tr>\n<tr>\n<td>Mat\u00e9riau<\/td>\n<td>Cuir<\/td>\n<\/tr>\n<tr>\n<td>Type<\/td>\n<td>Carquois de dos<\/td>\n<\/tr>\n<tr>\n<td>R\u00e9alisation<\/td>\n<td>Gaucher<\/td>\n<\/tr>\n<tr>\n<td>Couleur<\/td>\n<td>Bordeaux<\/td>\n<\/tr>\n<tr>\n<td>Origine<\/td>\n<td>USA<\/td>\n<\/tr>\n<\/table>","protected":false},"featured_media":452368,"comment_status":"open","ping_status":"closed","template":"","meta":[],"product_brand":[786],"product_cat":[4124,4145,4149],"product_tag":[3546],"class_list":{"0":"post-394539","1":"product","2":"type-product","3":"status-publish","4":"has-post-thumbnail","6":"product_brand-neet","7":"product_cat-bogenschuetzer-ausruestung","8":"product_cat-koecher-guerteltasche","9":"product_cat-traditioneller-koecher","10":"product_tag-neuheit","11":"product_shipping_class-bsd-standard","13":"first","14":"instock","15":"shipping-taxable","16":"purchasable","17":"product-type-simple"},"yoast_head":"<!-- This site is optimized with the Yoast SEO plugin v27.6 - https:\/\/yoast.com\/product\/yoast-seo-wordpress\/ -->\n<title>NEET TRADITIONELLER R\u00dcCKENK\u00d6CHER FB-BQ-1 &#039;Fred bear&#039; LEDER LH BURGUNDER - Bogensportdiscount \u2013 B\u00f6gen, Pfeile, Targets &amp; Zubeh\u00f6r<\/title>\n<meta name=\"description\" content=\"NEET TRADITIONELLER R\u00dcCKENK\u00d6CHER FB-BQ-1 &#039;Fred bear&#039; LEDER LH BURGUNDER g\u00fcnstig kaufen bei Bogensportdiscount \u2013 Top-Marken, schneller Versand aus der Schweiz.\" \/>\n<meta name=\"robots\" content=\"index, follow, max-snippet:-1, max-image-preview:large, max-video-preview:-1\" \/>\n<link rel=\"canonical\" href=\"https:\/\/bogensportdiscount.ch\/fr\/produit\/neet-rueckenkocher-fb-bq-1-fred-bear-leder-linkshaender-burgund\/\" \/>\n<meta property=\"og:locale\" content=\"fr_FR\" \/>\n<meta property=\"og:type\" content=\"article\" \/>\n<meta property=\"og:title\" content=\"NEET TRADITIONELLER R\u00dcCKENK\u00d6CHER FB-BQ-1 &#039;Fred bear&#039; LEDER LH BURGUNDER - Bogensportdiscount \u2013 B\u00f6gen, Pfeile, Targets &amp; Zubeh\u00f6r\" \/>\n<meta property=\"og:description\" content=\"NEET TRADITIONELLER R\u00dcCKENK\u00d6CHER FB-BQ-1 &#039;Fred bear&#039; LEDER LH BURGUNDER g\u00fcnstig kaufen bei Bogensportdiscount \u2013 Top-Marken, schneller Versand aus der Schweiz.\" \/>\n<meta property=\"og:url\" content=\"https:\/\/bogensportdiscount.ch\/fr\/produit\/neet-rueckenkocher-fb-bq-1-fred-bear-leder-linkshaender-burgund\/\" \/>\n<meta property=\"og:site_name\" content=\"Bogensportdiscount \u2013 B\u00f6gen, Pfeile, Targets &amp; Zubeh\u00f6r\" \/>\n<meta property=\"article:modified_time\" content=\"2026-05-14T05:14:08+00:00\" \/>\n<meta property=\"og:image\" content=\"https:\/\/bogensportdiscount.ch\/wp-content\/uploads\/bsm-images\/a017935_1.jpg\" \/>\n\t<meta property=\"og:image:width\" content=\"266\" \/>\n\t<meta property=\"og:image:height\" content=\"400\" \/>\n\t<meta property=\"og:image:type\" content=\"image\/jpeg\" \/>\n<meta name=\"twitter:card\" content=\"summary_large_image\" \/>\n<script type=\"application\/ld+json\" class=\"yoast-schema-graph\">{\"@context\":\"https:\\\/\\\/schema.org\",\"@graph\":[{\"@type\":\"WebPage\",\"@id\":\"https:\\\/\\\/bogensportdiscount.ch\\\/produkt\\\/neet-rueckenkocher-fb-bq-1-fred-bear-leder-linkshaender-burgund\\\/\",\"url\":\"https:\\\/\\\/bogensportdiscount.ch\\\/produkt\\\/neet-rueckenkocher-fb-bq-1-fred-bear-leder-linkshaender-burgund\\\/\",\"name\":\"NEET TRADITIONELLER R\u00dcCKENK\u00d6CHER FB-BQ-1 'Fred bear' LEDER LH BURGUNDER - Bogensportdiscount \u2013 B\u00f6gen, Pfeile, Targets &amp; Zubeh\u00f6r\",\"isPartOf\":{\"@id\":\"https:\\\/\\\/bogensportdiscount.ch\\\/#website\"},\"primaryImageOfPage\":{\"@id\":\"https:\\\/\\\/bogensportdiscount.ch\\\/produkt\\\/neet-rueckenkocher-fb-bq-1-fred-bear-leder-linkshaender-burgund\\\/#primaryimage\"},\"image\":{\"@id\":\"https:\\\/\\\/bogensportdiscount.ch\\\/produkt\\\/neet-rueckenkocher-fb-bq-1-fred-bear-leder-linkshaender-burgund\\\/#primaryimage\"},\"thumbnailUrl\":\"https:\\\/\\\/bogensportdiscount.ch\\\/wp-content\\\/uploads\\\/bsm-images\\\/a017935_1.jpg\",\"datePublished\":\"2026-04-05T12:33:56+00:00\",\"dateModified\":\"2026-05-14T05:14:08+00:00\",\"description\":\"NEET TRADITIONELLER R\u00dcCKENK\u00d6CHER FB-BQ-1 'Fred bear' LEDER LH BURGUNDER g\u00fcnstig kaufen bei Bogensportdiscount \u2013 Top-Marken, schneller Versand aus der Schweiz.\",\"breadcrumb\":{\"@id\":\"https:\\\/\\\/bogensportdiscount.ch\\\/produkt\\\/neet-rueckenkocher-fb-bq-1-fred-bear-leder-linkshaender-burgund\\\/#breadcrumb\"},\"inLanguage\":\"fr-FR\",\"potentialAction\":[{\"@type\":\"ReadAction\",\"target\":[\"https:\\\/\\\/bogensportdiscount.ch\\\/produkt\\\/neet-rueckenkocher-fb-bq-1-fred-bear-leder-linkshaender-burgund\\\/\"]}]},{\"@type\":\"ImageObject\",\"inLanguage\":\"fr-FR\",\"@id\":\"https:\\\/\\\/bogensportdiscount.ch\\\/produkt\\\/neet-rueckenkocher-fb-bq-1-fred-bear-leder-linkshaender-burgund\\\/#primaryimage\",\"url\":\"https:\\\/\\\/bogensportdiscount.ch\\\/wp-content\\\/uploads\\\/bsm-images\\\/a017935_1.jpg\",\"contentUrl\":\"https:\\\/\\\/bogensportdiscount.ch\\\/wp-content\\\/uploads\\\/bsm-images\\\/a017935_1.jpg\",\"width\":266,\"height\":400},{\"@type\":\"BreadcrumbList\",\"@id\":\"https:\\\/\\\/bogensportdiscount.ch\\\/produkt\\\/neet-rueckenkocher-fb-bq-1-fred-bear-leder-linkshaender-burgund\\\/#breadcrumb\",\"itemListElement\":[{\"@type\":\"ListItem\",\"position\":1,\"name\":\"Home\",\"item\":\"https:\\\/\\\/bogensportdiscount.ch\\\/\"},{\"@type\":\"ListItem\",\"position\":2,\"name\":\"Shop\",\"item\":\"https:\\\/\\\/bogensportdiscount.ch\\\/shop\\\/\"},{\"@type\":\"ListItem\",\"position\":3,\"name\":\"NEET TRADITIONAL QUIVERS FB-BQ-1 &#8218;Fred bear&#8216; LEATHER LH BURGUNDY\"}]},{\"@type\":\"WebSite\",\"@id\":\"https:\\\/\\\/bogensportdiscount.ch\\\/#website\",\"url\":\"https:\\\/\\\/bogensportdiscount.ch\\\/\",\"name\":\"Bogensportdiscount\",\"description\":\"\",\"potentialAction\":[{\"@type\":\"SearchAction\",\"target\":{\"@type\":\"EntryPoint\",\"urlTemplate\":\"https:\\\/\\\/bogensportdiscount.ch\\\/?s={search_term_string}\"},\"query-input\":{\"@type\":\"PropertyValueSpecification\",\"valueRequired\":true,\"valueName\":\"search_term_string\"}}],\"inLanguage\":\"fr-FR\"}]}<\/script>\n<!-- \/ Yoast SEO plugin. -->","yoast_head_json":{"title":"NEET TRADITIONELLER R\u00dcCKENK\u00d6CHER FB-BQ-1 'Fred bear' LEDER LH BURGUNDER - Bogensportdiscount \u2013 B\u00f6gen, Pfeile, Targets &amp; Zubeh\u00f6r","description":"NEET TRADITIONELLER R\u00dcCKENK\u00d6CHER FB-BQ-1 'Fred bear' LEDER LH BURGUNDER g\u00fcnstig kaufen bei Bogensportdiscount \u2013 Top-Marken, schneller Versand aus der Schweiz.","robots":{"index":"index","follow":"follow","max-snippet":"max-snippet:-1","max-image-preview":"max-image-preview:large","max-video-preview":"max-video-preview:-1"},"canonical":"https:\/\/bogensportdiscount.ch\/fr\/produit\/neet-rueckenkocher-fb-bq-1-fred-bear-leder-linkshaender-burgund\/","og_locale":"fr_FR","og_type":"article","og_title":"NEET TRADITIONELLER R\u00dcCKENK\u00d6CHER FB-BQ-1 'Fred bear' LEDER LH BURGUNDER - Bogensportdiscount \u2013 B\u00f6gen, Pfeile, Targets &amp; Zubeh\u00f6r","og_description":"NEET TRADITIONELLER R\u00dcCKENK\u00d6CHER FB-BQ-1 'Fred bear' LEDER LH BURGUNDER g\u00fcnstig kaufen bei Bogensportdiscount \u2013 Top-Marken, schneller Versand aus der Schweiz.","og_url":"https:\/\/bogensportdiscount.ch\/fr\/produit\/neet-rueckenkocher-fb-bq-1-fred-bear-leder-linkshaender-burgund\/","og_site_name":"Bogensportdiscount \u2013 B\u00f6gen, Pfeile, Targets &amp; Zubeh\u00f6r","article_modified_time":"2026-05-14T05:14:08+00:00","og_image":[{"width":266,"height":400,"url":"https:\/\/bogensportdiscount.ch\/wp-content\/uploads\/bsm-images\/a017935_1.jpg","type":"image\/jpeg"}],"twitter_card":"summary_large_image","schema":{"@context":"https:\/\/schema.org","@graph":[{"@type":"WebPage","@id":"https:\/\/bogensportdiscount.ch\/produkt\/neet-rueckenkocher-fb-bq-1-fred-bear-leder-linkshaender-burgund\/","url":"https:\/\/bogensportdiscount.ch\/produkt\/neet-rueckenkocher-fb-bq-1-fred-bear-leder-linkshaender-burgund\/","name":"NEET TRADITIONELLER R\u00dcCKENK\u00d6CHER FB-BQ-1 'Fred bear' LEDER LH BURGUNDER - Bogensportdiscount \u2013 B\u00f6gen, Pfeile, Targets &amp; Zubeh\u00f6r","isPartOf":{"@id":"https:\/\/bogensportdiscount.ch\/#website"},"primaryImageOfPage":{"@id":"https:\/\/bogensportdiscount.ch\/produkt\/neet-rueckenkocher-fb-bq-1-fred-bear-leder-linkshaender-burgund\/#primaryimage"},"image":{"@id":"https:\/\/bogensportdiscount.ch\/produkt\/neet-rueckenkocher-fb-bq-1-fred-bear-leder-linkshaender-burgund\/#primaryimage"},"thumbnailUrl":"https:\/\/bogensportdiscount.ch\/wp-content\/uploads\/bsm-images\/a017935_1.jpg","datePublished":"2026-04-05T12:33:56+00:00","dateModified":"2026-05-14T05:14:08+00:00","description":"NEET TRADITIONELLER R\u00dcCKENK\u00d6CHER FB-BQ-1 'Fred bear' LEDER LH BURGUNDER g\u00fcnstig kaufen bei Bogensportdiscount \u2013 Top-Marken, schneller Versand aus der Schweiz.","breadcrumb":{"@id":"https:\/\/bogensportdiscount.ch\/produkt\/neet-rueckenkocher-fb-bq-1-fred-bear-leder-linkshaender-burgund\/#breadcrumb"},"inLanguage":"fr-FR","potentialAction":[{"@type":"ReadAction","target":["https:\/\/bogensportdiscount.ch\/produkt\/neet-rueckenkocher-fb-bq-1-fred-bear-leder-linkshaender-burgund\/"]}]},{"@type":"ImageObject","inLanguage":"fr-FR","@id":"https:\/\/bogensportdiscount.ch\/produkt\/neet-rueckenkocher-fb-bq-1-fred-bear-leder-linkshaender-burgund\/#primaryimage","url":"https:\/\/bogensportdiscount.ch\/wp-content\/uploads\/bsm-images\/a017935_1.jpg","contentUrl":"https:\/\/bogensportdiscount.ch\/wp-content\/uploads\/bsm-images\/a017935_1.jpg","width":266,"height":400},{"@type":"BreadcrumbList","@id":"https:\/\/bogensportdiscount.ch\/produkt\/neet-rueckenkocher-fb-bq-1-fred-bear-leder-linkshaender-burgund\/#breadcrumb","itemListElement":[{"@type":"ListItem","position":1,"name":"Home","item":"https:\/\/bogensportdiscount.ch\/"},{"@type":"ListItem","position":2,"name":"Shop","item":"https:\/\/bogensportdiscount.ch\/shop\/"},{"@type":"ListItem","position":3,"name":"NEET TRADITIONAL QUIVERS FB-BQ-1 &#8218;Fred bear&#8216; LEATHER LH BURGUNDY"}]},{"@type":"WebSite","@id":"https:\/\/bogensportdiscount.ch\/#website","url":"https:\/\/bogensportdiscount.ch\/","name":"Bogensportdiscount","description":"","potentialAction":[{"@type":"SearchAction","target":{"@type":"EntryPoint","urlTemplate":"https:\/\/bogensportdiscount.ch\/?s={search_term_string}"},"query-input":{"@type":"PropertyValueSpecification","valueRequired":true,"valueName":"search_term_string"}}],"inLanguage":"fr-FR"}]}},"_links":{"self":[{"href":"https:\/\/bogensportdiscount.ch\/fr\/wp-json\/wp\/v2\/product\/394539","targetHints":{"allow":["GET"]}}],"collection":[{"href":"https:\/\/bogensportdiscount.ch\/fr\/wp-json\/wp\/v2\/product"}],"about":[{"href":"https:\/\/bogensportdiscount.ch\/fr\/wp-json\/wp\/v2\/types\/product"}],"replies":[{"embeddable":true,"href":"https:\/\/bogensportdiscount.ch\/fr\/wp-json\/wp\/v2\/comments?post=394539"}],"wp:featuredmedia":[{"embeddable":true,"href":"https:\/\/bogensportdiscount.ch\/fr\/wp-json\/wp\/v2\/media\/452368"}],"wp:attachment":[{"href":"https:\/\/bogensportdiscount.ch\/fr\/wp-json\/wp\/v2\/media?parent=394539"}],"wp:term":[{"taxonomy":"product_brand","embeddable":true,"href":"https:\/\/bogensportdiscount.ch\/fr\/wp-json\/wp\/v2\/product_brand?post=394539"},{"taxonomy":"product_cat","embeddable":true,"href":"https:\/\/bogensportdiscount.ch\/fr\/wp-json\/wp\/v2\/product_cat?post=394539"},{"taxonomy":"product_tag","embeddable":true,"href":"https:\/\/bogensportdiscount.ch\/fr\/wp-json\/wp\/v2\/product_tag?post=394539"}],"curies":[{"name":"wp","href":"https:\/\/api.w.org\/{rel}","templated":true}]}}