{"id":394538,"date":"2026-04-05T14:33:56","date_gmt":"2026-04-05T12:33:56","guid":{"rendered":"https:\/\/bogensportdiscount.ch\/produkt\/neet-quivers-for-traditional-back-t-bq-2-leather-lh-brown\/"},"modified":"2026-05-14T07:14:08","modified_gmt":"2026-05-14T05:14:08","slug":"neet-traditioneller-rueckenkocher-t-bq-2-leder-linkshaender-braun","status":"publish","type":"product","link":"https:\/\/bogensportdiscount.ch\/fr\/produit\/neet-traditioneller-rueckenkocher-t-bq-2-leder-linkshaender-braun\/","title":{"rendered":"NEET CARQUOIS POUR ARC TRADITIONNEL DOS T-BQ-2 CUIR LH BRUN"},"content":{"rendered":"<p>Le NEET T-BQ-2 est un carquois de dos traditionnel en cuir, fabriqu\u00e9 sp\u00e9cialement pour les gauchers. Il convient aux archers pratiquant le tir \u00e0 l'arc traditionnel qui souhaitent porter leurs fl\u00e8ches confortablement et \u00e0 port\u00e9e de main dans le dos.<\/p>\n<p>Le carquois est fabriqu\u00e9 aux \u00c9tats-Unis et disponible en marron. Le cuir lui conf\u00e8re une finition robuste et durable, en accord avec l'aspect classique du tir \u00e0 l'arc traditionnel.<\/p>\n<ul>\n<li>Carquois de dos en cuir v\u00e9ritable<\/li>\n<li>Version pour gauchers (LH)<\/li>\n<li>Couleur marron \u2013 classique et intemporel<\/li>\n<li>Fabriqu\u00e9 aux \u00c9tats-Unis<\/li>\n<\/ul>","protected":false},"excerpt":{"rendered":"<table>\n<tr>\n<th>Propri\u00e9t\u00e9<\/th>\n<th>Valeur<\/th>\n<\/tr>\n<tr>\n<td>Marque<\/td>\n<td>NEET<\/td>\n<\/tr>\n<tr>\n<td>Mod\u00e8le<\/td>\n<td>T-BQ-2<\/td>\n<\/tr>\n<tr>\n<td>Type<\/td>\n<td>Carquois de dos<\/td>\n<\/tr>\n<tr>\n<td>Mat\u00e9riau<\/td>\n<td>Cuir<\/td>\n<\/tr>\n<tr>\n<td>R\u00e9alisation<\/td>\n<td>Gaucher<\/td>\n<\/tr>\n<tr>\n<td>Couleur<\/td>\n<td>Brun<\/td>\n<\/tr>\n<tr>\n<td>Origine<\/td>\n<td>USA<\/td>\n<\/tr>\n<\/table>","protected":false},"featured_media":452366,"comment_status":"open","ping_status":"closed","template":"","meta":[],"product_brand":[786],"product_cat":[4124,4145,4149],"product_tag":[3546],"class_list":{"0":"post-394538","1":"product","2":"type-product","3":"status-publish","4":"has-post-thumbnail","6":"product_brand-neet","7":"product_cat-bogenschuetzer-ausruestung","8":"product_cat-koecher-guerteltasche","9":"product_cat-traditioneller-koecher","10":"product_tag-neuheit","11":"product_shipping_class-bsd-standard","13":"first","14":"instock","15":"shipping-taxable","16":"purchasable","17":"product-type-simple"},"yoast_head":"<!-- This site is optimized with the Yoast SEO plugin v27.6 - https:\/\/yoast.com\/product\/yoast-seo-wordpress\/ -->\n<title>NEET K\u00d6CHER F\u00dcR TRADITIONELL R\u00dcCKENK\u00d6CHER T-BQ-2 LEDER LH BRAUN - Bogensportdiscount \u2013 B\u00f6gen, Pfeile, Targets &amp; Zubeh\u00f6r<\/title>\n<meta name=\"description\" content=\"NEET K\u00d6CHER F\u00dcR TRADITIONELL R\u00dcCKENK\u00d6CHER T-BQ-2 LEDER LH BRAUN g\u00fcnstig kaufen bei Bogensportdiscount \u2013 Top-Marken, schneller Versand aus der Schweiz.\" \/>\n<meta name=\"robots\" content=\"index, follow, max-snippet:-1, max-image-preview:large, max-video-preview:-1\" \/>\n<link rel=\"canonical\" href=\"https:\/\/bogensportdiscount.ch\/fr\/produit\/neet-traditioneller-rueckenkocher-t-bq-2-leder-linkshaender-braun\/\" \/>\n<meta property=\"og:locale\" content=\"fr_FR\" \/>\n<meta property=\"og:type\" content=\"article\" \/>\n<meta property=\"og:title\" content=\"NEET K\u00d6CHER F\u00dcR TRADITIONELL R\u00dcCKENK\u00d6CHER T-BQ-2 LEDER LH BRAUN - Bogensportdiscount \u2013 B\u00f6gen, Pfeile, Targets &amp; Zubeh\u00f6r\" \/>\n<meta property=\"og:description\" content=\"NEET K\u00d6CHER F\u00dcR TRADITIONELL R\u00dcCKENK\u00d6CHER T-BQ-2 LEDER LH BRAUN g\u00fcnstig kaufen bei Bogensportdiscount \u2013 Top-Marken, schneller Versand aus der Schweiz.\" \/>\n<meta property=\"og:url\" content=\"https:\/\/bogensportdiscount.ch\/fr\/produit\/neet-traditioneller-rueckenkocher-t-bq-2-leder-linkshaender-braun\/\" \/>\n<meta property=\"og:site_name\" content=\"Bogensportdiscount \u2013 B\u00f6gen, Pfeile, Targets &amp; Zubeh\u00f6r\" \/>\n<meta property=\"article:modified_time\" content=\"2026-05-14T05:14:08+00:00\" \/>\n<meta property=\"og:image\" content=\"https:\/\/bogensportdiscount.ch\/wp-content\/uploads\/bsm-images\/a017912_1.jpg\" \/>\n\t<meta property=\"og:image:width\" content=\"266\" \/>\n\t<meta property=\"og:image:height\" content=\"400\" \/>\n\t<meta property=\"og:image:type\" content=\"image\/jpeg\" \/>\n<meta name=\"twitter:card\" content=\"summary_large_image\" \/>\n<script type=\"application\/ld+json\" class=\"yoast-schema-graph\">{\"@context\":\"https:\\\/\\\/schema.org\",\"@graph\":[{\"@type\":\"WebPage\",\"@id\":\"https:\\\/\\\/bogensportdiscount.ch\\\/produkt\\\/neet-traditioneller-rueckenkocher-t-bq-2-leder-linkshaender-braun\\\/\",\"url\":\"https:\\\/\\\/bogensportdiscount.ch\\\/produkt\\\/neet-traditioneller-rueckenkocher-t-bq-2-leder-linkshaender-braun\\\/\",\"name\":\"NEET K\u00d6CHER F\u00dcR TRADITIONELL R\u00dcCKENK\u00d6CHER T-BQ-2 LEDER LH BRAUN - Bogensportdiscount \u2013 B\u00f6gen, Pfeile, Targets &amp; Zubeh\u00f6r\",\"isPartOf\":{\"@id\":\"https:\\\/\\\/bogensportdiscount.ch\\\/#website\"},\"primaryImageOfPage\":{\"@id\":\"https:\\\/\\\/bogensportdiscount.ch\\\/produkt\\\/neet-traditioneller-rueckenkocher-t-bq-2-leder-linkshaender-braun\\\/#primaryimage\"},\"image\":{\"@id\":\"https:\\\/\\\/bogensportdiscount.ch\\\/produkt\\\/neet-traditioneller-rueckenkocher-t-bq-2-leder-linkshaender-braun\\\/#primaryimage\"},\"thumbnailUrl\":\"https:\\\/\\\/bogensportdiscount.ch\\\/wp-content\\\/uploads\\\/bsm-images\\\/a017912_1.jpg\",\"datePublished\":\"2026-04-05T12:33:56+00:00\",\"dateModified\":\"2026-05-14T05:14:08+00:00\",\"description\":\"NEET K\u00d6CHER F\u00dcR TRADITIONELL R\u00dcCKENK\u00d6CHER T-BQ-2 LEDER LH BRAUN g\u00fcnstig kaufen bei Bogensportdiscount \u2013 Top-Marken, schneller Versand aus der Schweiz.\",\"breadcrumb\":{\"@id\":\"https:\\\/\\\/bogensportdiscount.ch\\\/produkt\\\/neet-traditioneller-rueckenkocher-t-bq-2-leder-linkshaender-braun\\\/#breadcrumb\"},\"inLanguage\":\"fr-FR\",\"potentialAction\":[{\"@type\":\"ReadAction\",\"target\":[\"https:\\\/\\\/bogensportdiscount.ch\\\/produkt\\\/neet-traditioneller-rueckenkocher-t-bq-2-leder-linkshaender-braun\\\/\"]}]},{\"@type\":\"ImageObject\",\"inLanguage\":\"fr-FR\",\"@id\":\"https:\\\/\\\/bogensportdiscount.ch\\\/produkt\\\/neet-traditioneller-rueckenkocher-t-bq-2-leder-linkshaender-braun\\\/#primaryimage\",\"url\":\"https:\\\/\\\/bogensportdiscount.ch\\\/wp-content\\\/uploads\\\/bsm-images\\\/a017912_1.jpg\",\"contentUrl\":\"https:\\\/\\\/bogensportdiscount.ch\\\/wp-content\\\/uploads\\\/bsm-images\\\/a017912_1.jpg\",\"width\":266,\"height\":400},{\"@type\":\"BreadcrumbList\",\"@id\":\"https:\\\/\\\/bogensportdiscount.ch\\\/produkt\\\/neet-traditioneller-rueckenkocher-t-bq-2-leder-linkshaender-braun\\\/#breadcrumb\",\"itemListElement\":[{\"@type\":\"ListItem\",\"position\":1,\"name\":\"Home\",\"item\":\"https:\\\/\\\/bogensportdiscount.ch\\\/\"},{\"@type\":\"ListItem\",\"position\":2,\"name\":\"Shop\",\"item\":\"https:\\\/\\\/bogensportdiscount.ch\\\/shop\\\/\"},{\"@type\":\"ListItem\",\"position\":3,\"name\":\"NEET QUIVERS FOR TRADITIONAL BACK T-BQ-2 LEATHER LH BROWN\"}]},{\"@type\":\"WebSite\",\"@id\":\"https:\\\/\\\/bogensportdiscount.ch\\\/#website\",\"url\":\"https:\\\/\\\/bogensportdiscount.ch\\\/\",\"name\":\"Bogensportdiscount\",\"description\":\"\",\"potentialAction\":[{\"@type\":\"SearchAction\",\"target\":{\"@type\":\"EntryPoint\",\"urlTemplate\":\"https:\\\/\\\/bogensportdiscount.ch\\\/?s={search_term_string}\"},\"query-input\":{\"@type\":\"PropertyValueSpecification\",\"valueRequired\":true,\"valueName\":\"search_term_string\"}}],\"inLanguage\":\"fr-FR\"}]}<\/script>\n<!-- \/ Yoast SEO plugin. -->","yoast_head_json":{"title":"NEET K\u00d6CHER F\u00dcR TRADITIONELL R\u00dcCKENK\u00d6CHER T-BQ-2 LEDER LH BRAUN - Bogensportdiscount \u2013 B\u00f6gen, Pfeile, Targets &amp; Zubeh\u00f6r","description":"NEET K\u00d6CHER F\u00dcR TRADITIONELL R\u00dcCKENK\u00d6CHER T-BQ-2 LEDER LH BRAUN g\u00fcnstig kaufen bei Bogensportdiscount \u2013 Top-Marken, schneller Versand aus der Schweiz.","robots":{"index":"index","follow":"follow","max-snippet":"max-snippet:-1","max-image-preview":"max-image-preview:large","max-video-preview":"max-video-preview:-1"},"canonical":"https:\/\/bogensportdiscount.ch\/fr\/produit\/neet-traditioneller-rueckenkocher-t-bq-2-leder-linkshaender-braun\/","og_locale":"fr_FR","og_type":"article","og_title":"NEET K\u00d6CHER F\u00dcR TRADITIONELL R\u00dcCKENK\u00d6CHER T-BQ-2 LEDER LH BRAUN - Bogensportdiscount \u2013 B\u00f6gen, Pfeile, Targets &amp; Zubeh\u00f6r","og_description":"NEET K\u00d6CHER F\u00dcR TRADITIONELL R\u00dcCKENK\u00d6CHER T-BQ-2 LEDER LH BRAUN g\u00fcnstig kaufen bei Bogensportdiscount \u2013 Top-Marken, schneller Versand aus der Schweiz.","og_url":"https:\/\/bogensportdiscount.ch\/fr\/produit\/neet-traditioneller-rueckenkocher-t-bq-2-leder-linkshaender-braun\/","og_site_name":"Bogensportdiscount \u2013 B\u00f6gen, Pfeile, Targets &amp; Zubeh\u00f6r","article_modified_time":"2026-05-14T05:14:08+00:00","og_image":[{"width":266,"height":400,"url":"https:\/\/bogensportdiscount.ch\/wp-content\/uploads\/bsm-images\/a017912_1.jpg","type":"image\/jpeg"}],"twitter_card":"summary_large_image","schema":{"@context":"https:\/\/schema.org","@graph":[{"@type":"WebPage","@id":"https:\/\/bogensportdiscount.ch\/produkt\/neet-traditioneller-rueckenkocher-t-bq-2-leder-linkshaender-braun\/","url":"https:\/\/bogensportdiscount.ch\/produkt\/neet-traditioneller-rueckenkocher-t-bq-2-leder-linkshaender-braun\/","name":"NEET K\u00d6CHER F\u00dcR TRADITIONELL R\u00dcCKENK\u00d6CHER T-BQ-2 LEDER LH BRAUN - Bogensportdiscount \u2013 B\u00f6gen, Pfeile, Targets &amp; Zubeh\u00f6r","isPartOf":{"@id":"https:\/\/bogensportdiscount.ch\/#website"},"primaryImageOfPage":{"@id":"https:\/\/bogensportdiscount.ch\/produkt\/neet-traditioneller-rueckenkocher-t-bq-2-leder-linkshaender-braun\/#primaryimage"},"image":{"@id":"https:\/\/bogensportdiscount.ch\/produkt\/neet-traditioneller-rueckenkocher-t-bq-2-leder-linkshaender-braun\/#primaryimage"},"thumbnailUrl":"https:\/\/bogensportdiscount.ch\/wp-content\/uploads\/bsm-images\/a017912_1.jpg","datePublished":"2026-04-05T12:33:56+00:00","dateModified":"2026-05-14T05:14:08+00:00","description":"NEET K\u00d6CHER F\u00dcR TRADITIONELL R\u00dcCKENK\u00d6CHER T-BQ-2 LEDER LH BRAUN g\u00fcnstig kaufen bei Bogensportdiscount \u2013 Top-Marken, schneller Versand aus der Schweiz.","breadcrumb":{"@id":"https:\/\/bogensportdiscount.ch\/produkt\/neet-traditioneller-rueckenkocher-t-bq-2-leder-linkshaender-braun\/#breadcrumb"},"inLanguage":"fr-FR","potentialAction":[{"@type":"ReadAction","target":["https:\/\/bogensportdiscount.ch\/produkt\/neet-traditioneller-rueckenkocher-t-bq-2-leder-linkshaender-braun\/"]}]},{"@type":"ImageObject","inLanguage":"fr-FR","@id":"https:\/\/bogensportdiscount.ch\/produkt\/neet-traditioneller-rueckenkocher-t-bq-2-leder-linkshaender-braun\/#primaryimage","url":"https:\/\/bogensportdiscount.ch\/wp-content\/uploads\/bsm-images\/a017912_1.jpg","contentUrl":"https:\/\/bogensportdiscount.ch\/wp-content\/uploads\/bsm-images\/a017912_1.jpg","width":266,"height":400},{"@type":"BreadcrumbList","@id":"https:\/\/bogensportdiscount.ch\/produkt\/neet-traditioneller-rueckenkocher-t-bq-2-leder-linkshaender-braun\/#breadcrumb","itemListElement":[{"@type":"ListItem","position":1,"name":"Home","item":"https:\/\/bogensportdiscount.ch\/"},{"@type":"ListItem","position":2,"name":"Shop","item":"https:\/\/bogensportdiscount.ch\/shop\/"},{"@type":"ListItem","position":3,"name":"NEET QUIVERS FOR TRADITIONAL BACK T-BQ-2 LEATHER LH BROWN"}]},{"@type":"WebSite","@id":"https:\/\/bogensportdiscount.ch\/#website","url":"https:\/\/bogensportdiscount.ch\/","name":"Bogensportdiscount","description":"","potentialAction":[{"@type":"SearchAction","target":{"@type":"EntryPoint","urlTemplate":"https:\/\/bogensportdiscount.ch\/?s={search_term_string}"},"query-input":{"@type":"PropertyValueSpecification","valueRequired":true,"valueName":"search_term_string"}}],"inLanguage":"fr-FR"}]}},"_links":{"self":[{"href":"https:\/\/bogensportdiscount.ch\/fr\/wp-json\/wp\/v2\/product\/394538","targetHints":{"allow":["GET"]}}],"collection":[{"href":"https:\/\/bogensportdiscount.ch\/fr\/wp-json\/wp\/v2\/product"}],"about":[{"href":"https:\/\/bogensportdiscount.ch\/fr\/wp-json\/wp\/v2\/types\/product"}],"replies":[{"embeddable":true,"href":"https:\/\/bogensportdiscount.ch\/fr\/wp-json\/wp\/v2\/comments?post=394538"}],"wp:featuredmedia":[{"embeddable":true,"href":"https:\/\/bogensportdiscount.ch\/fr\/wp-json\/wp\/v2\/media\/452366"}],"wp:attachment":[{"href":"https:\/\/bogensportdiscount.ch\/fr\/wp-json\/wp\/v2\/media?parent=394538"}],"wp:term":[{"taxonomy":"product_brand","embeddable":true,"href":"https:\/\/bogensportdiscount.ch\/fr\/wp-json\/wp\/v2\/product_brand?post=394538"},{"taxonomy":"product_cat","embeddable":true,"href":"https:\/\/bogensportdiscount.ch\/fr\/wp-json\/wp\/v2\/product_cat?post=394538"},{"taxonomy":"product_tag","embeddable":true,"href":"https:\/\/bogensportdiscount.ch\/fr\/wp-json\/wp\/v2\/product_tag?post=394538"}],"curies":[{"name":"wp","href":"https:\/\/api.w.org\/{rel}","templated":true}]}}