{"id":394537,"date":"2026-04-05T14:33:55","date_gmt":"2026-04-05T12:33:55","guid":{"rendered":"https:\/\/bogensportdiscount.ch\/produkt\/neet-quivers-for-traditional-back-t-bq-20-vinyl-tan-lh-brown\/"},"modified":"2026-05-14T07:14:08","modified_gmt":"2026-05-14T05:14:08","slug":"neet-traditioneller-rueckenkoecher-t-bq-20-vinyl-tan-lh-braun","status":"publish","type":"product","link":"https:\/\/bogensportdiscount.ch\/fr\/produit\/neet-traditioneller-rueckenkoecher-t-bq-20-vinyl-tan-lh-braun\/","title":{"rendered":"NEET CARQUOIS POUR TRADITIONNEL CARQUOIS DE DOS T-BQ-20 VINYL\/TAN LH MARRON"},"content":{"rendered":"<p>Le carquois dorsal NEET T-BQ-20 s'adresse aux archers traditionnels et offre un port classique dans le dos. La version en mati\u00e8re vinyl assure robustesse et entretien facile gr\u00e2ce \u00e0 la teinte neutre tan\/marron.<\/p>\n<p>Le mod\u00e8le est con\u00e7u en version gaucher (LH), de sorte que l'acc\u00e8s aux fl\u00e8ches est optimalement positionn\u00e9 pour les gauchers. Le carquois appartient \u00e0 la cat\u00e9gorie des carquois traditionnels et convient particuli\u00e8rement aux archers pratiquant l'arc classique ou l'arc long.<\/p>\n<ul>\n<li>Carquois dorsal traditionnel pour gauchers<\/li>\n<li>Mat\u00e9riau : vinyl, robuste et facile \u00e0 entretenir<\/li>\n<li>Coloris : tan\/marron<\/li>\n<li>Adapt\u00e9 au tir \u00e0 l'arc traditionnel<\/li>\n<\/ul>","protected":false},"excerpt":{"rendered":"<table>\n<tr>\n<th>Propri\u00e9t\u00e9<\/th>\n<th>Valeur<\/th>\n<\/tr>\n<tr>\n<td>Marque<\/td>\n<td>Neet<\/td>\n<\/tr>\n<tr>\n<td>Type<\/td>\n<td>Back quiver<\/td>\n<\/tr>\n<tr>\n<td>Couleur<\/td>\n<td>Brun<\/td>\n<\/tr>\n<tr>\n<td>Hand (LH\/RH)<\/td>\n<td>LH<\/td>\n<\/tr>\n<tr>\n<td>Pays d'origine<\/td>\n<td>USA<\/td>\n<\/tr>\n<tr>\n<td>GTIN<\/td>\n<td>46821029011<\/td>\n<\/tr>\n<\/table>","protected":false},"featured_media":452365,"comment_status":"open","ping_status":"closed","template":"","meta":[],"product_brand":[786],"product_cat":[4124,4145,4149],"product_tag":[3546],"class_list":{"0":"post-394537","1":"product","2":"type-product","3":"status-publish","4":"has-post-thumbnail","6":"product_brand-neet","7":"product_cat-bogenschuetzer-ausruestung","8":"product_cat-koecher-guerteltasche","9":"product_cat-traditioneller-koecher","10":"product_tag-neuheit","11":"product_shipping_class-bsd-standard","13":"first","14":"instock","15":"shipping-taxable","16":"purchasable","17":"product-type-simple"},"yoast_head":"<!-- This site is optimized with the Yoast SEO plugin v27.6 - https:\/\/yoast.com\/product\/yoast-seo-wordpress\/ -->\n<title>NEET K\u00d6CHER F\u00dcR TRADITIONELL R\u00dcCKENK\u00d6CHER T-BQ-20 VINYL\/TAN LH BRAUN - Bogensportdiscount \u2013 B\u00f6gen, Pfeile, Targets &amp; Zubeh\u00f6r<\/title>\n<meta name=\"description\" content=\"NEET K\u00d6CHER F\u00dcR TRADITIONELL R\u00dcCKENK\u00d6CHER T-BQ-20 VINYL\/TAN LH BRAUN g\u00fcnstig kaufen bei Bogensportdiscount \u2013 Top-Marken, schneller Versand aus der Schweiz.\" \/>\n<meta name=\"robots\" content=\"index, follow, max-snippet:-1, max-image-preview:large, max-video-preview:-1\" \/>\n<link rel=\"canonical\" href=\"https:\/\/bogensportdiscount.ch\/fr\/produit\/neet-traditioneller-rueckenkoecher-t-bq-20-vinyl-tan-lh-braun\/\" \/>\n<meta property=\"og:locale\" content=\"fr_FR\" \/>\n<meta property=\"og:type\" content=\"article\" \/>\n<meta property=\"og:title\" content=\"NEET K\u00d6CHER F\u00dcR TRADITIONELL R\u00dcCKENK\u00d6CHER T-BQ-20 VINYL\/TAN LH BRAUN - Bogensportdiscount \u2013 B\u00f6gen, Pfeile, Targets &amp; Zubeh\u00f6r\" \/>\n<meta property=\"og:description\" content=\"NEET K\u00d6CHER F\u00dcR TRADITIONELL R\u00dcCKENK\u00d6CHER T-BQ-20 VINYL\/TAN LH BRAUN g\u00fcnstig kaufen bei Bogensportdiscount \u2013 Top-Marken, schneller Versand aus der Schweiz.\" \/>\n<meta property=\"og:url\" content=\"https:\/\/bogensportdiscount.ch\/fr\/produit\/neet-traditioneller-rueckenkoecher-t-bq-20-vinyl-tan-lh-braun\/\" \/>\n<meta property=\"og:site_name\" content=\"Bogensportdiscount \u2013 B\u00f6gen, Pfeile, Targets &amp; Zubeh\u00f6r\" \/>\n<meta property=\"article:modified_time\" content=\"2026-05-14T05:14:08+00:00\" \/>\n<meta property=\"og:image\" content=\"https:\/\/bogensportdiscount.ch\/wp-content\/uploads\/bsm-images\/a017908_1.jpg\" \/>\n\t<meta property=\"og:image:width\" content=\"266\" \/>\n\t<meta property=\"og:image:height\" content=\"400\" \/>\n\t<meta property=\"og:image:type\" content=\"image\/jpeg\" \/>\n<meta name=\"twitter:card\" content=\"summary_large_image\" \/>\n<meta name=\"twitter:label1\" content=\"Dur\u00e9e de lecture estim\u00e9e\" \/>\n\t<meta name=\"twitter:data1\" content=\"1 minute\" \/>\n<script type=\"application\/ld+json\" class=\"yoast-schema-graph\">{\"@context\":\"https:\\\/\\\/schema.org\",\"@graph\":[{\"@type\":\"WebPage\",\"@id\":\"https:\\\/\\\/bogensportdiscount.ch\\\/produkt\\\/neet-traditioneller-rueckenkoecher-t-bq-20-vinyl-tan-lh-braun\\\/\",\"url\":\"https:\\\/\\\/bogensportdiscount.ch\\\/produkt\\\/neet-traditioneller-rueckenkoecher-t-bq-20-vinyl-tan-lh-braun\\\/\",\"name\":\"NEET K\u00d6CHER F\u00dcR TRADITIONELL R\u00dcCKENK\u00d6CHER T-BQ-20 VINYL\\\/TAN LH BRAUN - Bogensportdiscount \u2013 B\u00f6gen, Pfeile, Targets &amp; Zubeh\u00f6r\",\"isPartOf\":{\"@id\":\"https:\\\/\\\/bogensportdiscount.ch\\\/#website\"},\"primaryImageOfPage\":{\"@id\":\"https:\\\/\\\/bogensportdiscount.ch\\\/produkt\\\/neet-traditioneller-rueckenkoecher-t-bq-20-vinyl-tan-lh-braun\\\/#primaryimage\"},\"image\":{\"@id\":\"https:\\\/\\\/bogensportdiscount.ch\\\/produkt\\\/neet-traditioneller-rueckenkoecher-t-bq-20-vinyl-tan-lh-braun\\\/#primaryimage\"},\"thumbnailUrl\":\"https:\\\/\\\/bogensportdiscount.ch\\\/wp-content\\\/uploads\\\/bsm-images\\\/a017908_1.jpg\",\"datePublished\":\"2026-04-05T12:33:55+00:00\",\"dateModified\":\"2026-05-14T05:14:08+00:00\",\"description\":\"NEET K\u00d6CHER F\u00dcR TRADITIONELL R\u00dcCKENK\u00d6CHER T-BQ-20 VINYL\\\/TAN LH BRAUN g\u00fcnstig kaufen bei Bogensportdiscount \u2013 Top-Marken, schneller Versand aus der Schweiz.\",\"breadcrumb\":{\"@id\":\"https:\\\/\\\/bogensportdiscount.ch\\\/produkt\\\/neet-traditioneller-rueckenkoecher-t-bq-20-vinyl-tan-lh-braun\\\/#breadcrumb\"},\"inLanguage\":\"fr-FR\",\"potentialAction\":[{\"@type\":\"ReadAction\",\"target\":[\"https:\\\/\\\/bogensportdiscount.ch\\\/produkt\\\/neet-traditioneller-rueckenkoecher-t-bq-20-vinyl-tan-lh-braun\\\/\"]}]},{\"@type\":\"ImageObject\",\"inLanguage\":\"fr-FR\",\"@id\":\"https:\\\/\\\/bogensportdiscount.ch\\\/produkt\\\/neet-traditioneller-rueckenkoecher-t-bq-20-vinyl-tan-lh-braun\\\/#primaryimage\",\"url\":\"https:\\\/\\\/bogensportdiscount.ch\\\/wp-content\\\/uploads\\\/bsm-images\\\/a017908_1.jpg\",\"contentUrl\":\"https:\\\/\\\/bogensportdiscount.ch\\\/wp-content\\\/uploads\\\/bsm-images\\\/a017908_1.jpg\",\"width\":266,\"height\":400},{\"@type\":\"BreadcrumbList\",\"@id\":\"https:\\\/\\\/bogensportdiscount.ch\\\/produkt\\\/neet-traditioneller-rueckenkoecher-t-bq-20-vinyl-tan-lh-braun\\\/#breadcrumb\",\"itemListElement\":[{\"@type\":\"ListItem\",\"position\":1,\"name\":\"Home\",\"item\":\"https:\\\/\\\/bogensportdiscount.ch\\\/\"},{\"@type\":\"ListItem\",\"position\":2,\"name\":\"Shop\",\"item\":\"https:\\\/\\\/bogensportdiscount.ch\\\/shop\\\/\"},{\"@type\":\"ListItem\",\"position\":3,\"name\":\"NEET QUIVERS FOR TRADITIONAL BACK T-BQ-20 VINYL\\\/TAN LH BROWN\"}]},{\"@type\":\"WebSite\",\"@id\":\"https:\\\/\\\/bogensportdiscount.ch\\\/#website\",\"url\":\"https:\\\/\\\/bogensportdiscount.ch\\\/\",\"name\":\"Bogensportdiscount\",\"description\":\"\",\"potentialAction\":[{\"@type\":\"SearchAction\",\"target\":{\"@type\":\"EntryPoint\",\"urlTemplate\":\"https:\\\/\\\/bogensportdiscount.ch\\\/?s={search_term_string}\"},\"query-input\":{\"@type\":\"PropertyValueSpecification\",\"valueRequired\":true,\"valueName\":\"search_term_string\"}}],\"inLanguage\":\"fr-FR\"}]}<\/script>\n<!-- \/ Yoast SEO plugin. -->","yoast_head_json":{"title":"NEET K\u00d6CHER F\u00dcR TRADITIONELL R\u00dcCKENK\u00d6CHER T-BQ-20 VINYL\/TAN LH BRAUN - Bogensportdiscount \u2013 B\u00f6gen, Pfeile, Targets &amp; Zubeh\u00f6r","description":"NEET K\u00d6CHER F\u00dcR TRADITIONELL R\u00dcCKENK\u00d6CHER T-BQ-20 VINYL\/TAN LH BRAUN g\u00fcnstig kaufen bei Bogensportdiscount \u2013 Top-Marken, schneller Versand aus der Schweiz.","robots":{"index":"index","follow":"follow","max-snippet":"max-snippet:-1","max-image-preview":"max-image-preview:large","max-video-preview":"max-video-preview:-1"},"canonical":"https:\/\/bogensportdiscount.ch\/fr\/produit\/neet-traditioneller-rueckenkoecher-t-bq-20-vinyl-tan-lh-braun\/","og_locale":"fr_FR","og_type":"article","og_title":"NEET K\u00d6CHER F\u00dcR TRADITIONELL R\u00dcCKENK\u00d6CHER T-BQ-20 VINYL\/TAN LH BRAUN - Bogensportdiscount \u2013 B\u00f6gen, Pfeile, Targets &amp; Zubeh\u00f6r","og_description":"NEET K\u00d6CHER F\u00dcR TRADITIONELL R\u00dcCKENK\u00d6CHER T-BQ-20 VINYL\/TAN LH BRAUN g\u00fcnstig kaufen bei Bogensportdiscount \u2013 Top-Marken, schneller Versand aus der Schweiz.","og_url":"https:\/\/bogensportdiscount.ch\/fr\/produit\/neet-traditioneller-rueckenkoecher-t-bq-20-vinyl-tan-lh-braun\/","og_site_name":"Bogensportdiscount \u2013 B\u00f6gen, Pfeile, Targets &amp; Zubeh\u00f6r","article_modified_time":"2026-05-14T05:14:08+00:00","og_image":[{"width":266,"height":400,"url":"https:\/\/bogensportdiscount.ch\/wp-content\/uploads\/bsm-images\/a017908_1.jpg","type":"image\/jpeg"}],"twitter_card":"summary_large_image","twitter_misc":{"Dur\u00e9e de lecture estim\u00e9e":"1 minute"},"schema":{"@context":"https:\/\/schema.org","@graph":[{"@type":"WebPage","@id":"https:\/\/bogensportdiscount.ch\/produkt\/neet-traditioneller-rueckenkoecher-t-bq-20-vinyl-tan-lh-braun\/","url":"https:\/\/bogensportdiscount.ch\/produkt\/neet-traditioneller-rueckenkoecher-t-bq-20-vinyl-tan-lh-braun\/","name":"NEET K\u00d6CHER F\u00dcR TRADITIONELL R\u00dcCKENK\u00d6CHER T-BQ-20 VINYL\/TAN LH BRAUN - Bogensportdiscount \u2013 B\u00f6gen, Pfeile, Targets &amp; Zubeh\u00f6r","isPartOf":{"@id":"https:\/\/bogensportdiscount.ch\/#website"},"primaryImageOfPage":{"@id":"https:\/\/bogensportdiscount.ch\/produkt\/neet-traditioneller-rueckenkoecher-t-bq-20-vinyl-tan-lh-braun\/#primaryimage"},"image":{"@id":"https:\/\/bogensportdiscount.ch\/produkt\/neet-traditioneller-rueckenkoecher-t-bq-20-vinyl-tan-lh-braun\/#primaryimage"},"thumbnailUrl":"https:\/\/bogensportdiscount.ch\/wp-content\/uploads\/bsm-images\/a017908_1.jpg","datePublished":"2026-04-05T12:33:55+00:00","dateModified":"2026-05-14T05:14:08+00:00","description":"NEET K\u00d6CHER F\u00dcR TRADITIONELL R\u00dcCKENK\u00d6CHER T-BQ-20 VINYL\/TAN LH BRAUN g\u00fcnstig kaufen bei Bogensportdiscount \u2013 Top-Marken, schneller Versand aus der Schweiz.","breadcrumb":{"@id":"https:\/\/bogensportdiscount.ch\/produkt\/neet-traditioneller-rueckenkoecher-t-bq-20-vinyl-tan-lh-braun\/#breadcrumb"},"inLanguage":"fr-FR","potentialAction":[{"@type":"ReadAction","target":["https:\/\/bogensportdiscount.ch\/produkt\/neet-traditioneller-rueckenkoecher-t-bq-20-vinyl-tan-lh-braun\/"]}]},{"@type":"ImageObject","inLanguage":"fr-FR","@id":"https:\/\/bogensportdiscount.ch\/produkt\/neet-traditioneller-rueckenkoecher-t-bq-20-vinyl-tan-lh-braun\/#primaryimage","url":"https:\/\/bogensportdiscount.ch\/wp-content\/uploads\/bsm-images\/a017908_1.jpg","contentUrl":"https:\/\/bogensportdiscount.ch\/wp-content\/uploads\/bsm-images\/a017908_1.jpg","width":266,"height":400},{"@type":"BreadcrumbList","@id":"https:\/\/bogensportdiscount.ch\/produkt\/neet-traditioneller-rueckenkoecher-t-bq-20-vinyl-tan-lh-braun\/#breadcrumb","itemListElement":[{"@type":"ListItem","position":1,"name":"Home","item":"https:\/\/bogensportdiscount.ch\/"},{"@type":"ListItem","position":2,"name":"Shop","item":"https:\/\/bogensportdiscount.ch\/shop\/"},{"@type":"ListItem","position":3,"name":"NEET QUIVERS FOR TRADITIONAL BACK T-BQ-20 VINYL\/TAN LH BROWN"}]},{"@type":"WebSite","@id":"https:\/\/bogensportdiscount.ch\/#website","url":"https:\/\/bogensportdiscount.ch\/","name":"Bogensportdiscount","description":"","potentialAction":[{"@type":"SearchAction","target":{"@type":"EntryPoint","urlTemplate":"https:\/\/bogensportdiscount.ch\/?s={search_term_string}"},"query-input":{"@type":"PropertyValueSpecification","valueRequired":true,"valueName":"search_term_string"}}],"inLanguage":"fr-FR"}]}},"_links":{"self":[{"href":"https:\/\/bogensportdiscount.ch\/fr\/wp-json\/wp\/v2\/product\/394537","targetHints":{"allow":["GET"]}}],"collection":[{"href":"https:\/\/bogensportdiscount.ch\/fr\/wp-json\/wp\/v2\/product"}],"about":[{"href":"https:\/\/bogensportdiscount.ch\/fr\/wp-json\/wp\/v2\/types\/product"}],"replies":[{"embeddable":true,"href":"https:\/\/bogensportdiscount.ch\/fr\/wp-json\/wp\/v2\/comments?post=394537"}],"wp:featuredmedia":[{"embeddable":true,"href":"https:\/\/bogensportdiscount.ch\/fr\/wp-json\/wp\/v2\/media\/452365"}],"wp:attachment":[{"href":"https:\/\/bogensportdiscount.ch\/fr\/wp-json\/wp\/v2\/media?parent=394537"}],"wp:term":[{"taxonomy":"product_brand","embeddable":true,"href":"https:\/\/bogensportdiscount.ch\/fr\/wp-json\/wp\/v2\/product_brand?post=394537"},{"taxonomy":"product_cat","embeddable":true,"href":"https:\/\/bogensportdiscount.ch\/fr\/wp-json\/wp\/v2\/product_cat?post=394537"},{"taxonomy":"product_tag","embeddable":true,"href":"https:\/\/bogensportdiscount.ch\/fr\/wp-json\/wp\/v2\/product_tag?post=394537"}],"curies":[{"name":"wp","href":"https:\/\/api.w.org\/{rel}","templated":true}]}}