{"id":394534,"date":"2026-04-05T14:33:55","date_gmt":"2026-04-05T12:33:55","guid":{"rendered":"https:\/\/bogensportdiscount.ch\/produkt\/flexarchery-compound-string-cable-sets-topoint-for-serenity-small-cam-gray-black\/"},"modified":"2026-05-14T07:14:08","modified_gmt":"2026-05-14T05:14:08","slug":"flexarchery-compound-sehnen-kabel-set-topoint-serenity-small-cam-grau-schwarz","status":"publish","type":"product","link":"https:\/\/bogensportdiscount.ch\/fr\/produit\/flexarchery-compound-sehnen-kabel-set-topoint-serenity-small-cam-grau-schwarz\/","title":{"rendered":"FLEXARCHERY CORDE DE COMPOUNDBOGEN &#038; SETS DE CORDES TOPOINT POUR SERENITY SMALL CAM GRIS\/NOIR"},"content":{"rendered":"<p>Ce set de cordes et c\u00e2bles FLEXARCHERY est sp\u00e9cialement con\u00e7u pour l'arc \u00e0 poulies Topoint Serenity avec Small Cam. Gr\u00e2ce \u00e0 l'adaptation sp\u00e9cifique au mod\u00e8le, un ajustement pr\u00e9cis et une g\u00e9om\u00e9trie de corde correcte sont garantis.<\/p>\n<p>Le set comprend toutes les cordes et c\u00e2bles n\u00e9cessaires pour un remplacement complet sur l'arc. La combinaison de couleurs Gris\/Noir permet un montage harmonieux.<\/p>\n<ul>\n<li>Compatible avec le Topoint Serenity avec Small Cam<\/li>\n<li>Set complet avec cordes et c\u00e2bles<\/li>\n<li>Combinaison de couleurs Gris\/Noir<\/li>\n<li>De FLEXARCHERY \u2013 fabricant sp\u00e9cialis\u00e9 dans les cordes de compound<\/li>\n<\/ul>","protected":false},"excerpt":{"rendered":"<table>\n<tr>\n<th>Propri\u00e9t\u00e9<\/th>\n<th>Valeur<\/th>\n<\/tr>\n<tr>\n<td>Marque<\/td>\n<td>Flex-Archery<\/td>\n<\/tr>\n<tr>\n<td>Pays d'origine<\/td>\n<td>Espagne<\/td>\n<\/tr>\n<\/table>","protected":false},"featured_media":522886,"comment_status":"open","ping_status":"closed","template":"","meta":[],"product_brand":[447],"product_cat":[4128,4639,27452],"product_tag":[3546],"class_list":{"0":"post-394534","1":"product","2":"type-product","3":"status-publish","4":"has-post-thumbnail","6":"product_brand-flexarchery","7":"product_cat-bogen-zubehoer","8":"product_cat-compound-strings-cables-sehnen-kabel-bogen-zubehoer","9":"product_cat-sehnen-kabel-bogen-zubehoer-2","10":"product_tag-neuheit","11":"product_shipping_class-bsd-standard","13":"first","14":"instock","15":"shipping-taxable","16":"purchasable","17":"product-type-simple"},"yoast_head":"<!-- This site is optimized with the Yoast SEO plugin v27.6 - https:\/\/yoast.com\/product\/yoast-seo-wordpress\/ -->\n<title>FLEXARCHERY COMPOUNDSEHNE &amp; SEHNEN SETS TOPOINT F\u00dcR SERENITY SMALL CAM GRAU\/SCHWARZ - Bogensportdiscount \u2013 B\u00f6gen, Pfeile, Targets &amp; Zubeh\u00f6r<\/title>\n<meta name=\"description\" content=\"FLEXARCHERY COMPOUNDSEHNE &amp; SEHNEN SETS TOPOINT F\u00dcR SERENITY SMALL CAM GRAU\/SCHWARZ g\u00fcnstig kaufen bei Bogensportdiscount \u2013 Top-Marken, schneller Versand aus der Schweiz.\" \/>\n<meta name=\"robots\" content=\"index, follow, max-snippet:-1, max-image-preview:large, max-video-preview:-1\" \/>\n<link rel=\"canonical\" href=\"https:\/\/bogensportdiscount.ch\/fr\/produit\/flexarchery-compound-sehnen-kabel-set-topoint-serenity-small-cam-grau-schwarz\/\" \/>\n<meta property=\"og:locale\" content=\"fr_FR\" \/>\n<meta property=\"og:type\" content=\"article\" \/>\n<meta property=\"og:title\" content=\"FLEXARCHERY COMPOUNDSEHNE &amp; SEHNEN SETS TOPOINT F\u00dcR SERENITY SMALL CAM GRAU\/SCHWARZ - Bogensportdiscount \u2013 B\u00f6gen, Pfeile, Targets &amp; Zubeh\u00f6r\" \/>\n<meta property=\"og:description\" content=\"FLEXARCHERY COMPOUNDSEHNE &amp; SEHNEN SETS TOPOINT F\u00dcR SERENITY SMALL CAM GRAU\/SCHWARZ g\u00fcnstig kaufen bei Bogensportdiscount \u2013 Top-Marken, schneller Versand aus der Schweiz.\" \/>\n<meta property=\"og:url\" content=\"https:\/\/bogensportdiscount.ch\/fr\/produit\/flexarchery-compound-sehnen-kabel-set-topoint-serenity-small-cam-grau-schwarz\/\" \/>\n<meta property=\"og:site_name\" content=\"Bogensportdiscount \u2013 B\u00f6gen, Pfeile, Targets &amp; Zubeh\u00f6r\" \/>\n<meta property=\"article:modified_time\" content=\"2026-05-14T05:14:08+00:00\" \/>\n<meta property=\"og:image\" content=\"https:\/\/bogensportdiscount.ch\/wp-content\/uploads\/bsm-images\/A017612_1.jpg\" \/>\n\t<meta property=\"og:image:width\" content=\"1023\" \/>\n\t<meta property=\"og:image:height\" content=\"682\" \/>\n\t<meta property=\"og:image:type\" content=\"image\/jpeg\" \/>\n<meta name=\"twitter:card\" content=\"summary_large_image\" \/>\n<script type=\"application\/ld+json\" class=\"yoast-schema-graph\">{\"@context\":\"https:\\\/\\\/schema.org\",\"@graph\":[{\"@type\":\"WebPage\",\"@id\":\"https:\\\/\\\/bogensportdiscount.ch\\\/produkt\\\/flexarchery-compound-sehnen-kabel-set-topoint-serenity-small-cam-grau-schwarz\\\/\",\"url\":\"https:\\\/\\\/bogensportdiscount.ch\\\/produkt\\\/flexarchery-compound-sehnen-kabel-set-topoint-serenity-small-cam-grau-schwarz\\\/\",\"name\":\"FLEXARCHERY COMPOUNDSEHNE & SEHNEN SETS TOPOINT F\u00dcR SERENITY SMALL CAM GRAU\\\/SCHWARZ - Bogensportdiscount \u2013 B\u00f6gen, Pfeile, Targets &amp; Zubeh\u00f6r\",\"isPartOf\":{\"@id\":\"https:\\\/\\\/bogensportdiscount.ch\\\/#website\"},\"primaryImageOfPage\":{\"@id\":\"https:\\\/\\\/bogensportdiscount.ch\\\/produkt\\\/flexarchery-compound-sehnen-kabel-set-topoint-serenity-small-cam-grau-schwarz\\\/#primaryimage\"},\"image\":{\"@id\":\"https:\\\/\\\/bogensportdiscount.ch\\\/produkt\\\/flexarchery-compound-sehnen-kabel-set-topoint-serenity-small-cam-grau-schwarz\\\/#primaryimage\"},\"thumbnailUrl\":\"https:\\\/\\\/bogensportdiscount.ch\\\/wp-content\\\/uploads\\\/bsm-images\\\/A017612_1.jpg\",\"datePublished\":\"2026-04-05T12:33:55+00:00\",\"dateModified\":\"2026-05-14T05:14:08+00:00\",\"description\":\"FLEXARCHERY COMPOUNDSEHNE & SEHNEN SETS TOPOINT F\u00dcR SERENITY SMALL CAM GRAU\\\/SCHWARZ g\u00fcnstig kaufen bei Bogensportdiscount \u2013 Top-Marken, schneller Versand aus der Schweiz.\",\"breadcrumb\":{\"@id\":\"https:\\\/\\\/bogensportdiscount.ch\\\/produkt\\\/flexarchery-compound-sehnen-kabel-set-topoint-serenity-small-cam-grau-schwarz\\\/#breadcrumb\"},\"inLanguage\":\"fr-FR\",\"potentialAction\":[{\"@type\":\"ReadAction\",\"target\":[\"https:\\\/\\\/bogensportdiscount.ch\\\/produkt\\\/flexarchery-compound-sehnen-kabel-set-topoint-serenity-small-cam-grau-schwarz\\\/\"]}]},{\"@type\":\"ImageObject\",\"inLanguage\":\"fr-FR\",\"@id\":\"https:\\\/\\\/bogensportdiscount.ch\\\/produkt\\\/flexarchery-compound-sehnen-kabel-set-topoint-serenity-small-cam-grau-schwarz\\\/#primaryimage\",\"url\":\"https:\\\/\\\/bogensportdiscount.ch\\\/wp-content\\\/uploads\\\/bsm-images\\\/A017612_1.jpg\",\"contentUrl\":\"https:\\\/\\\/bogensportdiscount.ch\\\/wp-content\\\/uploads\\\/bsm-images\\\/A017612_1.jpg\",\"width\":1023,\"height\":682},{\"@type\":\"BreadcrumbList\",\"@id\":\"https:\\\/\\\/bogensportdiscount.ch\\\/produkt\\\/flexarchery-compound-sehnen-kabel-set-topoint-serenity-small-cam-grau-schwarz\\\/#breadcrumb\",\"itemListElement\":[{\"@type\":\"ListItem\",\"position\":1,\"name\":\"Home\",\"item\":\"https:\\\/\\\/bogensportdiscount.ch\\\/\"},{\"@type\":\"ListItem\",\"position\":2,\"name\":\"Shop\",\"item\":\"https:\\\/\\\/bogensportdiscount.ch\\\/shop\\\/\"},{\"@type\":\"ListItem\",\"position\":3,\"name\":\"FLEXARCHERY COMPOUND STRING &amp; CABLE SETS TOPOINT FOR SERENITY SMALL CAM GRAY\\\/BLACK\"}]},{\"@type\":\"WebSite\",\"@id\":\"https:\\\/\\\/bogensportdiscount.ch\\\/#website\",\"url\":\"https:\\\/\\\/bogensportdiscount.ch\\\/\",\"name\":\"Bogensportdiscount\",\"description\":\"\",\"potentialAction\":[{\"@type\":\"SearchAction\",\"target\":{\"@type\":\"EntryPoint\",\"urlTemplate\":\"https:\\\/\\\/bogensportdiscount.ch\\\/?s={search_term_string}\"},\"query-input\":{\"@type\":\"PropertyValueSpecification\",\"valueRequired\":true,\"valueName\":\"search_term_string\"}}],\"inLanguage\":\"fr-FR\"}]}<\/script>\n<!-- \/ Yoast SEO plugin. -->","yoast_head_json":{"title":"FLEXARCHERY COMPOUNDSEHNE & SEHNEN SETS TOPOINT F\u00dcR SERENITY SMALL CAM GRAU\/SCHWARZ - Bogensportdiscount \u2013 B\u00f6gen, Pfeile, Targets &amp; Zubeh\u00f6r","description":"FLEXARCHERY COMPOUNDSEHNE & SEHNEN SETS TOPOINT F\u00dcR SERENITY SMALL CAM GRAU\/SCHWARZ g\u00fcnstig kaufen bei Bogensportdiscount \u2013 Top-Marken, schneller Versand aus der Schweiz.","robots":{"index":"index","follow":"follow","max-snippet":"max-snippet:-1","max-image-preview":"max-image-preview:large","max-video-preview":"max-video-preview:-1"},"canonical":"https:\/\/bogensportdiscount.ch\/fr\/produit\/flexarchery-compound-sehnen-kabel-set-topoint-serenity-small-cam-grau-schwarz\/","og_locale":"fr_FR","og_type":"article","og_title":"FLEXARCHERY COMPOUNDSEHNE & SEHNEN SETS TOPOINT F\u00dcR SERENITY SMALL CAM GRAU\/SCHWARZ - Bogensportdiscount \u2013 B\u00f6gen, Pfeile, Targets &amp; Zubeh\u00f6r","og_description":"FLEXARCHERY COMPOUNDSEHNE & SEHNEN SETS TOPOINT F\u00dcR SERENITY SMALL CAM GRAU\/SCHWARZ g\u00fcnstig kaufen bei Bogensportdiscount \u2013 Top-Marken, schneller Versand aus der Schweiz.","og_url":"https:\/\/bogensportdiscount.ch\/fr\/produit\/flexarchery-compound-sehnen-kabel-set-topoint-serenity-small-cam-grau-schwarz\/","og_site_name":"Bogensportdiscount \u2013 B\u00f6gen, Pfeile, Targets &amp; Zubeh\u00f6r","article_modified_time":"2026-05-14T05:14:08+00:00","og_image":[{"width":1023,"height":682,"url":"https:\/\/bogensportdiscount.ch\/wp-content\/uploads\/bsm-images\/A017612_1.jpg","type":"image\/jpeg"}],"twitter_card":"summary_large_image","schema":{"@context":"https:\/\/schema.org","@graph":[{"@type":"WebPage","@id":"https:\/\/bogensportdiscount.ch\/produkt\/flexarchery-compound-sehnen-kabel-set-topoint-serenity-small-cam-grau-schwarz\/","url":"https:\/\/bogensportdiscount.ch\/produkt\/flexarchery-compound-sehnen-kabel-set-topoint-serenity-small-cam-grau-schwarz\/","name":"FLEXARCHERY COMPOUNDSEHNE & SEHNEN SETS TOPOINT F\u00dcR SERENITY SMALL CAM GRAU\/SCHWARZ - Bogensportdiscount \u2013 B\u00f6gen, Pfeile, Targets &amp; Zubeh\u00f6r","isPartOf":{"@id":"https:\/\/bogensportdiscount.ch\/#website"},"primaryImageOfPage":{"@id":"https:\/\/bogensportdiscount.ch\/produkt\/flexarchery-compound-sehnen-kabel-set-topoint-serenity-small-cam-grau-schwarz\/#primaryimage"},"image":{"@id":"https:\/\/bogensportdiscount.ch\/produkt\/flexarchery-compound-sehnen-kabel-set-topoint-serenity-small-cam-grau-schwarz\/#primaryimage"},"thumbnailUrl":"https:\/\/bogensportdiscount.ch\/wp-content\/uploads\/bsm-images\/A017612_1.jpg","datePublished":"2026-04-05T12:33:55+00:00","dateModified":"2026-05-14T05:14:08+00:00","description":"FLEXARCHERY COMPOUNDSEHNE & SEHNEN SETS TOPOINT F\u00dcR SERENITY SMALL CAM GRAU\/SCHWARZ g\u00fcnstig kaufen bei Bogensportdiscount \u2013 Top-Marken, schneller Versand aus der Schweiz.","breadcrumb":{"@id":"https:\/\/bogensportdiscount.ch\/produkt\/flexarchery-compound-sehnen-kabel-set-topoint-serenity-small-cam-grau-schwarz\/#breadcrumb"},"inLanguage":"fr-FR","potentialAction":[{"@type":"ReadAction","target":["https:\/\/bogensportdiscount.ch\/produkt\/flexarchery-compound-sehnen-kabel-set-topoint-serenity-small-cam-grau-schwarz\/"]}]},{"@type":"ImageObject","inLanguage":"fr-FR","@id":"https:\/\/bogensportdiscount.ch\/produkt\/flexarchery-compound-sehnen-kabel-set-topoint-serenity-small-cam-grau-schwarz\/#primaryimage","url":"https:\/\/bogensportdiscount.ch\/wp-content\/uploads\/bsm-images\/A017612_1.jpg","contentUrl":"https:\/\/bogensportdiscount.ch\/wp-content\/uploads\/bsm-images\/A017612_1.jpg","width":1023,"height":682},{"@type":"BreadcrumbList","@id":"https:\/\/bogensportdiscount.ch\/produkt\/flexarchery-compound-sehnen-kabel-set-topoint-serenity-small-cam-grau-schwarz\/#breadcrumb","itemListElement":[{"@type":"ListItem","position":1,"name":"Home","item":"https:\/\/bogensportdiscount.ch\/"},{"@type":"ListItem","position":2,"name":"Shop","item":"https:\/\/bogensportdiscount.ch\/shop\/"},{"@type":"ListItem","position":3,"name":"FLEXARCHERY COMPOUND STRING &amp; CABLE SETS TOPOINT FOR SERENITY SMALL CAM GRAY\/BLACK"}]},{"@type":"WebSite","@id":"https:\/\/bogensportdiscount.ch\/#website","url":"https:\/\/bogensportdiscount.ch\/","name":"Bogensportdiscount","description":"","potentialAction":[{"@type":"SearchAction","target":{"@type":"EntryPoint","urlTemplate":"https:\/\/bogensportdiscount.ch\/?s={search_term_string}"},"query-input":{"@type":"PropertyValueSpecification","valueRequired":true,"valueName":"search_term_string"}}],"inLanguage":"fr-FR"}]}},"_links":{"self":[{"href":"https:\/\/bogensportdiscount.ch\/fr\/wp-json\/wp\/v2\/product\/394534","targetHints":{"allow":["GET"]}}],"collection":[{"href":"https:\/\/bogensportdiscount.ch\/fr\/wp-json\/wp\/v2\/product"}],"about":[{"href":"https:\/\/bogensportdiscount.ch\/fr\/wp-json\/wp\/v2\/types\/product"}],"replies":[{"embeddable":true,"href":"https:\/\/bogensportdiscount.ch\/fr\/wp-json\/wp\/v2\/comments?post=394534"}],"wp:featuredmedia":[{"embeddable":true,"href":"https:\/\/bogensportdiscount.ch\/fr\/wp-json\/wp\/v2\/media\/522886"}],"wp:attachment":[{"href":"https:\/\/bogensportdiscount.ch\/fr\/wp-json\/wp\/v2\/media?parent=394534"}],"wp:term":[{"taxonomy":"product_brand","embeddable":true,"href":"https:\/\/bogensportdiscount.ch\/fr\/wp-json\/wp\/v2\/product_brand?post=394534"},{"taxonomy":"product_cat","embeddable":true,"href":"https:\/\/bogensportdiscount.ch\/fr\/wp-json\/wp\/v2\/product_cat?post=394534"},{"taxonomy":"product_tag","embeddable":true,"href":"https:\/\/bogensportdiscount.ch\/fr\/wp-json\/wp\/v2\/product_tag?post=394534"}],"curies":[{"name":"wp","href":"https:\/\/api.w.org\/{rel}","templated":true}]}}