{"id":394531,"date":"2026-04-05T14:33:54","date_gmt":"2026-04-05T12:33:54","guid":{"rendered":"https:\/\/bogensportdiscount.ch\/produkt\/touchwood-oak-ridge-recurve-string-dacron-60-16-black-with-red-serving\/"},"modified":"2026-04-20T12:50:18","modified_gmt":"2026-04-20T10:50:18","slug":"touchwood-recurve-sehne-oak-ridge-dacron-60-16-schwarz-rot","status":"publish","type":"product","link":"https:\/\/bogensportdiscount.ch\/fr\/produit\/touchwood-recurve-sehne-oak-ridge-dacron-60-16-schwarz-rot\/","title":{"rendered":"TOUCHWOOD OAK RIDGE RECURVE SEHNE DACRON 60\/16 SCHWARZ MIT ROTER WICKLUNG"},"content":{"rendered":"<p>Die TOUCHWOOD Oak Ridge Recurve-Sehne ist aus Dacron gefertigt \u2013 einem bew\u00e4hrten Material f\u00fcr traditionelle B\u00f6gen. Dacron eignet sich besonders gut f\u00fcr \u00e4ltere oder klassische Recurve- und Langb\u00f6gen, da es schonend f\u00fcr die Bogenlimbs ist und eine gewisse Elastizit\u00e4t mitbringt.<\/p>\n<p>Die Sehne wird in der St\u00e4rke 60\/16 geliefert und ist in Schwarz gehalten, mit einer auff\u00e4lligen roten Serving im mittleren Bereich. Die Serving sch\u00fctzt die Sehne an der am st\u00e4rksten beanspruchten Stelle und sorgt f\u00fcr eine zuverl\u00e4ssige Nockpunktaufnahme.<\/p>\n<ul>\n<li>Mat\u00e9riau : Dacron<\/li>\n<li>St\u00e4rke: 60\/16<\/li>\n<li>Farbe: Schwarz mit roter Serving<\/li>\n<li>Adapt\u00e9 aux arcs recurves et arcs longs traditionnels<\/li>\n<\/ul>","protected":false},"excerpt":{"rendered":"<p><strong>Marque :<\/strong> Touchwood<br \/><strong>mat\u00e9riel :<\/strong> Dacron<br \/><strong>Tailles :<\/strong> 60&quot;<\/p>","protected":false},"featured_media":521998,"comment_status":"open","ping_status":"closed","template":"","meta":[],"product_brand":[960],"product_cat":[4279],"product_tag":[3546],"class_list":{"0":"post-394531","1":"product","2":"type-product","3":"status-publish","4":"has-post-thumbnail","6":"product_brand-touchwood","7":"product_cat-traditional-strings","8":"product_tag-neuheit","10":"first","11":"instock","12":"shipping-taxable","13":"purchasable","14":"product-type-simple"},"yoast_head":"<!-- This site is optimized with the Yoast SEO plugin v27.4 - https:\/\/yoast.com\/product\/yoast-seo-wordpress\/ -->\n<title>TOUCHWOOD OAK RIDGE RECURVE SEHNE DACRON 60\/16 SCHWARZ MIT ROTER WICKLUNG - Bogensportdiscount \u2013 B\u00f6gen, Pfeile, Targets &amp; Zubeh\u00f6r<\/title>\n<meta name=\"robots\" content=\"noindex, follow, max-snippet:-1, max-image-preview:large, max-video-preview:-1\" \/>\n<meta property=\"og:locale\" content=\"fr_FR\" \/>\n<meta property=\"og:type\" content=\"article\" \/>\n<meta property=\"og:title\" content=\"TOUCHWOOD OAK RIDGE RECURVE SEHNE DACRON 60\/16 SCHWARZ MIT ROTER WICKLUNG - Bogensportdiscount \u2013 B\u00f6gen, Pfeile, Targets &amp; Zubeh\u00f6r\" \/>\n<meta property=\"og:description\" content=\"Marke: TouchwoodMaterial: DacronGr\u00f6\u00dfen: 60&quot;\" \/>\n<meta property=\"og:url\" content=\"https:\/\/bogensportdiscount.ch\/fr\/produit\/touchwood-recurve-sehne-oak-ridge-dacron-60-16-schwarz-rot\/\" \/>\n<meta property=\"og:site_name\" content=\"Bogensportdiscount \u2013 B\u00f6gen, Pfeile, Targets &amp; Zubeh\u00f6r\" \/>\n<meta property=\"article:modified_time\" content=\"2026-04-20T10:50:18+00:00\" \/>\n<meta property=\"og:image\" content=\"https:\/\/bogensportdiscount.ch\/wp-content\/uploads\/bsm-images\/A017241_1.png\" \/>\n\t<meta property=\"og:image:width\" content=\"1972\" \/>\n\t<meta property=\"og:image:height\" content=\"1013\" \/>\n\t<meta property=\"og:image:type\" content=\"image\/png\" \/>\n<meta name=\"twitter:card\" content=\"summary_large_image\" \/>\n<meta name=\"twitter:label1\" content=\"Dur\u00e9e de lecture estim\u00e9e\" \/>\n\t<meta name=\"twitter:data1\" content=\"1 minute\" \/>\n<script type=\"application\/ld+json\" class=\"yoast-schema-graph\">{\"@context\":\"https:\\\/\\\/schema.org\",\"@graph\":[{\"@type\":\"WebPage\",\"@id\":\"https:\\\/\\\/bogensportdiscount.ch\\\/fr\\\/produit\\\/touchwood-recurve-sehne-oak-ridge-dacron-60-16-schwarz-rot\\\/\",\"url\":\"https:\\\/\\\/bogensportdiscount.ch\\\/fr\\\/produit\\\/touchwood-recurve-sehne-oak-ridge-dacron-60-16-schwarz-rot\\\/\",\"name\":\"TOUCHWOOD OAK RIDGE RECURVE SEHNE DACRON 60\\\/16 SCHWARZ MIT ROTER WICKLUNG - Bogensportdiscount \u2013 B\u00f6gen, Pfeile, Targets &amp; Zubeh\u00f6r\",\"isPartOf\":{\"@id\":\"https:\\\/\\\/bogensportdiscount.ch\\\/#website\"},\"primaryImageOfPage\":{\"@id\":\"https:\\\/\\\/bogensportdiscount.ch\\\/fr\\\/produit\\\/touchwood-recurve-sehne-oak-ridge-dacron-60-16-schwarz-rot\\\/#primaryimage\"},\"image\":{\"@id\":\"https:\\\/\\\/bogensportdiscount.ch\\\/fr\\\/produit\\\/touchwood-recurve-sehne-oak-ridge-dacron-60-16-schwarz-rot\\\/#primaryimage\"},\"thumbnailUrl\":\"https:\\\/\\\/bogensportdiscount.ch\\\/wp-content\\\/uploads\\\/bsm-images\\\/A017241_1.png\",\"datePublished\":\"2026-04-05T12:33:54+00:00\",\"dateModified\":\"2026-04-20T10:50:18+00:00\",\"breadcrumb\":{\"@id\":\"https:\\\/\\\/bogensportdiscount.ch\\\/fr\\\/produit\\\/touchwood-recurve-sehne-oak-ridge-dacron-60-16-schwarz-rot\\\/#breadcrumb\"},\"inLanguage\":\"fr-FR\",\"potentialAction\":[{\"@type\":\"ReadAction\",\"target\":[\"https:\\\/\\\/bogensportdiscount.ch\\\/fr\\\/produit\\\/touchwood-recurve-sehne-oak-ridge-dacron-60-16-schwarz-rot\\\/\"]}]},{\"@type\":\"ImageObject\",\"inLanguage\":\"fr-FR\",\"@id\":\"https:\\\/\\\/bogensportdiscount.ch\\\/fr\\\/produit\\\/touchwood-recurve-sehne-oak-ridge-dacron-60-16-schwarz-rot\\\/#primaryimage\",\"url\":\"https:\\\/\\\/bogensportdiscount.ch\\\/wp-content\\\/uploads\\\/bsm-images\\\/A017241_1.png\",\"contentUrl\":\"https:\\\/\\\/bogensportdiscount.ch\\\/wp-content\\\/uploads\\\/bsm-images\\\/A017241_1.png\",\"width\":1972,\"height\":1013},{\"@type\":\"BreadcrumbList\",\"@id\":\"https:\\\/\\\/bogensportdiscount.ch\\\/fr\\\/produit\\\/touchwood-recurve-sehne-oak-ridge-dacron-60-16-schwarz-rot\\\/#breadcrumb\",\"itemListElement\":[{\"@type\":\"ListItem\",\"position\":1,\"name\":\"Home\",\"item\":\"https:\\\/\\\/bogensportdiscount.ch\\\/\"},{\"@type\":\"ListItem\",\"position\":2,\"name\":\"Shop\",\"item\":\"https:\\\/\\\/bogensportdiscount.ch\\\/shop\\\/\"},{\"@type\":\"ListItem\",\"position\":3,\"name\":\"TOUCHWOOD OAK RIDGE RECURVE SEHNE DACRON 60\\\/16 SCHWARZ MIT ROTER WICKLUNG\"}]},{\"@type\":\"WebSite\",\"@id\":\"https:\\\/\\\/bogensportdiscount.ch\\\/#website\",\"url\":\"https:\\\/\\\/bogensportdiscount.ch\\\/\",\"name\":\"Bogensportdiscount\",\"description\":\"\",\"potentialAction\":[{\"@type\":\"SearchAction\",\"target\":{\"@type\":\"EntryPoint\",\"urlTemplate\":\"https:\\\/\\\/bogensportdiscount.ch\\\/?s={search_term_string}\"},\"query-input\":{\"@type\":\"PropertyValueSpecification\",\"valueRequired\":true,\"valueName\":\"search_term_string\"}}],\"inLanguage\":\"fr-FR\"}]}<\/script>\n<!-- \/ Yoast SEO plugin. -->","yoast_head_json":{"title":"TOUCHWOOD OAK RIDGE RECURVE SEHNE DACRON 60\/16 SCHWARZ MIT ROTER WICKLUNG - Bogensportdiscount \u2013 B\u00f6gen, Pfeile, Targets &amp; Zubeh\u00f6r","robots":{"index":"noindex","follow":"follow","max-snippet":"max-snippet:-1","max-image-preview":"max-image-preview:large","max-video-preview":"max-video-preview:-1"},"og_locale":"fr_FR","og_type":"article","og_title":"TOUCHWOOD OAK RIDGE RECURVE SEHNE DACRON 60\/16 SCHWARZ MIT ROTER WICKLUNG - Bogensportdiscount \u2013 B\u00f6gen, Pfeile, Targets &amp; Zubeh\u00f6r","og_description":"Marke: TouchwoodMaterial: DacronGr\u00f6\u00dfen: 60&quot;","og_url":"https:\/\/bogensportdiscount.ch\/fr\/produit\/touchwood-recurve-sehne-oak-ridge-dacron-60-16-schwarz-rot\/","og_site_name":"Bogensportdiscount \u2013 B\u00f6gen, Pfeile, Targets &amp; Zubeh\u00f6r","article_modified_time":"2026-04-20T10:50:18+00:00","og_image":[{"width":1972,"height":1013,"url":"https:\/\/bogensportdiscount.ch\/wp-content\/uploads\/bsm-images\/A017241_1.png","type":"image\/png"}],"twitter_card":"summary_large_image","twitter_misc":{"Dur\u00e9e de lecture estim\u00e9e":"1 minute"},"schema":{"@context":"https:\/\/schema.org","@graph":[{"@type":"WebPage","@id":"https:\/\/bogensportdiscount.ch\/fr\/produit\/touchwood-recurve-sehne-oak-ridge-dacron-60-16-schwarz-rot\/","url":"https:\/\/bogensportdiscount.ch\/fr\/produit\/touchwood-recurve-sehne-oak-ridge-dacron-60-16-schwarz-rot\/","name":"TOUCHWOOD OAK RIDGE RECURVE SEHNE DACRON 60\/16 SCHWARZ MIT ROTER WICKLUNG - Bogensportdiscount \u2013 B\u00f6gen, Pfeile, Targets &amp; Zubeh\u00f6r","isPartOf":{"@id":"https:\/\/bogensportdiscount.ch\/#website"},"primaryImageOfPage":{"@id":"https:\/\/bogensportdiscount.ch\/fr\/produit\/touchwood-recurve-sehne-oak-ridge-dacron-60-16-schwarz-rot\/#primaryimage"},"image":{"@id":"https:\/\/bogensportdiscount.ch\/fr\/produit\/touchwood-recurve-sehne-oak-ridge-dacron-60-16-schwarz-rot\/#primaryimage"},"thumbnailUrl":"https:\/\/bogensportdiscount.ch\/wp-content\/uploads\/bsm-images\/A017241_1.png","datePublished":"2026-04-05T12:33:54+00:00","dateModified":"2026-04-20T10:50:18+00:00","breadcrumb":{"@id":"https:\/\/bogensportdiscount.ch\/fr\/produit\/touchwood-recurve-sehne-oak-ridge-dacron-60-16-schwarz-rot\/#breadcrumb"},"inLanguage":"fr-FR","potentialAction":[{"@type":"ReadAction","target":["https:\/\/bogensportdiscount.ch\/fr\/produit\/touchwood-recurve-sehne-oak-ridge-dacron-60-16-schwarz-rot\/"]}]},{"@type":"ImageObject","inLanguage":"fr-FR","@id":"https:\/\/bogensportdiscount.ch\/fr\/produit\/touchwood-recurve-sehne-oak-ridge-dacron-60-16-schwarz-rot\/#primaryimage","url":"https:\/\/bogensportdiscount.ch\/wp-content\/uploads\/bsm-images\/A017241_1.png","contentUrl":"https:\/\/bogensportdiscount.ch\/wp-content\/uploads\/bsm-images\/A017241_1.png","width":1972,"height":1013},{"@type":"BreadcrumbList","@id":"https:\/\/bogensportdiscount.ch\/fr\/produit\/touchwood-recurve-sehne-oak-ridge-dacron-60-16-schwarz-rot\/#breadcrumb","itemListElement":[{"@type":"ListItem","position":1,"name":"Home","item":"https:\/\/bogensportdiscount.ch\/"},{"@type":"ListItem","position":2,"name":"Shop","item":"https:\/\/bogensportdiscount.ch\/shop\/"},{"@type":"ListItem","position":3,"name":"TOUCHWOOD OAK RIDGE RECURVE SEHNE DACRON 60\/16 SCHWARZ MIT ROTER WICKLUNG"}]},{"@type":"WebSite","@id":"https:\/\/bogensportdiscount.ch\/#website","url":"https:\/\/bogensportdiscount.ch\/","name":"Bogensportdiscount","description":"","potentialAction":[{"@type":"SearchAction","target":{"@type":"EntryPoint","urlTemplate":"https:\/\/bogensportdiscount.ch\/?s={search_term_string}"},"query-input":{"@type":"PropertyValueSpecification","valueRequired":true,"valueName":"search_term_string"}}],"inLanguage":"fr-FR"}]}},"_links":{"self":[{"href":"https:\/\/bogensportdiscount.ch\/fr\/wp-json\/wp\/v2\/product\/394531","targetHints":{"allow":["GET"]}}],"collection":[{"href":"https:\/\/bogensportdiscount.ch\/fr\/wp-json\/wp\/v2\/product"}],"about":[{"href":"https:\/\/bogensportdiscount.ch\/fr\/wp-json\/wp\/v2\/types\/product"}],"replies":[{"embeddable":true,"href":"https:\/\/bogensportdiscount.ch\/fr\/wp-json\/wp\/v2\/comments?post=394531"}],"wp:featuredmedia":[{"embeddable":true,"href":"https:\/\/bogensportdiscount.ch\/fr\/wp-json\/wp\/v2\/media\/521998"}],"wp:attachment":[{"href":"https:\/\/bogensportdiscount.ch\/fr\/wp-json\/wp\/v2\/media?parent=394531"}],"wp:term":[{"taxonomy":"product_brand","embeddable":true,"href":"https:\/\/bogensportdiscount.ch\/fr\/wp-json\/wp\/v2\/product_brand?post=394531"},{"taxonomy":"product_cat","embeddable":true,"href":"https:\/\/bogensportdiscount.ch\/fr\/wp-json\/wp\/v2\/product_cat?post=394531"},{"taxonomy":"product_tag","embeddable":true,"href":"https:\/\/bogensportdiscount.ch\/fr\/wp-json\/wp\/v2\/product_tag?post=394531"}],"curies":[{"name":"wp","href":"https:\/\/api.w.org\/{rel}","templated":true}]}}