{"id":394522,"date":"2026-04-05T14:33:52","date_gmt":"2026-04-05T12:33:52","guid":{"rendered":"https:\/\/bogensportdiscount.ch\/produkt\/hunor-broadhead-parts-neo-replacement-blade-100-grains-3-pk\/"},"modified":"2026-04-15T12:29:17","modified_gmt":"2026-04-15T10:29:17","slug":"hunor-broadhead-ersatzklingen-neo-100-grain-3er-pack","status":"publish","type":"product","link":"https:\/\/bogensportdiscount.ch\/fr\/produit\/hunor-broadhead-ersatzklingen-neo-100-grain-3er-pack\/","title":{"rendered":"HUNOR BROADHEAD PARTS NEO REPLACEMENT BLADE 100 GRAINS 3\/PK"},"content":{"rendered":"<p>Die HUNOR Neo Ersatzklingen sind Austauschklingen f\u00fcr den HUNOR Neo Broadhead und werden im 3er-Pack geliefert. Mit einem Gewicht von 100 Grain sind sie auf die Spezifikationen des originalen Broadheads abgestimmt.<\/p>\n<p>Stumpfe oder besch\u00e4digte Klingen lassen sich damit schnell und einfach ersetzen, ohne den gesamten Broadhead austauschen zu m\u00fcssen. Die Klingen sind f\u00fcr den Einsatz bei der Jagd mit Pfeil und Bogen geeignet.<\/p>\n<ul>\n<li>Passend f\u00fcr HUNOR Neo Broadheads<\/li>\n<li>Gewicht: 100 Grain<\/li>\n<li>3 Ersatzklingen pro Packung<\/li>\n<li>Hergestellt in Ungarn<\/li>\n<\/ul>","protected":false},"excerpt":{"rendered":"<table>\n<tr>\n<th>Propri\u00e9t\u00e9<\/th>\n<th>Valeur<\/th>\n<\/tr>\n<tr>\n<td>Marque<\/td>\n<td>HUNOR<\/td>\n<\/tr>\n<tr>\n<td>Modell<\/td>\n<td>Neo<\/td>\n<\/tr>\n<tr>\n<td>Poids<\/td>\n<td>100 Grain<\/td>\n<\/tr>\n<tr>\n<td>Inhalt<\/td>\n<td>3 St\u00fcck<\/td>\n<\/tr>\n<tr>\n<td>Herkunftsland<\/td>\n<td>Ungarn<\/td>\n<\/tr>\n<\/table>","protected":false},"featured_media":452341,"comment_status":"open","ping_status":"closed","template":"","meta":[],"product_brand":[813],"product_cat":[4179],"product_tag":[3546],"class_list":{"0":"post-394522","1":"product","2":"type-product","3":"status-publish","4":"has-post-thumbnail","6":"product_brand-hunor","7":"product_cat-einzelteile-zubehoer","8":"product_tag-neuheit","10":"first","11":"instock","12":"shipping-taxable","13":"purchasable","14":"product-type-simple"},"_links":{"self":[{"href":"https:\/\/bogensportdiscount.ch\/fr\/wp-json\/wp\/v2\/product\/394522","targetHints":{"allow":["GET"]}}],"collection":[{"href":"https:\/\/bogensportdiscount.ch\/fr\/wp-json\/wp\/v2\/product"}],"about":[{"href":"https:\/\/bogensportdiscount.ch\/fr\/wp-json\/wp\/v2\/types\/product"}],"replies":[{"embeddable":true,"href":"https:\/\/bogensportdiscount.ch\/fr\/wp-json\/wp\/v2\/comments?post=394522"}],"wp:featuredmedia":[{"embeddable":true,"href":"https:\/\/bogensportdiscount.ch\/fr\/wp-json\/wp\/v2\/media\/452341"}],"wp:attachment":[{"href":"https:\/\/bogensportdiscount.ch\/fr\/wp-json\/wp\/v2\/media?parent=394522"}],"wp:term":[{"taxonomy":"product_brand","embeddable":true,"href":"https:\/\/bogensportdiscount.ch\/fr\/wp-json\/wp\/v2\/product_brand?post=394522"},{"taxonomy":"product_cat","embeddable":true,"href":"https:\/\/bogensportdiscount.ch\/fr\/wp-json\/wp\/v2\/product_cat?post=394522"},{"taxonomy":"product_tag","embeddable":true,"href":"https:\/\/bogensportdiscount.ch\/fr\/wp-json\/wp\/v2\/product_tag?post=394522"}],"curies":[{"name":"wp","href":"https:\/\/api.w.org\/{rel}","templated":true}]}}