{"id":394507,"date":"2026-04-05T14:33:48","date_gmt":"2026-04-05T12:33:48","guid":{"rendered":"https:\/\/bogensportdiscount.ch\/produkt\/lastchance-weights-stabilis-tungsten-single-3oz-1-4-thread\/"},"modified":"2026-05-14T07:14:07","modified_gmt":"2026-05-14T05:14:07","slug":"lastchance-stabilisierungsgewicht-stabilis-tungsten-single-3oz-14-gewinde","status":"publish","type":"product","link":"https:\/\/bogensportdiscount.ch\/fr\/produit\/lastchance-stabilisierungsgewicht-stabilis-tungsten-single-3oz-14-gewinde\/","title":{"rendered":"LASTCHANCE GEWICHTE STABILIS. WOLFRAM EINFACH 3oz &#8211; 1\/4&#8243; Gewinde"},"content":{"rendered":"<p>Le poids de stabilisation LASTCHANCE Stabilis Tungsten de 3 oz est un poids en tungst\u00e8ne pour la stabilisation de l'arc. Gr\u00e2ce au filetage 1\/4&#8243;, il se monte facilement sur les stabilisateurs compatibles.<\/p>\n<p>Le tungst\u00e8ne offre une densit\u00e9 nettement sup\u00e9rieure \u00e0 celle des poids classiques en acier ou en laiton, ce qui permet de loger davantage de poids dans un espace r\u00e9duit. Cela permet un r\u00e9glage pr\u00e9cis du poids de l'arc sans constructions inutilement encombrantes.<\/p>\n<ul>\n<li>Mat\u00e9riau : tungst\u00e8ne (haute densit\u00e9)<\/li>\n<li>Poids : 3 oz<\/li>\n<li>Filetage : 1\/4&#8243; (filetage standard)<\/li>\n<li>Forme de disque plat (Disk Weight)<\/li>\n<\/ul>","protected":false},"excerpt":{"rendered":"<table>\n<tr>\n<th>Propri\u00e9t\u00e9<\/th>\n<th>Valeur<\/th>\n<\/tr>\n<tr>\n<td>Marque<\/td>\n<td>Last Chance<\/td>\n<\/tr>\n<tr>\n<td>Type<\/td>\n<td>Poids disque (Disk Weight)<\/td>\n<\/tr>\n<tr>\n<td>Mat\u00e9riau<\/td>\n<td>Tungst\u00e8ne<\/td>\n<\/tr>\n<tr>\n<td>Poids<\/td>\n<td>3 oz<\/td>\n<\/tr>\n<tr>\n<td>Filetage<\/td>\n<td>1\/4&#8243;<\/td>\n<\/tr>\n<tr>\n<td>Couleur<\/td>\n<td>Gris<\/td>\n<\/tr>\n<\/table>","protected":false},"featured_media":523902,"comment_status":"open","ping_status":"closed","template":"","meta":[],"product_brand":[499],"product_cat":[4128,4131,4199],"product_tag":[3546],"class_list":{"0":"post-394507","1":"product","2":"type-product","3":"status-publish","4":"has-post-thumbnail","6":"product_brand-lastchance","7":"product_cat-bogen-zubehoer","8":"product_cat-stabilisation","9":"product_cat-gewichte","10":"product_tag-neuheit","11":"product_shipping_class-bsd-standard","13":"first","14":"onbackorder","15":"shipping-taxable","16":"purchasable","17":"product-type-simple"},"yoast_head":"<!-- This site is optimized with the Yoast SEO plugin v27.6 - https:\/\/yoast.com\/product\/yoast-seo-wordpress\/ -->\n<title>LASTCHANCE GEWICHTE STABILIS. WOLFRAM EINFACH 3oz - 1\/4&quot; Gewinde - Bogensportdiscount \u2013 B\u00f6gen, Pfeile, Targets &amp; Zubeh\u00f6r<\/title>\n<meta name=\"description\" content=\"LASTCHANCE GEWICHTE STABILIS. WOLFRAM EINFACH 3oz - 1\/4&quot; Gewinde g\u00fcnstig kaufen bei Bogensportdiscount \u2013 Top-Marken, schneller Versand aus der Schweiz.\" \/>\n<meta name=\"robots\" content=\"index, follow, max-snippet:-1, max-image-preview:large, max-video-preview:-1\" \/>\n<link rel=\"canonical\" href=\"https:\/\/bogensportdiscount.ch\/fr\/produit\/lastchance-stabilisierungsgewicht-stabilis-tungsten-single-3oz-14-gewinde\/\" \/>\n<meta property=\"og:locale\" content=\"fr_FR\" \/>\n<meta property=\"og:type\" content=\"article\" \/>\n<meta property=\"og:title\" content=\"LASTCHANCE GEWICHTE STABILIS. WOLFRAM EINFACH 3oz - 1\/4&quot; Gewinde - Bogensportdiscount \u2013 B\u00f6gen, Pfeile, Targets &amp; Zubeh\u00f6r\" \/>\n<meta property=\"og:description\" content=\"LASTCHANCE GEWICHTE STABILIS. WOLFRAM EINFACH 3oz - 1\/4&quot; Gewinde g\u00fcnstig kaufen bei Bogensportdiscount \u2013 Top-Marken, schneller Versand aus der Schweiz.\" \/>\n<meta property=\"og:url\" content=\"https:\/\/bogensportdiscount.ch\/fr\/produit\/lastchance-stabilisierungsgewicht-stabilis-tungsten-single-3oz-14-gewinde\/\" \/>\n<meta property=\"og:site_name\" content=\"Bogensportdiscount \u2013 B\u00f6gen, Pfeile, Targets &amp; Zubeh\u00f6r\" \/>\n<meta property=\"article:modified_time\" content=\"2026-05-14T05:14:07+00:00\" \/>\n<meta property=\"og:image\" content=\"https:\/\/bogensportdiscount.ch\/wp-content\/uploads\/bsm-images\/A013724_1.png\" \/>\n\t<meta property=\"og:image:width\" content=\"1772\" \/>\n\t<meta property=\"og:image:height\" content=\"1181\" \/>\n\t<meta property=\"og:image:type\" content=\"image\/png\" \/>\n<meta name=\"twitter:card\" content=\"summary_large_image\" \/>\n<script type=\"application\/ld+json\" class=\"yoast-schema-graph\">{\"@context\":\"https:\\\/\\\/schema.org\",\"@graph\":[{\"@type\":\"WebPage\",\"@id\":\"https:\\\/\\\/bogensportdiscount.ch\\\/produkt\\\/lastchance-stabilisierungsgewicht-stabilis-tungsten-single-3oz-14-gewinde\\\/\",\"url\":\"https:\\\/\\\/bogensportdiscount.ch\\\/produkt\\\/lastchance-stabilisierungsgewicht-stabilis-tungsten-single-3oz-14-gewinde\\\/\",\"name\":\"LASTCHANCE GEWICHTE STABILIS. WOLFRAM EINFACH 3oz - 1\\\/4\\\" Gewinde - Bogensportdiscount \u2013 B\u00f6gen, Pfeile, Targets &amp; Zubeh\u00f6r\",\"isPartOf\":{\"@id\":\"https:\\\/\\\/bogensportdiscount.ch\\\/#website\"},\"primaryImageOfPage\":{\"@id\":\"https:\\\/\\\/bogensportdiscount.ch\\\/produkt\\\/lastchance-stabilisierungsgewicht-stabilis-tungsten-single-3oz-14-gewinde\\\/#primaryimage\"},\"image\":{\"@id\":\"https:\\\/\\\/bogensportdiscount.ch\\\/produkt\\\/lastchance-stabilisierungsgewicht-stabilis-tungsten-single-3oz-14-gewinde\\\/#primaryimage\"},\"thumbnailUrl\":\"https:\\\/\\\/bogensportdiscount.ch\\\/wp-content\\\/uploads\\\/bsm-images\\\/A013724_1.png\",\"datePublished\":\"2026-04-05T12:33:48+00:00\",\"dateModified\":\"2026-05-14T05:14:07+00:00\",\"description\":\"LASTCHANCE GEWICHTE STABILIS. WOLFRAM EINFACH 3oz - 1\\\/4\\\" Gewinde g\u00fcnstig kaufen bei Bogensportdiscount \u2013 Top-Marken, schneller Versand aus der Schweiz.\",\"breadcrumb\":{\"@id\":\"https:\\\/\\\/bogensportdiscount.ch\\\/produkt\\\/lastchance-stabilisierungsgewicht-stabilis-tungsten-single-3oz-14-gewinde\\\/#breadcrumb\"},\"inLanguage\":\"fr-FR\",\"potentialAction\":[{\"@type\":\"ReadAction\",\"target\":[\"https:\\\/\\\/bogensportdiscount.ch\\\/produkt\\\/lastchance-stabilisierungsgewicht-stabilis-tungsten-single-3oz-14-gewinde\\\/\"]}]},{\"@type\":\"ImageObject\",\"inLanguage\":\"fr-FR\",\"@id\":\"https:\\\/\\\/bogensportdiscount.ch\\\/produkt\\\/lastchance-stabilisierungsgewicht-stabilis-tungsten-single-3oz-14-gewinde\\\/#primaryimage\",\"url\":\"https:\\\/\\\/bogensportdiscount.ch\\\/wp-content\\\/uploads\\\/bsm-images\\\/A013724_1.png\",\"contentUrl\":\"https:\\\/\\\/bogensportdiscount.ch\\\/wp-content\\\/uploads\\\/bsm-images\\\/A013724_1.png\",\"width\":1772,\"height\":1181},{\"@type\":\"BreadcrumbList\",\"@id\":\"https:\\\/\\\/bogensportdiscount.ch\\\/produkt\\\/lastchance-stabilisierungsgewicht-stabilis-tungsten-single-3oz-14-gewinde\\\/#breadcrumb\",\"itemListElement\":[{\"@type\":\"ListItem\",\"position\":1,\"name\":\"Home\",\"item\":\"https:\\\/\\\/bogensportdiscount.ch\\\/\"},{\"@type\":\"ListItem\",\"position\":2,\"name\":\"Shop\",\"item\":\"https:\\\/\\\/bogensportdiscount.ch\\\/shop\\\/\"},{\"@type\":\"ListItem\",\"position\":3,\"name\":\"LASTCHANCE WEIGHTS STABILIS. TUNGSTEN SINGLE 3oz &#8211; 1\\\/4&#8243; thread\"}]},{\"@type\":\"WebSite\",\"@id\":\"https:\\\/\\\/bogensportdiscount.ch\\\/#website\",\"url\":\"https:\\\/\\\/bogensportdiscount.ch\\\/\",\"name\":\"Bogensportdiscount\",\"description\":\"\",\"potentialAction\":[{\"@type\":\"SearchAction\",\"target\":{\"@type\":\"EntryPoint\",\"urlTemplate\":\"https:\\\/\\\/bogensportdiscount.ch\\\/?s={search_term_string}\"},\"query-input\":{\"@type\":\"PropertyValueSpecification\",\"valueRequired\":true,\"valueName\":\"search_term_string\"}}],\"inLanguage\":\"fr-FR\"}]}<\/script>\n<!-- \/ Yoast SEO plugin. -->","yoast_head_json":{"title":"LASTCHANCE GEWICHTE STABILIS. WOLFRAM EINFACH 3oz - 1\/4\" Gewinde - Bogensportdiscount \u2013 B\u00f6gen, Pfeile, Targets &amp; Zubeh\u00f6r","description":"LASTCHANCE GEWICHTE STABILIS. WOLFRAM EINFACH 3oz - 1\/4\" Gewinde g\u00fcnstig kaufen bei Bogensportdiscount \u2013 Top-Marken, schneller Versand aus der Schweiz.","robots":{"index":"index","follow":"follow","max-snippet":"max-snippet:-1","max-image-preview":"max-image-preview:large","max-video-preview":"max-video-preview:-1"},"canonical":"https:\/\/bogensportdiscount.ch\/fr\/produit\/lastchance-stabilisierungsgewicht-stabilis-tungsten-single-3oz-14-gewinde\/","og_locale":"fr_FR","og_type":"article","og_title":"LASTCHANCE GEWICHTE STABILIS. WOLFRAM EINFACH 3oz - 1\/4\" Gewinde - Bogensportdiscount \u2013 B\u00f6gen, Pfeile, Targets &amp; Zubeh\u00f6r","og_description":"LASTCHANCE GEWICHTE STABILIS. WOLFRAM EINFACH 3oz - 1\/4\" Gewinde g\u00fcnstig kaufen bei Bogensportdiscount \u2013 Top-Marken, schneller Versand aus der Schweiz.","og_url":"https:\/\/bogensportdiscount.ch\/fr\/produit\/lastchance-stabilisierungsgewicht-stabilis-tungsten-single-3oz-14-gewinde\/","og_site_name":"Bogensportdiscount \u2013 B\u00f6gen, Pfeile, Targets &amp; Zubeh\u00f6r","article_modified_time":"2026-05-14T05:14:07+00:00","og_image":[{"width":1772,"height":1181,"url":"https:\/\/bogensportdiscount.ch\/wp-content\/uploads\/bsm-images\/A013724_1.png","type":"image\/png"}],"twitter_card":"summary_large_image","schema":{"@context":"https:\/\/schema.org","@graph":[{"@type":"WebPage","@id":"https:\/\/bogensportdiscount.ch\/produkt\/lastchance-stabilisierungsgewicht-stabilis-tungsten-single-3oz-14-gewinde\/","url":"https:\/\/bogensportdiscount.ch\/produkt\/lastchance-stabilisierungsgewicht-stabilis-tungsten-single-3oz-14-gewinde\/","name":"LASTCHANCE GEWICHTE STABILIS. WOLFRAM EINFACH 3oz - 1\/4\" Gewinde - Bogensportdiscount \u2013 B\u00f6gen, Pfeile, Targets &amp; Zubeh\u00f6r","isPartOf":{"@id":"https:\/\/bogensportdiscount.ch\/#website"},"primaryImageOfPage":{"@id":"https:\/\/bogensportdiscount.ch\/produkt\/lastchance-stabilisierungsgewicht-stabilis-tungsten-single-3oz-14-gewinde\/#primaryimage"},"image":{"@id":"https:\/\/bogensportdiscount.ch\/produkt\/lastchance-stabilisierungsgewicht-stabilis-tungsten-single-3oz-14-gewinde\/#primaryimage"},"thumbnailUrl":"https:\/\/bogensportdiscount.ch\/wp-content\/uploads\/bsm-images\/A013724_1.png","datePublished":"2026-04-05T12:33:48+00:00","dateModified":"2026-05-14T05:14:07+00:00","description":"LASTCHANCE GEWICHTE STABILIS. WOLFRAM EINFACH 3oz - 1\/4\" Gewinde g\u00fcnstig kaufen bei Bogensportdiscount \u2013 Top-Marken, schneller Versand aus der Schweiz.","breadcrumb":{"@id":"https:\/\/bogensportdiscount.ch\/produkt\/lastchance-stabilisierungsgewicht-stabilis-tungsten-single-3oz-14-gewinde\/#breadcrumb"},"inLanguage":"fr-FR","potentialAction":[{"@type":"ReadAction","target":["https:\/\/bogensportdiscount.ch\/produkt\/lastchance-stabilisierungsgewicht-stabilis-tungsten-single-3oz-14-gewinde\/"]}]},{"@type":"ImageObject","inLanguage":"fr-FR","@id":"https:\/\/bogensportdiscount.ch\/produkt\/lastchance-stabilisierungsgewicht-stabilis-tungsten-single-3oz-14-gewinde\/#primaryimage","url":"https:\/\/bogensportdiscount.ch\/wp-content\/uploads\/bsm-images\/A013724_1.png","contentUrl":"https:\/\/bogensportdiscount.ch\/wp-content\/uploads\/bsm-images\/A013724_1.png","width":1772,"height":1181},{"@type":"BreadcrumbList","@id":"https:\/\/bogensportdiscount.ch\/produkt\/lastchance-stabilisierungsgewicht-stabilis-tungsten-single-3oz-14-gewinde\/#breadcrumb","itemListElement":[{"@type":"ListItem","position":1,"name":"Home","item":"https:\/\/bogensportdiscount.ch\/"},{"@type":"ListItem","position":2,"name":"Shop","item":"https:\/\/bogensportdiscount.ch\/shop\/"},{"@type":"ListItem","position":3,"name":"LASTCHANCE WEIGHTS STABILIS. TUNGSTEN SINGLE 3oz &#8211; 1\/4&#8243; thread"}]},{"@type":"WebSite","@id":"https:\/\/bogensportdiscount.ch\/#website","url":"https:\/\/bogensportdiscount.ch\/","name":"Bogensportdiscount","description":"","potentialAction":[{"@type":"SearchAction","target":{"@type":"EntryPoint","urlTemplate":"https:\/\/bogensportdiscount.ch\/?s={search_term_string}"},"query-input":{"@type":"PropertyValueSpecification","valueRequired":true,"valueName":"search_term_string"}}],"inLanguage":"fr-FR"}]}},"_links":{"self":[{"href":"https:\/\/bogensportdiscount.ch\/fr\/wp-json\/wp\/v2\/product\/394507","targetHints":{"allow":["GET"]}}],"collection":[{"href":"https:\/\/bogensportdiscount.ch\/fr\/wp-json\/wp\/v2\/product"}],"about":[{"href":"https:\/\/bogensportdiscount.ch\/fr\/wp-json\/wp\/v2\/types\/product"}],"replies":[{"embeddable":true,"href":"https:\/\/bogensportdiscount.ch\/fr\/wp-json\/wp\/v2\/comments?post=394507"}],"wp:featuredmedia":[{"embeddable":true,"href":"https:\/\/bogensportdiscount.ch\/fr\/wp-json\/wp\/v2\/media\/523902"}],"wp:attachment":[{"href":"https:\/\/bogensportdiscount.ch\/fr\/wp-json\/wp\/v2\/media?parent=394507"}],"wp:term":[{"taxonomy":"product_brand","embeddable":true,"href":"https:\/\/bogensportdiscount.ch\/fr\/wp-json\/wp\/v2\/product_brand?post=394507"},{"taxonomy":"product_cat","embeddable":true,"href":"https:\/\/bogensportdiscount.ch\/fr\/wp-json\/wp\/v2\/product_cat?post=394507"},{"taxonomy":"product_tag","embeddable":true,"href":"https:\/\/bogensportdiscount.ch\/fr\/wp-json\/wp\/v2\/product_tag?post=394507"}],"curies":[{"name":"wp","href":"https:\/\/api.w.org\/{rel}","templated":true}]}}