{"id":394505,"date":"2026-04-05T14:33:48","date_gmt":"2026-04-05T12:33:48","guid":{"rendered":"https:\/\/bogensportdiscount.ch\/produkt\/decut-weights-for-risers-barebow-rhino-stainless-100gr-weight\/"},"modified":"2026-05-14T07:14:07","modified_gmt":"2026-05-14T05:14:07","slug":"decut-riser-gewicht-rhino-barebow-edelstahl-100gr","status":"publish","type":"product","link":"https:\/\/bogensportdiscount.ch\/fr\/produit\/decut-riser-gewicht-rhino-barebow-edelstahl-100gr\/","title":{"rendered":"DECUT POIDS POUR POIGN\u00c9ES ARC NU RHINO INOX 100GR"},"content":{"rendered":"<p>Le poids de poign\u00e9e DECUT Rhino est un contrepoids en acier inoxydable pour arcs Barebow. Il se monte directement sur la poign\u00e9e et sert \u00e0 \u00e9quilibrer pr\u00e9cis\u00e9ment l'arc.<\/p>\n<p>Avec un poids de 100 gr, le poids Rhino convient au r\u00e9glage fin de l'\u00e9quilibre du centre de gravit\u00e9 de l'arc. La version en acier inoxydable garantit une construction robuste et durable.<\/p>\n<ul>\n<li>Poids : 100 gr<\/li>\n<li>Mat\u00e9riau : acier inoxydable<\/li>\n<li>Convient aux poign\u00e9es Barebow<\/li>\n<li>Couleur : Argent<\/li>\n<\/ul>","protected":false},"excerpt":{"rendered":"<table>\n<tr>\n<th>Propri\u00e9t\u00e9<\/th>\n<th>Valeur<\/th>\n<\/tr>\n<tr>\n<td>Marque<\/td>\n<td>DECUT<\/td>\n<\/tr>\n<tr>\n<td>Type<\/td>\n<td>Poids de poign\u00e9e<\/td>\n<\/tr>\n<tr>\n<td>Mod\u00e8le<\/td>\n<td>Rhino<\/td>\n<\/tr>\n<tr>\n<td>Mat\u00e9riau<\/td>\n<td>Acier inoxydable<\/td>\n<\/tr>\n<tr>\n<td>Poids<\/td>\n<td>100 gr<\/td>\n<\/tr>\n<tr>\n<td>Couleur<\/td>\n<td>Argent<\/td>\n<\/tr>\n<\/table>","protected":false},"featured_media":523901,"comment_status":"open","ping_status":"closed","template":"","meta":[],"product_brand":[817],"product_cat":[4128,4131,4199],"product_tag":[3546],"class_list":{"0":"post-394505","1":"product","2":"type-product","3":"status-publish","4":"has-post-thumbnail","6":"product_brand-decut","7":"product_cat-bogen-zubehoer","8":"product_cat-stabilisation","9":"product_cat-gewichte","10":"product_tag-neuheit","11":"product_shipping_class-bsd-standard","13":"first","14":"instock","15":"shipping-taxable","16":"purchasable","17":"product-type-simple"},"yoast_head":"<!-- This site is optimized with the Yoast SEO plugin v27.6 - https:\/\/yoast.com\/product\/yoast-seo-wordpress\/ -->\n<title>DECUT GEWICHTE F\u00dcR MITTELTEILE BLANKBOGEN RHINO EDELSTAHL 100GR GEWICHT - Bogensportdiscount \u2013 B\u00f6gen, Pfeile, Targets &amp; Zubeh\u00f6r<\/title>\n<meta name=\"description\" content=\"DECUT GEWICHTE F\u00dcR MITTELTEILE BLANKBOGEN RHINO EDELSTAHL 100GR GEWICHT g\u00fcnstig kaufen bei Bogensportdiscount \u2013 Top-Marken, schneller Versand aus der Schweiz.\" \/>\n<meta name=\"robots\" content=\"index, follow, max-snippet:-1, max-image-preview:large, max-video-preview:-1\" \/>\n<link rel=\"canonical\" href=\"https:\/\/bogensportdiscount.ch\/fr\/produit\/decut-riser-gewicht-rhino-barebow-edelstahl-100gr\/\" \/>\n<meta property=\"og:locale\" content=\"fr_FR\" \/>\n<meta property=\"og:type\" content=\"article\" \/>\n<meta property=\"og:title\" content=\"DECUT GEWICHTE F\u00dcR MITTELTEILE BLANKBOGEN RHINO EDELSTAHL 100GR GEWICHT - Bogensportdiscount \u2013 B\u00f6gen, Pfeile, Targets &amp; Zubeh\u00f6r\" \/>\n<meta property=\"og:description\" content=\"DECUT GEWICHTE F\u00dcR MITTELTEILE BLANKBOGEN RHINO EDELSTAHL 100GR GEWICHT g\u00fcnstig kaufen bei Bogensportdiscount \u2013 Top-Marken, schneller Versand aus der Schweiz.\" \/>\n<meta property=\"og:url\" content=\"https:\/\/bogensportdiscount.ch\/fr\/produit\/decut-riser-gewicht-rhino-barebow-edelstahl-100gr\/\" \/>\n<meta property=\"og:site_name\" content=\"Bogensportdiscount \u2013 B\u00f6gen, Pfeile, Targets &amp; Zubeh\u00f6r\" \/>\n<meta property=\"article:modified_time\" content=\"2026-05-14T05:14:07+00:00\" \/>\n<meta property=\"og:image\" content=\"https:\/\/bogensportdiscount.ch\/wp-content\/uploads\/bsm-images\/A013565_1.png\" \/>\n\t<meta property=\"og:image:width\" content=\"1772\" \/>\n\t<meta property=\"og:image:height\" content=\"1181\" \/>\n\t<meta property=\"og:image:type\" content=\"image\/png\" \/>\n<meta name=\"twitter:card\" content=\"summary_large_image\" \/>\n<script type=\"application\/ld+json\" class=\"yoast-schema-graph\">{\"@context\":\"https:\\\/\\\/schema.org\",\"@graph\":[{\"@type\":\"WebPage\",\"@id\":\"https:\\\/\\\/bogensportdiscount.ch\\\/produkt\\\/decut-riser-gewicht-rhino-barebow-edelstahl-100gr\\\/\",\"url\":\"https:\\\/\\\/bogensportdiscount.ch\\\/produkt\\\/decut-riser-gewicht-rhino-barebow-edelstahl-100gr\\\/\",\"name\":\"DECUT GEWICHTE F\u00dcR MITTELTEILE BLANKBOGEN RHINO EDELSTAHL 100GR GEWICHT - Bogensportdiscount \u2013 B\u00f6gen, Pfeile, Targets &amp; Zubeh\u00f6r\",\"isPartOf\":{\"@id\":\"https:\\\/\\\/bogensportdiscount.ch\\\/#website\"},\"primaryImageOfPage\":{\"@id\":\"https:\\\/\\\/bogensportdiscount.ch\\\/produkt\\\/decut-riser-gewicht-rhino-barebow-edelstahl-100gr\\\/#primaryimage\"},\"image\":{\"@id\":\"https:\\\/\\\/bogensportdiscount.ch\\\/produkt\\\/decut-riser-gewicht-rhino-barebow-edelstahl-100gr\\\/#primaryimage\"},\"thumbnailUrl\":\"https:\\\/\\\/bogensportdiscount.ch\\\/wp-content\\\/uploads\\\/bsm-images\\\/A013565_1.png\",\"datePublished\":\"2026-04-05T12:33:48+00:00\",\"dateModified\":\"2026-05-14T05:14:07+00:00\",\"description\":\"DECUT GEWICHTE F\u00dcR MITTELTEILE BLANKBOGEN RHINO EDELSTAHL 100GR GEWICHT g\u00fcnstig kaufen bei Bogensportdiscount \u2013 Top-Marken, schneller Versand aus der Schweiz.\",\"breadcrumb\":{\"@id\":\"https:\\\/\\\/bogensportdiscount.ch\\\/produkt\\\/decut-riser-gewicht-rhino-barebow-edelstahl-100gr\\\/#breadcrumb\"},\"inLanguage\":\"fr-FR\",\"potentialAction\":[{\"@type\":\"ReadAction\",\"target\":[\"https:\\\/\\\/bogensportdiscount.ch\\\/produkt\\\/decut-riser-gewicht-rhino-barebow-edelstahl-100gr\\\/\"]}]},{\"@type\":\"ImageObject\",\"inLanguage\":\"fr-FR\",\"@id\":\"https:\\\/\\\/bogensportdiscount.ch\\\/produkt\\\/decut-riser-gewicht-rhino-barebow-edelstahl-100gr\\\/#primaryimage\",\"url\":\"https:\\\/\\\/bogensportdiscount.ch\\\/wp-content\\\/uploads\\\/bsm-images\\\/A013565_1.png\",\"contentUrl\":\"https:\\\/\\\/bogensportdiscount.ch\\\/wp-content\\\/uploads\\\/bsm-images\\\/A013565_1.png\",\"width\":1772,\"height\":1181},{\"@type\":\"BreadcrumbList\",\"@id\":\"https:\\\/\\\/bogensportdiscount.ch\\\/produkt\\\/decut-riser-gewicht-rhino-barebow-edelstahl-100gr\\\/#breadcrumb\",\"itemListElement\":[{\"@type\":\"ListItem\",\"position\":1,\"name\":\"Home\",\"item\":\"https:\\\/\\\/bogensportdiscount.ch\\\/\"},{\"@type\":\"ListItem\",\"position\":2,\"name\":\"Shop\",\"item\":\"https:\\\/\\\/bogensportdiscount.ch\\\/shop\\\/\"},{\"@type\":\"ListItem\",\"position\":3,\"name\":\"DECUT WEIGHTS FOR RISERS BAREBOW RHINO STAINLESS 100GR WEIGHT\"}]},{\"@type\":\"WebSite\",\"@id\":\"https:\\\/\\\/bogensportdiscount.ch\\\/#website\",\"url\":\"https:\\\/\\\/bogensportdiscount.ch\\\/\",\"name\":\"Bogensportdiscount\",\"description\":\"\",\"potentialAction\":[{\"@type\":\"SearchAction\",\"target\":{\"@type\":\"EntryPoint\",\"urlTemplate\":\"https:\\\/\\\/bogensportdiscount.ch\\\/?s={search_term_string}\"},\"query-input\":{\"@type\":\"PropertyValueSpecification\",\"valueRequired\":true,\"valueName\":\"search_term_string\"}}],\"inLanguage\":\"fr-FR\"}]}<\/script>\n<!-- \/ Yoast SEO plugin. -->","yoast_head_json":{"title":"DECUT GEWICHTE F\u00dcR MITTELTEILE BLANKBOGEN RHINO EDELSTAHL 100GR GEWICHT - Bogensportdiscount \u2013 B\u00f6gen, Pfeile, Targets &amp; Zubeh\u00f6r","description":"DECUT GEWICHTE F\u00dcR MITTELTEILE BLANKBOGEN RHINO EDELSTAHL 100GR GEWICHT g\u00fcnstig kaufen bei Bogensportdiscount \u2013 Top-Marken, schneller Versand aus der Schweiz.","robots":{"index":"index","follow":"follow","max-snippet":"max-snippet:-1","max-image-preview":"max-image-preview:large","max-video-preview":"max-video-preview:-1"},"canonical":"https:\/\/bogensportdiscount.ch\/fr\/produit\/decut-riser-gewicht-rhino-barebow-edelstahl-100gr\/","og_locale":"fr_FR","og_type":"article","og_title":"DECUT GEWICHTE F\u00dcR MITTELTEILE BLANKBOGEN RHINO EDELSTAHL 100GR GEWICHT - Bogensportdiscount \u2013 B\u00f6gen, Pfeile, Targets &amp; Zubeh\u00f6r","og_description":"DECUT GEWICHTE F\u00dcR MITTELTEILE BLANKBOGEN RHINO EDELSTAHL 100GR GEWICHT g\u00fcnstig kaufen bei Bogensportdiscount \u2013 Top-Marken, schneller Versand aus der Schweiz.","og_url":"https:\/\/bogensportdiscount.ch\/fr\/produit\/decut-riser-gewicht-rhino-barebow-edelstahl-100gr\/","og_site_name":"Bogensportdiscount \u2013 B\u00f6gen, Pfeile, Targets &amp; Zubeh\u00f6r","article_modified_time":"2026-05-14T05:14:07+00:00","og_image":[{"width":1772,"height":1181,"url":"https:\/\/bogensportdiscount.ch\/wp-content\/uploads\/bsm-images\/A013565_1.png","type":"image\/png"}],"twitter_card":"summary_large_image","schema":{"@context":"https:\/\/schema.org","@graph":[{"@type":"WebPage","@id":"https:\/\/bogensportdiscount.ch\/produkt\/decut-riser-gewicht-rhino-barebow-edelstahl-100gr\/","url":"https:\/\/bogensportdiscount.ch\/produkt\/decut-riser-gewicht-rhino-barebow-edelstahl-100gr\/","name":"DECUT GEWICHTE F\u00dcR MITTELTEILE BLANKBOGEN RHINO EDELSTAHL 100GR GEWICHT - Bogensportdiscount \u2013 B\u00f6gen, Pfeile, Targets &amp; Zubeh\u00f6r","isPartOf":{"@id":"https:\/\/bogensportdiscount.ch\/#website"},"primaryImageOfPage":{"@id":"https:\/\/bogensportdiscount.ch\/produkt\/decut-riser-gewicht-rhino-barebow-edelstahl-100gr\/#primaryimage"},"image":{"@id":"https:\/\/bogensportdiscount.ch\/produkt\/decut-riser-gewicht-rhino-barebow-edelstahl-100gr\/#primaryimage"},"thumbnailUrl":"https:\/\/bogensportdiscount.ch\/wp-content\/uploads\/bsm-images\/A013565_1.png","datePublished":"2026-04-05T12:33:48+00:00","dateModified":"2026-05-14T05:14:07+00:00","description":"DECUT GEWICHTE F\u00dcR MITTELTEILE BLANKBOGEN RHINO EDELSTAHL 100GR GEWICHT g\u00fcnstig kaufen bei Bogensportdiscount \u2013 Top-Marken, schneller Versand aus der Schweiz.","breadcrumb":{"@id":"https:\/\/bogensportdiscount.ch\/produkt\/decut-riser-gewicht-rhino-barebow-edelstahl-100gr\/#breadcrumb"},"inLanguage":"fr-FR","potentialAction":[{"@type":"ReadAction","target":["https:\/\/bogensportdiscount.ch\/produkt\/decut-riser-gewicht-rhino-barebow-edelstahl-100gr\/"]}]},{"@type":"ImageObject","inLanguage":"fr-FR","@id":"https:\/\/bogensportdiscount.ch\/produkt\/decut-riser-gewicht-rhino-barebow-edelstahl-100gr\/#primaryimage","url":"https:\/\/bogensportdiscount.ch\/wp-content\/uploads\/bsm-images\/A013565_1.png","contentUrl":"https:\/\/bogensportdiscount.ch\/wp-content\/uploads\/bsm-images\/A013565_1.png","width":1772,"height":1181},{"@type":"BreadcrumbList","@id":"https:\/\/bogensportdiscount.ch\/produkt\/decut-riser-gewicht-rhino-barebow-edelstahl-100gr\/#breadcrumb","itemListElement":[{"@type":"ListItem","position":1,"name":"Home","item":"https:\/\/bogensportdiscount.ch\/"},{"@type":"ListItem","position":2,"name":"Shop","item":"https:\/\/bogensportdiscount.ch\/shop\/"},{"@type":"ListItem","position":3,"name":"DECUT WEIGHTS FOR RISERS BAREBOW RHINO STAINLESS 100GR WEIGHT"}]},{"@type":"WebSite","@id":"https:\/\/bogensportdiscount.ch\/#website","url":"https:\/\/bogensportdiscount.ch\/","name":"Bogensportdiscount","description":"","potentialAction":[{"@type":"SearchAction","target":{"@type":"EntryPoint","urlTemplate":"https:\/\/bogensportdiscount.ch\/?s={search_term_string}"},"query-input":{"@type":"PropertyValueSpecification","valueRequired":true,"valueName":"search_term_string"}}],"inLanguage":"fr-FR"}]}},"_links":{"self":[{"href":"https:\/\/bogensportdiscount.ch\/fr\/wp-json\/wp\/v2\/product\/394505","targetHints":{"allow":["GET"]}}],"collection":[{"href":"https:\/\/bogensportdiscount.ch\/fr\/wp-json\/wp\/v2\/product"}],"about":[{"href":"https:\/\/bogensportdiscount.ch\/fr\/wp-json\/wp\/v2\/types\/product"}],"replies":[{"embeddable":true,"href":"https:\/\/bogensportdiscount.ch\/fr\/wp-json\/wp\/v2\/comments?post=394505"}],"wp:featuredmedia":[{"embeddable":true,"href":"https:\/\/bogensportdiscount.ch\/fr\/wp-json\/wp\/v2\/media\/523901"}],"wp:attachment":[{"href":"https:\/\/bogensportdiscount.ch\/fr\/wp-json\/wp\/v2\/media?parent=394505"}],"wp:term":[{"taxonomy":"product_brand","embeddable":true,"href":"https:\/\/bogensportdiscount.ch\/fr\/wp-json\/wp\/v2\/product_brand?post=394505"},{"taxonomy":"product_cat","embeddable":true,"href":"https:\/\/bogensportdiscount.ch\/fr\/wp-json\/wp\/v2\/product_cat?post=394505"},{"taxonomy":"product_tag","embeddable":true,"href":"https:\/\/bogensportdiscount.ch\/fr\/wp-json\/wp\/v2\/product_tag?post=394505"}],"curies":[{"name":"wp","href":"https:\/\/api.w.org\/{rel}","templated":true}]}}