{"id":394493,"date":"2026-04-05T14:33:45","date_gmt":"2026-04-05T12:33:45","guid":{"rendered":"https:\/\/bogensportdiscount.ch\/produkt\/ekpoelang-compound-package-exterminator-rotating-module-17-31-20-70lbs-rh-black\/"},"modified":"2026-04-15T12:19:58","modified_gmt":"2026-04-15T10:19:58","slug":"ekpoelang-compound-set-exterminator-rotating-module-17-31-20-70lbs-rh-schwarz","status":"publish","type":"product","link":"https:\/\/bogensportdiscount.ch\/fr\/produit\/ekpoelang-compound-set-exterminator-rotating-module-17-31-20-70lbs-rh-schwarz\/","title":{"rendered":"EKPOELANG COMPOUND PACKAGE EXTERMINATOR ROTATING MODULE 17-31\u2033 \/ 20-70LBS RH BLACK"},"content":{"rendered":"<p>Das EKPOELANG Exterminator ist ein Compound-Bogen-Set, das dank des Rotating Module eine breite Einstellbarkeit bietet. Die Zugl\u00e4nge l\u00e4sst sich von 17 bis 31 Zoll und das Zuggewicht von 20 bis 70 lbs anpassen, wodurch der Bogen f\u00fcr verschiedene K\u00f6rpergr\u00f6ssen und Leistungsstufen geeignet ist.<\/p>\n<p>Das Set ist f\u00fcr Rechtsh\u00e4nder (RH) konzipiert und wird in Schwarz geliefert. Als Compound-Package enth\u00e4lt es alle wesentlichen Komponenten f\u00fcr den direkten Einstieg in den Bogensport.<\/p>\n<ul>\n<li>Zugl\u00e4nge: 17\u201331 Zoll (Rotating Module)<\/li>\n<li>Zuggewicht: 20\u201370 lbs<\/li>\n<li>Ausf\u00fchrung: Rechtsh\u00e4nder (RH)<\/li>\n<li>Farbe: Schwarz<\/li>\n<\/ul>","protected":false},"excerpt":{"rendered":"<p><strong>Marque :<\/strong> EK &#8211; Poelang<br \/><strong>LH\/RH:<\/strong> RH<br \/><strong>Auszugsl\u00e4nge (Zoll):<\/strong> 17-31<br \/><strong>Zuggewicht (Lbs):<\/strong> 20-70<br \/><strong>Farbe:<\/strong> Schwarz<br \/><strong>Axle-to-axle (inch):<\/strong> 30<br \/><strong>Brace height (inch):<\/strong> 7,125<br \/><strong>Module:<\/strong> Rotating mod<br \/><strong>mat\u00e9riel :<\/strong> Aluminium<br \/><strong>GTIN:<\/strong> 4710933463938<\/p>","protected":false},"featured_media":440659,"comment_status":"open","ping_status":"closed","template":"","meta":[],"product_brand":[471],"product_cat":[4525],"product_tag":[3546],"class_list":{"0":"post-394493","1":"product","2":"type-product","3":"status-publish","4":"has-post-thumbnail","6":"product_brand-ekpoelang","7":"product_cat-compound-boegen-sets-compound-boegen","8":"product_tag-neuheit","10":"first","11":"instock","12":"shipping-taxable","13":"purchasable","14":"product-type-simple"},"_links":{"self":[{"href":"https:\/\/bogensportdiscount.ch\/fr\/wp-json\/wp\/v2\/product\/394493","targetHints":{"allow":["GET"]}}],"collection":[{"href":"https:\/\/bogensportdiscount.ch\/fr\/wp-json\/wp\/v2\/product"}],"about":[{"href":"https:\/\/bogensportdiscount.ch\/fr\/wp-json\/wp\/v2\/types\/product"}],"replies":[{"embeddable":true,"href":"https:\/\/bogensportdiscount.ch\/fr\/wp-json\/wp\/v2\/comments?post=394493"}],"wp:featuredmedia":[{"embeddable":true,"href":"https:\/\/bogensportdiscount.ch\/fr\/wp-json\/wp\/v2\/media\/440659"}],"wp:attachment":[{"href":"https:\/\/bogensportdiscount.ch\/fr\/wp-json\/wp\/v2\/media?parent=394493"}],"wp:term":[{"taxonomy":"product_brand","embeddable":true,"href":"https:\/\/bogensportdiscount.ch\/fr\/wp-json\/wp\/v2\/product_brand?post=394493"},{"taxonomy":"product_cat","embeddable":true,"href":"https:\/\/bogensportdiscount.ch\/fr\/wp-json\/wp\/v2\/product_cat?post=394493"},{"taxonomy":"product_tag","embeddable":true,"href":"https:\/\/bogensportdiscount.ch\/fr\/wp-json\/wp\/v2\/product_tag?post=394493"}],"curies":[{"name":"wp","href":"https:\/\/api.w.org\/{rel}","templated":true}]}}