{"id":394485,"date":"2026-04-05T14:33:43","date_gmt":"2026-04-05T12:33:43","guid":{"rendered":"https:\/\/bogensportdiscount.ch\/produkt\/maximal-faces-big-game-70x100-howling-deer\/"},"modified":"2026-05-14T07:14:07","modified_gmt":"2026-05-14T05:14:07","slug":"maximal-tier-zielauflage-big-game-70x100-howling-deer","status":"publish","type":"product","link":"https:\/\/bogensportdiscount.ch\/fr\/produit\/maximal-tier-zielauflage-big-game-70x100-howling-deer\/","title":{"rendered":"MAXIMAL CIBLES BIG GAME 70&#215;100 B\u0152UF HURLANT"},"content":{"rendered":"<p>Le blason MAXIMAL Big Game \u00abHowling Deer\u00bb est un blason papier grand format de 70&#215;100 cm repr\u00e9sentant un cerf bramant de mani\u00e8re r\u00e9aliste. Ces blasons sont utilis\u00e9s en tir \u00e0 l'arc 3D ainsi qu'\u00e0 l'entra\u00eenement sur des motifs animaliers r\u00e9alistes, et aident \u00e0 s'entra\u00eener \u00e0 identifier les animaux sauvages et \u00e0 viser les zones vitales.<\/p>\n<p>Gr\u00e2ce au format 70&#215;100 cm, le blason offre une surface suffisante pour diff\u00e9rentes distances et angles de tir. Le motif convient aussi bien \u00e0 une utilisation en club que pour l'entra\u00eenement individuel.<\/p>\n<ul>\n<li>Format : 70&#215;100 cm<\/li>\n<li>Motif : cerf \u00e9laphe (Howling Deer)<\/li>\n<li>Convient pour l'entra\u00eenement \u00e0 l'arc et \u00e0 l'arbal\u00e8te<\/li>\n<li>Motif d'animaux Big Game proche de la nature<\/li>\n<\/ul>","protected":false},"excerpt":{"rendered":"<table>\n<tr>\n<th>Propri\u00e9t\u00e9<\/th>\n<th>Valeur<\/th>\n<\/tr>\n<tr>\n<td>Marque<\/td>\n<td>Maximal<\/td>\n<\/tr>\n<tr>\n<td>Pays d'origine<\/td>\n<td>Belgique<\/td>\n<\/tr>\n<\/table>","protected":false},"featured_media":523916,"comment_status":"open","ping_status":"closed","template":"","meta":[],"product_brand":[780],"product_cat":[4143,4329,4436],"product_tag":[3546],"class_list":{"0":"post-394485","1":"product","2":"type-product","3":"status-publish","4":"has-post-thumbnail","6":"product_brand-maximal","7":"product_cat-ziele-auflagen","8":"product_cat-auflagen","9":"product_cat-tier-auflagen","10":"product_tag-neuheit","11":"product_shipping_class-bsd-sperrgut","13":"first","14":"instock","15":"shipping-taxable","16":"purchasable","17":"product-type-simple"},"yoast_head":"<!-- This site is optimized with the Yoast SEO plugin v27.6 - https:\/\/yoast.com\/product\/yoast-seo-wordpress\/ -->\n<title>MAXIMAL BLASONS BIG GAME 70x100 BISON HURLANT - Bogensportdiscount \u2013 Arcs, fl\u00e8ches, cibles et accessoires<\/title>\n<meta name=\"description\" content=\"Achetez le blason MAXIMAL BIG GAME 70x100 bison hurlant \u00e0 prix avantageux chez Bogensportdiscount \u2013 Top marques, livraison rapide depuis la Suisse.\" \/>\n<meta name=\"robots\" content=\"index, follow, max-snippet:-1, max-image-preview:large, max-video-preview:-1\" \/>\n<link rel=\"canonical\" href=\"https:\/\/bogensportdiscount.ch\/fr\/produit\/maximal-tier-zielauflage-big-game-70x100-howling-deer\/\" \/>\n<meta property=\"og:locale\" content=\"fr_FR\" \/>\n<meta property=\"og:type\" content=\"article\" \/>\n<meta property=\"og:title\" content=\"MAXIMAL BLASONS BIG GAME 70x100 BISON HURLANT - Bogensportdiscount \u2013 Arcs, fl\u00e8ches, cibles et accessoires\" \/>\n<meta property=\"og:description\" content=\"Achetez le blason MAXIMAL BIG GAME 70x100 bison hurlant \u00e0 prix avantageux chez Bogensportdiscount \u2013 Top marques, livraison rapide depuis la Suisse.\" \/>\n<meta property=\"og:url\" content=\"https:\/\/bogensportdiscount.ch\/fr\/produit\/maximal-tier-zielauflage-big-game-70x100-howling-deer\/\" \/>\n<meta property=\"og:site_name\" content=\"Bogensportdiscount \u2013 B\u00f6gen, Pfeile, Targets &amp; Zubeh\u00f6r\" \/>\n<meta property=\"article:modified_time\" content=\"2026-05-14T05:14:07+00:00\" \/>\n<meta property=\"og:image\" content=\"https:\/\/bogensportdiscount.ch\/wp-content\/uploads\/bsm-images\/A010376_1.jpg\" \/>\n\t<meta property=\"og:image:width\" content=\"1400\" \/>\n\t<meta property=\"og:image:height\" content=\"980\" \/>\n\t<meta property=\"og:image:type\" content=\"image\/jpeg\" \/>\n<meta name=\"twitter:card\" content=\"summary_large_image\" \/>\n<script type=\"application\/ld+json\" class=\"yoast-schema-graph\">{\"@context\":\"https:\\\/\\\/schema.org\",\"@graph\":[{\"@type\":\"WebPage\",\"@id\":\"https:\\\/\\\/bogensportdiscount.ch\\\/produkt\\\/maximal-tier-zielauflage-big-game-70x100-howling-deer\\\/\",\"url\":\"https:\\\/\\\/bogensportdiscount.ch\\\/produkt\\\/maximal-tier-zielauflage-big-game-70x100-howling-deer\\\/\",\"name\":\"MAXIMAL ZIELSCHEIBEN BIG GAME 70x100 HEULENDES RIND - Bogensportdiscount \u2013 B\u00f6gen, Pfeile, Targets &amp; Zubeh\u00f6r\",\"isPartOf\":{\"@id\":\"https:\\\/\\\/bogensportdiscount.ch\\\/#website\"},\"primaryImageOfPage\":{\"@id\":\"https:\\\/\\\/bogensportdiscount.ch\\\/produkt\\\/maximal-tier-zielauflage-big-game-70x100-howling-deer\\\/#primaryimage\"},\"image\":{\"@id\":\"https:\\\/\\\/bogensportdiscount.ch\\\/produkt\\\/maximal-tier-zielauflage-big-game-70x100-howling-deer\\\/#primaryimage\"},\"thumbnailUrl\":\"https:\\\/\\\/bogensportdiscount.ch\\\/wp-content\\\/uploads\\\/bsm-images\\\/A010376_1.jpg\",\"datePublished\":\"2026-04-05T12:33:43+00:00\",\"dateModified\":\"2026-05-14T05:14:07+00:00\",\"description\":\"MAXIMAL ZIELSCHEIBEN BIG GAME 70x100 HEULENDES RIND g\u00fcnstig kaufen bei Bogensportdiscount \u2013 Top-Marken, schneller Versand aus der Schweiz.\",\"breadcrumb\":{\"@id\":\"https:\\\/\\\/bogensportdiscount.ch\\\/produkt\\\/maximal-tier-zielauflage-big-game-70x100-howling-deer\\\/#breadcrumb\"},\"inLanguage\":\"fr-FR\",\"potentialAction\":[{\"@type\":\"ReadAction\",\"target\":[\"https:\\\/\\\/bogensportdiscount.ch\\\/produkt\\\/maximal-tier-zielauflage-big-game-70x100-howling-deer\\\/\"]}]},{\"@type\":\"ImageObject\",\"inLanguage\":\"fr-FR\",\"@id\":\"https:\\\/\\\/bogensportdiscount.ch\\\/produkt\\\/maximal-tier-zielauflage-big-game-70x100-howling-deer\\\/#primaryimage\",\"url\":\"https:\\\/\\\/bogensportdiscount.ch\\\/wp-content\\\/uploads\\\/bsm-images\\\/A010376_1.jpg\",\"contentUrl\":\"https:\\\/\\\/bogensportdiscount.ch\\\/wp-content\\\/uploads\\\/bsm-images\\\/A010376_1.jpg\",\"width\":1400,\"height\":980},{\"@type\":\"BreadcrumbList\",\"@id\":\"https:\\\/\\\/bogensportdiscount.ch\\\/produkt\\\/maximal-tier-zielauflage-big-game-70x100-howling-deer\\\/#breadcrumb\",\"itemListElement\":[{\"@type\":\"ListItem\",\"position\":1,\"name\":\"Home\",\"item\":\"https:\\\/\\\/bogensportdiscount.ch\\\/\"},{\"@type\":\"ListItem\",\"position\":2,\"name\":\"Shop\",\"item\":\"https:\\\/\\\/bogensportdiscount.ch\\\/shop\\\/\"},{\"@type\":\"ListItem\",\"position\":3,\"name\":\"MAXIMAL FACES BIG GAME 70&#215;100 HOWLING DEER\"}]},{\"@type\":\"WebSite\",\"@id\":\"https:\\\/\\\/bogensportdiscount.ch\\\/#website\",\"url\":\"https:\\\/\\\/bogensportdiscount.ch\\\/\",\"name\":\"Bogensportdiscount\",\"description\":\"\",\"potentialAction\":[{\"@type\":\"SearchAction\",\"target\":{\"@type\":\"EntryPoint\",\"urlTemplate\":\"https:\\\/\\\/bogensportdiscount.ch\\\/?s={search_term_string}\"},\"query-input\":{\"@type\":\"PropertyValueSpecification\",\"valueRequired\":true,\"valueName\":\"search_term_string\"}}],\"inLanguage\":\"fr-FR\"}]}<\/script>\n<!-- \/ Yoast SEO plugin. -->","yoast_head_json":{"title":"MAXIMAL BLASONS BIG GAME 70x100 BISON HURLANT - Bogensportdiscount \u2013 Arcs, fl\u00e8ches, cibles et accessoires","description":"Achetez le blason MAXIMAL BIG GAME 70x100 bison hurlant \u00e0 prix avantageux chez Bogensportdiscount \u2013 Top marques, livraison rapide depuis la Suisse.","robots":{"index":"index","follow":"follow","max-snippet":"max-snippet:-1","max-image-preview":"max-image-preview:large","max-video-preview":"max-video-preview:-1"},"canonical":"https:\/\/bogensportdiscount.ch\/fr\/produit\/maximal-tier-zielauflage-big-game-70x100-howling-deer\/","og_locale":"fr_FR","og_type":"article","og_title":"MAXIMAL BLASONS BIG GAME 70x100 BISON HURLANT - Bogensportdiscount \u2013 Arcs, fl\u00e8ches, cibles et accessoires","og_description":"Achetez le blason MAXIMAL BIG GAME 70x100 bison hurlant \u00e0 prix avantageux chez Bogensportdiscount \u2013 Top marques, livraison rapide depuis la Suisse.","og_url":"https:\/\/bogensportdiscount.ch\/fr\/produit\/maximal-tier-zielauflage-big-game-70x100-howling-deer\/","og_site_name":"Bogensportdiscount \u2013 B\u00f6gen, Pfeile, Targets &amp; Zubeh\u00f6r","article_modified_time":"2026-05-14T05:14:07+00:00","og_image":[{"width":1400,"height":980,"url":"https:\/\/bogensportdiscount.ch\/wp-content\/uploads\/bsm-images\/A010376_1.jpg","type":"image\/jpeg"}],"twitter_card":"summary_large_image","schema":{"@context":"https:\/\/schema.org","@graph":[{"@type":"WebPage","@id":"https:\/\/bogensportdiscount.ch\/produkt\/maximal-tier-zielauflage-big-game-70x100-howling-deer\/","url":"https:\/\/bogensportdiscount.ch\/produkt\/maximal-tier-zielauflage-big-game-70x100-howling-deer\/","name":"MAXIMAL BLASONS BIG GAME 70x100 BISON HURLANT - Bogensportdiscount \u2013 Arcs, fl\u00e8ches, cibles et accessoires","isPartOf":{"@id":"https:\/\/bogensportdiscount.ch\/#website"},"primaryImageOfPage":{"@id":"https:\/\/bogensportdiscount.ch\/produkt\/maximal-tier-zielauflage-big-game-70x100-howling-deer\/#primaryimage"},"image":{"@id":"https:\/\/bogensportdiscount.ch\/produkt\/maximal-tier-zielauflage-big-game-70x100-howling-deer\/#primaryimage"},"thumbnailUrl":"https:\/\/bogensportdiscount.ch\/wp-content\/uploads\/bsm-images\/A010376_1.jpg","datePublished":"2026-04-05T12:33:43+00:00","dateModified":"2026-05-14T05:14:07+00:00","description":"Achetez le blason MAXIMAL BIG GAME 70x100 bison hurlant \u00e0 prix avantageux chez Bogensportdiscount \u2013 Top marques, livraison rapide depuis la Suisse.","breadcrumb":{"@id":"https:\/\/bogensportdiscount.ch\/produkt\/maximal-tier-zielauflage-big-game-70x100-howling-deer\/#breadcrumb"},"inLanguage":"fr-FR","potentialAction":[{"@type":"ReadAction","target":["https:\/\/bogensportdiscount.ch\/produkt\/maximal-tier-zielauflage-big-game-70x100-howling-deer\/"]}]},{"@type":"ImageObject","inLanguage":"fr-FR","@id":"https:\/\/bogensportdiscount.ch\/produkt\/maximal-tier-zielauflage-big-game-70x100-howling-deer\/#primaryimage","url":"https:\/\/bogensportdiscount.ch\/wp-content\/uploads\/bsm-images\/A010376_1.jpg","contentUrl":"https:\/\/bogensportdiscount.ch\/wp-content\/uploads\/bsm-images\/A010376_1.jpg","width":1400,"height":980},{"@type":"BreadcrumbList","@id":"https:\/\/bogensportdiscount.ch\/produkt\/maximal-tier-zielauflage-big-game-70x100-howling-deer\/#breadcrumb","itemListElement":[{"@type":"ListItem","position":1,"name":"Home","item":"https:\/\/bogensportdiscount.ch\/"},{"@type":"ListItem","position":2,"name":"Shop","item":"https:\/\/bogensportdiscount.ch\/shop\/"},{"@type":"ListItem","position":3,"name":"MAXIMAL FACES BIG GAME 70&#215;100 HOWLING DEER"}]},{"@type":"WebSite","@id":"https:\/\/bogensportdiscount.ch\/#website","url":"https:\/\/bogensportdiscount.ch\/","name":"Bogensportdiscount","description":"","potentialAction":[{"@type":"SearchAction","target":{"@type":"EntryPoint","urlTemplate":"https:\/\/bogensportdiscount.ch\/?s={search_term_string}"},"query-input":{"@type":"PropertyValueSpecification","valueRequired":true,"valueName":"search_term_string"}}],"inLanguage":"fr-FR"}]}},"_links":{"self":[{"href":"https:\/\/bogensportdiscount.ch\/fr\/wp-json\/wp\/v2\/product\/394485","targetHints":{"allow":["GET"]}}],"collection":[{"href":"https:\/\/bogensportdiscount.ch\/fr\/wp-json\/wp\/v2\/product"}],"about":[{"href":"https:\/\/bogensportdiscount.ch\/fr\/wp-json\/wp\/v2\/types\/product"}],"replies":[{"embeddable":true,"href":"https:\/\/bogensportdiscount.ch\/fr\/wp-json\/wp\/v2\/comments?post=394485"}],"wp:featuredmedia":[{"embeddable":true,"href":"https:\/\/bogensportdiscount.ch\/fr\/wp-json\/wp\/v2\/media\/523916"}],"wp:attachment":[{"href":"https:\/\/bogensportdiscount.ch\/fr\/wp-json\/wp\/v2\/media?parent=394485"}],"wp:term":[{"taxonomy":"product_brand","embeddable":true,"href":"https:\/\/bogensportdiscount.ch\/fr\/wp-json\/wp\/v2\/product_brand?post=394485"},{"taxonomy":"product_cat","embeddable":true,"href":"https:\/\/bogensportdiscount.ch\/fr\/wp-json\/wp\/v2\/product_cat?post=394485"},{"taxonomy":"product_tag","embeddable":true,"href":"https:\/\/bogensportdiscount.ch\/fr\/wp-json\/wp\/v2\/product_tag?post=394485"}],"curies":[{"name":"wp","href":"https:\/\/api.w.org\/{rel}","templated":true}]}}