{"id":394468,"date":"2026-04-05T14:33:39","date_gmt":"2026-04-05T12:33:39","guid":{"rendered":"https:\/\/bogensportdiscount.ch\/produkt\/reign-recurve-strings-supreme-bloodline-glory-pro-single-color-custom\/"},"modified":"2026-04-15T12:17:22","modified_gmt":"2026-04-15T10:17:22","slug":"reign-recurve-sehne-supreme-bloodline-glory-pro-einfarbig-custom","status":"publish","type":"product","link":"https:\/\/bogensportdiscount.ch\/fr\/produit\/reign-recurve-sehne-supreme-bloodline-glory-pro-einfarbig-custom\/","title":{"rendered":"REIGN RECURVE STRINGS SUPREME BLOODLINE GLORY PRO SINGLE COLOR CUSTOM"},"content":{"rendered":"<p>Die REIGN Supreme Bloodline Glory Pro ist eine Custom-Recurve-Sehne aus dem Hause REIGN, einem auf Bogensehnen spezialisierten Hersteller. Die Sehne ist in einer einfarbigen Ausf\u00fchrung erh\u00e4ltlich und wird auf Mass gefertigt.<\/p>\n<p>Custom-Sehnen dieser Art werden nach individuellen Vorgaben produziert, sodass L\u00e4nge und Farbe auf den jeweiligen Bogen und die Vorstellungen des Sch\u00fctzen abgestimmt werden k\u00f6nnen.<\/p>\n<ul>\n<li>Einfarbige Custom-Ausf\u00fchrung<\/li>\n<li>F\u00fcr Recurve-B\u00f6gen geeignet<\/li>\n<li>Individuelle Fertigung nach Mass<\/li>\n<li>Aus der Supreme Bloodline Glory Pro Linie von REIGN<\/li>\n<\/ul>","protected":false},"excerpt":{"rendered":"<p><strong>Materials:<\/strong> Platinum Series: Made from BCY 652 Spectra fiber.Sovereign Series: Made from 100% UHMWPE fiber for stability.Supreme Edition: Built from Bloodline Fibers Glory Pro, designed specifically for recurve bows.<br \/><strong>Pre-Stretch:<\/strong> Pre-stretched to over 400 lbs to ensure no creep and consistent performance.<br \/><strong>Color Options:<\/strong> Available in single or two-color variations.<\/p>","protected":false},"featured_media":453621,"comment_status":"open","ping_status":"closed","template":"","meta":[],"product_brand":[571],"product_cat":[4638],"product_tag":[3546],"class_list":{"0":"post-394468","1":"product","2":"type-product","3":"status-publish","4":"has-post-thumbnail","6":"product_brand-reign","7":"product_cat-recurve-strings-sehnen-kabel-bogen-zubehoer","8":"product_tag-neuheit","10":"first","11":"onbackorder","12":"shipping-taxable","13":"purchasable","14":"product-type-simple"},"_links":{"self":[{"href":"https:\/\/bogensportdiscount.ch\/fr\/wp-json\/wp\/v2\/product\/394468","targetHints":{"allow":["GET"]}}],"collection":[{"href":"https:\/\/bogensportdiscount.ch\/fr\/wp-json\/wp\/v2\/product"}],"about":[{"href":"https:\/\/bogensportdiscount.ch\/fr\/wp-json\/wp\/v2\/types\/product"}],"replies":[{"embeddable":true,"href":"https:\/\/bogensportdiscount.ch\/fr\/wp-json\/wp\/v2\/comments?post=394468"}],"wp:featuredmedia":[{"embeddable":true,"href":"https:\/\/bogensportdiscount.ch\/fr\/wp-json\/wp\/v2\/media\/453621"}],"wp:attachment":[{"href":"https:\/\/bogensportdiscount.ch\/fr\/wp-json\/wp\/v2\/media?parent=394468"}],"wp:term":[{"taxonomy":"product_brand","embeddable":true,"href":"https:\/\/bogensportdiscount.ch\/fr\/wp-json\/wp\/v2\/product_brand?post=394468"},{"taxonomy":"product_cat","embeddable":true,"href":"https:\/\/bogensportdiscount.ch\/fr\/wp-json\/wp\/v2\/product_cat?post=394468"},{"taxonomy":"product_tag","embeddable":true,"href":"https:\/\/bogensportdiscount.ch\/fr\/wp-json\/wp\/v2\/product_tag?post=394468"}],"curies":[{"name":"wp","href":"https:\/\/api.w.org\/{rel}","templated":true}]}}