{"id":394460,"date":"2026-04-05T14:33:37","date_gmt":"2026-04-05T12:33:37","guid":{"rendered":"https:\/\/bogensportdiscount.ch\/produkt\/flexarchery-flex-archery-dynagen-d-75-flemish-custom-enter-your-wishes-in-comment\/"},"modified":"2026-04-20T12:50:16","modified_gmt":"2026-04-20T10:50:16","slug":"flexarchery-bogensehne-dynagen-d-75-flemish-custom","status":"publish","type":"product","link":"https:\/\/bogensportdiscount.ch\/fr\/produit\/flexarchery-bogensehne-dynagen-d-75-flemish-custom\/","title":{"rendered":"FLEXARCHERY FLEX-ARCHERY DYNAGEN D-75 FLEMISH INDIVIDUELL &#8211; WUENSCHE IM KOMMENTAR ANGEBEN"},"content":{"rendered":"<p>Die Dynagen D-75 von Flexarchery ist eine handgefertigte Flemish-Sehne aus dem Material Dynagen, das f\u00fcr seine hohe Haltbarkeit und geringe Dehnung bekannt ist. Flemish-Sehnen zeichnen sich durch ihre traditionelle Machart mit geflochtenen Endschlaufen aus und sind besonders bei Recurve- und Langbogensch\u00fctzen verbreitet.<\/p>\n<p>Als Custom-Ausf\u00fchrung wird diese Sehne individuell nach Ihren Vorgaben gefertigt. Geben Sie beim Bestellen im Kommentarfeld Ihre gew\u00fcnschten Spezifikationen an, beispielsweise Sehnenl\u00e4nge, Anzahl Str\u00e4nge, Farbe oder sonstige Anforderungen.<\/p>\n<ul>\n<li>Flemish-Bauweise mit geflochtenen Schlaufen<\/li>\n<li>Material: Dynagen D-75<\/li>\n<li>Individuelle Anfertigung nach Kundenwunsch<\/li>\n<li>Geeignet f\u00fcr traditionelle B\u00f6gen (Recurve, Langbogen)<\/li>\n<\/ul>","protected":false},"excerpt":{"rendered":"<p><strong>Marque :<\/strong> Flex-Archery<\/p>","protected":false},"featured_media":453631,"comment_status":"open","ping_status":"closed","template":"","meta":[],"product_brand":[447],"product_cat":[4279],"product_tag":[3546],"class_list":{"0":"post-394460","1":"product","2":"type-product","3":"status-publish","4":"has-post-thumbnail","6":"product_brand-flexarchery","7":"product_cat-traditional-strings","8":"product_tag-neuheit","10":"first","11":"onbackorder","12":"shipping-taxable","13":"purchasable","14":"product-type-simple"},"yoast_head":"<!-- This site is optimized with the Yoast SEO plugin v27.4 - https:\/\/yoast.com\/product\/yoast-seo-wordpress\/ -->\n<title>FLEXARCHERY FLEX-ARCHERY DYNAGEN D-75 FLEMISH PERSONNALIS\u00c9 - INDIQUEZ VOS SOUHAITS DANS LES COMMENTAIRES - Bogensportdiscount \u2013 Arcs, fl\u00e8ches, cibles et accessoires<\/title>\n<meta name=\"description\" content=\"FLEXARCHERY FLEX-ARCHERY DYNAGEN D-75 FLEMISH INDIVIDUEL - INDIQUEZ VOS SOUHAITS DANS LES COMMENTAIRES : achetez \u00e0 prix avantageux chez Bogensportdiscount \u2013 Grandes marques, livraison rapide depuis la Suisse.\" \/>\n<meta name=\"robots\" content=\"noindex, follow, max-snippet:-1, max-image-preview:large, max-video-preview:-1\" \/>\n<meta property=\"og:locale\" content=\"fr_FR\" \/>\n<meta property=\"og:type\" content=\"article\" \/>\n<meta property=\"og:title\" content=\"FLEXARCHERY FLEX-ARCHERY DYNAGEN D-75 FLEMISH PERSONNALIS\u00c9 - INDIQUEZ VOS SOUHAITS DANS LES COMMENTAIRES - Bogensportdiscount \u2013 Arcs, fl\u00e8ches, cibles et accessoires\" \/>\n<meta property=\"og:description\" content=\"FLEXARCHERY FLEX-ARCHERY DYNAGEN D-75 FLEMISH INDIVIDUEL - INDIQUEZ VOS SOUHAITS DANS LES COMMENTAIRES : achetez \u00e0 prix avantageux chez Bogensportdiscount \u2013 Grandes marques, livraison rapide depuis la Suisse.\" \/>\n<meta property=\"og:url\" content=\"https:\/\/bogensportdiscount.ch\/fr\/produit\/flexarchery-bogensehne-dynagen-d-75-flemish-custom\/\" \/>\n<meta property=\"og:site_name\" content=\"Bogensportdiscount \u2013 B\u00f6gen, Pfeile, Targets &amp; Zubeh\u00f6r\" \/>\n<meta property=\"article:modified_time\" content=\"2026-04-20T10:50:16+00:00\" \/>\n<meta property=\"og:image\" content=\"https:\/\/bogensportdiscount.ch\/wp-content\/uploads\/bsm-images\/c000020_1.jpg\" \/>\n\t<meta property=\"og:image:width\" content=\"400\" \/>\n\t<meta property=\"og:image:height\" content=\"266\" \/>\n\t<meta property=\"og:image:type\" content=\"image\/jpeg\" \/>\n<meta name=\"twitter:card\" content=\"summary_large_image\" \/>\n<script type=\"application\/ld+json\" class=\"yoast-schema-graph\">{\"@context\":\"https:\\\/\\\/schema.org\",\"@graph\":[{\"@type\":\"WebPage\",\"@id\":\"https:\\\/\\\/bogensportdiscount.ch\\\/fr\\\/produit\\\/flexarchery-bogensehne-dynagen-d-75-flemish-custom\\\/\",\"url\":\"https:\\\/\\\/bogensportdiscount.ch\\\/fr\\\/produit\\\/flexarchery-bogensehne-dynagen-d-75-flemish-custom\\\/\",\"name\":\"FLEXARCHERY FLEX-ARCHERY DYNAGEN D-75 FLEMISH INDIVIDUELL - WUENSCHE IM KOMMENTAR ANGEBEN - Bogensportdiscount \u2013 B\u00f6gen, Pfeile, Targets &amp; Zubeh\u00f6r\",\"isPartOf\":{\"@id\":\"https:\\\/\\\/bogensportdiscount.ch\\\/#website\"},\"primaryImageOfPage\":{\"@id\":\"https:\\\/\\\/bogensportdiscount.ch\\\/fr\\\/produit\\\/flexarchery-bogensehne-dynagen-d-75-flemish-custom\\\/#primaryimage\"},\"image\":{\"@id\":\"https:\\\/\\\/bogensportdiscount.ch\\\/fr\\\/produit\\\/flexarchery-bogensehne-dynagen-d-75-flemish-custom\\\/#primaryimage\"},\"thumbnailUrl\":\"https:\\\/\\\/bogensportdiscount.ch\\\/wp-content\\\/uploads\\\/2026\\\/04\\\/bogensportdiscount.ch-pfeile-boegen-zubehoer-fuer-anfaenger-und-profis-zum-besten-preis-Symbolbild-kein-foto-zu-diesem-artikel_01.jpg\",\"datePublished\":\"2026-04-05T12:33:37+00:00\",\"dateModified\":\"2026-04-20T10:50:16+00:00\",\"description\":\"FLEXARCHERY FLEX-ARCHERY DYNAGEN D-75 FLEMISH INDIVIDUELL - WUENSCHE IM KOMMENTAR ANGEBEN g\u00fcnstig kaufen bei Bogensportdiscount \u2013 Top-Marken, schneller Versand aus der Schweiz.\",\"breadcrumb\":{\"@id\":\"https:\\\/\\\/bogensportdiscount.ch\\\/fr\\\/produit\\\/flexarchery-bogensehne-dynagen-d-75-flemish-custom\\\/#breadcrumb\"},\"inLanguage\":\"fr-FR\",\"potentialAction\":[{\"@type\":\"ReadAction\",\"target\":[\"https:\\\/\\\/bogensportdiscount.ch\\\/fr\\\/produit\\\/flexarchery-bogensehne-dynagen-d-75-flemish-custom\\\/\"]}]},{\"@type\":\"ImageObject\",\"inLanguage\":\"fr-FR\",\"@id\":\"https:\\\/\\\/bogensportdiscount.ch\\\/fr\\\/produit\\\/flexarchery-bogensehne-dynagen-d-75-flemish-custom\\\/#primaryimage\",\"url\":\"https:\\\/\\\/bogensportdiscount.ch\\\/wp-content\\\/uploads\\\/2026\\\/04\\\/bogensportdiscount.ch-pfeile-boegen-zubehoer-fuer-anfaenger-und-profis-zum-besten-preis-Symbolbild-kein-foto-zu-diesem-artikel_01.jpg\",\"contentUrl\":\"https:\\\/\\\/bogensportdiscount.ch\\\/wp-content\\\/uploads\\\/2026\\\/04\\\/bogensportdiscount.ch-pfeile-boegen-zubehoer-fuer-anfaenger-und-profis-zum-besten-preis-Symbolbild-kein-foto-zu-diesem-artikel_01.jpg\",\"width\":1080,\"height\":1080},{\"@type\":\"BreadcrumbList\",\"@id\":\"https:\\\/\\\/bogensportdiscount.ch\\\/fr\\\/produit\\\/flexarchery-bogensehne-dynagen-d-75-flemish-custom\\\/#breadcrumb\",\"itemListElement\":[{\"@type\":\"ListItem\",\"position\":1,\"name\":\"Home\",\"item\":\"https:\\\/\\\/bogensportdiscount.ch\\\/\"},{\"@type\":\"ListItem\",\"position\":2,\"name\":\"Shop\",\"item\":\"https:\\\/\\\/bogensportdiscount.ch\\\/shop\\\/\"},{\"@type\":\"ListItem\",\"position\":3,\"name\":\"FLEXARCHERY FLEX-ARCHERY DYNAGEN D-75 FLEMISH INDIVIDUELL &#8211; WUENSCHE IM KOMMENTAR ANGEBEN\"}]},{\"@type\":\"WebSite\",\"@id\":\"https:\\\/\\\/bogensportdiscount.ch\\\/#website\",\"url\":\"https:\\\/\\\/bogensportdiscount.ch\\\/\",\"name\":\"Bogensportdiscount\",\"description\":\"\",\"potentialAction\":[{\"@type\":\"SearchAction\",\"target\":{\"@type\":\"EntryPoint\",\"urlTemplate\":\"https:\\\/\\\/bogensportdiscount.ch\\\/?s={search_term_string}\"},\"query-input\":{\"@type\":\"PropertyValueSpecification\",\"valueRequired\":true,\"valueName\":\"search_term_string\"}}],\"inLanguage\":\"fr-FR\"}]}<\/script>\n<!-- \/ Yoast SEO plugin. -->","yoast_head_json":{"title":"FLEXARCHERY FLEX-ARCHERY DYNAGEN D-75 FLEMISH PERSONNALIS\u00c9 - INDIQUEZ VOS SOUHAITS DANS LES COMMENTAIRES - Bogensportdiscount \u2013 Arcs, fl\u00e8ches, cibles et accessoires","description":"FLEXARCHERY FLEX-ARCHERY DYNAGEN D-75 FLEMISH INDIVIDUEL - INDIQUEZ VOS SOUHAITS DANS LES COMMENTAIRES : achetez \u00e0 prix avantageux chez Bogensportdiscount \u2013 Grandes marques, livraison rapide depuis la Suisse.","robots":{"index":"noindex","follow":"follow","max-snippet":"max-snippet:-1","max-image-preview":"max-image-preview:large","max-video-preview":"max-video-preview:-1"},"og_locale":"fr_FR","og_type":"article","og_title":"FLEXARCHERY FLEX-ARCHERY DYNAGEN D-75 FLEMISH PERSONNALIS\u00c9 - INDIQUEZ VOS SOUHAITS DANS LES COMMENTAIRES - Bogensportdiscount \u2013 Arcs, fl\u00e8ches, cibles et accessoires","og_description":"FLEXARCHERY FLEX-ARCHERY DYNAGEN D-75 FLEMISH INDIVIDUEL - INDIQUEZ VOS SOUHAITS DANS LES COMMENTAIRES : achetez \u00e0 prix avantageux chez Bogensportdiscount \u2013 Grandes marques, livraison rapide depuis la Suisse.","og_url":"https:\/\/bogensportdiscount.ch\/fr\/produit\/flexarchery-bogensehne-dynagen-d-75-flemish-custom\/","og_site_name":"Bogensportdiscount \u2013 B\u00f6gen, Pfeile, Targets &amp; Zubeh\u00f6r","article_modified_time":"2026-04-20T10:50:16+00:00","og_image":[{"width":400,"height":266,"url":"https:\/\/bogensportdiscount.ch\/wp-content\/uploads\/bsm-images\/c000020_1.jpg","type":"image\/jpeg"}],"twitter_card":"summary_large_image","schema":{"@context":"https:\/\/schema.org","@graph":[{"@type":"WebPage","@id":"https:\/\/bogensportdiscount.ch\/fr\/produit\/flexarchery-bogensehne-dynagen-d-75-flemish-custom\/","url":"https:\/\/bogensportdiscount.ch\/fr\/produit\/flexarchery-bogensehne-dynagen-d-75-flemish-custom\/","name":"FLEXARCHERY FLEX-ARCHERY DYNAGEN D-75 FLEMISH PERSONNALIS\u00c9 - INDIQUEZ VOS SOUHAITS DANS LES COMMENTAIRES - Bogensportdiscount \u2013 Arcs, fl\u00e8ches, cibles et accessoires","isPartOf":{"@id":"https:\/\/bogensportdiscount.ch\/#website"},"primaryImageOfPage":{"@id":"https:\/\/bogensportdiscount.ch\/fr\/produit\/flexarchery-bogensehne-dynagen-d-75-flemish-custom\/#primaryimage"},"image":{"@id":"https:\/\/bogensportdiscount.ch\/fr\/produit\/flexarchery-bogensehne-dynagen-d-75-flemish-custom\/#primaryimage"},"thumbnailUrl":"https:\/\/bogensportdiscount.ch\/wp-content\/uploads\/2026\/04\/bogensportdiscount.ch-pfeile-boegen-zubehoer-fuer-anfaenger-und-profis-zum-besten-preis-Symbolbild-kein-foto-zu-diesem-artikel_01.jpg","datePublished":"2026-04-05T12:33:37+00:00","dateModified":"2026-04-20T10:50:16+00:00","description":"FLEXARCHERY FLEX-ARCHERY DYNAGEN D-75 FLEMISH INDIVIDUEL - INDIQUEZ VOS SOUHAITS DANS LES COMMENTAIRES : achetez \u00e0 prix avantageux chez Bogensportdiscount \u2013 Grandes marques, livraison rapide depuis la Suisse.","breadcrumb":{"@id":"https:\/\/bogensportdiscount.ch\/fr\/produit\/flexarchery-bogensehne-dynagen-d-75-flemish-custom\/#breadcrumb"},"inLanguage":"fr-FR","potentialAction":[{"@type":"ReadAction","target":["https:\/\/bogensportdiscount.ch\/fr\/produit\/flexarchery-bogensehne-dynagen-d-75-flemish-custom\/"]}]},{"@type":"ImageObject","inLanguage":"fr-FR","@id":"https:\/\/bogensportdiscount.ch\/fr\/produit\/flexarchery-bogensehne-dynagen-d-75-flemish-custom\/#primaryimage","url":"https:\/\/bogensportdiscount.ch\/wp-content\/uploads\/2026\/04\/bogensportdiscount.ch-pfeile-boegen-zubehoer-fuer-anfaenger-und-profis-zum-besten-preis-Symbolbild-kein-foto-zu-diesem-artikel_01.jpg","contentUrl":"https:\/\/bogensportdiscount.ch\/wp-content\/uploads\/2026\/04\/bogensportdiscount.ch-pfeile-boegen-zubehoer-fuer-anfaenger-und-profis-zum-besten-preis-Symbolbild-kein-foto-zu-diesem-artikel_01.jpg","width":1080,"height":1080},{"@type":"BreadcrumbList","@id":"https:\/\/bogensportdiscount.ch\/fr\/produit\/flexarchery-bogensehne-dynagen-d-75-flemish-custom\/#breadcrumb","itemListElement":[{"@type":"ListItem","position":1,"name":"Home","item":"https:\/\/bogensportdiscount.ch\/"},{"@type":"ListItem","position":2,"name":"Shop","item":"https:\/\/bogensportdiscount.ch\/shop\/"},{"@type":"ListItem","position":3,"name":"FLEXARCHERY FLEX-ARCHERY DYNAGEN D-75 FLEMISH INDIVIDUELL &#8211; WUENSCHE IM KOMMENTAR ANGEBEN"}]},{"@type":"WebSite","@id":"https:\/\/bogensportdiscount.ch\/#website","url":"https:\/\/bogensportdiscount.ch\/","name":"Bogensportdiscount","description":"","potentialAction":[{"@type":"SearchAction","target":{"@type":"EntryPoint","urlTemplate":"https:\/\/bogensportdiscount.ch\/?s={search_term_string}"},"query-input":{"@type":"PropertyValueSpecification","valueRequired":true,"valueName":"search_term_string"}}],"inLanguage":"fr-FR"}]}},"_links":{"self":[{"href":"https:\/\/bogensportdiscount.ch\/fr\/wp-json\/wp\/v2\/product\/394460","targetHints":{"allow":["GET"]}}],"collection":[{"href":"https:\/\/bogensportdiscount.ch\/fr\/wp-json\/wp\/v2\/product"}],"about":[{"href":"https:\/\/bogensportdiscount.ch\/fr\/wp-json\/wp\/v2\/types\/product"}],"replies":[{"embeddable":true,"href":"https:\/\/bogensportdiscount.ch\/fr\/wp-json\/wp\/v2\/comments?post=394460"}],"wp:featuredmedia":[{"embeddable":true,"href":"https:\/\/bogensportdiscount.ch\/fr\/wp-json\/wp\/v2\/media\/453631"}],"wp:attachment":[{"href":"https:\/\/bogensportdiscount.ch\/fr\/wp-json\/wp\/v2\/media?parent=394460"}],"wp:term":[{"taxonomy":"product_brand","embeddable":true,"href":"https:\/\/bogensportdiscount.ch\/fr\/wp-json\/wp\/v2\/product_brand?post=394460"},{"taxonomy":"product_cat","embeddable":true,"href":"https:\/\/bogensportdiscount.ch\/fr\/wp-json\/wp\/v2\/product_cat?post=394460"},{"taxonomy":"product_tag","embeddable":true,"href":"https:\/\/bogensportdiscount.ch\/fr\/wp-json\/wp\/v2\/product_tag?post=394460"}],"curies":[{"name":"wp","href":"https:\/\/api.w.org\/{rel}","templated":true}]}}