{"id":394454,"date":"2026-04-05T14:33:36","date_gmt":"2026-04-05T12:33:36","guid":{"rendered":"https:\/\/bogensportdiscount.ch\/produkt\/freddie-archery-horse-bow-traditional-ymg-44-80lbs-rh-lh-string-incl\/"},"modified":"2026-04-17T19:17:48","modified_gmt":"2026-04-17T17:17:48","slug":"freddie-reiterbogen-traditional-ymg-44-80lbs-rh-lh-inkl-sehne","status":"publish","type":"product","link":"https:\/\/bogensportdiscount.ch\/fr\/produit\/freddie-reiterbogen-traditional-ymg-44-80lbs-rh-lh-inkl-sehne\/","title":{"rendered":"FREDDIE ARCHERY HORSE BOW TRADITIONAL YMG 44\u2033 80LBS RH\/LH STRING INCL."},"content":{"rendered":"<p>Der FREDDIE YMG ist ein traditioneller Reiterbogen mit einer Bogenl\u00e4nge von 44 Zoll und einem Zuggewicht von 80 lbs. Reiterb\u00f6gen sind kompakte B\u00f6gen, die urspr\u00fcnglich f\u00fcr den Einsatz zu Pferde entwickelt wurden und sich durch ihre kurze Bauform auszeichnen.<\/p>\n<p>Der Bogen ist sowohl f\u00fcr Rechts- als auch f\u00fcr Linksh\u00e4nder ausgelegt (RH\/LH) und wird zusammen mit einer passenden Sehne geliefert, sodass er direkt einsatzbereit ist. Mit seinem hohen Zuggewicht eignet er sich f\u00fcr erfahrene Bogensch\u00fctzen.<\/p>\n<ul>\n<li>Bogenl\u00e4nge: 44 Zoll<\/li>\n<li>Zuggewicht: 80 lbs<\/li>\n<li>Geeignet f\u00fcr Rechts- und Linksh\u00e4nder<\/li>\n<li>Inklusive Sehne<\/li>\n<\/ul>","protected":false},"excerpt":{"rendered":"<p><strong>Marque :<\/strong> Freddie Archery<br \/><strong>LH\/RH:<\/strong> Beidh\u00e4ndig<br \/><strong>Zuggewicht (Lbs):<\/strong> 80<br \/><strong>L\u00e4nge (Zoll):<\/strong> 44<\/p>","protected":false},"featured_media":453631,"comment_status":"open","ping_status":"closed","template":"","meta":[],"product_brand":[803],"product_cat":[3463],"product_tag":[3546],"class_list":{"0":"post-394454","1":"product","2":"type-product","3":"status-publish","4":"has-post-thumbnail","6":"product_brand-freddie","7":"product_cat-reiterboegen","8":"product_tag-neuheit","10":"first","11":"onbackorder","12":"shipping-taxable","13":"purchasable","14":"product-type-simple"},"_links":{"self":[{"href":"https:\/\/bogensportdiscount.ch\/fr\/wp-json\/wp\/v2\/product\/394454","targetHints":{"allow":["GET"]}}],"collection":[{"href":"https:\/\/bogensportdiscount.ch\/fr\/wp-json\/wp\/v2\/product"}],"about":[{"href":"https:\/\/bogensportdiscount.ch\/fr\/wp-json\/wp\/v2\/types\/product"}],"replies":[{"embeddable":true,"href":"https:\/\/bogensportdiscount.ch\/fr\/wp-json\/wp\/v2\/comments?post=394454"}],"wp:featuredmedia":[{"embeddable":true,"href":"https:\/\/bogensportdiscount.ch\/fr\/wp-json\/wp\/v2\/media\/453631"}],"wp:attachment":[{"href":"https:\/\/bogensportdiscount.ch\/fr\/wp-json\/wp\/v2\/media?parent=394454"}],"wp:term":[{"taxonomy":"product_brand","embeddable":true,"href":"https:\/\/bogensportdiscount.ch\/fr\/wp-json\/wp\/v2\/product_brand?post=394454"},{"taxonomy":"product_cat","embeddable":true,"href":"https:\/\/bogensportdiscount.ch\/fr\/wp-json\/wp\/v2\/product_cat?post=394454"},{"taxonomy":"product_tag","embeddable":true,"href":"https:\/\/bogensportdiscount.ch\/fr\/wp-json\/wp\/v2\/product_tag?post=394454"}],"curies":[{"name":"wp","href":"https:\/\/api.w.org\/{rel}","templated":true}]}}