{"id":394450,"date":"2026-04-05T14:33:35","date_gmt":"2026-04-05T12:33:35","guid":{"rendered":"https:\/\/bogensportdiscount.ch\/produkt\/danage-domino-wooden-frame-only-type-a\/"},"modified":"2026-04-19T11:43:02","modified_gmt":"2026-04-19T09:43:02","slug":"danage-domino-holzrahmen-only-typ-a","status":"publish","type":"product","link":"https:\/\/bogensportdiscount.ch\/fr\/produit\/danage-domino-holzrahmen-only-typ-a\/","title":{"rendered":"DANAGE DOMINO HOLZRAHMEN NUR &#8211; TYP A"},"content":{"rendered":"<p>Der DANAGE Domino Holzrahmen Typ A ist der Grundrahmen f\u00fcr das bekannte Domino Sackzielsystem von DANAGE. Als reines Rahmenteil ohne F\u00fcllung oder Abdeckung dient er als Basis f\u00fcr den Aufbau oder die Erneuerung eines bestehenden Sackziels.<\/p>\n<p>Der Rahmen ist in der Ausf\u00fchrung Typ A erh\u00e4ltlich und aus Holz gefertigt. Er passt zum DANAGE Domino System und erm\u00f6glicht eine gezielte Erneuerung einzelner Komponenten, ohne das gesamte Ziel ersetzen zu m\u00fcssen.<\/p>\n<ul>\n<li>Holzrahmen f\u00fcr das DANAGE Domino Sackzielsystem<\/li>\n<li>Ausf\u00fchrung Typ A<\/li>\n<li>Nur Rahmen \u2013 ohne F\u00fcllung oder Abdeckung<\/li>\n<li>Geeignet als Ersatz- oder Aufbauteil<\/li>\n<\/ul>","protected":false},"excerpt":{"rendered":"<p><strong>Marque :<\/strong> Danage<br \/><strong>Type de mousse:<\/strong> Polyfoam sandwich<\/p>","protected":false},"featured_media":453631,"comment_status":"open","ping_status":"closed","template":"","meta":[],"product_brand":[792],"product_cat":[4338],"product_tag":[3546],"class_list":{"0":"post-394450","1":"product","2":"type-product","3":"status-publish","4":"has-post-thumbnail","6":"product_brand-danage","7":"product_cat-center-teilen-fuer-ziele","8":"product_tag-neuheit","10":"first","11":"onbackorder","12":"shipping-taxable","13":"purchasable","14":"product-type-simple"},"_links":{"self":[{"href":"https:\/\/bogensportdiscount.ch\/fr\/wp-json\/wp\/v2\/product\/394450","targetHints":{"allow":["GET"]}}],"collection":[{"href":"https:\/\/bogensportdiscount.ch\/fr\/wp-json\/wp\/v2\/product"}],"about":[{"href":"https:\/\/bogensportdiscount.ch\/fr\/wp-json\/wp\/v2\/types\/product"}],"replies":[{"embeddable":true,"href":"https:\/\/bogensportdiscount.ch\/fr\/wp-json\/wp\/v2\/comments?post=394450"}],"wp:featuredmedia":[{"embeddable":true,"href":"https:\/\/bogensportdiscount.ch\/fr\/wp-json\/wp\/v2\/media\/453631"}],"wp:attachment":[{"href":"https:\/\/bogensportdiscount.ch\/fr\/wp-json\/wp\/v2\/media?parent=394450"}],"wp:term":[{"taxonomy":"product_brand","embeddable":true,"href":"https:\/\/bogensportdiscount.ch\/fr\/wp-json\/wp\/v2\/product_brand?post=394450"},{"taxonomy":"product_cat","embeddable":true,"href":"https:\/\/bogensportdiscount.ch\/fr\/wp-json\/wp\/v2\/product_cat?post=394450"},{"taxonomy":"product_tag","embeddable":true,"href":"https:\/\/bogensportdiscount.ch\/fr\/wp-json\/wp\/v2\/product_tag?post=394450"}],"curies":[{"name":"wp","href":"https:\/\/api.w.org\/{rel}","templated":true}]}}