{"id":394443,"date":"2026-04-05T14:33:34","date_gmt":"2026-04-05T12:33:34","guid":{"rendered":"https:\/\/bogensportdiscount.ch\/produkt\/nikon-binoculars-action-16x50\/"},"modified":"2026-04-15T12:17:20","modified_gmt":"2026-04-15T10:17:20","slug":"nikon-fernglas-action-16x50","status":"publish","type":"product","link":"https:\/\/bogensportdiscount.ch\/fr\/produit\/nikon-fernglas-action-16x50\/","title":{"rendered":"NIKON BINOCULARS ACTION 16X50"},"content":{"rendered":"<p>Das Nikon Action 16&#215;50 ist ein Fernglas mit 16-facher Vergr\u00f6sserung und einem Objektivdurchmesser von 50 mm. Es eignet sich f\u00fcr den Einsatz im Freien, bei der Jagd sowie f\u00fcr Beobachtungen auf gr\u00f6ssere Distanzen.<\/p>\n<p>Dank des grossen Objektivs bietet das Action 16&#215;50 eine gute Lichtausbeute, was es auch bei ung\u00fcnstigen Lichtverh\u00e4ltnissen nutzbar macht.<\/p>\n<ul>\n<li>16-fache Vergr\u00f6sserung<\/li>\n<li>50 mm Objektivdurchmesser<\/li>\n<li>Geeignet f\u00fcr Jagd und Outdoor<\/li>\n<\/ul>","protected":false},"excerpt":{"rendered":"<table>\n<tr>\n<th>Propri\u00e9t\u00e9<\/th>\n<th>Valeur<\/th>\n<\/tr>\n<tr>\n<td>Marque<\/td>\n<td>Nikon<\/td>\n<\/tr>\n<tr>\n<td>Agrandissement<\/td>\n<td>16x<\/td>\n<\/tr>\n<tr>\n<td>Objektivdurchmesser<\/td>\n<td>50 mm<\/td>\n<\/tr>\n<tr>\n<td>Herkunftsland<\/td>\n<td>China<\/td>\n<\/tr>\n<\/table>","protected":false},"featured_media":453631,"comment_status":"open","ping_status":"closed","template":"","meta":[],"product_brand":[823],"product_cat":[4378],"product_tag":[3546],"class_list":{"0":"post-394443","1":"product","2":"type-product","3":"status-publish","4":"has-post-thumbnail","6":"product_brand-nikon","7":"product_cat-fernglas","8":"product_tag-neuheit","10":"first","11":"onbackorder","12":"shipping-taxable","13":"purchasable","14":"product-type-simple"},"_links":{"self":[{"href":"https:\/\/bogensportdiscount.ch\/fr\/wp-json\/wp\/v2\/product\/394443","targetHints":{"allow":["GET"]}}],"collection":[{"href":"https:\/\/bogensportdiscount.ch\/fr\/wp-json\/wp\/v2\/product"}],"about":[{"href":"https:\/\/bogensportdiscount.ch\/fr\/wp-json\/wp\/v2\/types\/product"}],"replies":[{"embeddable":true,"href":"https:\/\/bogensportdiscount.ch\/fr\/wp-json\/wp\/v2\/comments?post=394443"}],"wp:featuredmedia":[{"embeddable":true,"href":"https:\/\/bogensportdiscount.ch\/fr\/wp-json\/wp\/v2\/media\/453631"}],"wp:attachment":[{"href":"https:\/\/bogensportdiscount.ch\/fr\/wp-json\/wp\/v2\/media?parent=394443"}],"wp:term":[{"taxonomy":"product_brand","embeddable":true,"href":"https:\/\/bogensportdiscount.ch\/fr\/wp-json\/wp\/v2\/product_brand?post=394443"},{"taxonomy":"product_cat","embeddable":true,"href":"https:\/\/bogensportdiscount.ch\/fr\/wp-json\/wp\/v2\/product_cat?post=394443"},{"taxonomy":"product_tag","embeddable":true,"href":"https:\/\/bogensportdiscount.ch\/fr\/wp-json\/wp\/v2\/product_tag?post=394443"}],"curies":[{"name":"wp","href":"https:\/\/api.w.org\/{rel}","templated":true}]}}