{"id":394438,"date":"2026-04-05T14:33:33","date_gmt":"2026-04-05T12:33:33","guid":{"rendered":"https:\/\/bogensportdiscount.ch\/produkt\/nikon-binoculars-monarch-m5-10x50-waterproof-and-fog-proof\/"},"modified":"2026-04-15T12:17:20","modified_gmt":"2026-04-15T10:17:20","slug":"nikon-fernglas-monarch-m5-10x50-wasserdicht-beschlagfrei","status":"publish","type":"product","link":"https:\/\/bogensportdiscount.ch\/fr\/produit\/nikon-fernglas-monarch-m5-10x50-wasserdicht-beschlagfrei\/","title":{"rendered":"BINOCULAIRES NIKON MONARCH M5 10X50 \u00c9TANCHES ET ANTI-BROUILLARD"},"content":{"rendered":"<p>Das Nikon Monarch M5 10&#215;50 ist ein Fernglas aus der bew\u00e4hrten Monarch-Serie von Nikon. Die 10-fache Vergr\u00f6sserung kombiniert mit dem 50-mm-Objektiv erm\u00f6glicht eine helle und kontrastreiche Abbildung \u2013 auch bei schwachem Licht.<\/p>\n<p>Dank der wasserdichten Konstruktion und der stickstoffgef\u00fcllten, beschlaggesch\u00fctzten Optik ist das Monarch M5 f\u00fcr den Outdoor-Einsatz, Jagd und Naturbeobachtung ausgelegt. Es eignet sich f\u00fcr alle Situationen, bei denen Zuverl\u00e4ssigkeit und optische Leistung gefragt sind.<\/p>\n<ul>\n<li>10&#215;50 \u2013 hohe Vergr\u00f6sserung mit grossem Objektivdurchmesser<\/li>\n<li>Wasserdicht und beschlagfrei<\/li>\n<li>Geeignet f\u00fcr Jagd, Outdoor und Naturbeobachtung<\/li>\n<li>Aus der etablierten Nikon Monarch-Serie<\/li>\n<\/ul>","protected":false},"excerpt":{"rendered":"<p><strong>Marque :<\/strong> Nikon<br \/><strong>Magnification:<\/strong> X10<br \/><strong>GTIN:<\/strong> 4580130922732<\/p>","protected":false},"featured_media":453631,"comment_status":"open","ping_status":"closed","template":"","meta":[],"product_brand":[823],"product_cat":[4378],"product_tag":[3546],"class_list":{"0":"post-394438","1":"product","2":"type-product","3":"status-publish","4":"has-post-thumbnail","6":"product_brand-nikon","7":"product_cat-fernglas","8":"product_tag-neuheit","10":"first","11":"onbackorder","12":"shipping-taxable","13":"purchasable","14":"product-type-simple"},"_links":{"self":[{"href":"https:\/\/bogensportdiscount.ch\/fr\/wp-json\/wp\/v2\/product\/394438","targetHints":{"allow":["GET"]}}],"collection":[{"href":"https:\/\/bogensportdiscount.ch\/fr\/wp-json\/wp\/v2\/product"}],"about":[{"href":"https:\/\/bogensportdiscount.ch\/fr\/wp-json\/wp\/v2\/types\/product"}],"replies":[{"embeddable":true,"href":"https:\/\/bogensportdiscount.ch\/fr\/wp-json\/wp\/v2\/comments?post=394438"}],"wp:featuredmedia":[{"embeddable":true,"href":"https:\/\/bogensportdiscount.ch\/fr\/wp-json\/wp\/v2\/media\/453631"}],"wp:attachment":[{"href":"https:\/\/bogensportdiscount.ch\/fr\/wp-json\/wp\/v2\/media?parent=394438"}],"wp:term":[{"taxonomy":"product_brand","embeddable":true,"href":"https:\/\/bogensportdiscount.ch\/fr\/wp-json\/wp\/v2\/product_brand?post=394438"},{"taxonomy":"product_cat","embeddable":true,"href":"https:\/\/bogensportdiscount.ch\/fr\/wp-json\/wp\/v2\/product_cat?post=394438"},{"taxonomy":"product_tag","embeddable":true,"href":"https:\/\/bogensportdiscount.ch\/fr\/wp-json\/wp\/v2\/product_tag?post=394438"}],"curies":[{"name":"wp","href":"https:\/\/api.w.org\/{rel}","templated":true}]}}