{"id":394424,"date":"2026-04-05T14:33:31","date_gmt":"2026-04-05T12:33:31","guid":{"rendered":"https:\/\/bogensportdiscount.ch\/produkt\/pse-limb-damper-gen-x-4-pk\/"},"modified":"2026-04-15T12:17:19","modified_gmt":"2026-04-15T10:17:19","slug":"pse-wurfarmdaempfer-gen-x-4er-pack","status":"publish","type":"product","link":"https:\/\/bogensportdiscount.ch\/fr\/produit\/pse-wurfarmdaempfer-gen-x-4er-pack\/","title":{"rendered":"PSE LIMB DAMPER GEN-X 4\/PK"},"content":{"rendered":"<p>Die PSE Wurfarmd\u00e4mpfer Gen-X sind speziell f\u00fcr den Einsatz an Compound-B\u00f6gen der PSE Gen-X Plattform entwickelt. Sie d\u00e4mpfen Vibrationen, die beim Schuss entstehen, und tragen so zu einem ruhigeren Abschluss bei.<\/p>\n<p>Das Set enth\u00e4lt 4 D\u00e4mpfer, sodass alle Wurfarmenden gleichzeitig ausgestattet werden k\u00f6nnen. Die Montage erfolgt direkt an den Wurfarmspitzen des Bogens.<\/p>\n<ul>\n<li>4 D\u00e4mpfer pro Packung<\/li>\n<li>Reduziert Vibrationen und Schussger\u00e4usche<\/li>\n<li>Entwickelt f\u00fcr PSE Gen-X B\u00f6gen<\/li>\n<li>Einfache Montage an den Wurfarmenden<\/li>\n<\/ul>","protected":false},"excerpt":{"rendered":"<p><strong>Marque :<\/strong> PSE<br \/><strong>GTIN:<\/strong> 42958589152<\/p>","protected":false},"featured_media":453631,"comment_status":"open","ping_status":"closed","template":"","meta":[],"product_brand":[450],"product_cat":[4614],"product_tag":[3546],"class_list":{"0":"post-394424","1":"product","2":"type-product","3":"status-publish","4":"has-post-thumbnail","6":"product_brand-pse","7":"product_cat-wurfarm-daempfer","8":"product_tag-neuheit","10":"first","11":"onbackorder","12":"shipping-taxable","13":"purchasable","14":"product-type-simple"},"_links":{"self":[{"href":"https:\/\/bogensportdiscount.ch\/fr\/wp-json\/wp\/v2\/product\/394424","targetHints":{"allow":["GET"]}}],"collection":[{"href":"https:\/\/bogensportdiscount.ch\/fr\/wp-json\/wp\/v2\/product"}],"about":[{"href":"https:\/\/bogensportdiscount.ch\/fr\/wp-json\/wp\/v2\/types\/product"}],"replies":[{"embeddable":true,"href":"https:\/\/bogensportdiscount.ch\/fr\/wp-json\/wp\/v2\/comments?post=394424"}],"wp:featuredmedia":[{"embeddable":true,"href":"https:\/\/bogensportdiscount.ch\/fr\/wp-json\/wp\/v2\/media\/453631"}],"wp:attachment":[{"href":"https:\/\/bogensportdiscount.ch\/fr\/wp-json\/wp\/v2\/media?parent=394424"}],"wp:term":[{"taxonomy":"product_brand","embeddable":true,"href":"https:\/\/bogensportdiscount.ch\/fr\/wp-json\/wp\/v2\/product_brand?post=394424"},{"taxonomy":"product_cat","embeddable":true,"href":"https:\/\/bogensportdiscount.ch\/fr\/wp-json\/wp\/v2\/product_cat?post=394424"},{"taxonomy":"product_tag","embeddable":true,"href":"https:\/\/bogensportdiscount.ch\/fr\/wp-json\/wp\/v2\/product_tag?post=394424"}],"curies":[{"name":"wp","href":"https:\/\/api.w.org\/{rel}","templated":true}]}}