{"id":394396,"date":"2026-04-05T14:33:25","date_gmt":"2026-04-05T12:33:25","guid":{"rendered":"https:\/\/bogensportdiscount.ch\/produkt\/backstop-mat-max-hold-height-2m-length-3m\/"},"modified":"2026-04-16T12:43:02","modified_gmt":"2026-04-16T10:43:02","slug":"backstop-pfeilfangnetz-max-hold-hoehe-2m-laenge-3m","status":"publish","type":"product","link":"https:\/\/bogensportdiscount.ch\/fr\/produit\/backstop-pfeilfangnetz-max-hold-hoehe-2m-laenge-3m\/","title":{"rendered":"BACKSTOP MAT MAX HOLD - HAUTEUR 2m - LONGUEUR 3m"},"content":{"rendered":"<p>Das BACKSTOP Max Hold ist ein Pfeilfangnetz f\u00fcr den Bogensport, das eine Abmessung von 2m H\u00f6he und 3m L\u00e4nge aufweist. Es ist darauf ausgelegt, Pfeile sicher aufzuhalten und damit Personen sowie Gegenst\u00e4nde hinter dem Zielbereich zu sch\u00fctzen.<\/p>\n<p>Dank seiner stabilen Konstruktion eignet sich das Netz sowohl f\u00fcr den Trainingsbereich zu Hause als auch f\u00fcr Schiessst\u00e4nde und Bogensportclubs. Die Bezeichnung \u00abMax Hold\u00bb weist auf eine besonders hohe Haltef\u00e4higkeit des Netzes hin.<\/p>\n<ul>\n<li>Abmessungen: 2m H\u00f6he \u00d7 3m L\u00e4nge<\/li>\n<li>Geeignet f\u00fcr Indoor- und Outdoor-Einsatz<\/li>\n<li>Sch\u00fctzt den Bereich hinter dem Ziel zuverl\u00e4ssig<\/li>\n<li>Passend f\u00fcr Trainings- und Vereinsanlagen<\/li>\n<\/ul>","protected":false},"excerpt":{"rendered":"<p><strong>Marque :<\/strong> Backstop<br \/><strong>L\u00e4nge (cm):<\/strong> 300<\/p>","protected":false},"featured_media":453576,"comment_status":"open","ping_status":"closed","template":"","meta":[],"product_brand":[860],"product_cat":[4277],"product_tag":[3546],"class_list":{"0":"post-394396","1":"product","2":"type-product","3":"status-publish","4":"has-post-thumbnail","6":"product_brand-backstop","7":"product_cat-netze-backstops-netze","8":"product_tag-neuheit","10":"first","11":"instock","12":"shipping-taxable","13":"purchasable","14":"product-type-simple"},"_links":{"self":[{"href":"https:\/\/bogensportdiscount.ch\/fr\/wp-json\/wp\/v2\/product\/394396","targetHints":{"allow":["GET"]}}],"collection":[{"href":"https:\/\/bogensportdiscount.ch\/fr\/wp-json\/wp\/v2\/product"}],"about":[{"href":"https:\/\/bogensportdiscount.ch\/fr\/wp-json\/wp\/v2\/types\/product"}],"replies":[{"embeddable":true,"href":"https:\/\/bogensportdiscount.ch\/fr\/wp-json\/wp\/v2\/comments?post=394396"}],"wp:featuredmedia":[{"embeddable":true,"href":"https:\/\/bogensportdiscount.ch\/fr\/wp-json\/wp\/v2\/media\/453576"}],"wp:attachment":[{"href":"https:\/\/bogensportdiscount.ch\/fr\/wp-json\/wp\/v2\/media?parent=394396"}],"wp:term":[{"taxonomy":"product_brand","embeddable":true,"href":"https:\/\/bogensportdiscount.ch\/fr\/wp-json\/wp\/v2\/product_brand?post=394396"},{"taxonomy":"product_cat","embeddable":true,"href":"https:\/\/bogensportdiscount.ch\/fr\/wp-json\/wp\/v2\/product_cat?post=394396"},{"taxonomy":"product_tag","embeddable":true,"href":"https:\/\/bogensportdiscount.ch\/fr\/wp-json\/wp\/v2\/product_tag?post=394396"}],"curies":[{"name":"wp","href":"https:\/\/api.w.org\/{rel}","templated":true}]}}