{"id":394374,"date":"2026-04-05T14:33:21","date_gmt":"2026-04-05T12:33:21","guid":{"rendered":"https:\/\/bogensportdiscount.ch\/produkt\/aae-arrow-pullers-face-off-replacement-faces\/"},"modified":"2026-04-16T12:04:01","modified_gmt":"2026-04-16T10:04:01","slug":"aae-arrow-puller-face-off-ersatzpads","status":"publish","type":"product","link":"https:\/\/bogensportdiscount.ch\/fr\/produit\/aae-arrow-puller-face-off-ersatzpads\/","title":{"rendered":"AAE ARROW PULLERS FACE OFF REPLACEMENT FACES"},"content":{"rendered":"<p>Die AAE Face Off Ersatzpads sind Ersatz-Greiffl\u00e4chen f\u00fcr den AAE Face Off Arrow Puller. Sie erm\u00f6glichen es, verschlissene Pads einfach auszutauschen und den Pfeilzieher wieder in einwandfreiem Zustand zu nutzen.<\/p>\n<p>Die Pads sind in Schwarz gehalten und sorgen f\u00fcr den n\u00f6tigen Grip beim Ziehen von Pfeilen aus der Zielscheibe. Durch die einfache Austauschbarkeit verl\u00e4ngert sich die Lebensdauer des Arrow Pullers erheblich.<\/p>\n<ul>\n<li>Ersatzpads f\u00fcr den AAE Face Off Arrow Puller<\/li>\n<li>Farbe: Schwarz<\/li>\n<li>Einfacher Austausch bei Verschleiss<\/li>\n<li>Fabriqu\u00e9 aux \u00c9tats-Unis<\/li>\n<\/ul>","protected":false},"excerpt":{"rendered":"<table>\n<tr>\n<th>Propri\u00e9t\u00e9<\/th>\n<th>Valeur<\/th>\n<\/tr>\n<tr>\n<td>Marque<\/td>\n<td>AAE<\/td>\n<\/tr>\n<tr>\n<td>Couleur<\/td>\n<td>Schwarz<\/td>\n<\/tr>\n<tr>\n<td>GTIN<\/td>\n<td>096881005845<\/td>\n<\/tr>\n<tr>\n<td>Herkunftsland<\/td>\n<td>USA<\/td>\n<\/tr>\n<\/table>","protected":false},"featured_media":453556,"comment_status":"open","ping_status":"closed","template":"","meta":[],"product_brand":[517],"product_cat":[4364],"product_tag":[3546],"class_list":{"0":"post-394374","1":"product","2":"type-product","3":"status-publish","4":"has-post-thumbnail","6":"product_brand-aae","7":"product_cat-arrow-pullers","8":"product_tag-neuheit","10":"first","11":"instock","12":"shipping-taxable","13":"purchasable","14":"product-type-simple"},"_links":{"self":[{"href":"https:\/\/bogensportdiscount.ch\/fr\/wp-json\/wp\/v2\/product\/394374","targetHints":{"allow":["GET"]}}],"collection":[{"href":"https:\/\/bogensportdiscount.ch\/fr\/wp-json\/wp\/v2\/product"}],"about":[{"href":"https:\/\/bogensportdiscount.ch\/fr\/wp-json\/wp\/v2\/types\/product"}],"replies":[{"embeddable":true,"href":"https:\/\/bogensportdiscount.ch\/fr\/wp-json\/wp\/v2\/comments?post=394374"}],"wp:featuredmedia":[{"embeddable":true,"href":"https:\/\/bogensportdiscount.ch\/fr\/wp-json\/wp\/v2\/media\/453556"}],"wp:attachment":[{"href":"https:\/\/bogensportdiscount.ch\/fr\/wp-json\/wp\/v2\/media?parent=394374"}],"wp:term":[{"taxonomy":"product_brand","embeddable":true,"href":"https:\/\/bogensportdiscount.ch\/fr\/wp-json\/wp\/v2\/product_brand?post=394374"},{"taxonomy":"product_cat","embeddable":true,"href":"https:\/\/bogensportdiscount.ch\/fr\/wp-json\/wp\/v2\/product_cat?post=394374"},{"taxonomy":"product_tag","embeddable":true,"href":"https:\/\/bogensportdiscount.ch\/fr\/wp-json\/wp\/v2\/product_tag?post=394374"}],"curies":[{"name":"wp","href":"https:\/\/api.w.org\/{rel}","templated":true}]}}