{"id":394341,"date":"2026-04-05T14:33:14","date_gmt":"2026-04-05T12:33:14","guid":{"rendered":"https:\/\/bogensportdiscount.ch\/produkt\/axcel-x-vibe-picatinny-stabilizer-rod-adjustable-weight-dampener-1-8oz-dia-550-alu-black\/"},"modified":"2026-05-14T07:14:05","modified_gmt":"2026-05-14T05:14:05","slug":"axcel-stabilisatordaempfer-x-vibe-picatinny-verstellbar-1-8oz-dia-550-alu-schwarz","status":"publish","type":"product","link":"https:\/\/bogensportdiscount.ch\/fr\/produit\/axcel-stabilisatordaempfer-x-vibe-picatinny-verstellbar-1-8oz-dia-550-alu-schwarz\/","title":{"rendered":"AXCEL X-VIBE PICATINNY STABILISATEUR TIGE AMORTISSEUR DE POIDS R\u00c9GLABLE 1.8oz &#8211; DIA 550 &#8211; ALU NOIR"},"content":{"rendered":"<p>Le AXCEL X-Vibe est un amortisseur de stabilisateur destin\u00e9 \u00e0 \u00eatre utilis\u00e9 sur les stabilisateurs d'arc. Il se monte directement sur la tige du stabilisateur et r\u00e9duit les vibrations apr\u00e8s le tir, ce qui contribue \u00e0 une image de vis\u00e9e plus stable et \u00e0 une moindre fatigue.<\/p>\n<p>Le poids r\u00e9glable de 1.8oz permet un ajustement individuel de l'\u00e9quilibre et du comportement d'amortissement. Le rail Picatinny offre des possibilit\u00e9s de fixation suppl\u00e9mentaires pour les accessoires. Le bo\u00eetier est en aluminium de couleur noire et est con\u00e7u pour le diam\u00e8tre 550.<\/p>\n<ul>\n<li>Poids r\u00e9glable (1.8oz) pour un \u00e9quilibre personnalis\u00e9<\/li>\n<li>Rail Picatinny pour un montage d'accessoires flexible<\/li>\n<li>Bo\u00eetier en aluminium, couleur noire<\/li>\n<li>R\u00e9duit les vibrations sur la tige du stabilisateur<\/li>\n<\/ul>","protected":false},"excerpt":{"rendered":"<table>\n<tr>\n<th>Propri\u00e9t\u00e9<\/th>\n<th>Valeur<\/th>\n<\/tr>\n<tr>\n<td>Marque<\/td>\n<td>Axcel<\/td>\n<\/tr>\n<tr>\n<td>Couleur<\/td>\n<td>Noir<\/td>\n<\/tr>\n<tr>\n<td>Pays d'origine<\/td>\n<td>USA<\/td>\n<\/tr>\n<tr>\n<td>GTIN<\/td>\n<td>611254551967<\/td>\n<\/tr>\n<\/table>","protected":false},"featured_media":453529,"comment_status":"open","ping_status":"closed","template":"","meta":[],"product_brand":[467],"product_cat":[4128,4195,4197],"product_tag":[3546],"class_list":{"0":"post-394341","1":"product","2":"type-product","3":"status-publish","4":"has-post-thumbnail","6":"product_brand-axcel","7":"product_cat-bogen-zubehoer","8":"product_cat-daempfer","9":"product_cat-stabilisations-daempfer","10":"product_tag-neuheit","11":"product_shipping_class-bsd-standard","13":"first","14":"instock","15":"shipping-taxable","16":"purchasable","17":"product-type-simple"},"yoast_head":"<!-- This site is optimized with the Yoast SEO plugin v27.6 - https:\/\/yoast.com\/product\/yoast-seo-wordpress\/ -->\n<title>AXCEL X-VIBE PICATINNY STABILISATOR STAB VERSTELLBARER GEWICHTS-D\u00c4MPFER 1.8oz - DIA 550 - ALU SCHWARZ - Bogensportdiscount \u2013 B\u00f6gen, Pfeile, Targets &amp; Zubeh\u00f6r<\/title>\n<meta name=\"description\" content=\"AXCEL X-VIBE PICATINNY STABILISATOR STAB VERSTELLBARER GEWICHTS-D\u00c4MPFER 1.8oz - DIA 550 - ALU SCHWARZ g\u00fcnstig kaufen bei Bogensportdiscount \u2013 Top-Marken, schneller Versand aus der Schweiz.\" \/>\n<meta name=\"robots\" content=\"index, follow, max-snippet:-1, max-image-preview:large, max-video-preview:-1\" \/>\n<link rel=\"canonical\" href=\"https:\/\/bogensportdiscount.ch\/fr\/produit\/axcel-stabilisatordaempfer-x-vibe-picatinny-verstellbar-1-8oz-dia-550-alu-schwarz\/\" \/>\n<meta property=\"og:locale\" content=\"fr_FR\" \/>\n<meta property=\"og:type\" content=\"article\" \/>\n<meta property=\"og:title\" content=\"AXCEL X-VIBE PICATINNY STABILISATOR STAB VERSTELLBARER GEWICHTS-D\u00c4MPFER 1.8oz - DIA 550 - ALU SCHWARZ - Bogensportdiscount \u2013 B\u00f6gen, Pfeile, Targets &amp; Zubeh\u00f6r\" \/>\n<meta property=\"og:description\" content=\"AXCEL X-VIBE PICATINNY STABILISATOR STAB VERSTELLBARER GEWICHTS-D\u00c4MPFER 1.8oz - DIA 550 - ALU SCHWARZ g\u00fcnstig kaufen bei Bogensportdiscount \u2013 Top-Marken, schneller Versand aus der Schweiz.\" \/>\n<meta property=\"og:url\" content=\"https:\/\/bogensportdiscount.ch\/fr\/produit\/axcel-stabilisatordaempfer-x-vibe-picatinny-verstellbar-1-8oz-dia-550-alu-schwarz\/\" \/>\n<meta property=\"og:site_name\" content=\"Bogensportdiscount \u2013 B\u00f6gen, Pfeile, Targets &amp; Zubeh\u00f6r\" \/>\n<meta property=\"article:modified_time\" content=\"2026-05-14T05:14:05+00:00\" \/>\n<meta property=\"og:image\" content=\"https:\/\/bogensportdiscount.ch\/wp-content\/uploads\/bsm-images\/a101026_1.png\" \/>\n\t<meta property=\"og:image:width\" content=\"390\" \/>\n\t<meta property=\"og:image:height\" content=\"400\" \/>\n\t<meta property=\"og:image:type\" content=\"image\/png\" \/>\n<meta name=\"twitter:card\" content=\"summary_large_image\" \/>\n<script type=\"application\/ld+json\" class=\"yoast-schema-graph\">{\"@context\":\"https:\\\/\\\/schema.org\",\"@graph\":[{\"@type\":\"WebPage\",\"@id\":\"https:\\\/\\\/bogensportdiscount.ch\\\/produkt\\\/axcel-stabilisatordaempfer-x-vibe-picatinny-verstellbar-1-8oz-dia-550-alu-schwarz\\\/\",\"url\":\"https:\\\/\\\/bogensportdiscount.ch\\\/produkt\\\/axcel-stabilisatordaempfer-x-vibe-picatinny-verstellbar-1-8oz-dia-550-alu-schwarz\\\/\",\"name\":\"AXCEL X-VIBE PICATINNY STABILISATOR STAB VERSTELLBARER GEWICHTS-D\u00c4MPFER 1.8oz - DIA 550 - ALU SCHWARZ - Bogensportdiscount \u2013 B\u00f6gen, Pfeile, Targets &amp; Zubeh\u00f6r\",\"isPartOf\":{\"@id\":\"https:\\\/\\\/bogensportdiscount.ch\\\/#website\"},\"primaryImageOfPage\":{\"@id\":\"https:\\\/\\\/bogensportdiscount.ch\\\/produkt\\\/axcel-stabilisatordaempfer-x-vibe-picatinny-verstellbar-1-8oz-dia-550-alu-schwarz\\\/#primaryimage\"},\"image\":{\"@id\":\"https:\\\/\\\/bogensportdiscount.ch\\\/produkt\\\/axcel-stabilisatordaempfer-x-vibe-picatinny-verstellbar-1-8oz-dia-550-alu-schwarz\\\/#primaryimage\"},\"thumbnailUrl\":\"https:\\\/\\\/bogensportdiscount.ch\\\/wp-content\\\/uploads\\\/bsm-images\\\/a101026_1.png\",\"datePublished\":\"2026-04-05T12:33:14+00:00\",\"dateModified\":\"2026-05-14T05:14:05+00:00\",\"description\":\"AXCEL X-VIBE PICATINNY STABILISATOR STAB VERSTELLBARER GEWICHTS-D\u00c4MPFER 1.8oz - DIA 550 - ALU SCHWARZ g\u00fcnstig kaufen bei Bogensportdiscount \u2013 Top-Marken, schneller Versand aus der Schweiz.\",\"breadcrumb\":{\"@id\":\"https:\\\/\\\/bogensportdiscount.ch\\\/produkt\\\/axcel-stabilisatordaempfer-x-vibe-picatinny-verstellbar-1-8oz-dia-550-alu-schwarz\\\/#breadcrumb\"},\"inLanguage\":\"fr-FR\",\"potentialAction\":[{\"@type\":\"ReadAction\",\"target\":[\"https:\\\/\\\/bogensportdiscount.ch\\\/produkt\\\/axcel-stabilisatordaempfer-x-vibe-picatinny-verstellbar-1-8oz-dia-550-alu-schwarz\\\/\"]}]},{\"@type\":\"ImageObject\",\"inLanguage\":\"fr-FR\",\"@id\":\"https:\\\/\\\/bogensportdiscount.ch\\\/produkt\\\/axcel-stabilisatordaempfer-x-vibe-picatinny-verstellbar-1-8oz-dia-550-alu-schwarz\\\/#primaryimage\",\"url\":\"https:\\\/\\\/bogensportdiscount.ch\\\/wp-content\\\/uploads\\\/bsm-images\\\/a101026_1.png\",\"contentUrl\":\"https:\\\/\\\/bogensportdiscount.ch\\\/wp-content\\\/uploads\\\/bsm-images\\\/a101026_1.png\",\"width\":390,\"height\":400},{\"@type\":\"BreadcrumbList\",\"@id\":\"https:\\\/\\\/bogensportdiscount.ch\\\/produkt\\\/axcel-stabilisatordaempfer-x-vibe-picatinny-verstellbar-1-8oz-dia-550-alu-schwarz\\\/#breadcrumb\",\"itemListElement\":[{\"@type\":\"ListItem\",\"position\":1,\"name\":\"Home\",\"item\":\"https:\\\/\\\/bogensportdiscount.ch\\\/\"},{\"@type\":\"ListItem\",\"position\":2,\"name\":\"Shop\",\"item\":\"https:\\\/\\\/bogensportdiscount.ch\\\/shop\\\/\"},{\"@type\":\"ListItem\",\"position\":3,\"name\":\"AXCEL X-VIBE PICATINNY STABILIZER ROD ADJUSTABLE WEIGHT DAMPENER 1.8oz &#8211; DIA 550 &#8211; ALU BLACK\"}]},{\"@type\":\"WebSite\",\"@id\":\"https:\\\/\\\/bogensportdiscount.ch\\\/#website\",\"url\":\"https:\\\/\\\/bogensportdiscount.ch\\\/\",\"name\":\"Bogensportdiscount\",\"description\":\"\",\"potentialAction\":[{\"@type\":\"SearchAction\",\"target\":{\"@type\":\"EntryPoint\",\"urlTemplate\":\"https:\\\/\\\/bogensportdiscount.ch\\\/?s={search_term_string}\"},\"query-input\":{\"@type\":\"PropertyValueSpecification\",\"valueRequired\":true,\"valueName\":\"search_term_string\"}}],\"inLanguage\":\"fr-FR\"}]}<\/script>\n<!-- \/ Yoast SEO plugin. -->","yoast_head_json":{"title":"AXCEL X-VIBE PICATINNY STABILISATOR STAB VERSTELLBARER GEWICHTS-D\u00c4MPFER 1.8oz - DIA 550 - ALU SCHWARZ - Bogensportdiscount \u2013 B\u00f6gen, Pfeile, Targets &amp; Zubeh\u00f6r","description":"AXCEL X-VIBE PICATINNY STABILISATOR STAB VERSTELLBARER GEWICHTS-D\u00c4MPFER 1.8oz - DIA 550 - ALU SCHWARZ g\u00fcnstig kaufen bei Bogensportdiscount \u2013 Top-Marken, schneller Versand aus der Schweiz.","robots":{"index":"index","follow":"follow","max-snippet":"max-snippet:-1","max-image-preview":"max-image-preview:large","max-video-preview":"max-video-preview:-1"},"canonical":"https:\/\/bogensportdiscount.ch\/fr\/produit\/axcel-stabilisatordaempfer-x-vibe-picatinny-verstellbar-1-8oz-dia-550-alu-schwarz\/","og_locale":"fr_FR","og_type":"article","og_title":"AXCEL X-VIBE PICATINNY STABILISATOR STAB VERSTELLBARER GEWICHTS-D\u00c4MPFER 1.8oz - DIA 550 - ALU SCHWARZ - Bogensportdiscount \u2013 B\u00f6gen, Pfeile, Targets &amp; Zubeh\u00f6r","og_description":"AXCEL X-VIBE PICATINNY STABILISATOR STAB VERSTELLBARER GEWICHTS-D\u00c4MPFER 1.8oz - DIA 550 - ALU SCHWARZ g\u00fcnstig kaufen bei Bogensportdiscount \u2013 Top-Marken, schneller Versand aus der Schweiz.","og_url":"https:\/\/bogensportdiscount.ch\/fr\/produit\/axcel-stabilisatordaempfer-x-vibe-picatinny-verstellbar-1-8oz-dia-550-alu-schwarz\/","og_site_name":"Bogensportdiscount \u2013 B\u00f6gen, Pfeile, Targets &amp; Zubeh\u00f6r","article_modified_time":"2026-05-14T05:14:05+00:00","og_image":[{"width":390,"height":400,"url":"https:\/\/bogensportdiscount.ch\/wp-content\/uploads\/bsm-images\/a101026_1.png","type":"image\/png"}],"twitter_card":"summary_large_image","schema":{"@context":"https:\/\/schema.org","@graph":[{"@type":"WebPage","@id":"https:\/\/bogensportdiscount.ch\/produkt\/axcel-stabilisatordaempfer-x-vibe-picatinny-verstellbar-1-8oz-dia-550-alu-schwarz\/","url":"https:\/\/bogensportdiscount.ch\/produkt\/axcel-stabilisatordaempfer-x-vibe-picatinny-verstellbar-1-8oz-dia-550-alu-schwarz\/","name":"AXCEL X-VIBE PICATINNY STABILISATOR STAB VERSTELLBARER GEWICHTS-D\u00c4MPFER 1.8oz - DIA 550 - ALU SCHWARZ - Bogensportdiscount \u2013 B\u00f6gen, Pfeile, Targets &amp; Zubeh\u00f6r","isPartOf":{"@id":"https:\/\/bogensportdiscount.ch\/#website"},"primaryImageOfPage":{"@id":"https:\/\/bogensportdiscount.ch\/produkt\/axcel-stabilisatordaempfer-x-vibe-picatinny-verstellbar-1-8oz-dia-550-alu-schwarz\/#primaryimage"},"image":{"@id":"https:\/\/bogensportdiscount.ch\/produkt\/axcel-stabilisatordaempfer-x-vibe-picatinny-verstellbar-1-8oz-dia-550-alu-schwarz\/#primaryimage"},"thumbnailUrl":"https:\/\/bogensportdiscount.ch\/wp-content\/uploads\/bsm-images\/a101026_1.png","datePublished":"2026-04-05T12:33:14+00:00","dateModified":"2026-05-14T05:14:05+00:00","description":"AXCEL X-VIBE PICATINNY STABILISATOR STAB VERSTELLBARER GEWICHTS-D\u00c4MPFER 1.8oz - DIA 550 - ALU SCHWARZ g\u00fcnstig kaufen bei Bogensportdiscount \u2013 Top-Marken, schneller Versand aus der Schweiz.","breadcrumb":{"@id":"https:\/\/bogensportdiscount.ch\/produkt\/axcel-stabilisatordaempfer-x-vibe-picatinny-verstellbar-1-8oz-dia-550-alu-schwarz\/#breadcrumb"},"inLanguage":"fr-FR","potentialAction":[{"@type":"ReadAction","target":["https:\/\/bogensportdiscount.ch\/produkt\/axcel-stabilisatordaempfer-x-vibe-picatinny-verstellbar-1-8oz-dia-550-alu-schwarz\/"]}]},{"@type":"ImageObject","inLanguage":"fr-FR","@id":"https:\/\/bogensportdiscount.ch\/produkt\/axcel-stabilisatordaempfer-x-vibe-picatinny-verstellbar-1-8oz-dia-550-alu-schwarz\/#primaryimage","url":"https:\/\/bogensportdiscount.ch\/wp-content\/uploads\/bsm-images\/a101026_1.png","contentUrl":"https:\/\/bogensportdiscount.ch\/wp-content\/uploads\/bsm-images\/a101026_1.png","width":390,"height":400},{"@type":"BreadcrumbList","@id":"https:\/\/bogensportdiscount.ch\/produkt\/axcel-stabilisatordaempfer-x-vibe-picatinny-verstellbar-1-8oz-dia-550-alu-schwarz\/#breadcrumb","itemListElement":[{"@type":"ListItem","position":1,"name":"Home","item":"https:\/\/bogensportdiscount.ch\/"},{"@type":"ListItem","position":2,"name":"Shop","item":"https:\/\/bogensportdiscount.ch\/shop\/"},{"@type":"ListItem","position":3,"name":"AXCEL X-VIBE PICATINNY STABILIZER ROD ADJUSTABLE WEIGHT DAMPENER 1.8oz &#8211; DIA 550 &#8211; ALU BLACK"}]},{"@type":"WebSite","@id":"https:\/\/bogensportdiscount.ch\/#website","url":"https:\/\/bogensportdiscount.ch\/","name":"Bogensportdiscount","description":"","potentialAction":[{"@type":"SearchAction","target":{"@type":"EntryPoint","urlTemplate":"https:\/\/bogensportdiscount.ch\/?s={search_term_string}"},"query-input":{"@type":"PropertyValueSpecification","valueRequired":true,"valueName":"search_term_string"}}],"inLanguage":"fr-FR"}]}},"_links":{"self":[{"href":"https:\/\/bogensportdiscount.ch\/fr\/wp-json\/wp\/v2\/product\/394341","targetHints":{"allow":["GET"]}}],"collection":[{"href":"https:\/\/bogensportdiscount.ch\/fr\/wp-json\/wp\/v2\/product"}],"about":[{"href":"https:\/\/bogensportdiscount.ch\/fr\/wp-json\/wp\/v2\/types\/product"}],"replies":[{"embeddable":true,"href":"https:\/\/bogensportdiscount.ch\/fr\/wp-json\/wp\/v2\/comments?post=394341"}],"wp:featuredmedia":[{"embeddable":true,"href":"https:\/\/bogensportdiscount.ch\/fr\/wp-json\/wp\/v2\/media\/453529"}],"wp:attachment":[{"href":"https:\/\/bogensportdiscount.ch\/fr\/wp-json\/wp\/v2\/media?parent=394341"}],"wp:term":[{"taxonomy":"product_brand","embeddable":true,"href":"https:\/\/bogensportdiscount.ch\/fr\/wp-json\/wp\/v2\/product_brand?post=394341"},{"taxonomy":"product_cat","embeddable":true,"href":"https:\/\/bogensportdiscount.ch\/fr\/wp-json\/wp\/v2\/product_cat?post=394341"},{"taxonomy":"product_tag","embeddable":true,"href":"https:\/\/bogensportdiscount.ch\/fr\/wp-json\/wp\/v2\/product_tag?post=394341"}],"curies":[{"name":"wp","href":"https:\/\/api.w.org\/{rel}","templated":true}]}}