{"id":394330,"date":"2026-04-05T14:33:11","date_gmt":"2026-04-05T12:33:11","guid":{"rendered":"https:\/\/bogensportdiscount.ch\/produkt\/acu-archery-s-o-s-lite-condensed-sos-unit-3oz\/"},"modified":"2026-05-14T07:14:05","modified_gmt":"2026-05-14T05:14:05","slug":"acuarchery-stabilisatordaempfer-sos-lite-condensed-3oz","status":"publish","type":"product","link":"https:\/\/bogensportdiscount.ch\/fr\/produit\/acuarchery-stabilisatordaempfer-sos-lite-condensed-3oz\/","title":{"rendered":"ACU ARCHERY S.O.S. LITE UNIT\u00c9 SOS CONDENS\u00c9E &#8211; 3oz"},"content":{"rendered":"<p>Le ACUARCHERY S.O.S. Lite Condensed SOS Unit est un amortisseur pour stabilisateurs d'arc. Avec un poids de 3oz (env. 85 g), il combine la fonction d'amortissement et d'\u00e9quilibrage dans un format compact.<\/p>\n<p>Le mod\u00e8le fait partie de la ligne S.O.S. de ACUARCHERY et s'adresse aux archers souhaitant r\u00e9duire les vibrations et les chocs ind\u00e9sirables sur le syst\u00e8me de stabilisation. La forme compacte \u00ab Condensed \u00bb permet une utilisation peu encombrante sur le stabilisateur.<\/p>\n<ul>\n<li>Poids : 3oz<\/li>\n<li>Forme compacte Condensed<\/li>\n<li>Amortit les vibrations et les chocs sur le stabilisateur<\/li>\n<li>De ACUARCHERY, fabricant d'accessoires pour stabilisateurs d'arc<\/li>\n<\/ul>","protected":false},"excerpt":{"rendered":"<table>\n<tr>\n<th>Propri\u00e9t\u00e9<\/th>\n<th>Valeur<\/th>\n<\/tr>\n<tr>\n<td>Marque<\/td>\n<td>ACU Archery<\/td>\n<\/tr>\n<tr>\n<td>Pays d'origine<\/td>\n<td>USA<\/td>\n<\/tr>\n<\/table>","protected":false},"featured_media":524554,"comment_status":"open","ping_status":"closed","template":"","meta":[],"product_brand":[856],"product_cat":[4128,4195,4197],"product_tag":[3546],"class_list":{"0":"post-394330","1":"product","2":"type-product","3":"status-publish","4":"has-post-thumbnail","6":"product_brand-acuarchery","7":"product_cat-bogen-zubehoer","8":"product_cat-daempfer","9":"product_cat-stabilisations-daempfer","10":"product_tag-neuheit","11":"product_shipping_class-bsd-standard","13":"first","14":"instock","15":"shipping-taxable","16":"purchasable","17":"product-type-simple"},"yoast_head":"<!-- This site is optimized with the Yoast SEO plugin v27.6 - https:\/\/yoast.com\/product\/yoast-seo-wordpress\/ -->\n<title>ACU ARCHERY S.O.S. LITE CONDENSED SOS EINHEIT - 3oz - Bogensportdiscount \u2013 B\u00f6gen, Pfeile, Targets &amp; Zubeh\u00f6r<\/title>\n<meta name=\"description\" content=\"ACU ARCHERY S.O.S. LITE CONDENSED SOS EINHEIT - 3oz g\u00fcnstig kaufen bei Bogensportdiscount \u2013 Top-Marken, schneller Versand aus der Schweiz.\" \/>\n<meta name=\"robots\" content=\"index, follow, max-snippet:-1, max-image-preview:large, max-video-preview:-1\" \/>\n<link rel=\"canonical\" href=\"https:\/\/bogensportdiscount.ch\/fr\/produit\/acuarchery-stabilisatordaempfer-sos-lite-condensed-3oz\/\" \/>\n<meta property=\"og:locale\" content=\"fr_FR\" \/>\n<meta property=\"og:type\" content=\"article\" \/>\n<meta property=\"og:title\" content=\"ACU ARCHERY S.O.S. LITE CONDENSED SOS EINHEIT - 3oz - Bogensportdiscount \u2013 B\u00f6gen, Pfeile, Targets &amp; Zubeh\u00f6r\" \/>\n<meta property=\"og:description\" content=\"ACU ARCHERY S.O.S. LITE CONDENSED SOS EINHEIT - 3oz g\u00fcnstig kaufen bei Bogensportdiscount \u2013 Top-Marken, schneller Versand aus der Schweiz.\" \/>\n<meta property=\"og:url\" content=\"https:\/\/bogensportdiscount.ch\/fr\/produit\/acuarchery-stabilisatordaempfer-sos-lite-condensed-3oz\/\" \/>\n<meta property=\"og:site_name\" content=\"Bogensportdiscount \u2013 B\u00f6gen, Pfeile, Targets &amp; Zubeh\u00f6r\" \/>\n<meta property=\"article:modified_time\" content=\"2026-05-14T05:14:05+00:00\" \/>\n<meta property=\"og:image\" content=\"https:\/\/bogensportdiscount.ch\/wp-content\/uploads\/bsm-images\/A100818_1.jpg\" \/>\n\t<meta property=\"og:image:width\" content=\"1080\" \/>\n\t<meta property=\"og:image:height\" content=\"1080\" \/>\n\t<meta property=\"og:image:type\" content=\"image\/jpeg\" \/>\n<meta name=\"twitter:card\" content=\"summary_large_image\" \/>\n<script type=\"application\/ld+json\" class=\"yoast-schema-graph\">{\"@context\":\"https:\\\/\\\/schema.org\",\"@graph\":[{\"@type\":\"WebPage\",\"@id\":\"https:\\\/\\\/bogensportdiscount.ch\\\/produkt\\\/acuarchery-stabilisatordaempfer-sos-lite-condensed-3oz\\\/\",\"url\":\"https:\\\/\\\/bogensportdiscount.ch\\\/produkt\\\/acuarchery-stabilisatordaempfer-sos-lite-condensed-3oz\\\/\",\"name\":\"ACU ARCHERY S.O.S. LITE CONDENSED SOS EINHEIT - 3oz - Bogensportdiscount \u2013 B\u00f6gen, Pfeile, Targets &amp; Zubeh\u00f6r\",\"isPartOf\":{\"@id\":\"https:\\\/\\\/bogensportdiscount.ch\\\/#website\"},\"primaryImageOfPage\":{\"@id\":\"https:\\\/\\\/bogensportdiscount.ch\\\/produkt\\\/acuarchery-stabilisatordaempfer-sos-lite-condensed-3oz\\\/#primaryimage\"},\"image\":{\"@id\":\"https:\\\/\\\/bogensportdiscount.ch\\\/produkt\\\/acuarchery-stabilisatordaempfer-sos-lite-condensed-3oz\\\/#primaryimage\"},\"thumbnailUrl\":\"https:\\\/\\\/bogensportdiscount.ch\\\/wp-content\\\/uploads\\\/bsm-images\\\/A100818_1.jpg\",\"datePublished\":\"2026-04-05T12:33:11+00:00\",\"dateModified\":\"2026-05-14T05:14:05+00:00\",\"description\":\"ACU ARCHERY S.O.S. LITE CONDENSED SOS EINHEIT - 3oz g\u00fcnstig kaufen bei Bogensportdiscount \u2013 Top-Marken, schneller Versand aus der Schweiz.\",\"breadcrumb\":{\"@id\":\"https:\\\/\\\/bogensportdiscount.ch\\\/produkt\\\/acuarchery-stabilisatordaempfer-sos-lite-condensed-3oz\\\/#breadcrumb\"},\"inLanguage\":\"fr-FR\",\"potentialAction\":[{\"@type\":\"ReadAction\",\"target\":[\"https:\\\/\\\/bogensportdiscount.ch\\\/produkt\\\/acuarchery-stabilisatordaempfer-sos-lite-condensed-3oz\\\/\"]}]},{\"@type\":\"ImageObject\",\"inLanguage\":\"fr-FR\",\"@id\":\"https:\\\/\\\/bogensportdiscount.ch\\\/produkt\\\/acuarchery-stabilisatordaempfer-sos-lite-condensed-3oz\\\/#primaryimage\",\"url\":\"https:\\\/\\\/bogensportdiscount.ch\\\/wp-content\\\/uploads\\\/bsm-images\\\/A100818_1.jpg\",\"contentUrl\":\"https:\\\/\\\/bogensportdiscount.ch\\\/wp-content\\\/uploads\\\/bsm-images\\\/A100818_1.jpg\",\"width\":1080,\"height\":1080},{\"@type\":\"BreadcrumbList\",\"@id\":\"https:\\\/\\\/bogensportdiscount.ch\\\/produkt\\\/acuarchery-stabilisatordaempfer-sos-lite-condensed-3oz\\\/#breadcrumb\",\"itemListElement\":[{\"@type\":\"ListItem\",\"position\":1,\"name\":\"Home\",\"item\":\"https:\\\/\\\/bogensportdiscount.ch\\\/\"},{\"@type\":\"ListItem\",\"position\":2,\"name\":\"Shop\",\"item\":\"https:\\\/\\\/bogensportdiscount.ch\\\/shop\\\/\"},{\"@type\":\"ListItem\",\"position\":3,\"name\":\"ACU ARCHERY S.O.S. LITE CONDENSED SOS UNIT &#8211; 3oz\"}]},{\"@type\":\"WebSite\",\"@id\":\"https:\\\/\\\/bogensportdiscount.ch\\\/#website\",\"url\":\"https:\\\/\\\/bogensportdiscount.ch\\\/\",\"name\":\"Bogensportdiscount\",\"description\":\"\",\"potentialAction\":[{\"@type\":\"SearchAction\",\"target\":{\"@type\":\"EntryPoint\",\"urlTemplate\":\"https:\\\/\\\/bogensportdiscount.ch\\\/?s={search_term_string}\"},\"query-input\":{\"@type\":\"PropertyValueSpecification\",\"valueRequired\":true,\"valueName\":\"search_term_string\"}}],\"inLanguage\":\"fr-FR\"}]}<\/script>\n<!-- \/ Yoast SEO plugin. -->","yoast_head_json":{"title":"ACU ARCHERY S.O.S. LITE CONDENSED SOS EINHEIT - 3oz - Bogensportdiscount \u2013 B\u00f6gen, Pfeile, Targets &amp; Zubeh\u00f6r","description":"ACU ARCHERY S.O.S. LITE CONDENSED SOS EINHEIT - 3oz g\u00fcnstig kaufen bei Bogensportdiscount \u2013 Top-Marken, schneller Versand aus der Schweiz.","robots":{"index":"index","follow":"follow","max-snippet":"max-snippet:-1","max-image-preview":"max-image-preview:large","max-video-preview":"max-video-preview:-1"},"canonical":"https:\/\/bogensportdiscount.ch\/fr\/produit\/acuarchery-stabilisatordaempfer-sos-lite-condensed-3oz\/","og_locale":"fr_FR","og_type":"article","og_title":"ACU ARCHERY S.O.S. LITE CONDENSED SOS EINHEIT - 3oz - Bogensportdiscount \u2013 B\u00f6gen, Pfeile, Targets &amp; Zubeh\u00f6r","og_description":"ACU ARCHERY S.O.S. LITE CONDENSED SOS EINHEIT - 3oz g\u00fcnstig kaufen bei Bogensportdiscount \u2013 Top-Marken, schneller Versand aus der Schweiz.","og_url":"https:\/\/bogensportdiscount.ch\/fr\/produit\/acuarchery-stabilisatordaempfer-sos-lite-condensed-3oz\/","og_site_name":"Bogensportdiscount \u2013 B\u00f6gen, Pfeile, Targets &amp; Zubeh\u00f6r","article_modified_time":"2026-05-14T05:14:05+00:00","og_image":[{"width":1080,"height":1080,"url":"https:\/\/bogensportdiscount.ch\/wp-content\/uploads\/bsm-images\/A100818_1.jpg","type":"image\/jpeg"}],"twitter_card":"summary_large_image","schema":{"@context":"https:\/\/schema.org","@graph":[{"@type":"WebPage","@id":"https:\/\/bogensportdiscount.ch\/produkt\/acuarchery-stabilisatordaempfer-sos-lite-condensed-3oz\/","url":"https:\/\/bogensportdiscount.ch\/produkt\/acuarchery-stabilisatordaempfer-sos-lite-condensed-3oz\/","name":"ACU ARCHERY S.O.S. LITE CONDENSED SOS EINHEIT - 3oz - Bogensportdiscount \u2013 B\u00f6gen, Pfeile, Targets &amp; Zubeh\u00f6r","isPartOf":{"@id":"https:\/\/bogensportdiscount.ch\/#website"},"primaryImageOfPage":{"@id":"https:\/\/bogensportdiscount.ch\/produkt\/acuarchery-stabilisatordaempfer-sos-lite-condensed-3oz\/#primaryimage"},"image":{"@id":"https:\/\/bogensportdiscount.ch\/produkt\/acuarchery-stabilisatordaempfer-sos-lite-condensed-3oz\/#primaryimage"},"thumbnailUrl":"https:\/\/bogensportdiscount.ch\/wp-content\/uploads\/bsm-images\/A100818_1.jpg","datePublished":"2026-04-05T12:33:11+00:00","dateModified":"2026-05-14T05:14:05+00:00","description":"ACU ARCHERY S.O.S. LITE CONDENSED SOS EINHEIT - 3oz g\u00fcnstig kaufen bei Bogensportdiscount \u2013 Top-Marken, schneller Versand aus der Schweiz.","breadcrumb":{"@id":"https:\/\/bogensportdiscount.ch\/produkt\/acuarchery-stabilisatordaempfer-sos-lite-condensed-3oz\/#breadcrumb"},"inLanguage":"fr-FR","potentialAction":[{"@type":"ReadAction","target":["https:\/\/bogensportdiscount.ch\/produkt\/acuarchery-stabilisatordaempfer-sos-lite-condensed-3oz\/"]}]},{"@type":"ImageObject","inLanguage":"fr-FR","@id":"https:\/\/bogensportdiscount.ch\/produkt\/acuarchery-stabilisatordaempfer-sos-lite-condensed-3oz\/#primaryimage","url":"https:\/\/bogensportdiscount.ch\/wp-content\/uploads\/bsm-images\/A100818_1.jpg","contentUrl":"https:\/\/bogensportdiscount.ch\/wp-content\/uploads\/bsm-images\/A100818_1.jpg","width":1080,"height":1080},{"@type":"BreadcrumbList","@id":"https:\/\/bogensportdiscount.ch\/produkt\/acuarchery-stabilisatordaempfer-sos-lite-condensed-3oz\/#breadcrumb","itemListElement":[{"@type":"ListItem","position":1,"name":"Home","item":"https:\/\/bogensportdiscount.ch\/"},{"@type":"ListItem","position":2,"name":"Shop","item":"https:\/\/bogensportdiscount.ch\/shop\/"},{"@type":"ListItem","position":3,"name":"ACU ARCHERY S.O.S. LITE CONDENSED SOS UNIT &#8211; 3oz"}]},{"@type":"WebSite","@id":"https:\/\/bogensportdiscount.ch\/#website","url":"https:\/\/bogensportdiscount.ch\/","name":"Bogensportdiscount","description":"","potentialAction":[{"@type":"SearchAction","target":{"@type":"EntryPoint","urlTemplate":"https:\/\/bogensportdiscount.ch\/?s={search_term_string}"},"query-input":{"@type":"PropertyValueSpecification","valueRequired":true,"valueName":"search_term_string"}}],"inLanguage":"fr-FR"}]}},"_links":{"self":[{"href":"https:\/\/bogensportdiscount.ch\/fr\/wp-json\/wp\/v2\/product\/394330","targetHints":{"allow":["GET"]}}],"collection":[{"href":"https:\/\/bogensportdiscount.ch\/fr\/wp-json\/wp\/v2\/product"}],"about":[{"href":"https:\/\/bogensportdiscount.ch\/fr\/wp-json\/wp\/v2\/types\/product"}],"replies":[{"embeddable":true,"href":"https:\/\/bogensportdiscount.ch\/fr\/wp-json\/wp\/v2\/comments?post=394330"}],"wp:featuredmedia":[{"embeddable":true,"href":"https:\/\/bogensportdiscount.ch\/fr\/wp-json\/wp\/v2\/media\/524554"}],"wp:attachment":[{"href":"https:\/\/bogensportdiscount.ch\/fr\/wp-json\/wp\/v2\/media?parent=394330"}],"wp:term":[{"taxonomy":"product_brand","embeddable":true,"href":"https:\/\/bogensportdiscount.ch\/fr\/wp-json\/wp\/v2\/product_brand?post=394330"},{"taxonomy":"product_cat","embeddable":true,"href":"https:\/\/bogensportdiscount.ch\/fr\/wp-json\/wp\/v2\/product_cat?post=394330"},{"taxonomy":"product_tag","embeddable":true,"href":"https:\/\/bogensportdiscount.ch\/fr\/wp-json\/wp\/v2\/product_tag?post=394330"}],"curies":[{"name":"wp","href":"https:\/\/api.w.org\/{rel}","templated":true}]}}