{"id":394324,"date":"2026-04-05T14:33:10","date_gmt":"2026-04-05T12:33:10","guid":{"rendered":"https:\/\/bogensportdiscount.ch\/produkt\/hamskea-berger-hole-adapter-bracket-kit\/"},"modified":"2026-04-15T12:17:10","modified_gmt":"2026-04-15T10:17:10","slug":"hamskea-berger-hole-adapter-bracket-kit","status":"publish","type":"product","link":"https:\/\/bogensportdiscount.ch\/fr\/produit\/hamskea-berger-hole-adapter-bracket-kit\/","title":{"rendered":"HAMSKEA BERGER HOLE ADAPTATEUR BRACKET KIT"},"content":{"rendered":"<p>Das Berger Hole Adapter Bracket Kit von Hamskea ist ein Montagezubeh\u00f6r f\u00fcr Compound-Pfeilauflagen. Es wurde entwickelt, um Hamskea-Auflagen an B\u00f6gen mit Berger-Hole-Gewinde zu befestigen \u2013 einer der verbreitetsten Montagestandards bei modernen Compound-B\u00f6gen.<\/p>\n<p>Das Kit richtet sich an Bogensch\u00fctzen, die eine Hamskea-Pfeilauflage nachr\u00fcsten oder an einem Bogen montieren m\u00f6chten, der keine direkte seitliche Aufnahme f\u00fcr die Auflage bietet. Die Bracket-Konstruktion sorgt f\u00fcr eine stabile Verbindung zwischen Bogen und Auflage.<\/p>\n<ul>\n<li>Montage \u00fcber Standard-Berger-Hole-Aufnahme<\/li>\n<li>Kompatibel mit Hamskea-Pfeilauflagen<\/li>\n<li>Vollst\u00e4ndiges Kit mit allen Montageteilen<\/li>\n<li>F\u00fcr Compound-B\u00f6gen geeignet<\/li>\n<\/ul>","protected":false},"excerpt":{"rendered":"<p><strong>Marque :<\/strong> Hamskea<\/p>","protected":false},"featured_media":444960,"comment_status":"open","ping_status":"closed","template":"","meta":[],"product_brand":[465],"product_cat":[4130],"product_tag":[3546],"class_list":{"0":"post-394324","1":"product","2":"type-product","3":"status-publish","4":"has-post-thumbnail","6":"product_brand-hamskea","7":"product_cat-einzelteile-fuer-compound-pfeilauflage","8":"product_tag-neuheit","10":"first","11":"instock","12":"shipping-taxable","13":"purchasable","14":"product-type-simple"},"_links":{"self":[{"href":"https:\/\/bogensportdiscount.ch\/fr\/wp-json\/wp\/v2\/product\/394324","targetHints":{"allow":["GET"]}}],"collection":[{"href":"https:\/\/bogensportdiscount.ch\/fr\/wp-json\/wp\/v2\/product"}],"about":[{"href":"https:\/\/bogensportdiscount.ch\/fr\/wp-json\/wp\/v2\/types\/product"}],"replies":[{"embeddable":true,"href":"https:\/\/bogensportdiscount.ch\/fr\/wp-json\/wp\/v2\/comments?post=394324"}],"wp:featuredmedia":[{"embeddable":true,"href":"https:\/\/bogensportdiscount.ch\/fr\/wp-json\/wp\/v2\/media\/444960"}],"wp:attachment":[{"href":"https:\/\/bogensportdiscount.ch\/fr\/wp-json\/wp\/v2\/media?parent=394324"}],"wp:term":[{"taxonomy":"product_brand","embeddable":true,"href":"https:\/\/bogensportdiscount.ch\/fr\/wp-json\/wp\/v2\/product_brand?post=394324"},{"taxonomy":"product_cat","embeddable":true,"href":"https:\/\/bogensportdiscount.ch\/fr\/wp-json\/wp\/v2\/product_cat?post=394324"},{"taxonomy":"product_tag","embeddable":true,"href":"https:\/\/bogensportdiscount.ch\/fr\/wp-json\/wp\/v2\/product_tag?post=394324"}],"curies":[{"name":"wp","href":"https:\/\/api.w.org\/{rel}","templated":true}]}}