{"id":394318,"date":"2026-04-05T14:33:08","date_gmt":"2026-04-05T12:33:08","guid":{"rendered":"https:\/\/bogensportdiscount.ch\/produkt\/hamskea-wedge-lever-arm\/"},"modified":"2026-04-15T12:17:09","modified_gmt":"2026-04-15T10:17:09","slug":"hamskea-wedge-lever-arm","status":"publish","type":"product","link":"https:\/\/bogensportdiscount.ch\/fr\/produit\/hamskea-wedge-lever-arm\/","title":{"rendered":"HAMSKEA WEDGE LEVER ARM"},"content":{"rendered":"<p>Der Hamskea Wedge Lever Arm ist ein Originalteil aus dem Zubeh\u00f6rprogramm von Hamskea und eignet sich als Ersatzteil oder Upgrade f\u00fcr kompatible Compound-Pfeilauflagen des Herstellers.<\/p>\n<p>Als spezialisiertes Auflagen-Teil erm\u00f6glicht der Wedge Lever Arm die gezielte Wartung oder Anpassung bestehender Hamskea-Auflagen, ohne das gesamte System ersetzen zu m\u00fcssen. Das Bauteil ist auf die pr\u00e4zisen Anforderungen des Bogensports ausgelegt.<\/p>\n<ul>\n<li>Originalteil von Hamskea<\/li>\n<li>F\u00fcr kompatible Hamskea Compound-Auflagen<\/li>\n<li>Fabriqu\u00e9 aux \u00c9tats-Unis<\/li>\n<li>Geeignet als Ersatz- oder Umbauteil<\/li>\n<\/ul>","protected":false},"excerpt":{"rendered":"<p>Der Hamskea Wedge Lever Arm ist ein Ersatz- und Zubeh\u00f6rteil f\u00fcr Hamskea Compound-Pfeilauflagen. Er erm\u00f6glicht die Anpassung oder den Austausch des Hebelarms an kompatiblen Auflagen-Systemen. Hergestellt in den USA.<\/p>","protected":false},"featured_media":440708,"comment_status":"open","ping_status":"closed","template":"","meta":[],"product_brand":[465],"product_cat":[4130],"product_tag":[3546],"class_list":{"0":"post-394318","1":"product","2":"type-product","3":"status-publish","4":"has-post-thumbnail","6":"product_brand-hamskea","7":"product_cat-einzelteile-fuer-compound-pfeilauflage","8":"product_tag-neuheit","10":"first","11":"instock","12":"shipping-taxable","13":"purchasable","14":"product-type-simple"},"_links":{"self":[{"href":"https:\/\/bogensportdiscount.ch\/fr\/wp-json\/wp\/v2\/product\/394318","targetHints":{"allow":["GET"]}}],"collection":[{"href":"https:\/\/bogensportdiscount.ch\/fr\/wp-json\/wp\/v2\/product"}],"about":[{"href":"https:\/\/bogensportdiscount.ch\/fr\/wp-json\/wp\/v2\/types\/product"}],"replies":[{"embeddable":true,"href":"https:\/\/bogensportdiscount.ch\/fr\/wp-json\/wp\/v2\/comments?post=394318"}],"wp:featuredmedia":[{"embeddable":true,"href":"https:\/\/bogensportdiscount.ch\/fr\/wp-json\/wp\/v2\/media\/440708"}],"wp:attachment":[{"href":"https:\/\/bogensportdiscount.ch\/fr\/wp-json\/wp\/v2\/media?parent=394318"}],"wp:term":[{"taxonomy":"product_brand","embeddable":true,"href":"https:\/\/bogensportdiscount.ch\/fr\/wp-json\/wp\/v2\/product_brand?post=394318"},{"taxonomy":"product_cat","embeddable":true,"href":"https:\/\/bogensportdiscount.ch\/fr\/wp-json\/wp\/v2\/product_cat?post=394318"},{"taxonomy":"product_tag","embeddable":true,"href":"https:\/\/bogensportdiscount.ch\/fr\/wp-json\/wp\/v2\/product_tag?post=394318"}],"curies":[{"name":"wp","href":"https:\/\/api.w.org\/{rel}","templated":true}]}}