{"id":394317,"date":"2026-04-05T14:33:08","date_gmt":"2026-04-05T12:33:08","guid":{"rendered":"https:\/\/bogensportdiscount.ch\/produkt\/mathews-compound-bowstands-arc-limb-leg-black\/"},"modified":"2026-05-14T07:14:05","modified_gmt":"2026-05-14T05:14:05","slug":"mathews-compound-bogenstaender-arc-limb-leg-schwarz","status":"publish","type":"product","link":"https:\/\/bogensportdiscount.ch\/fr\/produit\/mathews-compound-bogenstaender-arc-limb-leg-schwarz\/","title":{"rendered":"MATHEWS SUPPORT ARC \u00c0 POULIES BRANCHES PIED NOIR"},"content":{"rendered":"<p>Le support d'arc MATHEWS Arc Limb Leg est un support stable sp\u00e9cialement con\u00e7u pour les arcs \u00e0 poulies. Le support se fixe \u00e0 l'attache des branches de l'arc et permet de poser l'arc de mani\u00e8re s\u00fbre et verticale sur le sol.<\/p>\n<p>Gr\u00e2ce \u00e0 sa conception fixe sans pi\u00e8ces mobiles, l'Arc Limb Leg offre une solution fiable et durable pour une utilisation sur le pas de tir ou lors du transport. La version noire est adapt\u00e9e aux arcs \u00e0 poulies MATHEWS.<\/p>\n<ul>\n<li>Con\u00e7u sp\u00e9cialement pour les arcs \u00e0 poulies MATHEWS<\/li>\n<li>Construction fixe pour une grande stabilit\u00e9<\/li>\n<li>Couleur : Noir<\/li>\n<li>Fabriqu\u00e9 aux \u00c9tats-Unis<\/li>\n<\/ul>","protected":false},"excerpt":{"rendered":"<table>\n<tr>\n<th>Propri\u00e9t\u00e9<\/th>\n<th>Valeur<\/th>\n<\/tr>\n<tr>\n<td>Marque<\/td>\n<td>Mathews<\/td>\n<\/tr>\n<tr>\n<td>Couleur<\/td>\n<td>Noir<\/td>\n<\/tr>\n<tr>\n<td>Type<\/td>\n<td>Fixed<\/td>\n<\/tr>\n<tr>\n<td>Pays d'origine<\/td>\n<td>USA<\/td>\n<\/tr>\n<\/table>","protected":false},"featured_media":524665,"comment_status":"open","ping_status":"closed","template":"","meta":[],"product_brand":[427],"product_cat":[4124,4183,4187],"product_tag":[3546],"class_list":{"0":"post-394317","1":"product","2":"type-product","3":"status-publish","4":"has-post-thumbnail","6":"product_brand-mathews","7":"product_cat-bogenschuetzer-ausruestung","8":"product_cat-bogenstand","9":"product_cat-compound-bogenstand","10":"product_tag-neuheit","11":"product_shipping_class-bsd-standard","13":"first","14":"instock","15":"shipping-taxable","16":"purchasable","17":"product-type-simple"},"yoast_head":"<!-- This site is optimized with the Yoast SEO plugin v27.6 - https:\/\/yoast.com\/product\/yoast-seo-wordpress\/ -->\n<title>MATHEWS COMPOUNDBOGEN ST\u00c4NDER ARC WURFARME BEIN SCHWARZ - Bogensportdiscount \u2013 B\u00f6gen, Pfeile, Targets &amp; Zubeh\u00f6r<\/title>\n<meta name=\"description\" content=\"MATHEWS COMPOUNDBOGEN ST\u00c4NDER ARC WURFARME BEIN SCHWARZ g\u00fcnstig kaufen bei Bogensportdiscount \u2013 Top-Marken, schneller Versand aus der Schweiz.\" \/>\n<meta name=\"robots\" content=\"index, follow, max-snippet:-1, max-image-preview:large, max-video-preview:-1\" \/>\n<link rel=\"canonical\" href=\"https:\/\/bogensportdiscount.ch\/fr\/produit\/mathews-compound-bogenstaender-arc-limb-leg-schwarz\/\" \/>\n<meta property=\"og:locale\" content=\"fr_FR\" \/>\n<meta property=\"og:type\" content=\"article\" \/>\n<meta property=\"og:title\" content=\"MATHEWS COMPOUNDBOGEN ST\u00c4NDER ARC WURFARME BEIN SCHWARZ - Bogensportdiscount \u2013 B\u00f6gen, Pfeile, Targets &amp; Zubeh\u00f6r\" \/>\n<meta property=\"og:description\" content=\"MATHEWS COMPOUNDBOGEN ST\u00c4NDER ARC WURFARME BEIN SCHWARZ g\u00fcnstig kaufen bei Bogensportdiscount \u2013 Top-Marken, schneller Versand aus der Schweiz.\" \/>\n<meta property=\"og:url\" content=\"https:\/\/bogensportdiscount.ch\/fr\/produit\/mathews-compound-bogenstaender-arc-limb-leg-schwarz\/\" \/>\n<meta property=\"og:site_name\" content=\"Bogensportdiscount \u2013 B\u00f6gen, Pfeile, Targets &amp; Zubeh\u00f6r\" \/>\n<meta property=\"article:modified_time\" content=\"2026-05-14T05:14:05+00:00\" \/>\n<meta property=\"og:image\" content=\"https:\/\/bogensportdiscount.ch\/wp-content\/uploads\/bsm-images\/A100765_1.png\" \/>\n\t<meta property=\"og:image:width\" content=\"990\" \/>\n\t<meta property=\"og:image:height\" content=\"990\" \/>\n\t<meta property=\"og:image:type\" content=\"image\/png\" \/>\n<meta name=\"twitter:card\" content=\"summary_large_image\" \/>\n<script type=\"application\/ld+json\" class=\"yoast-schema-graph\">{\"@context\":\"https:\\\/\\\/schema.org\",\"@graph\":[{\"@type\":\"WebPage\",\"@id\":\"https:\\\/\\\/bogensportdiscount.ch\\\/produkt\\\/mathews-compound-bogenstaender-arc-limb-leg-schwarz\\\/\",\"url\":\"https:\\\/\\\/bogensportdiscount.ch\\\/produkt\\\/mathews-compound-bogenstaender-arc-limb-leg-schwarz\\\/\",\"name\":\"MATHEWS COMPOUNDBOGEN ST\u00c4NDER ARC WURFARME BEIN SCHWARZ - Bogensportdiscount \u2013 B\u00f6gen, Pfeile, Targets &amp; Zubeh\u00f6r\",\"isPartOf\":{\"@id\":\"https:\\\/\\\/bogensportdiscount.ch\\\/#website\"},\"primaryImageOfPage\":{\"@id\":\"https:\\\/\\\/bogensportdiscount.ch\\\/produkt\\\/mathews-compound-bogenstaender-arc-limb-leg-schwarz\\\/#primaryimage\"},\"image\":{\"@id\":\"https:\\\/\\\/bogensportdiscount.ch\\\/produkt\\\/mathews-compound-bogenstaender-arc-limb-leg-schwarz\\\/#primaryimage\"},\"thumbnailUrl\":\"https:\\\/\\\/bogensportdiscount.ch\\\/wp-content\\\/uploads\\\/bsm-images\\\/A100765_1.png\",\"datePublished\":\"2026-04-05T12:33:08+00:00\",\"dateModified\":\"2026-05-14T05:14:05+00:00\",\"description\":\"MATHEWS COMPOUNDBOGEN ST\u00c4NDER ARC WURFARME BEIN SCHWARZ g\u00fcnstig kaufen bei Bogensportdiscount \u2013 Top-Marken, schneller Versand aus der Schweiz.\",\"breadcrumb\":{\"@id\":\"https:\\\/\\\/bogensportdiscount.ch\\\/produkt\\\/mathews-compound-bogenstaender-arc-limb-leg-schwarz\\\/#breadcrumb\"},\"inLanguage\":\"fr-FR\",\"potentialAction\":[{\"@type\":\"ReadAction\",\"target\":[\"https:\\\/\\\/bogensportdiscount.ch\\\/produkt\\\/mathews-compound-bogenstaender-arc-limb-leg-schwarz\\\/\"]}]},{\"@type\":\"ImageObject\",\"inLanguage\":\"fr-FR\",\"@id\":\"https:\\\/\\\/bogensportdiscount.ch\\\/produkt\\\/mathews-compound-bogenstaender-arc-limb-leg-schwarz\\\/#primaryimage\",\"url\":\"https:\\\/\\\/bogensportdiscount.ch\\\/wp-content\\\/uploads\\\/bsm-images\\\/A100765_1.png\",\"contentUrl\":\"https:\\\/\\\/bogensportdiscount.ch\\\/wp-content\\\/uploads\\\/bsm-images\\\/A100765_1.png\",\"width\":990,\"height\":990},{\"@type\":\"BreadcrumbList\",\"@id\":\"https:\\\/\\\/bogensportdiscount.ch\\\/produkt\\\/mathews-compound-bogenstaender-arc-limb-leg-schwarz\\\/#breadcrumb\",\"itemListElement\":[{\"@type\":\"ListItem\",\"position\":1,\"name\":\"Home\",\"item\":\"https:\\\/\\\/bogensportdiscount.ch\\\/\"},{\"@type\":\"ListItem\",\"position\":2,\"name\":\"Shop\",\"item\":\"https:\\\/\\\/bogensportdiscount.ch\\\/shop\\\/\"},{\"@type\":\"ListItem\",\"position\":3,\"name\":\"MATHEWS COMPOUND BOWSTANDS ARC LIMB LEG BLACK\"}]},{\"@type\":\"WebSite\",\"@id\":\"https:\\\/\\\/bogensportdiscount.ch\\\/#website\",\"url\":\"https:\\\/\\\/bogensportdiscount.ch\\\/\",\"name\":\"Bogensportdiscount\",\"description\":\"\",\"potentialAction\":[{\"@type\":\"SearchAction\",\"target\":{\"@type\":\"EntryPoint\",\"urlTemplate\":\"https:\\\/\\\/bogensportdiscount.ch\\\/?s={search_term_string}\"},\"query-input\":{\"@type\":\"PropertyValueSpecification\",\"valueRequired\":true,\"valueName\":\"search_term_string\"}}],\"inLanguage\":\"fr-FR\"}]}<\/script>\n<!-- \/ Yoast SEO plugin. -->","yoast_head_json":{"title":"MATHEWS COMPOUNDBOGEN ST\u00c4NDER ARC WURFARME BEIN SCHWARZ - Bogensportdiscount \u2013 B\u00f6gen, Pfeile, Targets &amp; Zubeh\u00f6r","description":"MATHEWS COMPOUNDBOGEN ST\u00c4NDER ARC WURFARME BEIN SCHWARZ g\u00fcnstig kaufen bei Bogensportdiscount \u2013 Top-Marken, schneller Versand aus der Schweiz.","robots":{"index":"index","follow":"follow","max-snippet":"max-snippet:-1","max-image-preview":"max-image-preview:large","max-video-preview":"max-video-preview:-1"},"canonical":"https:\/\/bogensportdiscount.ch\/fr\/produit\/mathews-compound-bogenstaender-arc-limb-leg-schwarz\/","og_locale":"fr_FR","og_type":"article","og_title":"MATHEWS COMPOUNDBOGEN ST\u00c4NDER ARC WURFARME BEIN SCHWARZ - Bogensportdiscount \u2013 B\u00f6gen, Pfeile, Targets &amp; Zubeh\u00f6r","og_description":"MATHEWS COMPOUNDBOGEN ST\u00c4NDER ARC WURFARME BEIN SCHWARZ g\u00fcnstig kaufen bei Bogensportdiscount \u2013 Top-Marken, schneller Versand aus der Schweiz.","og_url":"https:\/\/bogensportdiscount.ch\/fr\/produit\/mathews-compound-bogenstaender-arc-limb-leg-schwarz\/","og_site_name":"Bogensportdiscount \u2013 B\u00f6gen, Pfeile, Targets &amp; Zubeh\u00f6r","article_modified_time":"2026-05-14T05:14:05+00:00","og_image":[{"width":990,"height":990,"url":"https:\/\/bogensportdiscount.ch\/wp-content\/uploads\/bsm-images\/A100765_1.png","type":"image\/png"}],"twitter_card":"summary_large_image","schema":{"@context":"https:\/\/schema.org","@graph":[{"@type":"WebPage","@id":"https:\/\/bogensportdiscount.ch\/produkt\/mathews-compound-bogenstaender-arc-limb-leg-schwarz\/","url":"https:\/\/bogensportdiscount.ch\/produkt\/mathews-compound-bogenstaender-arc-limb-leg-schwarz\/","name":"MATHEWS COMPOUNDBOGEN ST\u00c4NDER ARC WURFARME BEIN SCHWARZ - Bogensportdiscount \u2013 B\u00f6gen, Pfeile, Targets &amp; Zubeh\u00f6r","isPartOf":{"@id":"https:\/\/bogensportdiscount.ch\/#website"},"primaryImageOfPage":{"@id":"https:\/\/bogensportdiscount.ch\/produkt\/mathews-compound-bogenstaender-arc-limb-leg-schwarz\/#primaryimage"},"image":{"@id":"https:\/\/bogensportdiscount.ch\/produkt\/mathews-compound-bogenstaender-arc-limb-leg-schwarz\/#primaryimage"},"thumbnailUrl":"https:\/\/bogensportdiscount.ch\/wp-content\/uploads\/bsm-images\/A100765_1.png","datePublished":"2026-04-05T12:33:08+00:00","dateModified":"2026-05-14T05:14:05+00:00","description":"MATHEWS COMPOUNDBOGEN ST\u00c4NDER ARC WURFARME BEIN SCHWARZ g\u00fcnstig kaufen bei Bogensportdiscount \u2013 Top-Marken, schneller Versand aus der Schweiz.","breadcrumb":{"@id":"https:\/\/bogensportdiscount.ch\/produkt\/mathews-compound-bogenstaender-arc-limb-leg-schwarz\/#breadcrumb"},"inLanguage":"fr-FR","potentialAction":[{"@type":"ReadAction","target":["https:\/\/bogensportdiscount.ch\/produkt\/mathews-compound-bogenstaender-arc-limb-leg-schwarz\/"]}]},{"@type":"ImageObject","inLanguage":"fr-FR","@id":"https:\/\/bogensportdiscount.ch\/produkt\/mathews-compound-bogenstaender-arc-limb-leg-schwarz\/#primaryimage","url":"https:\/\/bogensportdiscount.ch\/wp-content\/uploads\/bsm-images\/A100765_1.png","contentUrl":"https:\/\/bogensportdiscount.ch\/wp-content\/uploads\/bsm-images\/A100765_1.png","width":990,"height":990},{"@type":"BreadcrumbList","@id":"https:\/\/bogensportdiscount.ch\/produkt\/mathews-compound-bogenstaender-arc-limb-leg-schwarz\/#breadcrumb","itemListElement":[{"@type":"ListItem","position":1,"name":"Home","item":"https:\/\/bogensportdiscount.ch\/"},{"@type":"ListItem","position":2,"name":"Shop","item":"https:\/\/bogensportdiscount.ch\/shop\/"},{"@type":"ListItem","position":3,"name":"MATHEWS COMPOUND BOWSTANDS ARC LIMB LEG BLACK"}]},{"@type":"WebSite","@id":"https:\/\/bogensportdiscount.ch\/#website","url":"https:\/\/bogensportdiscount.ch\/","name":"Bogensportdiscount","description":"","potentialAction":[{"@type":"SearchAction","target":{"@type":"EntryPoint","urlTemplate":"https:\/\/bogensportdiscount.ch\/?s={search_term_string}"},"query-input":{"@type":"PropertyValueSpecification","valueRequired":true,"valueName":"search_term_string"}}],"inLanguage":"fr-FR"}]}},"_links":{"self":[{"href":"https:\/\/bogensportdiscount.ch\/fr\/wp-json\/wp\/v2\/product\/394317","targetHints":{"allow":["GET"]}}],"collection":[{"href":"https:\/\/bogensportdiscount.ch\/fr\/wp-json\/wp\/v2\/product"}],"about":[{"href":"https:\/\/bogensportdiscount.ch\/fr\/wp-json\/wp\/v2\/types\/product"}],"replies":[{"embeddable":true,"href":"https:\/\/bogensportdiscount.ch\/fr\/wp-json\/wp\/v2\/comments?post=394317"}],"wp:featuredmedia":[{"embeddable":true,"href":"https:\/\/bogensportdiscount.ch\/fr\/wp-json\/wp\/v2\/media\/524665"}],"wp:attachment":[{"href":"https:\/\/bogensportdiscount.ch\/fr\/wp-json\/wp\/v2\/media?parent=394317"}],"wp:term":[{"taxonomy":"product_brand","embeddable":true,"href":"https:\/\/bogensportdiscount.ch\/fr\/wp-json\/wp\/v2\/product_brand?post=394317"},{"taxonomy":"product_cat","embeddable":true,"href":"https:\/\/bogensportdiscount.ch\/fr\/wp-json\/wp\/v2\/product_cat?post=394317"},{"taxonomy":"product_tag","embeddable":true,"href":"https:\/\/bogensportdiscount.ch\/fr\/wp-json\/wp\/v2\/product_tag?post=394317"}],"curies":[{"name":"wp","href":"https:\/\/api.w.org\/{rel}","templated":true}]}}