{"id":394313,"date":"2026-04-05T14:33:07","date_gmt":"2026-04-05T12:33:07","guid":{"rendered":"https:\/\/bogensportdiscount.ch\/produkt\/shibuya-recurve-cases-transporter-49-0l-with-wheels-navy-blue\/"},"modified":"2026-05-14T07:14:05","modified_gmt":"2026-05-14T05:14:05","slug":"shibuya-recurve-hartschalenkoffer-transporter-49l-mit-rollen-navy-blue","status":"publish","type":"product","link":"https:\/\/bogensportdiscount.ch\/fr\/produit\/shibuya-recurve-hartschalenkoffer-transporter-49l-mit-rollen-navy-blue\/","title":{"rendered":"SHIBUYA HOUSSE D'ARC CLASSIQUE TRANSPORTER 49.0L AVEC ROUES BLEU MARINE"},"content":{"rendered":"<p>La housse rigide SHIBUYA Transporter pour arc classique offre, avec ses 49,0 litres de volume, suffisamment d'espace pour les arcs classiques et leurs accessoires. Gr\u00e2ce aux roulettes int\u00e9gr\u00e9es, la housse peut \u00eatre facilement transport\u00e9e sur de plus longues distances, par exemple lors de d\u00e9placements pour des tournois ou des stages d'entra\u00eenement.<\/p>\n<p>La version \u00e0 coque rigide prot\u00e8ge efficacement l'\u00e9quipement sensible contre les chocs et les influences ext\u00e9rieures. Le mod\u00e8le est disponible dans la couleur Navy Blue et s'int\u00e8gre visuellement dans une image professionnelle.<\/p>\n<ul>\n<li>Volume : 49,0 litres<\/li>\n<li>Roulettes int\u00e9gr\u00e9es pour un transport facile<\/li>\n<li>Coque rigide pour une protection optimale<\/li>\n<li>Couleur : Navy Blue<\/li>\n<\/ul>","protected":false},"excerpt":{"rendered":"<table>\n<tr>\n<th>Propri\u00e9t\u00e9<\/th>\n<th>Valeur<\/th>\n<\/tr>\n<tr>\n<td>Marque<\/td>\n<td>Shibuya<\/td>\n<\/tr>\n<tr>\n<td>Couleur<\/td>\n<td>Bleu<\/td>\n<\/tr>\n<tr>\n<td>Pays d'origine<\/td>\n<td>Japon<\/td>\n<\/tr>\n<\/table>","protected":false},"featured_media":523940,"comment_status":"open","ping_status":"closed","template":"","meta":[],"product_brand":[496],"product_cat":[4124,4125,4177],"product_tag":[3546],"class_list":{"0":"post-394313","1":"product","2":"type-product","3":"status-publish","4":"has-post-thumbnail","6":"product_brand-shibuya","7":"product_cat-bogenschuetzer-ausruestung","8":"product_cat-taschen-koffer","9":"product_cat-recurve-koffer","10":"product_tag-neuheit","11":"product_shipping_class-bsd-standard","13":"first","14":"instock","15":"shipping-taxable","16":"purchasable","17":"product-type-simple"},"yoast_head":"<!-- This site is optimized with the Yoast SEO plugin v27.6 - https:\/\/yoast.com\/product\/yoast-seo-wordpress\/ -->\n<title>SHIBUYA RECURVE KOFFER TRANSPORTER 49.0L MIT R\u00c4DERN MARINEBLAU - Bogensportdiscount \u2013 B\u00f6gen, Pfeile, Targets &amp; Zubeh\u00f6r<\/title>\n<meta name=\"description\" content=\"SHIBUYA RECURVE KOFFER TRANSPORTER 49.0L MIT R\u00c4DERN MARINEBLAU g\u00fcnstig kaufen bei Bogensportdiscount \u2013 Top-Marken, schneller Versand aus der Schweiz.\" \/>\n<meta name=\"robots\" content=\"index, follow, max-snippet:-1, max-image-preview:large, max-video-preview:-1\" \/>\n<link rel=\"canonical\" href=\"https:\/\/bogensportdiscount.ch\/fr\/produit\/shibuya-recurve-hartschalenkoffer-transporter-49l-mit-rollen-navy-blue\/\" \/>\n<meta property=\"og:locale\" content=\"fr_FR\" \/>\n<meta property=\"og:type\" content=\"article\" \/>\n<meta property=\"og:title\" content=\"SHIBUYA RECURVE KOFFER TRANSPORTER 49.0L MIT R\u00c4DERN MARINEBLAU - Bogensportdiscount \u2013 B\u00f6gen, Pfeile, Targets &amp; Zubeh\u00f6r\" \/>\n<meta property=\"og:description\" content=\"SHIBUYA RECURVE KOFFER TRANSPORTER 49.0L MIT R\u00c4DERN MARINEBLAU g\u00fcnstig kaufen bei Bogensportdiscount \u2013 Top-Marken, schneller Versand aus der Schweiz.\" \/>\n<meta property=\"og:url\" content=\"https:\/\/bogensportdiscount.ch\/fr\/produit\/shibuya-recurve-hartschalenkoffer-transporter-49l-mit-rollen-navy-blue\/\" \/>\n<meta property=\"og:site_name\" content=\"Bogensportdiscount \u2013 B\u00f6gen, Pfeile, Targets &amp; Zubeh\u00f6r\" \/>\n<meta property=\"article:modified_time\" content=\"2026-05-14T05:14:05+00:00\" \/>\n<meta property=\"og:image\" content=\"https:\/\/bogensportdiscount.ch\/wp-content\/uploads\/bsm-images\/A100003_1.png\" \/>\n\t<meta property=\"og:image:width\" content=\"501\" \/>\n\t<meta property=\"og:image:height\" content=\"295\" \/>\n\t<meta property=\"og:image:type\" content=\"image\/png\" \/>\n<meta name=\"twitter:card\" content=\"summary_large_image\" \/>\n<script type=\"application\/ld+json\" class=\"yoast-schema-graph\">{\"@context\":\"https:\\\/\\\/schema.org\",\"@graph\":[{\"@type\":\"WebPage\",\"@id\":\"https:\\\/\\\/bogensportdiscount.ch\\\/produkt\\\/shibuya-recurve-hartschalenkoffer-transporter-49l-mit-rollen-navy-blue\\\/\",\"url\":\"https:\\\/\\\/bogensportdiscount.ch\\\/produkt\\\/shibuya-recurve-hartschalenkoffer-transporter-49l-mit-rollen-navy-blue\\\/\",\"name\":\"SHIBUYA RECURVE KOFFER TRANSPORTER 49.0L MIT R\u00c4DERN MARINEBLAU - Bogensportdiscount \u2013 B\u00f6gen, Pfeile, Targets &amp; Zubeh\u00f6r\",\"isPartOf\":{\"@id\":\"https:\\\/\\\/bogensportdiscount.ch\\\/#website\"},\"primaryImageOfPage\":{\"@id\":\"https:\\\/\\\/bogensportdiscount.ch\\\/produkt\\\/shibuya-recurve-hartschalenkoffer-transporter-49l-mit-rollen-navy-blue\\\/#primaryimage\"},\"image\":{\"@id\":\"https:\\\/\\\/bogensportdiscount.ch\\\/produkt\\\/shibuya-recurve-hartschalenkoffer-transporter-49l-mit-rollen-navy-blue\\\/#primaryimage\"},\"thumbnailUrl\":\"https:\\\/\\\/bogensportdiscount.ch\\\/wp-content\\\/uploads\\\/bsm-images\\\/A100003_1.png\",\"datePublished\":\"2026-04-05T12:33:07+00:00\",\"dateModified\":\"2026-05-14T05:14:05+00:00\",\"description\":\"SHIBUYA RECURVE KOFFER TRANSPORTER 49.0L MIT R\u00c4DERN MARINEBLAU g\u00fcnstig kaufen bei Bogensportdiscount \u2013 Top-Marken, schneller Versand aus der Schweiz.\",\"breadcrumb\":{\"@id\":\"https:\\\/\\\/bogensportdiscount.ch\\\/produkt\\\/shibuya-recurve-hartschalenkoffer-transporter-49l-mit-rollen-navy-blue\\\/#breadcrumb\"},\"inLanguage\":\"fr-FR\",\"potentialAction\":[{\"@type\":\"ReadAction\",\"target\":[\"https:\\\/\\\/bogensportdiscount.ch\\\/produkt\\\/shibuya-recurve-hartschalenkoffer-transporter-49l-mit-rollen-navy-blue\\\/\"]}]},{\"@type\":\"ImageObject\",\"inLanguage\":\"fr-FR\",\"@id\":\"https:\\\/\\\/bogensportdiscount.ch\\\/produkt\\\/shibuya-recurve-hartschalenkoffer-transporter-49l-mit-rollen-navy-blue\\\/#primaryimage\",\"url\":\"https:\\\/\\\/bogensportdiscount.ch\\\/wp-content\\\/uploads\\\/bsm-images\\\/A100003_1.png\",\"contentUrl\":\"https:\\\/\\\/bogensportdiscount.ch\\\/wp-content\\\/uploads\\\/bsm-images\\\/A100003_1.png\",\"width\":501,\"height\":295},{\"@type\":\"BreadcrumbList\",\"@id\":\"https:\\\/\\\/bogensportdiscount.ch\\\/produkt\\\/shibuya-recurve-hartschalenkoffer-transporter-49l-mit-rollen-navy-blue\\\/#breadcrumb\",\"itemListElement\":[{\"@type\":\"ListItem\",\"position\":1,\"name\":\"Home\",\"item\":\"https:\\\/\\\/bogensportdiscount.ch\\\/\"},{\"@type\":\"ListItem\",\"position\":2,\"name\":\"Shop\",\"item\":\"https:\\\/\\\/bogensportdiscount.ch\\\/shop\\\/\"},{\"@type\":\"ListItem\",\"position\":3,\"name\":\"SHIBUYA RECURVE CASES TRANSPORTER 49.0L WITH WHEELS NAVY BLUE\"}]},{\"@type\":\"WebSite\",\"@id\":\"https:\\\/\\\/bogensportdiscount.ch\\\/#website\",\"url\":\"https:\\\/\\\/bogensportdiscount.ch\\\/\",\"name\":\"Bogensportdiscount\",\"description\":\"\",\"potentialAction\":[{\"@type\":\"SearchAction\",\"target\":{\"@type\":\"EntryPoint\",\"urlTemplate\":\"https:\\\/\\\/bogensportdiscount.ch\\\/?s={search_term_string}\"},\"query-input\":{\"@type\":\"PropertyValueSpecification\",\"valueRequired\":true,\"valueName\":\"search_term_string\"}}],\"inLanguage\":\"fr-FR\"}]}<\/script>\n<!-- \/ Yoast SEO plugin. -->","yoast_head_json":{"title":"SHIBUYA RECURVE KOFFER TRANSPORTER 49.0L MIT R\u00c4DERN MARINEBLAU - Bogensportdiscount \u2013 B\u00f6gen, Pfeile, Targets &amp; Zubeh\u00f6r","description":"SHIBUYA RECURVE KOFFER TRANSPORTER 49.0L MIT R\u00c4DERN MARINEBLAU g\u00fcnstig kaufen bei Bogensportdiscount \u2013 Top-Marken, schneller Versand aus der Schweiz.","robots":{"index":"index","follow":"follow","max-snippet":"max-snippet:-1","max-image-preview":"max-image-preview:large","max-video-preview":"max-video-preview:-1"},"canonical":"https:\/\/bogensportdiscount.ch\/fr\/produit\/shibuya-recurve-hartschalenkoffer-transporter-49l-mit-rollen-navy-blue\/","og_locale":"fr_FR","og_type":"article","og_title":"SHIBUYA RECURVE KOFFER TRANSPORTER 49.0L MIT R\u00c4DERN MARINEBLAU - Bogensportdiscount \u2013 B\u00f6gen, Pfeile, Targets &amp; Zubeh\u00f6r","og_description":"SHIBUYA RECURVE KOFFER TRANSPORTER 49.0L MIT R\u00c4DERN MARINEBLAU g\u00fcnstig kaufen bei Bogensportdiscount \u2013 Top-Marken, schneller Versand aus der Schweiz.","og_url":"https:\/\/bogensportdiscount.ch\/fr\/produit\/shibuya-recurve-hartschalenkoffer-transporter-49l-mit-rollen-navy-blue\/","og_site_name":"Bogensportdiscount \u2013 B\u00f6gen, Pfeile, Targets &amp; Zubeh\u00f6r","article_modified_time":"2026-05-14T05:14:05+00:00","og_image":[{"width":501,"height":295,"url":"https:\/\/bogensportdiscount.ch\/wp-content\/uploads\/bsm-images\/A100003_1.png","type":"image\/png"}],"twitter_card":"summary_large_image","schema":{"@context":"https:\/\/schema.org","@graph":[{"@type":"WebPage","@id":"https:\/\/bogensportdiscount.ch\/produkt\/shibuya-recurve-hartschalenkoffer-transporter-49l-mit-rollen-navy-blue\/","url":"https:\/\/bogensportdiscount.ch\/produkt\/shibuya-recurve-hartschalenkoffer-transporter-49l-mit-rollen-navy-blue\/","name":"SHIBUYA RECURVE KOFFER TRANSPORTER 49.0L MIT R\u00c4DERN MARINEBLAU - Bogensportdiscount \u2013 B\u00f6gen, Pfeile, Targets &amp; Zubeh\u00f6r","isPartOf":{"@id":"https:\/\/bogensportdiscount.ch\/#website"},"primaryImageOfPage":{"@id":"https:\/\/bogensportdiscount.ch\/produkt\/shibuya-recurve-hartschalenkoffer-transporter-49l-mit-rollen-navy-blue\/#primaryimage"},"image":{"@id":"https:\/\/bogensportdiscount.ch\/produkt\/shibuya-recurve-hartschalenkoffer-transporter-49l-mit-rollen-navy-blue\/#primaryimage"},"thumbnailUrl":"https:\/\/bogensportdiscount.ch\/wp-content\/uploads\/bsm-images\/A100003_1.png","datePublished":"2026-04-05T12:33:07+00:00","dateModified":"2026-05-14T05:14:05+00:00","description":"SHIBUYA RECURVE KOFFER TRANSPORTER 49.0L MIT R\u00c4DERN MARINEBLAU g\u00fcnstig kaufen bei Bogensportdiscount \u2013 Top-Marken, schneller Versand aus der Schweiz.","breadcrumb":{"@id":"https:\/\/bogensportdiscount.ch\/produkt\/shibuya-recurve-hartschalenkoffer-transporter-49l-mit-rollen-navy-blue\/#breadcrumb"},"inLanguage":"fr-FR","potentialAction":[{"@type":"ReadAction","target":["https:\/\/bogensportdiscount.ch\/produkt\/shibuya-recurve-hartschalenkoffer-transporter-49l-mit-rollen-navy-blue\/"]}]},{"@type":"ImageObject","inLanguage":"fr-FR","@id":"https:\/\/bogensportdiscount.ch\/produkt\/shibuya-recurve-hartschalenkoffer-transporter-49l-mit-rollen-navy-blue\/#primaryimage","url":"https:\/\/bogensportdiscount.ch\/wp-content\/uploads\/bsm-images\/A100003_1.png","contentUrl":"https:\/\/bogensportdiscount.ch\/wp-content\/uploads\/bsm-images\/A100003_1.png","width":501,"height":295},{"@type":"BreadcrumbList","@id":"https:\/\/bogensportdiscount.ch\/produkt\/shibuya-recurve-hartschalenkoffer-transporter-49l-mit-rollen-navy-blue\/#breadcrumb","itemListElement":[{"@type":"ListItem","position":1,"name":"Home","item":"https:\/\/bogensportdiscount.ch\/"},{"@type":"ListItem","position":2,"name":"Shop","item":"https:\/\/bogensportdiscount.ch\/shop\/"},{"@type":"ListItem","position":3,"name":"SHIBUYA RECURVE CASES TRANSPORTER 49.0L WITH WHEELS NAVY BLUE"}]},{"@type":"WebSite","@id":"https:\/\/bogensportdiscount.ch\/#website","url":"https:\/\/bogensportdiscount.ch\/","name":"Bogensportdiscount","description":"","potentialAction":[{"@type":"SearchAction","target":{"@type":"EntryPoint","urlTemplate":"https:\/\/bogensportdiscount.ch\/?s={search_term_string}"},"query-input":{"@type":"PropertyValueSpecification","valueRequired":true,"valueName":"search_term_string"}}],"inLanguage":"fr-FR"}]}},"_links":{"self":[{"href":"https:\/\/bogensportdiscount.ch\/fr\/wp-json\/wp\/v2\/product\/394313","targetHints":{"allow":["GET"]}}],"collection":[{"href":"https:\/\/bogensportdiscount.ch\/fr\/wp-json\/wp\/v2\/product"}],"about":[{"href":"https:\/\/bogensportdiscount.ch\/fr\/wp-json\/wp\/v2\/types\/product"}],"replies":[{"embeddable":true,"href":"https:\/\/bogensportdiscount.ch\/fr\/wp-json\/wp\/v2\/comments?post=394313"}],"wp:featuredmedia":[{"embeddable":true,"href":"https:\/\/bogensportdiscount.ch\/fr\/wp-json\/wp\/v2\/media\/523940"}],"wp:attachment":[{"href":"https:\/\/bogensportdiscount.ch\/fr\/wp-json\/wp\/v2\/media?parent=394313"}],"wp:term":[{"taxonomy":"product_brand","embeddable":true,"href":"https:\/\/bogensportdiscount.ch\/fr\/wp-json\/wp\/v2\/product_brand?post=394313"},{"taxonomy":"product_cat","embeddable":true,"href":"https:\/\/bogensportdiscount.ch\/fr\/wp-json\/wp\/v2\/product_cat?post=394313"},{"taxonomy":"product_tag","embeddable":true,"href":"https:\/\/bogensportdiscount.ch\/fr\/wp-json\/wp\/v2\/product_tag?post=394313"}],"curies":[{"name":"wp","href":"https:\/\/api.w.org\/{rel}","templated":true}]}}