{"id":394312,"date":"2026-04-05T14:33:07","date_gmt":"2026-04-05T12:33:07","guid":{"rendered":"https:\/\/bogensportdiscount.ch\/produkt\/shibuya-recurve-cases-transporter-49-0l-with-wheels-burgundy\/"},"modified":"2026-05-14T07:14:05","modified_gmt":"2026-05-14T05:14:05","slug":"shibuya-recurve-hartschalenkoffer-transporter-49l-mit-rollen-burgund","status":"publish","type":"product","link":"https:\/\/bogensportdiscount.ch\/fr\/produit\/shibuya-recurve-hartschalenkoffer-transporter-49l-mit-rollen-burgund\/","title":{"rendered":"SHIBUYA HOUSSE D'ARC CLASSIQUE TRANSPORTER 49.0L AVEC ROUES BORDEAUX"},"content":{"rendered":"<p>La housse \u00e0 coque rigide SHIBUYA Transporter pour arc classique offre, avec son volume de 49.0 litres, suffisamment de place pour un arc classique et les accessoires correspondants. La robuste construction en coque rigide prot\u00e8ge l'\u00e9quipement sensible de mani\u00e8re fiable lors du transport et du stockage.<\/p>\n<p>Gr\u00e2ce aux roulettes int\u00e9gr\u00e9es, la housse peut \u00eatre d\u00e9plac\u00e9e confortablement sur de plus grandes distances sans avoir \u00e0 la porter. La couleur bordeaux permet une identification facile lors des tournois ou sur le tapis roulant \u00e0 bagages.<\/p>\n<ul>\n<li>Volume : 49,0 litres<\/li>\n<li>Construction \u00e0 coque rigide pour une protection fiable<\/li>\n<li>Avec roulettes pour un transport confortable<\/li>\n<li>Couleur : bordeaux<\/li>\n<\/ul>","protected":false},"excerpt":{"rendered":"<table>\n<tr>\n<th>Propri\u00e9t\u00e9<\/th>\n<th>Valeur<\/th>\n<\/tr>\n<tr>\n<td>Marque<\/td>\n<td>Shibuya<\/td>\n<\/tr>\n<tr>\n<td>Couleur<\/td>\n<td>Rouge<\/td>\n<\/tr>\n<tr>\n<td>Pays d'origine<\/td>\n<td>Japon<\/td>\n<\/tr>\n<\/table>","protected":false},"featured_media":523939,"comment_status":"open","ping_status":"closed","template":"","meta":[],"product_brand":[496],"product_cat":[4124,4125,4177],"product_tag":[3546],"class_list":{"0":"post-394312","1":"product","2":"type-product","3":"status-publish","4":"has-post-thumbnail","6":"product_brand-shibuya","7":"product_cat-bogenschuetzer-ausruestung","8":"product_cat-taschen-koffer","9":"product_cat-recurve-koffer","10":"product_tag-neuheit","11":"product_shipping_class-bsd-standard","13":"first","14":"instock","15":"shipping-taxable","16":"purchasable","17":"product-type-simple"},"yoast_head":"<!-- This site is optimized with the Yoast SEO plugin v27.6 - https:\/\/yoast.com\/product\/yoast-seo-wordpress\/ -->\n<title>Mallette de transport SHIBUYA RECURVE 49,0 L avec roulettes, bordeaux - Bogensportdiscount \u2013 Arcs, fl\u00e8ches, cibles et accessoires<\/title>\n<meta name=\"description\" content=\"Valise SHIBUYA RECURVE TRANSPORTER 49,0 L \u00c0 ROUES BORDEAUX \u00e0 prix avantageux chez Bogensportdiscount \u2013 Grandes marques, livraison rapide depuis la Suisse.\" \/>\n<meta name=\"robots\" content=\"index, follow, max-snippet:-1, max-image-preview:large, max-video-preview:-1\" \/>\n<link rel=\"canonical\" href=\"https:\/\/bogensportdiscount.ch\/fr\/produit\/shibuya-recurve-hartschalenkoffer-transporter-49l-mit-rollen-burgund\/\" \/>\n<meta property=\"og:locale\" content=\"fr_FR\" \/>\n<meta property=\"og:type\" content=\"article\" \/>\n<meta property=\"og:title\" content=\"Mallette de transport SHIBUYA RECURVE 49,0 L avec roulettes, bordeaux - Bogensportdiscount \u2013 Arcs, fl\u00e8ches, cibles et accessoires\" \/>\n<meta property=\"og:description\" content=\"Valise SHIBUYA RECURVE TRANSPORTER 49,0 L \u00c0 ROUES BORDEAUX \u00e0 prix avantageux chez Bogensportdiscount \u2013 Grandes marques, livraison rapide depuis la Suisse.\" \/>\n<meta property=\"og:url\" content=\"https:\/\/bogensportdiscount.ch\/fr\/produit\/shibuya-recurve-hartschalenkoffer-transporter-49l-mit-rollen-burgund\/\" \/>\n<meta property=\"og:site_name\" content=\"Bogensportdiscount \u2013 B\u00f6gen, Pfeile, Targets &amp; Zubeh\u00f6r\" \/>\n<meta property=\"article:modified_time\" content=\"2026-05-14T05:14:05+00:00\" \/>\n<meta property=\"og:image\" content=\"https:\/\/bogensportdiscount.ch\/wp-content\/uploads\/bsm-images\/A100002_1.png\" \/>\n\t<meta property=\"og:image:width\" content=\"501\" \/>\n\t<meta property=\"og:image:height\" content=\"295\" \/>\n\t<meta property=\"og:image:type\" content=\"image\/png\" \/>\n<meta name=\"twitter:card\" content=\"summary_large_image\" \/>\n<script type=\"application\/ld+json\" class=\"yoast-schema-graph\">{\"@context\":\"https:\\\/\\\/schema.org\",\"@graph\":[{\"@type\":\"WebPage\",\"@id\":\"https:\\\/\\\/bogensportdiscount.ch\\\/produkt\\\/shibuya-recurve-hartschalenkoffer-transporter-49l-mit-rollen-burgund\\\/\",\"url\":\"https:\\\/\\\/bogensportdiscount.ch\\\/produkt\\\/shibuya-recurve-hartschalenkoffer-transporter-49l-mit-rollen-burgund\\\/\",\"name\":\"SHIBUYA RECURVE KOFFER TRANSPORTER 49.0L MIT R\u00c4DERN BURGUND - Bogensportdiscount \u2013 B\u00f6gen, Pfeile, Targets &amp; Zubeh\u00f6r\",\"isPartOf\":{\"@id\":\"https:\\\/\\\/bogensportdiscount.ch\\\/#website\"},\"primaryImageOfPage\":{\"@id\":\"https:\\\/\\\/bogensportdiscount.ch\\\/produkt\\\/shibuya-recurve-hartschalenkoffer-transporter-49l-mit-rollen-burgund\\\/#primaryimage\"},\"image\":{\"@id\":\"https:\\\/\\\/bogensportdiscount.ch\\\/produkt\\\/shibuya-recurve-hartschalenkoffer-transporter-49l-mit-rollen-burgund\\\/#primaryimage\"},\"thumbnailUrl\":\"https:\\\/\\\/bogensportdiscount.ch\\\/wp-content\\\/uploads\\\/bsm-images\\\/A100002_1.png\",\"datePublished\":\"2026-04-05T12:33:07+00:00\",\"dateModified\":\"2026-05-14T05:14:05+00:00\",\"description\":\"SHIBUYA RECURVE KOFFER TRANSPORTER 49.0L MIT R\u00c4DERN BURGUND g\u00fcnstig kaufen bei Bogensportdiscount \u2013 Top-Marken, schneller Versand aus der Schweiz.\",\"breadcrumb\":{\"@id\":\"https:\\\/\\\/bogensportdiscount.ch\\\/produkt\\\/shibuya-recurve-hartschalenkoffer-transporter-49l-mit-rollen-burgund\\\/#breadcrumb\"},\"inLanguage\":\"fr-FR\",\"potentialAction\":[{\"@type\":\"ReadAction\",\"target\":[\"https:\\\/\\\/bogensportdiscount.ch\\\/produkt\\\/shibuya-recurve-hartschalenkoffer-transporter-49l-mit-rollen-burgund\\\/\"]}]},{\"@type\":\"ImageObject\",\"inLanguage\":\"fr-FR\",\"@id\":\"https:\\\/\\\/bogensportdiscount.ch\\\/produkt\\\/shibuya-recurve-hartschalenkoffer-transporter-49l-mit-rollen-burgund\\\/#primaryimage\",\"url\":\"https:\\\/\\\/bogensportdiscount.ch\\\/wp-content\\\/uploads\\\/bsm-images\\\/A100002_1.png\",\"contentUrl\":\"https:\\\/\\\/bogensportdiscount.ch\\\/wp-content\\\/uploads\\\/bsm-images\\\/A100002_1.png\",\"width\":501,\"height\":295},{\"@type\":\"BreadcrumbList\",\"@id\":\"https:\\\/\\\/bogensportdiscount.ch\\\/produkt\\\/shibuya-recurve-hartschalenkoffer-transporter-49l-mit-rollen-burgund\\\/#breadcrumb\",\"itemListElement\":[{\"@type\":\"ListItem\",\"position\":1,\"name\":\"Home\",\"item\":\"https:\\\/\\\/bogensportdiscount.ch\\\/\"},{\"@type\":\"ListItem\",\"position\":2,\"name\":\"Shop\",\"item\":\"https:\\\/\\\/bogensportdiscount.ch\\\/shop\\\/\"},{\"@type\":\"ListItem\",\"position\":3,\"name\":\"SHIBUYA RECURVE CASES TRANSPORTER 49.0L WITH WHEELS BURGUNDY\"}]},{\"@type\":\"WebSite\",\"@id\":\"https:\\\/\\\/bogensportdiscount.ch\\\/#website\",\"url\":\"https:\\\/\\\/bogensportdiscount.ch\\\/\",\"name\":\"Bogensportdiscount\",\"description\":\"\",\"potentialAction\":[{\"@type\":\"SearchAction\",\"target\":{\"@type\":\"EntryPoint\",\"urlTemplate\":\"https:\\\/\\\/bogensportdiscount.ch\\\/?s={search_term_string}\"},\"query-input\":{\"@type\":\"PropertyValueSpecification\",\"valueRequired\":true,\"valueName\":\"search_term_string\"}}],\"inLanguage\":\"fr-FR\"}]}<\/script>\n<!-- \/ Yoast SEO plugin. -->","yoast_head_json":{"title":"Mallette de transport SHIBUYA RECURVE 49,0 L avec roulettes, bordeaux - Bogensportdiscount \u2013 Arcs, fl\u00e8ches, cibles et accessoires","description":"Valise SHIBUYA RECURVE TRANSPORTER 49,0 L \u00c0 ROUES BORDEAUX \u00e0 prix avantageux chez Bogensportdiscount \u2013 Grandes marques, livraison rapide depuis la Suisse.","robots":{"index":"index","follow":"follow","max-snippet":"max-snippet:-1","max-image-preview":"max-image-preview:large","max-video-preview":"max-video-preview:-1"},"canonical":"https:\/\/bogensportdiscount.ch\/fr\/produit\/shibuya-recurve-hartschalenkoffer-transporter-49l-mit-rollen-burgund\/","og_locale":"fr_FR","og_type":"article","og_title":"Mallette de transport SHIBUYA RECURVE 49,0 L avec roulettes, bordeaux - Bogensportdiscount \u2013 Arcs, fl\u00e8ches, cibles et accessoires","og_description":"Valise SHIBUYA RECURVE TRANSPORTER 49,0 L \u00c0 ROUES BORDEAUX \u00e0 prix avantageux chez Bogensportdiscount \u2013 Grandes marques, livraison rapide depuis la Suisse.","og_url":"https:\/\/bogensportdiscount.ch\/fr\/produit\/shibuya-recurve-hartschalenkoffer-transporter-49l-mit-rollen-burgund\/","og_site_name":"Bogensportdiscount \u2013 B\u00f6gen, Pfeile, Targets &amp; Zubeh\u00f6r","article_modified_time":"2026-05-14T05:14:05+00:00","og_image":[{"width":501,"height":295,"url":"https:\/\/bogensportdiscount.ch\/wp-content\/uploads\/bsm-images\/A100002_1.png","type":"image\/png"}],"twitter_card":"summary_large_image","schema":{"@context":"https:\/\/schema.org","@graph":[{"@type":"WebPage","@id":"https:\/\/bogensportdiscount.ch\/produkt\/shibuya-recurve-hartschalenkoffer-transporter-49l-mit-rollen-burgund\/","url":"https:\/\/bogensportdiscount.ch\/produkt\/shibuya-recurve-hartschalenkoffer-transporter-49l-mit-rollen-burgund\/","name":"Mallette de transport SHIBUYA RECURVE 49,0 L avec roulettes, bordeaux - Bogensportdiscount \u2013 Arcs, fl\u00e8ches, cibles et accessoires","isPartOf":{"@id":"https:\/\/bogensportdiscount.ch\/#website"},"primaryImageOfPage":{"@id":"https:\/\/bogensportdiscount.ch\/produkt\/shibuya-recurve-hartschalenkoffer-transporter-49l-mit-rollen-burgund\/#primaryimage"},"image":{"@id":"https:\/\/bogensportdiscount.ch\/produkt\/shibuya-recurve-hartschalenkoffer-transporter-49l-mit-rollen-burgund\/#primaryimage"},"thumbnailUrl":"https:\/\/bogensportdiscount.ch\/wp-content\/uploads\/bsm-images\/A100002_1.png","datePublished":"2026-04-05T12:33:07+00:00","dateModified":"2026-05-14T05:14:05+00:00","description":"Valise SHIBUYA RECURVE TRANSPORTER 49,0 L \u00c0 ROUES BORDEAUX \u00e0 prix avantageux chez Bogensportdiscount \u2013 Grandes marques, livraison rapide depuis la Suisse.","breadcrumb":{"@id":"https:\/\/bogensportdiscount.ch\/produkt\/shibuya-recurve-hartschalenkoffer-transporter-49l-mit-rollen-burgund\/#breadcrumb"},"inLanguage":"fr-FR","potentialAction":[{"@type":"ReadAction","target":["https:\/\/bogensportdiscount.ch\/produkt\/shibuya-recurve-hartschalenkoffer-transporter-49l-mit-rollen-burgund\/"]}]},{"@type":"ImageObject","inLanguage":"fr-FR","@id":"https:\/\/bogensportdiscount.ch\/produkt\/shibuya-recurve-hartschalenkoffer-transporter-49l-mit-rollen-burgund\/#primaryimage","url":"https:\/\/bogensportdiscount.ch\/wp-content\/uploads\/bsm-images\/A100002_1.png","contentUrl":"https:\/\/bogensportdiscount.ch\/wp-content\/uploads\/bsm-images\/A100002_1.png","width":501,"height":295},{"@type":"BreadcrumbList","@id":"https:\/\/bogensportdiscount.ch\/produkt\/shibuya-recurve-hartschalenkoffer-transporter-49l-mit-rollen-burgund\/#breadcrumb","itemListElement":[{"@type":"ListItem","position":1,"name":"Home","item":"https:\/\/bogensportdiscount.ch\/"},{"@type":"ListItem","position":2,"name":"Shop","item":"https:\/\/bogensportdiscount.ch\/shop\/"},{"@type":"ListItem","position":3,"name":"SHIBUYA RECURVE CASES TRANSPORTER 49.0L WITH WHEELS BURGUNDY"}]},{"@type":"WebSite","@id":"https:\/\/bogensportdiscount.ch\/#website","url":"https:\/\/bogensportdiscount.ch\/","name":"Bogensportdiscount","description":"","potentialAction":[{"@type":"SearchAction","target":{"@type":"EntryPoint","urlTemplate":"https:\/\/bogensportdiscount.ch\/?s={search_term_string}"},"query-input":{"@type":"PropertyValueSpecification","valueRequired":true,"valueName":"search_term_string"}}],"inLanguage":"fr-FR"}]}},"_links":{"self":[{"href":"https:\/\/bogensportdiscount.ch\/fr\/wp-json\/wp\/v2\/product\/394312","targetHints":{"allow":["GET"]}}],"collection":[{"href":"https:\/\/bogensportdiscount.ch\/fr\/wp-json\/wp\/v2\/product"}],"about":[{"href":"https:\/\/bogensportdiscount.ch\/fr\/wp-json\/wp\/v2\/types\/product"}],"replies":[{"embeddable":true,"href":"https:\/\/bogensportdiscount.ch\/fr\/wp-json\/wp\/v2\/comments?post=394312"}],"wp:featuredmedia":[{"embeddable":true,"href":"https:\/\/bogensportdiscount.ch\/fr\/wp-json\/wp\/v2\/media\/523939"}],"wp:attachment":[{"href":"https:\/\/bogensportdiscount.ch\/fr\/wp-json\/wp\/v2\/media?parent=394312"}],"wp:term":[{"taxonomy":"product_brand","embeddable":true,"href":"https:\/\/bogensportdiscount.ch\/fr\/wp-json\/wp\/v2\/product_brand?post=394312"},{"taxonomy":"product_cat","embeddable":true,"href":"https:\/\/bogensportdiscount.ch\/fr\/wp-json\/wp\/v2\/product_cat?post=394312"},{"taxonomy":"product_tag","embeddable":true,"href":"https:\/\/bogensportdiscount.ch\/fr\/wp-json\/wp\/v2\/product_tag?post=394312"}],"curies":[{"name":"wp","href":"https:\/\/api.w.org\/{rel}","templated":true}]}}