{"id":394309,"date":"2026-04-05T14:33:06","date_gmt":"2026-04-05T12:33:06","guid":{"rendered":"https:\/\/bogensportdiscount.ch\/produkt\/wiawis-center-adjustment-block-set-for-carbon-riser-black-locking-bolt\/"},"modified":"2026-05-14T07:14:05","modified_gmt":"2026-05-14T05:14:05","slug":"wiawis-center-adjustment-block-set-carbon-riser-schwarzer-sicherungsbolzen","status":"publish","type":"product","link":"https:\/\/bogensportdiscount.ch\/fr\/produit\/wiawis-center-adjustment-block-set-carbon-riser-schwarzer-sicherungsbolzen\/","title":{"rendered":"WIAWIS CENTER ADJUSTMENT BLOCK SET POUR POIGN\u00c9E CARBONE\/GOUPILLE DE VERROUILLAGE NOIRE"},"content":{"rendered":"<p>Le WIAWIS Center Adjustment Block Set est un accessoire pour arcs classiques avec poign\u00e9e en carbone. Il sert au r\u00e9glage de la position centrale et permet un alignement pr\u00e9cis de l'arc pour un d\u00e9part de fl\u00e8che optimis\u00e9.<\/p>\n<p>Le kit comprend un boulon de blocage noir garantissant une fixation fiable du r\u00e9glage. Les composants sont sp\u00e9cialement adapt\u00e9s \u00e0 la ligne de poign\u00e9es en carbone WIAWIS et doivent \u00eatre v\u00e9rifi\u00e9s quant \u00e0 leur compatibilit\u00e9 avec le mod\u00e8le de poign\u00e9e concern\u00e9.<\/p>\n<ul>\n<li>Kit de bloc de r\u00e9glage central pour poign\u00e9e en carbone<\/li>\n<li>Boulon de blocage noir inclus<\/li>\n<li>R\u00e9glage central pr\u00e9cis pour l'arc classique<\/li>\n<li>Compatible avec les mod\u00e8les de poign\u00e9es en carbone WIAWIS compatibles<\/li>\n<\/ul>","protected":false},"excerpt":{"rendered":"<table>\n<tr>\n<th>Propri\u00e9t\u00e9<\/th>\n<th>Valeur<\/th>\n<\/tr>\n<tr>\n<td>Marque<\/td>\n<td>Wiawis<\/td>\n<\/tr>\n<tr>\n<td>Couleur<\/td>\n<td>Noir<\/td>\n<\/tr>\n<tr>\n<td>Pays d'origine<\/td>\n<td>Chine<\/td>\n<\/tr>\n<\/table>","protected":false},"featured_media":453514,"comment_status":"open","ping_status":"closed","template":"","meta":[],"product_brand":[473],"product_cat":[3302,4509,4522],"product_tag":[3546],"class_list":{"0":"post-394309","1":"product","2":"type-product","3":"status-publish","4":"has-post-thumbnail","6":"product_brand-wiawis","7":"product_cat-boegen","8":"product_cat-recurve-boegen","9":"product_cat-einzelteile-fuer-recurve-boegen","10":"product_tag-neuheit","11":"product_shipping_class-bsd-standard","13":"first","14":"onbackorder","15":"shipping-taxable","16":"purchasable","17":"product-type-simple"},"yoast_head":"<!-- This site is optimized with the Yoast SEO plugin v27.6 - https:\/\/yoast.com\/product\/yoast-seo-wordpress\/ -->\n<title>WIAWIS CENTER ADJUSTMENT BLOCK SET F\u00dcR CARBON MITTELTEIL\/SCHWARZER VERRIEGELUNGSSTIFT - Bogensportdiscount \u2013 B\u00f6gen, Pfeile, Targets &amp; Zubeh\u00f6r<\/title>\n<meta name=\"description\" content=\"WIAWIS CENTER ADJUSTMENT BLOCK SET F\u00dcR CARBON MITTELTEIL\/SCHWARZER VERRIEGELUNGSSTIFT g\u00fcnstig kaufen bei Bogensportdiscount \u2013 Top-Marken, schneller Versand aus der Schweiz.\" \/>\n<meta name=\"robots\" content=\"index, follow, max-snippet:-1, max-image-preview:large, max-video-preview:-1\" \/>\n<link rel=\"canonical\" href=\"https:\/\/bogensportdiscount.ch\/fr\/produit\/wiawis-center-adjustment-block-set-carbon-riser-schwarzer-sicherungsbolzen\/\" \/>\n<meta property=\"og:locale\" content=\"fr_FR\" \/>\n<meta property=\"og:type\" content=\"article\" \/>\n<meta property=\"og:title\" content=\"WIAWIS CENTER ADJUSTMENT BLOCK SET F\u00dcR CARBON MITTELTEIL\/SCHWARZER VERRIEGELUNGSSTIFT - Bogensportdiscount \u2013 B\u00f6gen, Pfeile, Targets &amp; Zubeh\u00f6r\" \/>\n<meta property=\"og:description\" content=\"WIAWIS CENTER ADJUSTMENT BLOCK SET F\u00dcR CARBON MITTELTEIL\/SCHWARZER VERRIEGELUNGSSTIFT g\u00fcnstig kaufen bei Bogensportdiscount \u2013 Top-Marken, schneller Versand aus der Schweiz.\" \/>\n<meta property=\"og:url\" content=\"https:\/\/bogensportdiscount.ch\/fr\/produit\/wiawis-center-adjustment-block-set-carbon-riser-schwarzer-sicherungsbolzen\/\" \/>\n<meta property=\"og:site_name\" content=\"Bogensportdiscount \u2013 B\u00f6gen, Pfeile, Targets &amp; Zubeh\u00f6r\" \/>\n<meta property=\"article:modified_time\" content=\"2026-05-14T05:14:05+00:00\" \/>\n<meta property=\"og:image\" content=\"https:\/\/bogensportdiscount.ch\/wp-content\/uploads\/bsm-images\/a099195_1.jpg\" \/>\n\t<meta property=\"og:image:width\" content=\"400\" \/>\n\t<meta property=\"og:image:height\" content=\"400\" \/>\n\t<meta property=\"og:image:type\" content=\"image\/jpeg\" \/>\n<meta name=\"twitter:card\" content=\"summary_large_image\" \/>\n<script type=\"application\/ld+json\" class=\"yoast-schema-graph\">{\"@context\":\"https:\\\/\\\/schema.org\",\"@graph\":[{\"@type\":\"WebPage\",\"@id\":\"https:\\\/\\\/bogensportdiscount.ch\\\/produkt\\\/wiawis-center-adjustment-block-set-carbon-riser-schwarzer-sicherungsbolzen\\\/\",\"url\":\"https:\\\/\\\/bogensportdiscount.ch\\\/produkt\\\/wiawis-center-adjustment-block-set-carbon-riser-schwarzer-sicherungsbolzen\\\/\",\"name\":\"WIAWIS CENTER ADJUSTMENT BLOCK SET F\u00dcR CARBON MITTELTEIL\\\/SCHWARZER VERRIEGELUNGSSTIFT - Bogensportdiscount \u2013 B\u00f6gen, Pfeile, Targets &amp; Zubeh\u00f6r\",\"isPartOf\":{\"@id\":\"https:\\\/\\\/bogensportdiscount.ch\\\/#website\"},\"primaryImageOfPage\":{\"@id\":\"https:\\\/\\\/bogensportdiscount.ch\\\/produkt\\\/wiawis-center-adjustment-block-set-carbon-riser-schwarzer-sicherungsbolzen\\\/#primaryimage\"},\"image\":{\"@id\":\"https:\\\/\\\/bogensportdiscount.ch\\\/produkt\\\/wiawis-center-adjustment-block-set-carbon-riser-schwarzer-sicherungsbolzen\\\/#primaryimage\"},\"thumbnailUrl\":\"https:\\\/\\\/bogensportdiscount.ch\\\/wp-content\\\/uploads\\\/bsm-images\\\/a099195_1.jpg\",\"datePublished\":\"2026-04-05T12:33:06+00:00\",\"dateModified\":\"2026-05-14T05:14:05+00:00\",\"description\":\"WIAWIS CENTER ADJUSTMENT BLOCK SET F\u00dcR CARBON MITTELTEIL\\\/SCHWARZER VERRIEGELUNGSSTIFT g\u00fcnstig kaufen bei Bogensportdiscount \u2013 Top-Marken, schneller Versand aus der Schweiz.\",\"breadcrumb\":{\"@id\":\"https:\\\/\\\/bogensportdiscount.ch\\\/produkt\\\/wiawis-center-adjustment-block-set-carbon-riser-schwarzer-sicherungsbolzen\\\/#breadcrumb\"},\"inLanguage\":\"fr-FR\",\"potentialAction\":[{\"@type\":\"ReadAction\",\"target\":[\"https:\\\/\\\/bogensportdiscount.ch\\\/produkt\\\/wiawis-center-adjustment-block-set-carbon-riser-schwarzer-sicherungsbolzen\\\/\"]}]},{\"@type\":\"ImageObject\",\"inLanguage\":\"fr-FR\",\"@id\":\"https:\\\/\\\/bogensportdiscount.ch\\\/produkt\\\/wiawis-center-adjustment-block-set-carbon-riser-schwarzer-sicherungsbolzen\\\/#primaryimage\",\"url\":\"https:\\\/\\\/bogensportdiscount.ch\\\/wp-content\\\/uploads\\\/bsm-images\\\/a099195_1.jpg\",\"contentUrl\":\"https:\\\/\\\/bogensportdiscount.ch\\\/wp-content\\\/uploads\\\/bsm-images\\\/a099195_1.jpg\",\"width\":400,\"height\":400},{\"@type\":\"BreadcrumbList\",\"@id\":\"https:\\\/\\\/bogensportdiscount.ch\\\/produkt\\\/wiawis-center-adjustment-block-set-carbon-riser-schwarzer-sicherungsbolzen\\\/#breadcrumb\",\"itemListElement\":[{\"@type\":\"ListItem\",\"position\":1,\"name\":\"Home\",\"item\":\"https:\\\/\\\/bogensportdiscount.ch\\\/\"},{\"@type\":\"ListItem\",\"position\":2,\"name\":\"Shop\",\"item\":\"https:\\\/\\\/bogensportdiscount.ch\\\/shop\\\/\"},{\"@type\":\"ListItem\",\"position\":3,\"name\":\"WIAWIS CENTER ADJUSTMENT BLOCK SET FOR CARBON RISER\\\/BLACK LOCKING BOLT\"}]},{\"@type\":\"WebSite\",\"@id\":\"https:\\\/\\\/bogensportdiscount.ch\\\/#website\",\"url\":\"https:\\\/\\\/bogensportdiscount.ch\\\/\",\"name\":\"Bogensportdiscount\",\"description\":\"\",\"potentialAction\":[{\"@type\":\"SearchAction\",\"target\":{\"@type\":\"EntryPoint\",\"urlTemplate\":\"https:\\\/\\\/bogensportdiscount.ch\\\/?s={search_term_string}\"},\"query-input\":{\"@type\":\"PropertyValueSpecification\",\"valueRequired\":true,\"valueName\":\"search_term_string\"}}],\"inLanguage\":\"fr-FR\"}]}<\/script>\n<!-- \/ Yoast SEO plugin. -->","yoast_head_json":{"title":"WIAWIS CENTER ADJUSTMENT BLOCK SET F\u00dcR CARBON MITTELTEIL\/SCHWARZER VERRIEGELUNGSSTIFT - Bogensportdiscount \u2013 B\u00f6gen, Pfeile, Targets &amp; Zubeh\u00f6r","description":"WIAWIS CENTER ADJUSTMENT BLOCK SET F\u00dcR CARBON MITTELTEIL\/SCHWARZER VERRIEGELUNGSSTIFT g\u00fcnstig kaufen bei Bogensportdiscount \u2013 Top-Marken, schneller Versand aus der Schweiz.","robots":{"index":"index","follow":"follow","max-snippet":"max-snippet:-1","max-image-preview":"max-image-preview:large","max-video-preview":"max-video-preview:-1"},"canonical":"https:\/\/bogensportdiscount.ch\/fr\/produit\/wiawis-center-adjustment-block-set-carbon-riser-schwarzer-sicherungsbolzen\/","og_locale":"fr_FR","og_type":"article","og_title":"WIAWIS CENTER ADJUSTMENT BLOCK SET F\u00dcR CARBON MITTELTEIL\/SCHWARZER VERRIEGELUNGSSTIFT - Bogensportdiscount \u2013 B\u00f6gen, Pfeile, Targets &amp; Zubeh\u00f6r","og_description":"WIAWIS CENTER ADJUSTMENT BLOCK SET F\u00dcR CARBON MITTELTEIL\/SCHWARZER VERRIEGELUNGSSTIFT g\u00fcnstig kaufen bei Bogensportdiscount \u2013 Top-Marken, schneller Versand aus der Schweiz.","og_url":"https:\/\/bogensportdiscount.ch\/fr\/produit\/wiawis-center-adjustment-block-set-carbon-riser-schwarzer-sicherungsbolzen\/","og_site_name":"Bogensportdiscount \u2013 B\u00f6gen, Pfeile, Targets &amp; Zubeh\u00f6r","article_modified_time":"2026-05-14T05:14:05+00:00","og_image":[{"width":400,"height":400,"url":"https:\/\/bogensportdiscount.ch\/wp-content\/uploads\/bsm-images\/a099195_1.jpg","type":"image\/jpeg"}],"twitter_card":"summary_large_image","schema":{"@context":"https:\/\/schema.org","@graph":[{"@type":"WebPage","@id":"https:\/\/bogensportdiscount.ch\/produkt\/wiawis-center-adjustment-block-set-carbon-riser-schwarzer-sicherungsbolzen\/","url":"https:\/\/bogensportdiscount.ch\/produkt\/wiawis-center-adjustment-block-set-carbon-riser-schwarzer-sicherungsbolzen\/","name":"WIAWIS CENTER ADJUSTMENT BLOCK SET F\u00dcR CARBON MITTELTEIL\/SCHWARZER VERRIEGELUNGSSTIFT - Bogensportdiscount \u2013 B\u00f6gen, Pfeile, Targets &amp; Zubeh\u00f6r","isPartOf":{"@id":"https:\/\/bogensportdiscount.ch\/#website"},"primaryImageOfPage":{"@id":"https:\/\/bogensportdiscount.ch\/produkt\/wiawis-center-adjustment-block-set-carbon-riser-schwarzer-sicherungsbolzen\/#primaryimage"},"image":{"@id":"https:\/\/bogensportdiscount.ch\/produkt\/wiawis-center-adjustment-block-set-carbon-riser-schwarzer-sicherungsbolzen\/#primaryimage"},"thumbnailUrl":"https:\/\/bogensportdiscount.ch\/wp-content\/uploads\/bsm-images\/a099195_1.jpg","datePublished":"2026-04-05T12:33:06+00:00","dateModified":"2026-05-14T05:14:05+00:00","description":"WIAWIS CENTER ADJUSTMENT BLOCK SET F\u00dcR CARBON MITTELTEIL\/SCHWARZER VERRIEGELUNGSSTIFT g\u00fcnstig kaufen bei Bogensportdiscount \u2013 Top-Marken, schneller Versand aus der Schweiz.","breadcrumb":{"@id":"https:\/\/bogensportdiscount.ch\/produkt\/wiawis-center-adjustment-block-set-carbon-riser-schwarzer-sicherungsbolzen\/#breadcrumb"},"inLanguage":"fr-FR","potentialAction":[{"@type":"ReadAction","target":["https:\/\/bogensportdiscount.ch\/produkt\/wiawis-center-adjustment-block-set-carbon-riser-schwarzer-sicherungsbolzen\/"]}]},{"@type":"ImageObject","inLanguage":"fr-FR","@id":"https:\/\/bogensportdiscount.ch\/produkt\/wiawis-center-adjustment-block-set-carbon-riser-schwarzer-sicherungsbolzen\/#primaryimage","url":"https:\/\/bogensportdiscount.ch\/wp-content\/uploads\/bsm-images\/a099195_1.jpg","contentUrl":"https:\/\/bogensportdiscount.ch\/wp-content\/uploads\/bsm-images\/a099195_1.jpg","width":400,"height":400},{"@type":"BreadcrumbList","@id":"https:\/\/bogensportdiscount.ch\/produkt\/wiawis-center-adjustment-block-set-carbon-riser-schwarzer-sicherungsbolzen\/#breadcrumb","itemListElement":[{"@type":"ListItem","position":1,"name":"Home","item":"https:\/\/bogensportdiscount.ch\/"},{"@type":"ListItem","position":2,"name":"Shop","item":"https:\/\/bogensportdiscount.ch\/shop\/"},{"@type":"ListItem","position":3,"name":"WIAWIS CENTER ADJUSTMENT BLOCK SET FOR CARBON RISER\/BLACK LOCKING BOLT"}]},{"@type":"WebSite","@id":"https:\/\/bogensportdiscount.ch\/#website","url":"https:\/\/bogensportdiscount.ch\/","name":"Bogensportdiscount","description":"","potentialAction":[{"@type":"SearchAction","target":{"@type":"EntryPoint","urlTemplate":"https:\/\/bogensportdiscount.ch\/?s={search_term_string}"},"query-input":{"@type":"PropertyValueSpecification","valueRequired":true,"valueName":"search_term_string"}}],"inLanguage":"fr-FR"}]}},"_links":{"self":[{"href":"https:\/\/bogensportdiscount.ch\/fr\/wp-json\/wp\/v2\/product\/394309","targetHints":{"allow":["GET"]}}],"collection":[{"href":"https:\/\/bogensportdiscount.ch\/fr\/wp-json\/wp\/v2\/product"}],"about":[{"href":"https:\/\/bogensportdiscount.ch\/fr\/wp-json\/wp\/v2\/types\/product"}],"replies":[{"embeddable":true,"href":"https:\/\/bogensportdiscount.ch\/fr\/wp-json\/wp\/v2\/comments?post=394309"}],"wp:featuredmedia":[{"embeddable":true,"href":"https:\/\/bogensportdiscount.ch\/fr\/wp-json\/wp\/v2\/media\/453514"}],"wp:attachment":[{"href":"https:\/\/bogensportdiscount.ch\/fr\/wp-json\/wp\/v2\/media?parent=394309"}],"wp:term":[{"taxonomy":"product_brand","embeddable":true,"href":"https:\/\/bogensportdiscount.ch\/fr\/wp-json\/wp\/v2\/product_brand?post=394309"},{"taxonomy":"product_cat","embeddable":true,"href":"https:\/\/bogensportdiscount.ch\/fr\/wp-json\/wp\/v2\/product_cat?post=394309"},{"taxonomy":"product_tag","embeddable":true,"href":"https:\/\/bogensportdiscount.ch\/fr\/wp-json\/wp\/v2\/product_tag?post=394309"}],"curies":[{"name":"wp","href":"https:\/\/api.w.org\/{rel}","templated":true}]}}