{"id":394294,"date":"2026-04-05T14:33:03","date_gmt":"2026-04-05T12:33:03","guid":{"rendered":"https:\/\/bogensportdiscount.ch\/produkt\/shibuya-stabilizer-dampers-ghost-40-5-16\/"},"modified":"2026-05-14T07:14:05","modified_gmt":"2026-05-14T05:14:05","slug":"shibuya-stabilisatordaempfer-ghost-40-5-16","status":"publish","type":"product","link":"https:\/\/bogensportdiscount.ch\/fr\/produit\/shibuya-stabilisatordaempfer-ghost-40-5-16\/","title":{"rendered":"SHIBUYA AMORTISSEUR DE STABILISATEUR GHOST 40 5\/16"},"content":{"rendered":"<p>Les amortisseurs de stabilisateur SHIBUYA Ghost 40 sont sp\u00e9cialement con\u00e7us pour r\u00e9duire les vibrations et les chocs lors du tir. Le filetage 5\/16 pouces correspond \u00e0 la norme courante et permet un montage facile sur les stabilisateurs compatibles.<\/p>\n<p>Les amortisseurs de ce type sont utilis\u00e9s entre le stabilisateur et l'arc ou aux points de connexion du syst\u00e8me de stabilisateur afin d'absorber les oscillations ind\u00e9sirables et d'am\u00e9liorer la stabilit\u00e9 au tir.<\/p>\n<ul>\n<li>Filetage standard 5\/16 pouces<\/li>\n<li>Amortit les vibrations et les chocs<\/li>\n<li>Convient aux syst\u00e8mes de stabilisateurs courants<\/li>\n<li>Convient aux arcs classiques et \u00e0 poulies<\/li>\n<\/ul>","protected":false},"excerpt":{"rendered":"<p><strong>Model:<\/strong> Ghost40<br \/><strong>Length:<\/strong> approx. 40 mm (excluding screws and spacers)<br \/><strong>Width:<\/strong> approx. 40 mm<br \/><strong>Poids:<\/strong> approx. 61 g<br \/><strong>Thread Size:<\/strong> 5\/16&quot;\u20135\/16&quot;<br \/><strong>mat\u00e9riel :<\/strong> Specialty low-rebound rubber<\/p>","protected":false},"featured_media":523948,"comment_status":"open","ping_status":"closed","template":"","meta":[],"product_brand":[496],"product_cat":[4128,4195,4197],"product_tag":[3546],"class_list":{"0":"post-394294","1":"product","2":"type-product","3":"status-publish","4":"has-post-thumbnail","6":"product_brand-shibuya","7":"product_cat-bogen-zubehoer","8":"product_cat-daempfer","9":"product_cat-stabilisations-daempfer","10":"product_tag-neuheit","11":"product_shipping_class-bsd-standard","13":"first","14":"instock","15":"shipping-taxable","16":"purchasable","17":"product-type-simple"},"yoast_head":"<!-- This site is optimized with the Yoast SEO plugin v27.6 - https:\/\/yoast.com\/product\/yoast-seo-wordpress\/ -->\n<title>SHIBUYA STABILISATOR D\u00c4MPFER GHOST 40 5\/16 - Bogensportdiscount \u2013 B\u00f6gen, Pfeile, Targets &amp; Zubeh\u00f6r<\/title>\n<meta name=\"description\" content=\"SHIBUYA STABILISATOR D\u00c4MPFER GHOST 40 5\/16 g\u00fcnstig kaufen bei Bogensportdiscount \u2013 Top-Marken, schneller Versand aus der Schweiz.\" \/>\n<meta name=\"robots\" content=\"index, follow, max-snippet:-1, max-image-preview:large, max-video-preview:-1\" \/>\n<link rel=\"canonical\" href=\"https:\/\/bogensportdiscount.ch\/fr\/produit\/shibuya-stabilisatordaempfer-ghost-40-5-16\/\" \/>\n<meta property=\"og:locale\" content=\"fr_FR\" \/>\n<meta property=\"og:type\" content=\"article\" \/>\n<meta property=\"og:title\" content=\"SHIBUYA STABILISATOR D\u00c4MPFER GHOST 40 5\/16 - Bogensportdiscount \u2013 B\u00f6gen, Pfeile, Targets &amp; Zubeh\u00f6r\" \/>\n<meta property=\"og:description\" content=\"SHIBUYA STABILISATOR D\u00c4MPFER GHOST 40 5\/16 g\u00fcnstig kaufen bei Bogensportdiscount \u2013 Top-Marken, schneller Versand aus der Schweiz.\" \/>\n<meta property=\"og:url\" content=\"https:\/\/bogensportdiscount.ch\/fr\/produit\/shibuya-stabilisatordaempfer-ghost-40-5-16\/\" \/>\n<meta property=\"og:site_name\" content=\"Bogensportdiscount \u2013 B\u00f6gen, Pfeile, Targets &amp; Zubeh\u00f6r\" \/>\n<meta property=\"article:modified_time\" content=\"2026-05-14T05:14:05+00:00\" \/>\n<meta property=\"og:image\" content=\"https:\/\/bogensportdiscount.ch\/wp-content\/uploads\/bsm-images\/A098741_1.png\" \/>\n\t<meta property=\"og:image:width\" content=\"1000\" \/>\n\t<meta property=\"og:image:height\" content=\"820\" \/>\n\t<meta property=\"og:image:type\" content=\"image\/png\" \/>\n<meta name=\"twitter:card\" content=\"summary_large_image\" \/>\n<script type=\"application\/ld+json\" class=\"yoast-schema-graph\">{\"@context\":\"https:\\\/\\\/schema.org\",\"@graph\":[{\"@type\":\"WebPage\",\"@id\":\"https:\\\/\\\/bogensportdiscount.ch\\\/produkt\\\/shibuya-stabilisatordaempfer-ghost-40-5-16\\\/\",\"url\":\"https:\\\/\\\/bogensportdiscount.ch\\\/produkt\\\/shibuya-stabilisatordaempfer-ghost-40-5-16\\\/\",\"name\":\"SHIBUYA STABILISATOR D\u00c4MPFER GHOST 40 5\\\/16 - Bogensportdiscount \u2013 B\u00f6gen, Pfeile, Targets &amp; Zubeh\u00f6r\",\"isPartOf\":{\"@id\":\"https:\\\/\\\/bogensportdiscount.ch\\\/#website\"},\"primaryImageOfPage\":{\"@id\":\"https:\\\/\\\/bogensportdiscount.ch\\\/produkt\\\/shibuya-stabilisatordaempfer-ghost-40-5-16\\\/#primaryimage\"},\"image\":{\"@id\":\"https:\\\/\\\/bogensportdiscount.ch\\\/produkt\\\/shibuya-stabilisatordaempfer-ghost-40-5-16\\\/#primaryimage\"},\"thumbnailUrl\":\"https:\\\/\\\/bogensportdiscount.ch\\\/wp-content\\\/uploads\\\/bsm-images\\\/A098741_1.png\",\"datePublished\":\"2026-04-05T12:33:03+00:00\",\"dateModified\":\"2026-05-14T05:14:05+00:00\",\"description\":\"SHIBUYA STABILISATOR D\u00c4MPFER GHOST 40 5\\\/16 g\u00fcnstig kaufen bei Bogensportdiscount \u2013 Top-Marken, schneller Versand aus der Schweiz.\",\"breadcrumb\":{\"@id\":\"https:\\\/\\\/bogensportdiscount.ch\\\/produkt\\\/shibuya-stabilisatordaempfer-ghost-40-5-16\\\/#breadcrumb\"},\"inLanguage\":\"fr-FR\",\"potentialAction\":[{\"@type\":\"ReadAction\",\"target\":[\"https:\\\/\\\/bogensportdiscount.ch\\\/produkt\\\/shibuya-stabilisatordaempfer-ghost-40-5-16\\\/\"]}]},{\"@type\":\"ImageObject\",\"inLanguage\":\"fr-FR\",\"@id\":\"https:\\\/\\\/bogensportdiscount.ch\\\/produkt\\\/shibuya-stabilisatordaempfer-ghost-40-5-16\\\/#primaryimage\",\"url\":\"https:\\\/\\\/bogensportdiscount.ch\\\/wp-content\\\/uploads\\\/bsm-images\\\/A098741_1.png\",\"contentUrl\":\"https:\\\/\\\/bogensportdiscount.ch\\\/wp-content\\\/uploads\\\/bsm-images\\\/A098741_1.png\",\"width\":1000,\"height\":820},{\"@type\":\"BreadcrumbList\",\"@id\":\"https:\\\/\\\/bogensportdiscount.ch\\\/produkt\\\/shibuya-stabilisatordaempfer-ghost-40-5-16\\\/#breadcrumb\",\"itemListElement\":[{\"@type\":\"ListItem\",\"position\":1,\"name\":\"Home\",\"item\":\"https:\\\/\\\/bogensportdiscount.ch\\\/\"},{\"@type\":\"ListItem\",\"position\":2,\"name\":\"Shop\",\"item\":\"https:\\\/\\\/bogensportdiscount.ch\\\/shop\\\/\"},{\"@type\":\"ListItem\",\"position\":3,\"name\":\"SHIBUYA STABILIZER DAMPERS GHOST 40 5\\\/16\"}]},{\"@type\":\"WebSite\",\"@id\":\"https:\\\/\\\/bogensportdiscount.ch\\\/#website\",\"url\":\"https:\\\/\\\/bogensportdiscount.ch\\\/\",\"name\":\"Bogensportdiscount\",\"description\":\"\",\"potentialAction\":[{\"@type\":\"SearchAction\",\"target\":{\"@type\":\"EntryPoint\",\"urlTemplate\":\"https:\\\/\\\/bogensportdiscount.ch\\\/?s={search_term_string}\"},\"query-input\":{\"@type\":\"PropertyValueSpecification\",\"valueRequired\":true,\"valueName\":\"search_term_string\"}}],\"inLanguage\":\"fr-FR\"}]}<\/script>\n<!-- \/ Yoast SEO plugin. -->","yoast_head_json":{"title":"SHIBUYA STABILISATOR D\u00c4MPFER GHOST 40 5\/16 - Bogensportdiscount \u2013 B\u00f6gen, Pfeile, Targets &amp; Zubeh\u00f6r","description":"SHIBUYA STABILISATOR D\u00c4MPFER GHOST 40 5\/16 g\u00fcnstig kaufen bei Bogensportdiscount \u2013 Top-Marken, schneller Versand aus der Schweiz.","robots":{"index":"index","follow":"follow","max-snippet":"max-snippet:-1","max-image-preview":"max-image-preview:large","max-video-preview":"max-video-preview:-1"},"canonical":"https:\/\/bogensportdiscount.ch\/fr\/produit\/shibuya-stabilisatordaempfer-ghost-40-5-16\/","og_locale":"fr_FR","og_type":"article","og_title":"SHIBUYA STABILISATOR D\u00c4MPFER GHOST 40 5\/16 - Bogensportdiscount \u2013 B\u00f6gen, Pfeile, Targets &amp; Zubeh\u00f6r","og_description":"SHIBUYA STABILISATOR D\u00c4MPFER GHOST 40 5\/16 g\u00fcnstig kaufen bei Bogensportdiscount \u2013 Top-Marken, schneller Versand aus der Schweiz.","og_url":"https:\/\/bogensportdiscount.ch\/fr\/produit\/shibuya-stabilisatordaempfer-ghost-40-5-16\/","og_site_name":"Bogensportdiscount \u2013 B\u00f6gen, Pfeile, Targets &amp; Zubeh\u00f6r","article_modified_time":"2026-05-14T05:14:05+00:00","og_image":[{"width":1000,"height":820,"url":"https:\/\/bogensportdiscount.ch\/wp-content\/uploads\/bsm-images\/A098741_1.png","type":"image\/png"}],"twitter_card":"summary_large_image","schema":{"@context":"https:\/\/schema.org","@graph":[{"@type":"WebPage","@id":"https:\/\/bogensportdiscount.ch\/produkt\/shibuya-stabilisatordaempfer-ghost-40-5-16\/","url":"https:\/\/bogensportdiscount.ch\/produkt\/shibuya-stabilisatordaempfer-ghost-40-5-16\/","name":"SHIBUYA STABILISATOR D\u00c4MPFER GHOST 40 5\/16 - Bogensportdiscount \u2013 B\u00f6gen, Pfeile, Targets &amp; Zubeh\u00f6r","isPartOf":{"@id":"https:\/\/bogensportdiscount.ch\/#website"},"primaryImageOfPage":{"@id":"https:\/\/bogensportdiscount.ch\/produkt\/shibuya-stabilisatordaempfer-ghost-40-5-16\/#primaryimage"},"image":{"@id":"https:\/\/bogensportdiscount.ch\/produkt\/shibuya-stabilisatordaempfer-ghost-40-5-16\/#primaryimage"},"thumbnailUrl":"https:\/\/bogensportdiscount.ch\/wp-content\/uploads\/bsm-images\/A098741_1.png","datePublished":"2026-04-05T12:33:03+00:00","dateModified":"2026-05-14T05:14:05+00:00","description":"SHIBUYA STABILISATOR D\u00c4MPFER GHOST 40 5\/16 g\u00fcnstig kaufen bei Bogensportdiscount \u2013 Top-Marken, schneller Versand aus der Schweiz.","breadcrumb":{"@id":"https:\/\/bogensportdiscount.ch\/produkt\/shibuya-stabilisatordaempfer-ghost-40-5-16\/#breadcrumb"},"inLanguage":"fr-FR","potentialAction":[{"@type":"ReadAction","target":["https:\/\/bogensportdiscount.ch\/produkt\/shibuya-stabilisatordaempfer-ghost-40-5-16\/"]}]},{"@type":"ImageObject","inLanguage":"fr-FR","@id":"https:\/\/bogensportdiscount.ch\/produkt\/shibuya-stabilisatordaempfer-ghost-40-5-16\/#primaryimage","url":"https:\/\/bogensportdiscount.ch\/wp-content\/uploads\/bsm-images\/A098741_1.png","contentUrl":"https:\/\/bogensportdiscount.ch\/wp-content\/uploads\/bsm-images\/A098741_1.png","width":1000,"height":820},{"@type":"BreadcrumbList","@id":"https:\/\/bogensportdiscount.ch\/produkt\/shibuya-stabilisatordaempfer-ghost-40-5-16\/#breadcrumb","itemListElement":[{"@type":"ListItem","position":1,"name":"Home","item":"https:\/\/bogensportdiscount.ch\/"},{"@type":"ListItem","position":2,"name":"Shop","item":"https:\/\/bogensportdiscount.ch\/shop\/"},{"@type":"ListItem","position":3,"name":"SHIBUYA STABILIZER DAMPERS GHOST 40 5\/16"}]},{"@type":"WebSite","@id":"https:\/\/bogensportdiscount.ch\/#website","url":"https:\/\/bogensportdiscount.ch\/","name":"Bogensportdiscount","description":"","potentialAction":[{"@type":"SearchAction","target":{"@type":"EntryPoint","urlTemplate":"https:\/\/bogensportdiscount.ch\/?s={search_term_string}"},"query-input":{"@type":"PropertyValueSpecification","valueRequired":true,"valueName":"search_term_string"}}],"inLanguage":"fr-FR"}]}},"_links":{"self":[{"href":"https:\/\/bogensportdiscount.ch\/fr\/wp-json\/wp\/v2\/product\/394294","targetHints":{"allow":["GET"]}}],"collection":[{"href":"https:\/\/bogensportdiscount.ch\/fr\/wp-json\/wp\/v2\/product"}],"about":[{"href":"https:\/\/bogensportdiscount.ch\/fr\/wp-json\/wp\/v2\/types\/product"}],"replies":[{"embeddable":true,"href":"https:\/\/bogensportdiscount.ch\/fr\/wp-json\/wp\/v2\/comments?post=394294"}],"wp:featuredmedia":[{"embeddable":true,"href":"https:\/\/bogensportdiscount.ch\/fr\/wp-json\/wp\/v2\/media\/523948"}],"wp:attachment":[{"href":"https:\/\/bogensportdiscount.ch\/fr\/wp-json\/wp\/v2\/media?parent=394294"}],"wp:term":[{"taxonomy":"product_brand","embeddable":true,"href":"https:\/\/bogensportdiscount.ch\/fr\/wp-json\/wp\/v2\/product_brand?post=394294"},{"taxonomy":"product_cat","embeddable":true,"href":"https:\/\/bogensportdiscount.ch\/fr\/wp-json\/wp\/v2\/product_cat?post=394294"},{"taxonomy":"product_tag","embeddable":true,"href":"https:\/\/bogensportdiscount.ch\/fr\/wp-json\/wp\/v2\/product_tag?post=394294"}],"curies":[{"name":"wp","href":"https:\/\/api.w.org\/{rel}","templated":true}]}}