{"id":394292,"date":"2026-04-05T14:33:03","date_gmt":"2026-04-05T12:33:03","guid":{"rendered":"https:\/\/bogensportdiscount.ch\/produkt\/morrell-portable-target-yellow-jacket-yj-425-field-point-21x15x21\/"},"modified":"2026-04-15T12:17:08","modified_gmt":"2026-04-15T10:17:08","slug":"morrel-bogenschiessziel-yellow-jacket-yj-425-field-point-21x15x21","status":"publish","type":"product","link":"https:\/\/bogensportdiscount.ch\/fr\/produit\/morrel-bogenschiessziel-yellow-jacket-yj-425-field-point-21x15x21\/","title":{"rendered":"MORRELL PORTABLE TARGET YELLOW JACKET YJ-425 FIELD POINT - 21\u2033x15\u2033x21\u2033"},"content":{"rendered":"<p>Das Morrel Yellow Jacket YJ-425 ist ein portables Blockziel f\u00fcr Field-Point-Pfeile. Mit den Abmessungen 21&#8243; x 15&#8243; x 21&#8243; und einem Gewicht von ca. 6,8 kg bietet es eine stabile, gut handhabbare Gr\u00f6sse f\u00fcr das Training im Garten oder auf dem Schiessplatz.<\/p>\n<p>Dank seiner kompakten Bauweise l\u00e4sst sich das Ziel einfach transportieren und aufstellen. Es ist speziell f\u00fcr den Einsatz mit Feldspitzen ausgelegt und eignet sich f\u00fcr Recurve- und Compoundbogen.<\/p>\n<ul>\n<li>Portables Blockziel f\u00fcr Field Points<\/li>\n<li>Abmessungen: 21&#8243; x 15&#8243; x 21&#8243;<\/li>\n<li>Gewicht: ca. 6,8 kg<\/li>\n<li>Fabriqu\u00e9 aux \u00c9tats-Unis<\/li>\n<\/ul>","protected":false},"excerpt":{"rendered":"<table>\n<tr>\n<th>Propri\u00e9t\u00e9<\/th>\n<th>Valeur<\/th>\n<\/tr>\n<tr>\n<td>Marque<\/td>\n<td>Morrel<\/td>\n<\/tr>\n<tr>\n<td>Type<\/td>\n<td>Block<\/td>\n<\/tr>\n<tr>\n<td>Poids<\/td>\n<td>6800 g<\/td>\n<\/tr>\n<tr>\n<td>Abmessungen<\/td>\n<td>21&#8243; x 15&#8243; x 21&#8243;<\/td>\n<\/tr>\n<tr>\n<td>Herkunftsland<\/td>\n<td>USA<\/td>\n<\/tr>\n<\/table>","protected":false},"featured_media":440763,"comment_status":"open","ping_status":"closed","template":"","meta":[],"product_brand":[579],"product_cat":[4151],"product_tag":[3546],"class_list":{"0":"post-394292","1":"product","2":"type-product","3":"status-publish","4":"has-post-thumbnail","6":"product_brand-morrel","7":"product_cat-wuerfel-sacke","8":"product_tag-neuheit","10":"first","11":"instock","12":"shipping-taxable","13":"purchasable","14":"product-type-simple"},"_links":{"self":[{"href":"https:\/\/bogensportdiscount.ch\/fr\/wp-json\/wp\/v2\/product\/394292","targetHints":{"allow":["GET"]}}],"collection":[{"href":"https:\/\/bogensportdiscount.ch\/fr\/wp-json\/wp\/v2\/product"}],"about":[{"href":"https:\/\/bogensportdiscount.ch\/fr\/wp-json\/wp\/v2\/types\/product"}],"replies":[{"embeddable":true,"href":"https:\/\/bogensportdiscount.ch\/fr\/wp-json\/wp\/v2\/comments?post=394292"}],"wp:featuredmedia":[{"embeddable":true,"href":"https:\/\/bogensportdiscount.ch\/fr\/wp-json\/wp\/v2\/media\/440763"}],"wp:attachment":[{"href":"https:\/\/bogensportdiscount.ch\/fr\/wp-json\/wp\/v2\/media?parent=394292"}],"wp:term":[{"taxonomy":"product_brand","embeddable":true,"href":"https:\/\/bogensportdiscount.ch\/fr\/wp-json\/wp\/v2\/product_brand?post=394292"},{"taxonomy":"product_cat","embeddable":true,"href":"https:\/\/bogensportdiscount.ch\/fr\/wp-json\/wp\/v2\/product_cat?post=394292"},{"taxonomy":"product_tag","embeddable":true,"href":"https:\/\/bogensportdiscount.ch\/fr\/wp-json\/wp\/v2\/product_tag?post=394292"}],"curies":[{"name":"wp","href":"https:\/\/api.w.org\/{rel}","templated":true}]}}