{"id":394282,"date":"2026-04-05T14:33:00","date_gmt":"2026-04-05T12:33:00","guid":{"rendered":"https:\/\/bogensportdiscount.ch\/produkt\/buck-trail-strap-on-6-arrows-quiver-middle-rubber-clip-only-2-pk\/"},"modified":"2026-05-14T07:14:04","modified_gmt":"2026-05-14T05:14:04","slug":"bucktrail-strap-on-koecher-6-pfeile-mittlere-gummi-klemme-2er-pack","status":"publish","type":"product","link":"https:\/\/bogensportdiscount.ch\/fr\/produit\/bucktrail-strap-on-koecher-6-pfeile-mittlere-gummi-klemme-2er-pack\/","title":{"rendered":"BUCK TRAIL CARQUOIS ENVELOPPANT 6 FL\u00c8CHES CLIP CAOUTCHOUC MOYEN UNIQUEMENT LOT DE 2"},"content":{"rendered":"<p>Cet ensemble d'accessoires contient deux clips en caoutchouc moyens comme pi\u00e8ces de rechange pour le carquois BUCKTRAIL Strap-On \u00e0 6 fl\u00e8ches. Les clips maintiennent les fl\u00e8ches solidement dans le carquois et sont soumis \u00e0 une usure naturelle due \u00e0 une utilisation r\u00e9guli\u00e8re \u2013 avec ce pack, il est possible de r\u00e9tablir rapidement et \u00e0 moindre co\u00fbt la fonctionnalit\u00e9 du carquois.<\/p>\n<ul>\n<li>Clip en caoutchouc moyen comme pi\u00e8ce de rechange<\/li>\n<li>2 pi\u00e8ces par emballage<\/li>\n<li>Compatible avec le carquois BUCKTRAIL Strap-On \u00e0 6 fl\u00e8ches<\/li>\n<li>Remplacement facile sans outil sp\u00e9cial<\/li>\n<\/ul>\n<p>Id\u00e9al pour les archers qui souhaitent maintenir leur carquois en bon \u00e9tat sur le long terme sans devoir remplacer l'ensemble des accessoires.<\/p>","protected":false},"excerpt":{"rendered":"<table>\n<tr>\n<th>Propri\u00e9t\u00e9<\/th>\n<th>Valeur<\/th>\n<\/tr>\n<tr>\n<td>Marque<\/td>\n<td>Buck Trail<\/td>\n<\/tr>\n<tr>\n<td>Pays d'origine<\/td>\n<td>Pakistan<\/td>\n<\/tr>\n<tr>\n<td>GTIN<\/td>\n<td>6426001384392<\/td>\n<\/tr>\n<\/table>","protected":false},"featured_media":523225,"comment_status":"open","ping_status":"closed","template":"","meta":[],"product_brand":[432],"product_cat":[4124,4145,4164],"product_tag":[3546],"class_list":{"0":"post-394282","1":"product","2":"type-product","3":"status-publish","4":"has-post-thumbnail","6":"product_brand-bucktrail","7":"product_cat-bogenschuetzer-ausruestung","8":"product_cat-koecher-guerteltasche","9":"product_cat-zubehoer-einzelteile","10":"product_tag-neuheit","11":"product_shipping_class-bsd-standard","13":"first","14":"instock","15":"shipping-taxable","16":"purchasable","17":"product-type-simple"},"yoast_head":"<!-- This site is optimized with the Yoast SEO plugin v27.6 - https:\/\/yoast.com\/product\/yoast-seo-wordpress\/ -->\n<title>BUCK TRAIL \u00dcBERZIEH-K\u00d6CHER 6-PFEILE MITTLERER GUMMIKLIPP NUR 2er-Pack - Bogensportdiscount \u2013 B\u00f6gen, Pfeile, Targets &amp; Zubeh\u00f6r<\/title>\n<meta name=\"description\" content=\"BUCK TRAIL \u00dcBERZIEH-K\u00d6CHER 6-PFEILE MITTLERER GUMMIKLIPP NUR 2er-Pack g\u00fcnstig kaufen bei Bogensportdiscount \u2013 Top-Marken, schneller Versand aus der Schweiz.\" \/>\n<meta name=\"robots\" content=\"index, follow, max-snippet:-1, max-image-preview:large, max-video-preview:-1\" \/>\n<link rel=\"canonical\" href=\"https:\/\/bogensportdiscount.ch\/fr\/produit\/bucktrail-strap-on-koecher-6-pfeile-mittlere-gummi-klemme-2er-pack\/\" \/>\n<meta property=\"og:locale\" content=\"fr_FR\" \/>\n<meta property=\"og:type\" content=\"article\" \/>\n<meta property=\"og:title\" content=\"BUCK TRAIL \u00dcBERZIEH-K\u00d6CHER 6-PFEILE MITTLERER GUMMIKLIPP NUR 2er-Pack - Bogensportdiscount \u2013 B\u00f6gen, Pfeile, Targets &amp; Zubeh\u00f6r\" \/>\n<meta property=\"og:description\" content=\"BUCK TRAIL \u00dcBERZIEH-K\u00d6CHER 6-PFEILE MITTLERER GUMMIKLIPP NUR 2er-Pack g\u00fcnstig kaufen bei Bogensportdiscount \u2013 Top-Marken, schneller Versand aus der Schweiz.\" \/>\n<meta property=\"og:url\" content=\"https:\/\/bogensportdiscount.ch\/fr\/produit\/bucktrail-strap-on-koecher-6-pfeile-mittlere-gummi-klemme-2er-pack\/\" \/>\n<meta property=\"og:site_name\" content=\"Bogensportdiscount \u2013 B\u00f6gen, Pfeile, Targets &amp; Zubeh\u00f6r\" \/>\n<meta property=\"article:modified_time\" content=\"2026-05-14T05:14:04+00:00\" \/>\n<meta property=\"og:image\" content=\"https:\/\/bogensportdiscount.ch\/wp-content\/uploads\/bsm-images\/A098186_1.png\" \/>\n\t<meta property=\"og:image:width\" content=\"1024\" \/>\n\t<meta property=\"og:image:height\" content=\"789\" \/>\n\t<meta property=\"og:image:type\" content=\"image\/png\" \/>\n<meta name=\"twitter:card\" content=\"summary_large_image\" \/>\n<script type=\"application\/ld+json\" class=\"yoast-schema-graph\">{\"@context\":\"https:\\\/\\\/schema.org\",\"@graph\":[{\"@type\":\"WebPage\",\"@id\":\"https:\\\/\\\/bogensportdiscount.ch\\\/produkt\\\/bucktrail-strap-on-koecher-6-pfeile-mittlere-gummi-klemme-2er-pack\\\/\",\"url\":\"https:\\\/\\\/bogensportdiscount.ch\\\/produkt\\\/bucktrail-strap-on-koecher-6-pfeile-mittlere-gummi-klemme-2er-pack\\\/\",\"name\":\"BUCK TRAIL \u00dcBERZIEH-K\u00d6CHER 6-PFEILE MITTLERER GUMMIKLIPP NUR 2er-Pack - Bogensportdiscount \u2013 B\u00f6gen, Pfeile, Targets &amp; Zubeh\u00f6r\",\"isPartOf\":{\"@id\":\"https:\\\/\\\/bogensportdiscount.ch\\\/#website\"},\"primaryImageOfPage\":{\"@id\":\"https:\\\/\\\/bogensportdiscount.ch\\\/produkt\\\/bucktrail-strap-on-koecher-6-pfeile-mittlere-gummi-klemme-2er-pack\\\/#primaryimage\"},\"image\":{\"@id\":\"https:\\\/\\\/bogensportdiscount.ch\\\/produkt\\\/bucktrail-strap-on-koecher-6-pfeile-mittlere-gummi-klemme-2er-pack\\\/#primaryimage\"},\"thumbnailUrl\":\"https:\\\/\\\/bogensportdiscount.ch\\\/wp-content\\\/uploads\\\/bsm-images\\\/A098186_1.png\",\"datePublished\":\"2026-04-05T12:33:00+00:00\",\"dateModified\":\"2026-05-14T05:14:04+00:00\",\"description\":\"BUCK TRAIL \u00dcBERZIEH-K\u00d6CHER 6-PFEILE MITTLERER GUMMIKLIPP NUR 2er-Pack g\u00fcnstig kaufen bei Bogensportdiscount \u2013 Top-Marken, schneller Versand aus der Schweiz.\",\"breadcrumb\":{\"@id\":\"https:\\\/\\\/bogensportdiscount.ch\\\/produkt\\\/bucktrail-strap-on-koecher-6-pfeile-mittlere-gummi-klemme-2er-pack\\\/#breadcrumb\"},\"inLanguage\":\"fr-FR\",\"potentialAction\":[{\"@type\":\"ReadAction\",\"target\":[\"https:\\\/\\\/bogensportdiscount.ch\\\/produkt\\\/bucktrail-strap-on-koecher-6-pfeile-mittlere-gummi-klemme-2er-pack\\\/\"]}]},{\"@type\":\"ImageObject\",\"inLanguage\":\"fr-FR\",\"@id\":\"https:\\\/\\\/bogensportdiscount.ch\\\/produkt\\\/bucktrail-strap-on-koecher-6-pfeile-mittlere-gummi-klemme-2er-pack\\\/#primaryimage\",\"url\":\"https:\\\/\\\/bogensportdiscount.ch\\\/wp-content\\\/uploads\\\/bsm-images\\\/A098186_1.png\",\"contentUrl\":\"https:\\\/\\\/bogensportdiscount.ch\\\/wp-content\\\/uploads\\\/bsm-images\\\/A098186_1.png\",\"width\":1024,\"height\":789},{\"@type\":\"BreadcrumbList\",\"@id\":\"https:\\\/\\\/bogensportdiscount.ch\\\/produkt\\\/bucktrail-strap-on-koecher-6-pfeile-mittlere-gummi-klemme-2er-pack\\\/#breadcrumb\",\"itemListElement\":[{\"@type\":\"ListItem\",\"position\":1,\"name\":\"Home\",\"item\":\"https:\\\/\\\/bogensportdiscount.ch\\\/\"},{\"@type\":\"ListItem\",\"position\":2,\"name\":\"Shop\",\"item\":\"https:\\\/\\\/bogensportdiscount.ch\\\/shop\\\/\"},{\"@type\":\"ListItem\",\"position\":3,\"name\":\"BUCK TRAIL STRAP-ON 6-ARROWS QUIVER MIDDLE RUBBER CLIP ONLY 2\\\/PK\"}]},{\"@type\":\"WebSite\",\"@id\":\"https:\\\/\\\/bogensportdiscount.ch\\\/#website\",\"url\":\"https:\\\/\\\/bogensportdiscount.ch\\\/\",\"name\":\"Bogensportdiscount\",\"description\":\"\",\"potentialAction\":[{\"@type\":\"SearchAction\",\"target\":{\"@type\":\"EntryPoint\",\"urlTemplate\":\"https:\\\/\\\/bogensportdiscount.ch\\\/?s={search_term_string}\"},\"query-input\":{\"@type\":\"PropertyValueSpecification\",\"valueRequired\":true,\"valueName\":\"search_term_string\"}}],\"inLanguage\":\"fr-FR\"}]}<\/script>\n<!-- \/ Yoast SEO plugin. -->","yoast_head_json":{"title":"BUCK TRAIL \u00dcBERZIEH-K\u00d6CHER 6-PFEILE MITTLERER GUMMIKLIPP NUR 2er-Pack - Bogensportdiscount \u2013 B\u00f6gen, Pfeile, Targets &amp; Zubeh\u00f6r","description":"BUCK TRAIL \u00dcBERZIEH-K\u00d6CHER 6-PFEILE MITTLERER GUMMIKLIPP NUR 2er-Pack g\u00fcnstig kaufen bei Bogensportdiscount \u2013 Top-Marken, schneller Versand aus der Schweiz.","robots":{"index":"index","follow":"follow","max-snippet":"max-snippet:-1","max-image-preview":"max-image-preview:large","max-video-preview":"max-video-preview:-1"},"canonical":"https:\/\/bogensportdiscount.ch\/fr\/produit\/bucktrail-strap-on-koecher-6-pfeile-mittlere-gummi-klemme-2er-pack\/","og_locale":"fr_FR","og_type":"article","og_title":"BUCK TRAIL \u00dcBERZIEH-K\u00d6CHER 6-PFEILE MITTLERER GUMMIKLIPP NUR 2er-Pack - Bogensportdiscount \u2013 B\u00f6gen, Pfeile, Targets &amp; Zubeh\u00f6r","og_description":"BUCK TRAIL \u00dcBERZIEH-K\u00d6CHER 6-PFEILE MITTLERER GUMMIKLIPP NUR 2er-Pack g\u00fcnstig kaufen bei Bogensportdiscount \u2013 Top-Marken, schneller Versand aus der Schweiz.","og_url":"https:\/\/bogensportdiscount.ch\/fr\/produit\/bucktrail-strap-on-koecher-6-pfeile-mittlere-gummi-klemme-2er-pack\/","og_site_name":"Bogensportdiscount \u2013 B\u00f6gen, Pfeile, Targets &amp; Zubeh\u00f6r","article_modified_time":"2026-05-14T05:14:04+00:00","og_image":[{"width":1024,"height":789,"url":"https:\/\/bogensportdiscount.ch\/wp-content\/uploads\/bsm-images\/A098186_1.png","type":"image\/png"}],"twitter_card":"summary_large_image","schema":{"@context":"https:\/\/schema.org","@graph":[{"@type":"WebPage","@id":"https:\/\/bogensportdiscount.ch\/produkt\/bucktrail-strap-on-koecher-6-pfeile-mittlere-gummi-klemme-2er-pack\/","url":"https:\/\/bogensportdiscount.ch\/produkt\/bucktrail-strap-on-koecher-6-pfeile-mittlere-gummi-klemme-2er-pack\/","name":"BUCK TRAIL \u00dcBERZIEH-K\u00d6CHER 6-PFEILE MITTLERER GUMMIKLIPP NUR 2er-Pack - Bogensportdiscount \u2013 B\u00f6gen, Pfeile, Targets &amp; Zubeh\u00f6r","isPartOf":{"@id":"https:\/\/bogensportdiscount.ch\/#website"},"primaryImageOfPage":{"@id":"https:\/\/bogensportdiscount.ch\/produkt\/bucktrail-strap-on-koecher-6-pfeile-mittlere-gummi-klemme-2er-pack\/#primaryimage"},"image":{"@id":"https:\/\/bogensportdiscount.ch\/produkt\/bucktrail-strap-on-koecher-6-pfeile-mittlere-gummi-klemme-2er-pack\/#primaryimage"},"thumbnailUrl":"https:\/\/bogensportdiscount.ch\/wp-content\/uploads\/bsm-images\/A098186_1.png","datePublished":"2026-04-05T12:33:00+00:00","dateModified":"2026-05-14T05:14:04+00:00","description":"BUCK TRAIL \u00dcBERZIEH-K\u00d6CHER 6-PFEILE MITTLERER GUMMIKLIPP NUR 2er-Pack g\u00fcnstig kaufen bei Bogensportdiscount \u2013 Top-Marken, schneller Versand aus der Schweiz.","breadcrumb":{"@id":"https:\/\/bogensportdiscount.ch\/produkt\/bucktrail-strap-on-koecher-6-pfeile-mittlere-gummi-klemme-2er-pack\/#breadcrumb"},"inLanguage":"fr-FR","potentialAction":[{"@type":"ReadAction","target":["https:\/\/bogensportdiscount.ch\/produkt\/bucktrail-strap-on-koecher-6-pfeile-mittlere-gummi-klemme-2er-pack\/"]}]},{"@type":"ImageObject","inLanguage":"fr-FR","@id":"https:\/\/bogensportdiscount.ch\/produkt\/bucktrail-strap-on-koecher-6-pfeile-mittlere-gummi-klemme-2er-pack\/#primaryimage","url":"https:\/\/bogensportdiscount.ch\/wp-content\/uploads\/bsm-images\/A098186_1.png","contentUrl":"https:\/\/bogensportdiscount.ch\/wp-content\/uploads\/bsm-images\/A098186_1.png","width":1024,"height":789},{"@type":"BreadcrumbList","@id":"https:\/\/bogensportdiscount.ch\/produkt\/bucktrail-strap-on-koecher-6-pfeile-mittlere-gummi-klemme-2er-pack\/#breadcrumb","itemListElement":[{"@type":"ListItem","position":1,"name":"Home","item":"https:\/\/bogensportdiscount.ch\/"},{"@type":"ListItem","position":2,"name":"Shop","item":"https:\/\/bogensportdiscount.ch\/shop\/"},{"@type":"ListItem","position":3,"name":"BUCK TRAIL STRAP-ON 6-ARROWS QUIVER MIDDLE RUBBER CLIP ONLY 2\/PK"}]},{"@type":"WebSite","@id":"https:\/\/bogensportdiscount.ch\/#website","url":"https:\/\/bogensportdiscount.ch\/","name":"Bogensportdiscount","description":"","potentialAction":[{"@type":"SearchAction","target":{"@type":"EntryPoint","urlTemplate":"https:\/\/bogensportdiscount.ch\/?s={search_term_string}"},"query-input":{"@type":"PropertyValueSpecification","valueRequired":true,"valueName":"search_term_string"}}],"inLanguage":"fr-FR"}]}},"_links":{"self":[{"href":"https:\/\/bogensportdiscount.ch\/fr\/wp-json\/wp\/v2\/product\/394282","targetHints":{"allow":["GET"]}}],"collection":[{"href":"https:\/\/bogensportdiscount.ch\/fr\/wp-json\/wp\/v2\/product"}],"about":[{"href":"https:\/\/bogensportdiscount.ch\/fr\/wp-json\/wp\/v2\/types\/product"}],"replies":[{"embeddable":true,"href":"https:\/\/bogensportdiscount.ch\/fr\/wp-json\/wp\/v2\/comments?post=394282"}],"wp:featuredmedia":[{"embeddable":true,"href":"https:\/\/bogensportdiscount.ch\/fr\/wp-json\/wp\/v2\/media\/523225"}],"wp:attachment":[{"href":"https:\/\/bogensportdiscount.ch\/fr\/wp-json\/wp\/v2\/media?parent=394282"}],"wp:term":[{"taxonomy":"product_brand","embeddable":true,"href":"https:\/\/bogensportdiscount.ch\/fr\/wp-json\/wp\/v2\/product_brand?post=394282"},{"taxonomy":"product_cat","embeddable":true,"href":"https:\/\/bogensportdiscount.ch\/fr\/wp-json\/wp\/v2\/product_cat?post=394282"},{"taxonomy":"product_tag","embeddable":true,"href":"https:\/\/bogensportdiscount.ch\/fr\/wp-json\/wp\/v2\/product_tag?post=394282"}],"curies":[{"name":"wp","href":"https:\/\/api.w.org\/{rel}","templated":true}]}}