{"id":394274,"date":"2026-04-05T14:32:59","date_gmt":"2026-04-05T12:32:59","guid":{"rendered":"https:\/\/bogensportdiscount.ch\/produkt\/avalon-target-archery-umbrella\/"},"modified":"2026-05-14T07:14:04","modified_gmt":"2026-05-14T05:14:04","slug":"avalon-bogensport-regenschirm-target-archery","status":"publish","type":"product","link":"https:\/\/bogensportdiscount.ch\/fr\/produit\/avalon-bogensport-regenschirm-target-archery\/","title":{"rendered":"AVALON CIBLE-\u00c9CRAN POUR LE TIR \u00c0 L'ARC"},"content":{"rendered":"<p>Le parapluie AVALON Target Archery est un accessoire utile pour les archers qui s'entra\u00eenent en ext\u00e9rieur par temps variable ou participent \u00e0 des tournois. En tant que produit de la marque AVALON, fabricant reconnu dans le domaine du tir \u00e0 l'arc, le parapluie est adapt\u00e9 aux besoins des tireurs.<\/p>\n<p>Le parapluie convient aussi bien pour une utilisation sur le terrain d'entra\u00eenement que lors de comp\u00e9titions officielles en ext\u00e9rieur. Il est facile \u00e0 transporter et prot\u00e8ge efficacement contre les pr\u00e9cipitations.<\/p>\n<ul>\n<li>Marque AVALON \u2014 fabricant reconnu dans le domaine du tir \u00e0 l'arc<\/li>\n<li>Adapt\u00e9 \u00e0 l'entra\u00eenement et \u00e0 la comp\u00e9tition en ext\u00e9rieur<\/li>\n<li>Compagnon pratique par temps variable<\/li>\n<\/ul>","protected":false},"excerpt":{"rendered":"<table>\n<tr>\n<th>Propri\u00e9t\u00e9<\/th>\n<th>Valeur<\/th>\n<\/tr>\n<tr>\n<td>Marque<\/td>\n<td>Avalon<\/td>\n<\/tr>\n<tr>\n<td>Pays d'origine<\/td>\n<td>Chine<\/td>\n<\/tr>\n<tr>\n<td>GTIN<\/td>\n<td>6426003130119<\/td>\n<\/tr>\n<\/table>","protected":false},"featured_media":453492,"comment_status":"open","ping_status":"closed","template":"","meta":[],"product_brand":[449],"product_cat":[4271,4294,4410],"product_tag":[3546],"class_list":{"0":"post-394274","1":"product","2":"type-product","3":"status-publish","4":"has-post-thumbnail","6":"product_brand-avalon","7":"product_cat-bekleidung-und-ausstattung","8":"product_cat-weitere-ausruestungstuecke","9":"product_cat-regenschirme","10":"product_tag-neuheit","11":"product_shipping_class-bsd-standard","13":"first","14":"instock","15":"shipping-taxable","16":"purchasable","17":"product-type-simple"},"yoast_head":"<!-- This site is optimized with the Yoast SEO plugin v27.6 - https:\/\/yoast.com\/product\/yoast-seo-wordpress\/ -->\n<title>AVALON ZIEL-SCHIRM F\u00dcR BOGENSPORT - Bogensportdiscount \u2013 B\u00f6gen, Pfeile, Targets &amp; Zubeh\u00f6r<\/title>\n<meta name=\"description\" content=\"AVALON ZIEL-SCHIRM F\u00dcR BOGENSPORT g\u00fcnstig kaufen bei Bogensportdiscount \u2013 Top-Marken, schneller Versand aus der Schweiz.\" \/>\n<meta name=\"robots\" content=\"index, follow, max-snippet:-1, max-image-preview:large, max-video-preview:-1\" \/>\n<link rel=\"canonical\" href=\"https:\/\/bogensportdiscount.ch\/fr\/produit\/avalon-bogensport-regenschirm-target-archery\/\" \/>\n<meta property=\"og:locale\" content=\"fr_FR\" \/>\n<meta property=\"og:type\" content=\"article\" \/>\n<meta property=\"og:title\" content=\"AVALON ZIEL-SCHIRM F\u00dcR BOGENSPORT - Bogensportdiscount \u2013 B\u00f6gen, Pfeile, Targets &amp; Zubeh\u00f6r\" \/>\n<meta property=\"og:description\" content=\"AVALON ZIEL-SCHIRM F\u00dcR BOGENSPORT g\u00fcnstig kaufen bei Bogensportdiscount \u2013 Top-Marken, schneller Versand aus der Schweiz.\" \/>\n<meta property=\"og:url\" content=\"https:\/\/bogensportdiscount.ch\/fr\/produit\/avalon-bogensport-regenschirm-target-archery\/\" \/>\n<meta property=\"og:site_name\" content=\"Bogensportdiscount \u2013 B\u00f6gen, Pfeile, Targets &amp; Zubeh\u00f6r\" \/>\n<meta property=\"article:modified_time\" content=\"2026-05-14T05:14:04+00:00\" \/>\n<meta property=\"og:image\" content=\"https:\/\/bogensportdiscount.ch\/wp-content\/uploads\/bsm-images\/a097826_1.png\" \/>\n\t<meta property=\"og:image:width\" content=\"400\" \/>\n\t<meta property=\"og:image:height\" content=\"389\" \/>\n\t<meta property=\"og:image:type\" content=\"image\/png\" \/>\n<meta name=\"twitter:card\" content=\"summary_large_image\" \/>\n<meta name=\"twitter:label1\" content=\"Dur\u00e9e de lecture estim\u00e9e\" \/>\n\t<meta name=\"twitter:data1\" content=\"1 minute\" \/>\n<script type=\"application\/ld+json\" class=\"yoast-schema-graph\">{\"@context\":\"https:\\\/\\\/schema.org\",\"@graph\":[{\"@type\":\"WebPage\",\"@id\":\"https:\\\/\\\/bogensportdiscount.ch\\\/produkt\\\/avalon-bogensport-regenschirm-target-archery\\\/\",\"url\":\"https:\\\/\\\/bogensportdiscount.ch\\\/produkt\\\/avalon-bogensport-regenschirm-target-archery\\\/\",\"name\":\"AVALON ZIEL-SCHIRM F\u00dcR BOGENSPORT - Bogensportdiscount \u2013 B\u00f6gen, Pfeile, Targets &amp; Zubeh\u00f6r\",\"isPartOf\":{\"@id\":\"https:\\\/\\\/bogensportdiscount.ch\\\/#website\"},\"primaryImageOfPage\":{\"@id\":\"https:\\\/\\\/bogensportdiscount.ch\\\/produkt\\\/avalon-bogensport-regenschirm-target-archery\\\/#primaryimage\"},\"image\":{\"@id\":\"https:\\\/\\\/bogensportdiscount.ch\\\/produkt\\\/avalon-bogensport-regenschirm-target-archery\\\/#primaryimage\"},\"thumbnailUrl\":\"https:\\\/\\\/bogensportdiscount.ch\\\/wp-content\\\/uploads\\\/bsm-images\\\/a097826_1.png\",\"datePublished\":\"2026-04-05T12:32:59+00:00\",\"dateModified\":\"2026-05-14T05:14:04+00:00\",\"description\":\"AVALON ZIEL-SCHIRM F\u00dcR BOGENSPORT g\u00fcnstig kaufen bei Bogensportdiscount \u2013 Top-Marken, schneller Versand aus der Schweiz.\",\"breadcrumb\":{\"@id\":\"https:\\\/\\\/bogensportdiscount.ch\\\/produkt\\\/avalon-bogensport-regenschirm-target-archery\\\/#breadcrumb\"},\"inLanguage\":\"fr-FR\",\"potentialAction\":[{\"@type\":\"ReadAction\",\"target\":[\"https:\\\/\\\/bogensportdiscount.ch\\\/produkt\\\/avalon-bogensport-regenschirm-target-archery\\\/\"]}]},{\"@type\":\"ImageObject\",\"inLanguage\":\"fr-FR\",\"@id\":\"https:\\\/\\\/bogensportdiscount.ch\\\/produkt\\\/avalon-bogensport-regenschirm-target-archery\\\/#primaryimage\",\"url\":\"https:\\\/\\\/bogensportdiscount.ch\\\/wp-content\\\/uploads\\\/bsm-images\\\/a097826_1.png\",\"contentUrl\":\"https:\\\/\\\/bogensportdiscount.ch\\\/wp-content\\\/uploads\\\/bsm-images\\\/a097826_1.png\",\"width\":400,\"height\":389},{\"@type\":\"BreadcrumbList\",\"@id\":\"https:\\\/\\\/bogensportdiscount.ch\\\/produkt\\\/avalon-bogensport-regenschirm-target-archery\\\/#breadcrumb\",\"itemListElement\":[{\"@type\":\"ListItem\",\"position\":1,\"name\":\"Home\",\"item\":\"https:\\\/\\\/bogensportdiscount.ch\\\/\"},{\"@type\":\"ListItem\",\"position\":2,\"name\":\"Shop\",\"item\":\"https:\\\/\\\/bogensportdiscount.ch\\\/shop\\\/\"},{\"@type\":\"ListItem\",\"position\":3,\"name\":\"AVALON TARGET ARCHERY UMBRELLA\"}]},{\"@type\":\"WebSite\",\"@id\":\"https:\\\/\\\/bogensportdiscount.ch\\\/#website\",\"url\":\"https:\\\/\\\/bogensportdiscount.ch\\\/\",\"name\":\"Bogensportdiscount\",\"description\":\"\",\"potentialAction\":[{\"@type\":\"SearchAction\",\"target\":{\"@type\":\"EntryPoint\",\"urlTemplate\":\"https:\\\/\\\/bogensportdiscount.ch\\\/?s={search_term_string}\"},\"query-input\":{\"@type\":\"PropertyValueSpecification\",\"valueRequired\":true,\"valueName\":\"search_term_string\"}}],\"inLanguage\":\"fr-FR\"}]}<\/script>\n<!-- \/ Yoast SEO plugin. -->","yoast_head_json":{"title":"AVALON ZIEL-SCHIRM F\u00dcR BOGENSPORT - Bogensportdiscount \u2013 B\u00f6gen, Pfeile, Targets &amp; Zubeh\u00f6r","description":"AVALON ZIEL-SCHIRM F\u00dcR BOGENSPORT g\u00fcnstig kaufen bei Bogensportdiscount \u2013 Top-Marken, schneller Versand aus der Schweiz.","robots":{"index":"index","follow":"follow","max-snippet":"max-snippet:-1","max-image-preview":"max-image-preview:large","max-video-preview":"max-video-preview:-1"},"canonical":"https:\/\/bogensportdiscount.ch\/fr\/produit\/avalon-bogensport-regenschirm-target-archery\/","og_locale":"fr_FR","og_type":"article","og_title":"AVALON ZIEL-SCHIRM F\u00dcR BOGENSPORT - Bogensportdiscount \u2013 B\u00f6gen, Pfeile, Targets &amp; Zubeh\u00f6r","og_description":"AVALON ZIEL-SCHIRM F\u00dcR BOGENSPORT g\u00fcnstig kaufen bei Bogensportdiscount \u2013 Top-Marken, schneller Versand aus der Schweiz.","og_url":"https:\/\/bogensportdiscount.ch\/fr\/produit\/avalon-bogensport-regenschirm-target-archery\/","og_site_name":"Bogensportdiscount \u2013 B\u00f6gen, Pfeile, Targets &amp; Zubeh\u00f6r","article_modified_time":"2026-05-14T05:14:04+00:00","og_image":[{"width":400,"height":389,"url":"https:\/\/bogensportdiscount.ch\/wp-content\/uploads\/bsm-images\/a097826_1.png","type":"image\/png"}],"twitter_card":"summary_large_image","twitter_misc":{"Dur\u00e9e de lecture estim\u00e9e":"1 minute"},"schema":{"@context":"https:\/\/schema.org","@graph":[{"@type":"WebPage","@id":"https:\/\/bogensportdiscount.ch\/produkt\/avalon-bogensport-regenschirm-target-archery\/","url":"https:\/\/bogensportdiscount.ch\/produkt\/avalon-bogensport-regenschirm-target-archery\/","name":"AVALON ZIEL-SCHIRM F\u00dcR BOGENSPORT - Bogensportdiscount \u2013 B\u00f6gen, Pfeile, Targets &amp; Zubeh\u00f6r","isPartOf":{"@id":"https:\/\/bogensportdiscount.ch\/#website"},"primaryImageOfPage":{"@id":"https:\/\/bogensportdiscount.ch\/produkt\/avalon-bogensport-regenschirm-target-archery\/#primaryimage"},"image":{"@id":"https:\/\/bogensportdiscount.ch\/produkt\/avalon-bogensport-regenschirm-target-archery\/#primaryimage"},"thumbnailUrl":"https:\/\/bogensportdiscount.ch\/wp-content\/uploads\/bsm-images\/a097826_1.png","datePublished":"2026-04-05T12:32:59+00:00","dateModified":"2026-05-14T05:14:04+00:00","description":"AVALON ZIEL-SCHIRM F\u00dcR BOGENSPORT g\u00fcnstig kaufen bei Bogensportdiscount \u2013 Top-Marken, schneller Versand aus der Schweiz.","breadcrumb":{"@id":"https:\/\/bogensportdiscount.ch\/produkt\/avalon-bogensport-regenschirm-target-archery\/#breadcrumb"},"inLanguage":"fr-FR","potentialAction":[{"@type":"ReadAction","target":["https:\/\/bogensportdiscount.ch\/produkt\/avalon-bogensport-regenschirm-target-archery\/"]}]},{"@type":"ImageObject","inLanguage":"fr-FR","@id":"https:\/\/bogensportdiscount.ch\/produkt\/avalon-bogensport-regenschirm-target-archery\/#primaryimage","url":"https:\/\/bogensportdiscount.ch\/wp-content\/uploads\/bsm-images\/a097826_1.png","contentUrl":"https:\/\/bogensportdiscount.ch\/wp-content\/uploads\/bsm-images\/a097826_1.png","width":400,"height":389},{"@type":"BreadcrumbList","@id":"https:\/\/bogensportdiscount.ch\/produkt\/avalon-bogensport-regenschirm-target-archery\/#breadcrumb","itemListElement":[{"@type":"ListItem","position":1,"name":"Home","item":"https:\/\/bogensportdiscount.ch\/"},{"@type":"ListItem","position":2,"name":"Shop","item":"https:\/\/bogensportdiscount.ch\/shop\/"},{"@type":"ListItem","position":3,"name":"AVALON TARGET ARCHERY UMBRELLA"}]},{"@type":"WebSite","@id":"https:\/\/bogensportdiscount.ch\/#website","url":"https:\/\/bogensportdiscount.ch\/","name":"Bogensportdiscount","description":"","potentialAction":[{"@type":"SearchAction","target":{"@type":"EntryPoint","urlTemplate":"https:\/\/bogensportdiscount.ch\/?s={search_term_string}"},"query-input":{"@type":"PropertyValueSpecification","valueRequired":true,"valueName":"search_term_string"}}],"inLanguage":"fr-FR"}]}},"_links":{"self":[{"href":"https:\/\/bogensportdiscount.ch\/fr\/wp-json\/wp\/v2\/product\/394274","targetHints":{"allow":["GET"]}}],"collection":[{"href":"https:\/\/bogensportdiscount.ch\/fr\/wp-json\/wp\/v2\/product"}],"about":[{"href":"https:\/\/bogensportdiscount.ch\/fr\/wp-json\/wp\/v2\/types\/product"}],"replies":[{"embeddable":true,"href":"https:\/\/bogensportdiscount.ch\/fr\/wp-json\/wp\/v2\/comments?post=394274"}],"wp:featuredmedia":[{"embeddable":true,"href":"https:\/\/bogensportdiscount.ch\/fr\/wp-json\/wp\/v2\/media\/453492"}],"wp:attachment":[{"href":"https:\/\/bogensportdiscount.ch\/fr\/wp-json\/wp\/v2\/media?parent=394274"}],"wp:term":[{"taxonomy":"product_brand","embeddable":true,"href":"https:\/\/bogensportdiscount.ch\/fr\/wp-json\/wp\/v2\/product_brand?post=394274"},{"taxonomy":"product_cat","embeddable":true,"href":"https:\/\/bogensportdiscount.ch\/fr\/wp-json\/wp\/v2\/product_cat?post=394274"},{"taxonomy":"product_tag","embeddable":true,"href":"https:\/\/bogensportdiscount.ch\/fr\/wp-json\/wp\/v2\/product_tag?post=394274"}],"curies":[{"name":"wp","href":"https:\/\/api.w.org\/{rel}","templated":true}]}}