{"id":394238,"date":"2026-04-05T14:32:50","date_gmt":"2026-04-05T12:32:50","guid":{"rendered":"https:\/\/bogensportdiscount.ch\/produkt\/trufire-tru-fire-index-finger-releases-smoke-2-0-max-buckle-foldback-black\/"},"modified":"2026-05-14T07:14:04","modified_gmt":"2026-05-14T05:14:04","slug":"trufire-handgelenk-release-smoke-2-0-max-buckle-foldback-schwarz","status":"publish","type":"product","link":"https:\/\/bogensportdiscount.ch\/fr\/produit\/trufire-handgelenk-release-smoke-2-0-max-buckle-foldback-schwarz\/","title":{"rendered":"TRUFIRE TRU-FIRE D\u00c9COCHEURS INDEX SMOKE 2.0 MAX BOUCLE PLIABLE NOIR"},"content":{"rendered":"<p>Le TRUFIRE Smoke 2.0 Max Buckle Foldback est un d\u00e9cocheur de poignet pour archers \u00e0 arc \u00e0 poulies. Il est \u00e9quip\u00e9 d'une fermeture \u00e0 boucle (Buckle) au poignet et d'un d\u00e9clencheur rabattable (Foldback) permettant une manipulation confortable lors de la mise en place et du retrait.<\/p>\n<p>La d\u00e9tente index est con\u00e7ue pour un tir pr\u00e9cis et contr\u00f4l\u00e9. Le d\u00e9cocheur est livr\u00e9 en noir et est disponible en taille L.<\/p>\n<ul>\n<li>Fermeture \u00e0 boucle au poignet pour une tenue s\u00fbre<\/li>\n<li>D\u00e9clencheur Foldback pour une manipulation confortable<\/li>\n<li>D\u00e9clenchement par l'index (Index Finger)<\/li>\n<li>Fabriqu\u00e9 aux \u00c9tats-Unis<\/li>\n<\/ul>","protected":false},"excerpt":{"rendered":"<table>\n<tr>\n<th>Propri\u00e9t\u00e9<\/th>\n<th>Valeur<\/th>\n<\/tr>\n<tr>\n<td>Marque<\/td>\n<td>TRU-Fire<\/td>\n<\/tr>\n<tr>\n<td>Couleur<\/td>\n<td>Noir<\/td>\n<\/tr>\n<tr>\n<td>Type<\/td>\n<td>Buckle<\/td>\n<\/tr>\n<tr>\n<td>TAILLE<\/td>\n<td>L<\/td>\n<\/tr>\n<tr>\n<td>Pays d'origine<\/td>\n<td>USA<\/td>\n<\/tr>\n<\/table>","protected":false},"featured_media":523960,"comment_status":"open","ping_status":"closed","template":"","meta":[],"product_brand":[585],"product_cat":[4124,4208,4210],"product_tag":[3546],"class_list":{"0":"post-394238","1":"product","2":"type-product","3":"status-publish","4":"has-post-thumbnail","6":"product_brand-trufire","7":"product_cat-bogenschuetzer-ausruestung","8":"product_cat-releases-bogenschuetzer-ausruestung","9":"product_cat-index-finger-releases","10":"product_tag-neuheit","11":"product_shipping_class-bsd-standard","13":"first","14":"instock","15":"shipping-taxable","16":"purchasable","17":"product-type-simple"},"yoast_head":"<!-- This site is optimized with the Yoast SEO plugin v27.6 - https:\/\/yoast.com\/product\/yoast-seo-wordpress\/ -->\n<title>TRUFIRE TRU-FIRE ZEIGEFINGER-RELEASES SMOKE 2.0 MAX SCHNALLE FALTBAR SCHWARZ - Bogensportdiscount \u2013 B\u00f6gen, Pfeile, Targets &amp; Zubeh\u00f6r<\/title>\n<meta name=\"description\" content=\"TRUFIRE TRU-FIRE ZEIGEFINGER-RELEASES SMOKE 2.0 MAX SCHNALLE FALTBAR SCHWARZ g\u00fcnstig kaufen bei Bogensportdiscount \u2013 Top-Marken, schneller Versand aus der Schweiz.\" \/>\n<meta name=\"robots\" content=\"index, follow, max-snippet:-1, max-image-preview:large, max-video-preview:-1\" \/>\n<link rel=\"canonical\" href=\"https:\/\/bogensportdiscount.ch\/fr\/produit\/trufire-handgelenk-release-smoke-2-0-max-buckle-foldback-schwarz\/\" \/>\n<meta property=\"og:locale\" content=\"fr_FR\" \/>\n<meta property=\"og:type\" content=\"article\" \/>\n<meta property=\"og:title\" content=\"TRUFIRE TRU-FIRE ZEIGEFINGER-RELEASES SMOKE 2.0 MAX SCHNALLE FALTBAR SCHWARZ - Bogensportdiscount \u2013 B\u00f6gen, Pfeile, Targets &amp; Zubeh\u00f6r\" \/>\n<meta property=\"og:description\" content=\"TRUFIRE TRU-FIRE ZEIGEFINGER-RELEASES SMOKE 2.0 MAX SCHNALLE FALTBAR SCHWARZ g\u00fcnstig kaufen bei Bogensportdiscount \u2013 Top-Marken, schneller Versand aus der Schweiz.\" \/>\n<meta property=\"og:url\" content=\"https:\/\/bogensportdiscount.ch\/fr\/produit\/trufire-handgelenk-release-smoke-2-0-max-buckle-foldback-schwarz\/\" \/>\n<meta property=\"og:site_name\" content=\"Bogensportdiscount \u2013 B\u00f6gen, Pfeile, Targets &amp; Zubeh\u00f6r\" \/>\n<meta property=\"article:modified_time\" content=\"2026-05-14T05:14:04+00:00\" \/>\n<meta property=\"og:image\" content=\"https:\/\/bogensportdiscount.ch\/wp-content\/uploads\/bsm-images\/A096779_1.png\" \/>\n\t<meta property=\"og:image:width\" content=\"4782\" \/>\n\t<meta property=\"og:image:height\" content=\"2726\" \/>\n\t<meta property=\"og:image:type\" content=\"image\/png\" \/>\n<meta name=\"twitter:card\" content=\"summary_large_image\" \/>\n<script type=\"application\/ld+json\" class=\"yoast-schema-graph\">{\"@context\":\"https:\\\/\\\/schema.org\",\"@graph\":[{\"@type\":\"WebPage\",\"@id\":\"https:\\\/\\\/bogensportdiscount.ch\\\/produkt\\\/trufire-handgelenk-release-smoke-2-0-max-buckle-foldback-schwarz\\\/\",\"url\":\"https:\\\/\\\/bogensportdiscount.ch\\\/produkt\\\/trufire-handgelenk-release-smoke-2-0-max-buckle-foldback-schwarz\\\/\",\"name\":\"TRUFIRE TRU-FIRE ZEIGEFINGER-RELEASES SMOKE 2.0 MAX SCHNALLE FALTBAR SCHWARZ - Bogensportdiscount \u2013 B\u00f6gen, Pfeile, Targets &amp; Zubeh\u00f6r\",\"isPartOf\":{\"@id\":\"https:\\\/\\\/bogensportdiscount.ch\\\/#website\"},\"primaryImageOfPage\":{\"@id\":\"https:\\\/\\\/bogensportdiscount.ch\\\/produkt\\\/trufire-handgelenk-release-smoke-2-0-max-buckle-foldback-schwarz\\\/#primaryimage\"},\"image\":{\"@id\":\"https:\\\/\\\/bogensportdiscount.ch\\\/produkt\\\/trufire-handgelenk-release-smoke-2-0-max-buckle-foldback-schwarz\\\/#primaryimage\"},\"thumbnailUrl\":\"https:\\\/\\\/bogensportdiscount.ch\\\/wp-content\\\/uploads\\\/bsm-images\\\/A096779_1.png\",\"datePublished\":\"2026-04-05T12:32:50+00:00\",\"dateModified\":\"2026-05-14T05:14:04+00:00\",\"description\":\"TRUFIRE TRU-FIRE ZEIGEFINGER-RELEASES SMOKE 2.0 MAX SCHNALLE FALTBAR SCHWARZ g\u00fcnstig kaufen bei Bogensportdiscount \u2013 Top-Marken, schneller Versand aus der Schweiz.\",\"breadcrumb\":{\"@id\":\"https:\\\/\\\/bogensportdiscount.ch\\\/produkt\\\/trufire-handgelenk-release-smoke-2-0-max-buckle-foldback-schwarz\\\/#breadcrumb\"},\"inLanguage\":\"fr-FR\",\"potentialAction\":[{\"@type\":\"ReadAction\",\"target\":[\"https:\\\/\\\/bogensportdiscount.ch\\\/produkt\\\/trufire-handgelenk-release-smoke-2-0-max-buckle-foldback-schwarz\\\/\"]}]},{\"@type\":\"ImageObject\",\"inLanguage\":\"fr-FR\",\"@id\":\"https:\\\/\\\/bogensportdiscount.ch\\\/produkt\\\/trufire-handgelenk-release-smoke-2-0-max-buckle-foldback-schwarz\\\/#primaryimage\",\"url\":\"https:\\\/\\\/bogensportdiscount.ch\\\/wp-content\\\/uploads\\\/bsm-images\\\/A096779_1.png\",\"contentUrl\":\"https:\\\/\\\/bogensportdiscount.ch\\\/wp-content\\\/uploads\\\/bsm-images\\\/A096779_1.png\",\"width\":4782,\"height\":2726},{\"@type\":\"BreadcrumbList\",\"@id\":\"https:\\\/\\\/bogensportdiscount.ch\\\/produkt\\\/trufire-handgelenk-release-smoke-2-0-max-buckle-foldback-schwarz\\\/#breadcrumb\",\"itemListElement\":[{\"@type\":\"ListItem\",\"position\":1,\"name\":\"Home\",\"item\":\"https:\\\/\\\/bogensportdiscount.ch\\\/\"},{\"@type\":\"ListItem\",\"position\":2,\"name\":\"Shop\",\"item\":\"https:\\\/\\\/bogensportdiscount.ch\\\/shop\\\/\"},{\"@type\":\"ListItem\",\"position\":3,\"name\":\"TRUFIRE TRU-FIRE INDEX FINGER RELEASES SMOKE 2.0 MAX BUCKLE FOLDBACK BLACK\"}]},{\"@type\":\"WebSite\",\"@id\":\"https:\\\/\\\/bogensportdiscount.ch\\\/#website\",\"url\":\"https:\\\/\\\/bogensportdiscount.ch\\\/\",\"name\":\"Bogensportdiscount\",\"description\":\"\",\"potentialAction\":[{\"@type\":\"SearchAction\",\"target\":{\"@type\":\"EntryPoint\",\"urlTemplate\":\"https:\\\/\\\/bogensportdiscount.ch\\\/?s={search_term_string}\"},\"query-input\":{\"@type\":\"PropertyValueSpecification\",\"valueRequired\":true,\"valueName\":\"search_term_string\"}}],\"inLanguage\":\"fr-FR\"}]}<\/script>\n<!-- \/ Yoast SEO plugin. -->","yoast_head_json":{"title":"TRUFIRE TRU-FIRE ZEIGEFINGER-RELEASES SMOKE 2.0 MAX SCHNALLE FALTBAR SCHWARZ - Bogensportdiscount \u2013 B\u00f6gen, Pfeile, Targets &amp; Zubeh\u00f6r","description":"TRUFIRE TRU-FIRE ZEIGEFINGER-RELEASES SMOKE 2.0 MAX SCHNALLE FALTBAR SCHWARZ g\u00fcnstig kaufen bei Bogensportdiscount \u2013 Top-Marken, schneller Versand aus der Schweiz.","robots":{"index":"index","follow":"follow","max-snippet":"max-snippet:-1","max-image-preview":"max-image-preview:large","max-video-preview":"max-video-preview:-1"},"canonical":"https:\/\/bogensportdiscount.ch\/fr\/produit\/trufire-handgelenk-release-smoke-2-0-max-buckle-foldback-schwarz\/","og_locale":"fr_FR","og_type":"article","og_title":"TRUFIRE TRU-FIRE ZEIGEFINGER-RELEASES SMOKE 2.0 MAX SCHNALLE FALTBAR SCHWARZ - Bogensportdiscount \u2013 B\u00f6gen, Pfeile, Targets &amp; Zubeh\u00f6r","og_description":"TRUFIRE TRU-FIRE ZEIGEFINGER-RELEASES SMOKE 2.0 MAX SCHNALLE FALTBAR SCHWARZ g\u00fcnstig kaufen bei Bogensportdiscount \u2013 Top-Marken, schneller Versand aus der Schweiz.","og_url":"https:\/\/bogensportdiscount.ch\/fr\/produit\/trufire-handgelenk-release-smoke-2-0-max-buckle-foldback-schwarz\/","og_site_name":"Bogensportdiscount \u2013 B\u00f6gen, Pfeile, Targets &amp; Zubeh\u00f6r","article_modified_time":"2026-05-14T05:14:04+00:00","og_image":[{"url":"https:\/\/bogensportdiscount.ch\/wp-content\/uploads\/bsm-images\/A096779_1.png","width":4782,"height":2726,"type":"image\/png"}],"twitter_card":"summary_large_image","schema":{"@context":"https:\/\/schema.org","@graph":[{"@type":"WebPage","@id":"https:\/\/bogensportdiscount.ch\/produkt\/trufire-handgelenk-release-smoke-2-0-max-buckle-foldback-schwarz\/","url":"https:\/\/bogensportdiscount.ch\/produkt\/trufire-handgelenk-release-smoke-2-0-max-buckle-foldback-schwarz\/","name":"TRUFIRE TRU-FIRE ZEIGEFINGER-RELEASES SMOKE 2.0 MAX SCHNALLE FALTBAR SCHWARZ - Bogensportdiscount \u2013 B\u00f6gen, Pfeile, Targets &amp; Zubeh\u00f6r","isPartOf":{"@id":"https:\/\/bogensportdiscount.ch\/#website"},"primaryImageOfPage":{"@id":"https:\/\/bogensportdiscount.ch\/produkt\/trufire-handgelenk-release-smoke-2-0-max-buckle-foldback-schwarz\/#primaryimage"},"image":{"@id":"https:\/\/bogensportdiscount.ch\/produkt\/trufire-handgelenk-release-smoke-2-0-max-buckle-foldback-schwarz\/#primaryimage"},"thumbnailUrl":"https:\/\/bogensportdiscount.ch\/wp-content\/uploads\/bsm-images\/A096779_1.png","datePublished":"2026-04-05T12:32:50+00:00","dateModified":"2026-05-14T05:14:04+00:00","description":"TRUFIRE TRU-FIRE ZEIGEFINGER-RELEASES SMOKE 2.0 MAX SCHNALLE FALTBAR SCHWARZ g\u00fcnstig kaufen bei Bogensportdiscount \u2013 Top-Marken, schneller Versand aus der Schweiz.","breadcrumb":{"@id":"https:\/\/bogensportdiscount.ch\/produkt\/trufire-handgelenk-release-smoke-2-0-max-buckle-foldback-schwarz\/#breadcrumb"},"inLanguage":"fr-FR","potentialAction":[{"@type":"ReadAction","target":["https:\/\/bogensportdiscount.ch\/produkt\/trufire-handgelenk-release-smoke-2-0-max-buckle-foldback-schwarz\/"]}]},{"@type":"ImageObject","inLanguage":"fr-FR","@id":"https:\/\/bogensportdiscount.ch\/produkt\/trufire-handgelenk-release-smoke-2-0-max-buckle-foldback-schwarz\/#primaryimage","url":"https:\/\/bogensportdiscount.ch\/wp-content\/uploads\/bsm-images\/A096779_1.png","contentUrl":"https:\/\/bogensportdiscount.ch\/wp-content\/uploads\/bsm-images\/A096779_1.png","width":4782,"height":2726},{"@type":"BreadcrumbList","@id":"https:\/\/bogensportdiscount.ch\/produkt\/trufire-handgelenk-release-smoke-2-0-max-buckle-foldback-schwarz\/#breadcrumb","itemListElement":[{"@type":"ListItem","position":1,"name":"Home","item":"https:\/\/bogensportdiscount.ch\/"},{"@type":"ListItem","position":2,"name":"Shop","item":"https:\/\/bogensportdiscount.ch\/shop\/"},{"@type":"ListItem","position":3,"name":"TRUFIRE TRU-FIRE INDEX FINGER RELEASES SMOKE 2.0 MAX BUCKLE FOLDBACK BLACK"}]},{"@type":"WebSite","@id":"https:\/\/bogensportdiscount.ch\/#website","url":"https:\/\/bogensportdiscount.ch\/","name":"Bogensportdiscount","description":"","potentialAction":[{"@type":"SearchAction","target":{"@type":"EntryPoint","urlTemplate":"https:\/\/bogensportdiscount.ch\/?s={search_term_string}"},"query-input":{"@type":"PropertyValueSpecification","valueRequired":true,"valueName":"search_term_string"}}],"inLanguage":"fr-FR"}]}},"_links":{"self":[{"href":"https:\/\/bogensportdiscount.ch\/fr\/wp-json\/wp\/v2\/product\/394238","targetHints":{"allow":["GET"]}}],"collection":[{"href":"https:\/\/bogensportdiscount.ch\/fr\/wp-json\/wp\/v2\/product"}],"about":[{"href":"https:\/\/bogensportdiscount.ch\/fr\/wp-json\/wp\/v2\/types\/product"}],"replies":[{"embeddable":true,"href":"https:\/\/bogensportdiscount.ch\/fr\/wp-json\/wp\/v2\/comments?post=394238"}],"wp:featuredmedia":[{"embeddable":true,"href":"https:\/\/bogensportdiscount.ch\/fr\/wp-json\/wp\/v2\/media\/523960"}],"wp:attachment":[{"href":"https:\/\/bogensportdiscount.ch\/fr\/wp-json\/wp\/v2\/media?parent=394238"}],"wp:term":[{"taxonomy":"product_brand","embeddable":true,"href":"https:\/\/bogensportdiscount.ch\/fr\/wp-json\/wp\/v2\/product_brand?post=394238"},{"taxonomy":"product_cat","embeddable":true,"href":"https:\/\/bogensportdiscount.ch\/fr\/wp-json\/wp\/v2\/product_cat?post=394238"},{"taxonomy":"product_tag","embeddable":true,"href":"https:\/\/bogensportdiscount.ch\/fr\/wp-json\/wp\/v2\/product_tag?post=394238"}],"curies":[{"name":"wp","href":"https:\/\/api.w.org\/{rel}","templated":true}]}}