{"id":394237,"date":"2026-04-05T14:32:49","date_gmt":"2026-04-05T12:32:49","guid":{"rendered":"https:\/\/bogensportdiscount.ch\/produkt\/trufire-tru-fire-index-finger-releases-smoke-2-0-buckle-foldback-black\/"},"modified":"2026-05-14T07:14:04","modified_gmt":"2026-05-14T05:14:04","slug":"trufire-handgelenk-release-smoke-2-0-buckle-foldback-schwarz","status":"publish","type":"product","link":"https:\/\/bogensportdiscount.ch\/fr\/produit\/trufire-handgelenk-release-smoke-2-0-buckle-foldback-schwarz\/","title":{"rendered":"TRUFIRE TRU-FIRE D\u00c9COCHEURS INDEX SMOKE 2.0 BOUCLE PLIABLE NOIR"},"content":{"rendered":"<p>Le TRUFIRE Smoke 2.0 est un d\u00e9cocheur de poignet \u00e0 d\u00e9clenchement par index pour les archers \u00e0 poulies. La construction \u00e0 boucle avec m\u00e9canisme foldback permet de l'enfiler et de le retirer facilement, tout en assurant une fixation s\u00e9curis\u00e9e au poignet pendant le tir.<\/p>\n<p>Le m\u00e9canisme foldback permet de rabattre le d\u00e9cocheur contre le poignet lorsqu'il n'est pas utilis\u00e9, ce qui le rend particuli\u00e8rement pratique sur le parcours ou \u00e0 la chasse. Le d\u00e9cocheur est disponible en taille L et est de couleur Noir.<\/p>\n<ul>\n<li>D\u00e9clenchement par index pour un l\u00e2cher pr\u00e9cis<\/li>\n<li>Boucle pour une mise en place et un retrait rapides<\/li>\n<li>M\u00e9canisme foldback pour une manipulation compacte<\/li>\n<li>Fabriqu\u00e9 aux \u00c9tats-Unis<\/li>\n<\/ul>","protected":false},"excerpt":{"rendered":"<table>\n<tr>\n<th>Propri\u00e9t\u00e9<\/th>\n<th>Valeur<\/th>\n<\/tr>\n<tr>\n<td>Marque<\/td>\n<td>TRU-Fire<\/td>\n<\/tr>\n<tr>\n<td>Mod\u00e8le<\/td>\n<td>Smoke 2.0<\/td>\n<\/tr>\n<tr>\n<td>Type<\/td>\n<td>Buckle Foldback<\/td>\n<\/tr>\n<tr>\n<td>Type de d\u00e9clenchement<\/td>\n<td>Index Finger<\/td>\n<\/tr>\n<tr>\n<td>Couleur<\/td>\n<td>Noir<\/td>\n<\/tr>\n<tr>\n<td>TAILLE<\/td>\n<td>L<\/td>\n<\/tr>\n<tr>\n<td>Origine<\/td>\n<td>USA<\/td>\n<\/tr>\n<\/table>","protected":false},"featured_media":523965,"comment_status":"open","ping_status":"closed","template":"","meta":[],"product_brand":[585],"product_cat":[4124,4208,4210],"product_tag":[3546],"class_list":{"0":"post-394237","1":"product","2":"type-product","3":"status-publish","4":"has-post-thumbnail","6":"product_brand-trufire","7":"product_cat-bogenschuetzer-ausruestung","8":"product_cat-releases-bogenschuetzer-ausruestung","9":"product_cat-index-finger-releases","10":"product_tag-neuheit","11":"product_shipping_class-bsd-standard","13":"first","14":"instock","15":"shipping-taxable","16":"purchasable","17":"product-type-simple"},"yoast_head":"<!-- This site is optimized with the Yoast SEO plugin v27.6 - https:\/\/yoast.com\/product\/yoast-seo-wordpress\/ -->\n<title>TRUFIRE TRU-FIRE ZEIGEFINGER-RELEASES SMOKE 2.0 SCHNALLE FALTBAR SCHWARZ - Bogensportdiscount \u2013 B\u00f6gen, Pfeile, Targets &amp; Zubeh\u00f6r<\/title>\n<meta name=\"description\" content=\"TRUFIRE TRU-FIRE ZEIGEFINGER-RELEASES SMOKE 2.0 SCHNALLE FALTBAR SCHWARZ g\u00fcnstig kaufen bei Bogensportdiscount \u2013 Top-Marken, schneller Versand aus der Schweiz.\" \/>\n<meta name=\"robots\" content=\"index, follow, max-snippet:-1, max-image-preview:large, max-video-preview:-1\" \/>\n<link rel=\"canonical\" href=\"https:\/\/bogensportdiscount.ch\/fr\/produit\/trufire-handgelenk-release-smoke-2-0-buckle-foldback-schwarz\/\" \/>\n<meta property=\"og:locale\" content=\"fr_FR\" \/>\n<meta property=\"og:type\" content=\"article\" \/>\n<meta property=\"og:title\" content=\"TRUFIRE TRU-FIRE ZEIGEFINGER-RELEASES SMOKE 2.0 SCHNALLE FALTBAR SCHWARZ - Bogensportdiscount \u2013 B\u00f6gen, Pfeile, Targets &amp; Zubeh\u00f6r\" \/>\n<meta property=\"og:description\" content=\"TRUFIRE TRU-FIRE ZEIGEFINGER-RELEASES SMOKE 2.0 SCHNALLE FALTBAR SCHWARZ g\u00fcnstig kaufen bei Bogensportdiscount \u2013 Top-Marken, schneller Versand aus der Schweiz.\" \/>\n<meta property=\"og:url\" content=\"https:\/\/bogensportdiscount.ch\/fr\/produit\/trufire-handgelenk-release-smoke-2-0-buckle-foldback-schwarz\/\" \/>\n<meta property=\"og:site_name\" content=\"Bogensportdiscount \u2013 B\u00f6gen, Pfeile, Targets &amp; Zubeh\u00f6r\" \/>\n<meta property=\"article:modified_time\" content=\"2026-05-14T05:14:04+00:00\" \/>\n<meta property=\"og:image\" content=\"https:\/\/bogensportdiscount.ch\/wp-content\/uploads\/bsm-images\/A096778_1.png\" \/>\n\t<meta property=\"og:image:width\" content=\"800\" \/>\n\t<meta property=\"og:image:height\" content=\"800\" \/>\n\t<meta property=\"og:image:type\" content=\"image\/png\" \/>\n<meta name=\"twitter:card\" content=\"summary_large_image\" \/>\n<script type=\"application\/ld+json\" class=\"yoast-schema-graph\">{\"@context\":\"https:\\\/\\\/schema.org\",\"@graph\":[{\"@type\":\"WebPage\",\"@id\":\"https:\\\/\\\/bogensportdiscount.ch\\\/produkt\\\/trufire-handgelenk-release-smoke-2-0-buckle-foldback-schwarz\\\/\",\"url\":\"https:\\\/\\\/bogensportdiscount.ch\\\/produkt\\\/trufire-handgelenk-release-smoke-2-0-buckle-foldback-schwarz\\\/\",\"name\":\"TRUFIRE TRU-FIRE ZEIGEFINGER-RELEASES SMOKE 2.0 SCHNALLE FALTBAR SCHWARZ - Bogensportdiscount \u2013 B\u00f6gen, Pfeile, Targets &amp; Zubeh\u00f6r\",\"isPartOf\":{\"@id\":\"https:\\\/\\\/bogensportdiscount.ch\\\/#website\"},\"primaryImageOfPage\":{\"@id\":\"https:\\\/\\\/bogensportdiscount.ch\\\/produkt\\\/trufire-handgelenk-release-smoke-2-0-buckle-foldback-schwarz\\\/#primaryimage\"},\"image\":{\"@id\":\"https:\\\/\\\/bogensportdiscount.ch\\\/produkt\\\/trufire-handgelenk-release-smoke-2-0-buckle-foldback-schwarz\\\/#primaryimage\"},\"thumbnailUrl\":\"https:\\\/\\\/bogensportdiscount.ch\\\/wp-content\\\/uploads\\\/bsm-images\\\/A096778_1.png\",\"datePublished\":\"2026-04-05T12:32:49+00:00\",\"dateModified\":\"2026-05-14T05:14:04+00:00\",\"description\":\"TRUFIRE TRU-FIRE ZEIGEFINGER-RELEASES SMOKE 2.0 SCHNALLE FALTBAR SCHWARZ g\u00fcnstig kaufen bei Bogensportdiscount \u2013 Top-Marken, schneller Versand aus der Schweiz.\",\"breadcrumb\":{\"@id\":\"https:\\\/\\\/bogensportdiscount.ch\\\/produkt\\\/trufire-handgelenk-release-smoke-2-0-buckle-foldback-schwarz\\\/#breadcrumb\"},\"inLanguage\":\"fr-FR\",\"potentialAction\":[{\"@type\":\"ReadAction\",\"target\":[\"https:\\\/\\\/bogensportdiscount.ch\\\/produkt\\\/trufire-handgelenk-release-smoke-2-0-buckle-foldback-schwarz\\\/\"]}]},{\"@type\":\"ImageObject\",\"inLanguage\":\"fr-FR\",\"@id\":\"https:\\\/\\\/bogensportdiscount.ch\\\/produkt\\\/trufire-handgelenk-release-smoke-2-0-buckle-foldback-schwarz\\\/#primaryimage\",\"url\":\"https:\\\/\\\/bogensportdiscount.ch\\\/wp-content\\\/uploads\\\/bsm-images\\\/A096778_1.png\",\"contentUrl\":\"https:\\\/\\\/bogensportdiscount.ch\\\/wp-content\\\/uploads\\\/bsm-images\\\/A096778_1.png\",\"width\":800,\"height\":800},{\"@type\":\"BreadcrumbList\",\"@id\":\"https:\\\/\\\/bogensportdiscount.ch\\\/produkt\\\/trufire-handgelenk-release-smoke-2-0-buckle-foldback-schwarz\\\/#breadcrumb\",\"itemListElement\":[{\"@type\":\"ListItem\",\"position\":1,\"name\":\"Home\",\"item\":\"https:\\\/\\\/bogensportdiscount.ch\\\/\"},{\"@type\":\"ListItem\",\"position\":2,\"name\":\"Shop\",\"item\":\"https:\\\/\\\/bogensportdiscount.ch\\\/shop\\\/\"},{\"@type\":\"ListItem\",\"position\":3,\"name\":\"TRUFIRE TRU-FIRE INDEX FINGER RELEASES SMOKE 2.0 BUCKLE FOLDBACK BLACK\"}]},{\"@type\":\"WebSite\",\"@id\":\"https:\\\/\\\/bogensportdiscount.ch\\\/#website\",\"url\":\"https:\\\/\\\/bogensportdiscount.ch\\\/\",\"name\":\"Bogensportdiscount\",\"description\":\"\",\"potentialAction\":[{\"@type\":\"SearchAction\",\"target\":{\"@type\":\"EntryPoint\",\"urlTemplate\":\"https:\\\/\\\/bogensportdiscount.ch\\\/?s={search_term_string}\"},\"query-input\":{\"@type\":\"PropertyValueSpecification\",\"valueRequired\":true,\"valueName\":\"search_term_string\"}}],\"inLanguage\":\"fr-FR\"}]}<\/script>\n<!-- \/ Yoast SEO plugin. -->","yoast_head_json":{"title":"TRUFIRE TRU-FIRE ZEIGEFINGER-RELEASES SMOKE 2.0 SCHNALLE FALTBAR SCHWARZ - Bogensportdiscount \u2013 B\u00f6gen, Pfeile, Targets &amp; Zubeh\u00f6r","description":"TRUFIRE TRU-FIRE ZEIGEFINGER-RELEASES SMOKE 2.0 SCHNALLE FALTBAR SCHWARZ g\u00fcnstig kaufen bei Bogensportdiscount \u2013 Top-Marken, schneller Versand aus der Schweiz.","robots":{"index":"index","follow":"follow","max-snippet":"max-snippet:-1","max-image-preview":"max-image-preview:large","max-video-preview":"max-video-preview:-1"},"canonical":"https:\/\/bogensportdiscount.ch\/fr\/produit\/trufire-handgelenk-release-smoke-2-0-buckle-foldback-schwarz\/","og_locale":"fr_FR","og_type":"article","og_title":"TRUFIRE TRU-FIRE ZEIGEFINGER-RELEASES SMOKE 2.0 SCHNALLE FALTBAR SCHWARZ - Bogensportdiscount \u2013 B\u00f6gen, Pfeile, Targets &amp; Zubeh\u00f6r","og_description":"TRUFIRE TRU-FIRE ZEIGEFINGER-RELEASES SMOKE 2.0 SCHNALLE FALTBAR SCHWARZ g\u00fcnstig kaufen bei Bogensportdiscount \u2013 Top-Marken, schneller Versand aus der Schweiz.","og_url":"https:\/\/bogensportdiscount.ch\/fr\/produit\/trufire-handgelenk-release-smoke-2-0-buckle-foldback-schwarz\/","og_site_name":"Bogensportdiscount \u2013 B\u00f6gen, Pfeile, Targets &amp; Zubeh\u00f6r","article_modified_time":"2026-05-14T05:14:04+00:00","og_image":[{"width":800,"height":800,"url":"https:\/\/bogensportdiscount.ch\/wp-content\/uploads\/bsm-images\/A096778_1.png","type":"image\/png"}],"twitter_card":"summary_large_image","schema":{"@context":"https:\/\/schema.org","@graph":[{"@type":"WebPage","@id":"https:\/\/bogensportdiscount.ch\/produkt\/trufire-handgelenk-release-smoke-2-0-buckle-foldback-schwarz\/","url":"https:\/\/bogensportdiscount.ch\/produkt\/trufire-handgelenk-release-smoke-2-0-buckle-foldback-schwarz\/","name":"TRUFIRE TRU-FIRE ZEIGEFINGER-RELEASES SMOKE 2.0 SCHNALLE FALTBAR SCHWARZ - Bogensportdiscount \u2013 B\u00f6gen, Pfeile, Targets &amp; Zubeh\u00f6r","isPartOf":{"@id":"https:\/\/bogensportdiscount.ch\/#website"},"primaryImageOfPage":{"@id":"https:\/\/bogensportdiscount.ch\/produkt\/trufire-handgelenk-release-smoke-2-0-buckle-foldback-schwarz\/#primaryimage"},"image":{"@id":"https:\/\/bogensportdiscount.ch\/produkt\/trufire-handgelenk-release-smoke-2-0-buckle-foldback-schwarz\/#primaryimage"},"thumbnailUrl":"https:\/\/bogensportdiscount.ch\/wp-content\/uploads\/bsm-images\/A096778_1.png","datePublished":"2026-04-05T12:32:49+00:00","dateModified":"2026-05-14T05:14:04+00:00","description":"TRUFIRE TRU-FIRE ZEIGEFINGER-RELEASES SMOKE 2.0 SCHNALLE FALTBAR SCHWARZ g\u00fcnstig kaufen bei Bogensportdiscount \u2013 Top-Marken, schneller Versand aus der Schweiz.","breadcrumb":{"@id":"https:\/\/bogensportdiscount.ch\/produkt\/trufire-handgelenk-release-smoke-2-0-buckle-foldback-schwarz\/#breadcrumb"},"inLanguage":"fr-FR","potentialAction":[{"@type":"ReadAction","target":["https:\/\/bogensportdiscount.ch\/produkt\/trufire-handgelenk-release-smoke-2-0-buckle-foldback-schwarz\/"]}]},{"@type":"ImageObject","inLanguage":"fr-FR","@id":"https:\/\/bogensportdiscount.ch\/produkt\/trufire-handgelenk-release-smoke-2-0-buckle-foldback-schwarz\/#primaryimage","url":"https:\/\/bogensportdiscount.ch\/wp-content\/uploads\/bsm-images\/A096778_1.png","contentUrl":"https:\/\/bogensportdiscount.ch\/wp-content\/uploads\/bsm-images\/A096778_1.png","width":800,"height":800},{"@type":"BreadcrumbList","@id":"https:\/\/bogensportdiscount.ch\/produkt\/trufire-handgelenk-release-smoke-2-0-buckle-foldback-schwarz\/#breadcrumb","itemListElement":[{"@type":"ListItem","position":1,"name":"Home","item":"https:\/\/bogensportdiscount.ch\/"},{"@type":"ListItem","position":2,"name":"Shop","item":"https:\/\/bogensportdiscount.ch\/shop\/"},{"@type":"ListItem","position":3,"name":"TRUFIRE TRU-FIRE INDEX FINGER RELEASES SMOKE 2.0 BUCKLE FOLDBACK BLACK"}]},{"@type":"WebSite","@id":"https:\/\/bogensportdiscount.ch\/#website","url":"https:\/\/bogensportdiscount.ch\/","name":"Bogensportdiscount","description":"","potentialAction":[{"@type":"SearchAction","target":{"@type":"EntryPoint","urlTemplate":"https:\/\/bogensportdiscount.ch\/?s={search_term_string}"},"query-input":{"@type":"PropertyValueSpecification","valueRequired":true,"valueName":"search_term_string"}}],"inLanguage":"fr-FR"}]}},"_links":{"self":[{"href":"https:\/\/bogensportdiscount.ch\/fr\/wp-json\/wp\/v2\/product\/394237","targetHints":{"allow":["GET"]}}],"collection":[{"href":"https:\/\/bogensportdiscount.ch\/fr\/wp-json\/wp\/v2\/product"}],"about":[{"href":"https:\/\/bogensportdiscount.ch\/fr\/wp-json\/wp\/v2\/types\/product"}],"replies":[{"embeddable":true,"href":"https:\/\/bogensportdiscount.ch\/fr\/wp-json\/wp\/v2\/comments?post=394237"}],"wp:featuredmedia":[{"embeddable":true,"href":"https:\/\/bogensportdiscount.ch\/fr\/wp-json\/wp\/v2\/media\/523965"}],"wp:attachment":[{"href":"https:\/\/bogensportdiscount.ch\/fr\/wp-json\/wp\/v2\/media?parent=394237"}],"wp:term":[{"taxonomy":"product_brand","embeddable":true,"href":"https:\/\/bogensportdiscount.ch\/fr\/wp-json\/wp\/v2\/product_brand?post=394237"},{"taxonomy":"product_cat","embeddable":true,"href":"https:\/\/bogensportdiscount.ch\/fr\/wp-json\/wp\/v2\/product_cat?post=394237"},{"taxonomy":"product_tag","embeddable":true,"href":"https:\/\/bogensportdiscount.ch\/fr\/wp-json\/wp\/v2\/product_tag?post=394237"}],"curies":[{"name":"wp","href":"https:\/\/api.w.org\/{rel}","templated":true}]}}