{"id":394224,"date":"2026-04-05T14:32:46","date_gmt":"2026-04-05T12:32:46","guid":{"rendered":"https:\/\/bogensportdiscount.ch\/produkt\/gillo-3-6g-black-nylon-disk-weight-5-16-24-thread\/"},"modified":"2026-05-14T07:14:04","modified_gmt":"2026-05-14T05:14:04","slug":"gillo-scheiben-gewicht-3-6g-schwarz-nylon-5-16-24-gewinde","status":"publish","type":"product","link":"https:\/\/bogensportdiscount.ch\/fr\/produit\/gillo-scheiben-gewicht-3-6g-schwarz-nylon-5-16-24-gewinde\/","title":{"rendered":"GILLO 3.6g SCHWARZE NYLON SCHEIBE GEWICHT 5\/16-24 GEWINDE"},"content":{"rendered":"<p>Le poids disque GILLO permet un ajustement pr\u00e9cis du poids sur les stabilisateurs d'arc. Avec 3.6 g, il convient particuli\u00e8rement aux petits ajustements d'\u00e9quilibre sans modifier sensiblement le poids total du setup.<\/p>\n<p>Le poids est en nylon de couleur noire et dispose d'un filetage 5\/16-24, compatible avec une grande vari\u00e9t\u00e9 de stabilisateurs courants. En combinant plusieurs disques, il est possible d'ajuster le poids total de mani\u00e8re progressive.<\/p>\n<ul>\n<li>Poids : 3.6 g<\/li>\n<li>Mat\u00e9riau : Nylon, couleur Noir<\/li>\n<li>Filetage : 5\/16-24<\/li>\n<li>Compatible avec les stabilisateurs d'arc courants<\/li>\n<\/ul>","protected":false},"excerpt":{"rendered":"<table>\n<tr>\n<th>Propri\u00e9t\u00e9<\/th>\n<th>Valeur<\/th>\n<\/tr>\n<tr>\n<td>Marque<\/td>\n<td>Gillo<\/td>\n<\/tr>\n<tr>\n<td>Type<\/td>\n<td>Poids de riser<\/td>\n<\/tr>\n<tr>\n<td>Mat\u00e9riau<\/td>\n<td>Nylon<\/td>\n<\/tr>\n<tr>\n<td>Pays d'origine<\/td>\n<td>Italie<\/td>\n<\/tr>\n<tr>\n<td>GTIN<\/td>\n<td>8052740949172<\/td>\n<\/tr>\n<\/table>","protected":false},"featured_media":523974,"comment_status":"open","ping_status":"closed","template":"","meta":[],"product_brand":[854],"product_cat":[4128,4131,4199],"product_tag":[3546],"class_list":{"0":"post-394224","1":"product","2":"type-product","3":"status-publish","4":"has-post-thumbnail","6":"product_brand-gillo","7":"product_cat-bogen-zubehoer","8":"product_cat-stabilisation","9":"product_cat-gewichte","10":"product_tag-neuheit","11":"product_shipping_class-bsd-standard","13":"first","14":"instock","15":"shipping-taxable","16":"purchasable","17":"product-type-simple"},"yoast_head":"<!-- This site is optimized with the Yoast SEO plugin v27.6 - https:\/\/yoast.com\/product\/yoast-seo-wordpress\/ -->\n<title>GILLO 3.6g SCHWARZE NYLON SCHEIBE GEWICHT 5\/16-24 GEWINDE - Bogensportdiscount \u2013 B\u00f6gen, Pfeile, Targets &amp; Zubeh\u00f6r<\/title>\n<meta name=\"description\" content=\"GILLO 3.6g SCHWARZE NYLON SCHEIBE GEWICHT 5\/16-24 GEWINDE g\u00fcnstig kaufen bei Bogensportdiscount \u2013 Top-Marken, schneller Versand aus der Schweiz.\" \/>\n<meta name=\"robots\" content=\"index, follow, max-snippet:-1, max-image-preview:large, max-video-preview:-1\" \/>\n<link rel=\"canonical\" href=\"https:\/\/bogensportdiscount.ch\/fr\/produit\/gillo-scheiben-gewicht-3-6g-schwarz-nylon-5-16-24-gewinde\/\" \/>\n<meta property=\"og:locale\" content=\"fr_FR\" \/>\n<meta property=\"og:type\" content=\"article\" \/>\n<meta property=\"og:title\" content=\"GILLO 3.6g SCHWARZE NYLON SCHEIBE GEWICHT 5\/16-24 GEWINDE - Bogensportdiscount \u2013 B\u00f6gen, Pfeile, Targets &amp; Zubeh\u00f6r\" \/>\n<meta property=\"og:description\" content=\"GILLO 3.6g SCHWARZE NYLON SCHEIBE GEWICHT 5\/16-24 GEWINDE g\u00fcnstig kaufen bei Bogensportdiscount \u2013 Top-Marken, schneller Versand aus der Schweiz.\" \/>\n<meta property=\"og:url\" content=\"https:\/\/bogensportdiscount.ch\/fr\/produit\/gillo-scheiben-gewicht-3-6g-schwarz-nylon-5-16-24-gewinde\/\" \/>\n<meta property=\"og:site_name\" content=\"Bogensportdiscount \u2013 B\u00f6gen, Pfeile, Targets &amp; Zubeh\u00f6r\" \/>\n<meta property=\"article:modified_time\" content=\"2026-05-14T05:14:04+00:00\" \/>\n<meta property=\"og:image\" content=\"https:\/\/bogensportdiscount.ch\/wp-content\/uploads\/bsm-images\/A096509_1.png\" \/>\n\t<meta property=\"og:image:width\" content=\"480\" \/>\n\t<meta property=\"og:image:height\" content=\"480\" \/>\n\t<meta property=\"og:image:type\" content=\"image\/png\" \/>\n<meta name=\"twitter:card\" content=\"summary_large_image\" \/>\n<script type=\"application\/ld+json\" class=\"yoast-schema-graph\">{\"@context\":\"https:\\\/\\\/schema.org\",\"@graph\":[{\"@type\":\"WebPage\",\"@id\":\"https:\\\/\\\/bogensportdiscount.ch\\\/produkt\\\/gillo-scheiben-gewicht-3-6g-schwarz-nylon-5-16-24-gewinde\\\/\",\"url\":\"https:\\\/\\\/bogensportdiscount.ch\\\/produkt\\\/gillo-scheiben-gewicht-3-6g-schwarz-nylon-5-16-24-gewinde\\\/\",\"name\":\"GILLO 3.6g SCHWARZE NYLON SCHEIBE GEWICHT 5\\\/16-24 GEWINDE - Bogensportdiscount \u2013 B\u00f6gen, Pfeile, Targets &amp; Zubeh\u00f6r\",\"isPartOf\":{\"@id\":\"https:\\\/\\\/bogensportdiscount.ch\\\/#website\"},\"primaryImageOfPage\":{\"@id\":\"https:\\\/\\\/bogensportdiscount.ch\\\/produkt\\\/gillo-scheiben-gewicht-3-6g-schwarz-nylon-5-16-24-gewinde\\\/#primaryimage\"},\"image\":{\"@id\":\"https:\\\/\\\/bogensportdiscount.ch\\\/produkt\\\/gillo-scheiben-gewicht-3-6g-schwarz-nylon-5-16-24-gewinde\\\/#primaryimage\"},\"thumbnailUrl\":\"https:\\\/\\\/bogensportdiscount.ch\\\/wp-content\\\/uploads\\\/bsm-images\\\/A096509_1.png\",\"datePublished\":\"2026-04-05T12:32:46+00:00\",\"dateModified\":\"2026-05-14T05:14:04+00:00\",\"description\":\"GILLO 3.6g SCHWARZE NYLON SCHEIBE GEWICHT 5\\\/16-24 GEWINDE g\u00fcnstig kaufen bei Bogensportdiscount \u2013 Top-Marken, schneller Versand aus der Schweiz.\",\"breadcrumb\":{\"@id\":\"https:\\\/\\\/bogensportdiscount.ch\\\/produkt\\\/gillo-scheiben-gewicht-3-6g-schwarz-nylon-5-16-24-gewinde\\\/#breadcrumb\"},\"inLanguage\":\"fr-FR\",\"potentialAction\":[{\"@type\":\"ReadAction\",\"target\":[\"https:\\\/\\\/bogensportdiscount.ch\\\/produkt\\\/gillo-scheiben-gewicht-3-6g-schwarz-nylon-5-16-24-gewinde\\\/\"]}]},{\"@type\":\"ImageObject\",\"inLanguage\":\"fr-FR\",\"@id\":\"https:\\\/\\\/bogensportdiscount.ch\\\/produkt\\\/gillo-scheiben-gewicht-3-6g-schwarz-nylon-5-16-24-gewinde\\\/#primaryimage\",\"url\":\"https:\\\/\\\/bogensportdiscount.ch\\\/wp-content\\\/uploads\\\/bsm-images\\\/A096509_1.png\",\"contentUrl\":\"https:\\\/\\\/bogensportdiscount.ch\\\/wp-content\\\/uploads\\\/bsm-images\\\/A096509_1.png\",\"width\":480,\"height\":480},{\"@type\":\"BreadcrumbList\",\"@id\":\"https:\\\/\\\/bogensportdiscount.ch\\\/produkt\\\/gillo-scheiben-gewicht-3-6g-schwarz-nylon-5-16-24-gewinde\\\/#breadcrumb\",\"itemListElement\":[{\"@type\":\"ListItem\",\"position\":1,\"name\":\"Home\",\"item\":\"https:\\\/\\\/bogensportdiscount.ch\\\/\"},{\"@type\":\"ListItem\",\"position\":2,\"name\":\"Shop\",\"item\":\"https:\\\/\\\/bogensportdiscount.ch\\\/shop\\\/\"},{\"@type\":\"ListItem\",\"position\":3,\"name\":\"GILLO 3.6g BLACK NYLON DISK WEIGHT 5\\\/16-24 THREAD\"}]},{\"@type\":\"WebSite\",\"@id\":\"https:\\\/\\\/bogensportdiscount.ch\\\/#website\",\"url\":\"https:\\\/\\\/bogensportdiscount.ch\\\/\",\"name\":\"Bogensportdiscount\",\"description\":\"\",\"potentialAction\":[{\"@type\":\"SearchAction\",\"target\":{\"@type\":\"EntryPoint\",\"urlTemplate\":\"https:\\\/\\\/bogensportdiscount.ch\\\/?s={search_term_string}\"},\"query-input\":{\"@type\":\"PropertyValueSpecification\",\"valueRequired\":true,\"valueName\":\"search_term_string\"}}],\"inLanguage\":\"fr-FR\"}]}<\/script>\n<!-- \/ Yoast SEO plugin. -->","yoast_head_json":{"title":"GILLO 3.6g SCHWARZE NYLON SCHEIBE GEWICHT 5\/16-24 GEWINDE - Bogensportdiscount \u2013 B\u00f6gen, Pfeile, Targets &amp; Zubeh\u00f6r","description":"GILLO 3.6g SCHWARZE NYLON SCHEIBE GEWICHT 5\/16-24 GEWINDE g\u00fcnstig kaufen bei Bogensportdiscount \u2013 Top-Marken, schneller Versand aus der Schweiz.","robots":{"index":"index","follow":"follow","max-snippet":"max-snippet:-1","max-image-preview":"max-image-preview:large","max-video-preview":"max-video-preview:-1"},"canonical":"https:\/\/bogensportdiscount.ch\/fr\/produit\/gillo-scheiben-gewicht-3-6g-schwarz-nylon-5-16-24-gewinde\/","og_locale":"fr_FR","og_type":"article","og_title":"GILLO 3.6g SCHWARZE NYLON SCHEIBE GEWICHT 5\/16-24 GEWINDE - Bogensportdiscount \u2013 B\u00f6gen, Pfeile, Targets &amp; Zubeh\u00f6r","og_description":"GILLO 3.6g SCHWARZE NYLON SCHEIBE GEWICHT 5\/16-24 GEWINDE g\u00fcnstig kaufen bei Bogensportdiscount \u2013 Top-Marken, schneller Versand aus der Schweiz.","og_url":"https:\/\/bogensportdiscount.ch\/fr\/produit\/gillo-scheiben-gewicht-3-6g-schwarz-nylon-5-16-24-gewinde\/","og_site_name":"Bogensportdiscount \u2013 B\u00f6gen, Pfeile, Targets &amp; Zubeh\u00f6r","article_modified_time":"2026-05-14T05:14:04+00:00","og_image":[{"width":480,"height":480,"url":"https:\/\/bogensportdiscount.ch\/wp-content\/uploads\/bsm-images\/A096509_1.png","type":"image\/png"}],"twitter_card":"summary_large_image","schema":{"@context":"https:\/\/schema.org","@graph":[{"@type":"WebPage","@id":"https:\/\/bogensportdiscount.ch\/produkt\/gillo-scheiben-gewicht-3-6g-schwarz-nylon-5-16-24-gewinde\/","url":"https:\/\/bogensportdiscount.ch\/produkt\/gillo-scheiben-gewicht-3-6g-schwarz-nylon-5-16-24-gewinde\/","name":"GILLO 3.6g SCHWARZE NYLON SCHEIBE GEWICHT 5\/16-24 GEWINDE - Bogensportdiscount \u2013 B\u00f6gen, Pfeile, Targets &amp; Zubeh\u00f6r","isPartOf":{"@id":"https:\/\/bogensportdiscount.ch\/#website"},"primaryImageOfPage":{"@id":"https:\/\/bogensportdiscount.ch\/produkt\/gillo-scheiben-gewicht-3-6g-schwarz-nylon-5-16-24-gewinde\/#primaryimage"},"image":{"@id":"https:\/\/bogensportdiscount.ch\/produkt\/gillo-scheiben-gewicht-3-6g-schwarz-nylon-5-16-24-gewinde\/#primaryimage"},"thumbnailUrl":"https:\/\/bogensportdiscount.ch\/wp-content\/uploads\/bsm-images\/A096509_1.png","datePublished":"2026-04-05T12:32:46+00:00","dateModified":"2026-05-14T05:14:04+00:00","description":"GILLO 3.6g SCHWARZE NYLON SCHEIBE GEWICHT 5\/16-24 GEWINDE g\u00fcnstig kaufen bei Bogensportdiscount \u2013 Top-Marken, schneller Versand aus der Schweiz.","breadcrumb":{"@id":"https:\/\/bogensportdiscount.ch\/produkt\/gillo-scheiben-gewicht-3-6g-schwarz-nylon-5-16-24-gewinde\/#breadcrumb"},"inLanguage":"fr-FR","potentialAction":[{"@type":"ReadAction","target":["https:\/\/bogensportdiscount.ch\/produkt\/gillo-scheiben-gewicht-3-6g-schwarz-nylon-5-16-24-gewinde\/"]}]},{"@type":"ImageObject","inLanguage":"fr-FR","@id":"https:\/\/bogensportdiscount.ch\/produkt\/gillo-scheiben-gewicht-3-6g-schwarz-nylon-5-16-24-gewinde\/#primaryimage","url":"https:\/\/bogensportdiscount.ch\/wp-content\/uploads\/bsm-images\/A096509_1.png","contentUrl":"https:\/\/bogensportdiscount.ch\/wp-content\/uploads\/bsm-images\/A096509_1.png","width":480,"height":480},{"@type":"BreadcrumbList","@id":"https:\/\/bogensportdiscount.ch\/produkt\/gillo-scheiben-gewicht-3-6g-schwarz-nylon-5-16-24-gewinde\/#breadcrumb","itemListElement":[{"@type":"ListItem","position":1,"name":"Home","item":"https:\/\/bogensportdiscount.ch\/"},{"@type":"ListItem","position":2,"name":"Shop","item":"https:\/\/bogensportdiscount.ch\/shop\/"},{"@type":"ListItem","position":3,"name":"GILLO 3.6g BLACK NYLON DISK WEIGHT 5\/16-24 THREAD"}]},{"@type":"WebSite","@id":"https:\/\/bogensportdiscount.ch\/#website","url":"https:\/\/bogensportdiscount.ch\/","name":"Bogensportdiscount","description":"","potentialAction":[{"@type":"SearchAction","target":{"@type":"EntryPoint","urlTemplate":"https:\/\/bogensportdiscount.ch\/?s={search_term_string}"},"query-input":{"@type":"PropertyValueSpecification","valueRequired":true,"valueName":"search_term_string"}}],"inLanguage":"fr-FR"}]}},"_links":{"self":[{"href":"https:\/\/bogensportdiscount.ch\/fr\/wp-json\/wp\/v2\/product\/394224","targetHints":{"allow":["GET"]}}],"collection":[{"href":"https:\/\/bogensportdiscount.ch\/fr\/wp-json\/wp\/v2\/product"}],"about":[{"href":"https:\/\/bogensportdiscount.ch\/fr\/wp-json\/wp\/v2\/types\/product"}],"replies":[{"embeddable":true,"href":"https:\/\/bogensportdiscount.ch\/fr\/wp-json\/wp\/v2\/comments?post=394224"}],"wp:featuredmedia":[{"embeddable":true,"href":"https:\/\/bogensportdiscount.ch\/fr\/wp-json\/wp\/v2\/media\/523974"}],"wp:attachment":[{"href":"https:\/\/bogensportdiscount.ch\/fr\/wp-json\/wp\/v2\/media?parent=394224"}],"wp:term":[{"taxonomy":"product_brand","embeddable":true,"href":"https:\/\/bogensportdiscount.ch\/fr\/wp-json\/wp\/v2\/product_brand?post=394224"},{"taxonomy":"product_cat","embeddable":true,"href":"https:\/\/bogensportdiscount.ch\/fr\/wp-json\/wp\/v2\/product_cat?post=394224"},{"taxonomy":"product_tag","embeddable":true,"href":"https:\/\/bogensportdiscount.ch\/fr\/wp-json\/wp\/v2\/product_tag?post=394224"}],"curies":[{"name":"wp","href":"https:\/\/api.w.org\/{rel}","templated":true}]}}