{"id":394198,"date":"2026-04-05T14:32:39","date_gmt":"2026-04-05T12:32:39","guid":{"rendered":"https:\/\/bogensportdiscount.ch\/produkt\/excalibur-hybrid-x-crossbow-set-w-overwatch-scope-mossy-oak-dna\/"},"modified":"2026-05-14T07:14:03","modified_gmt":"2026-05-14T05:14:03","slug":"excalibur-compound-armbrust-hybrid-x-set-overwatch-scope-mossy-oak-dna","status":"publish","type":"product","link":"https:\/\/bogensportdiscount.ch\/fr\/produit\/excalibur-compound-armbrust-hybrid-x-set-overwatch-scope-mossy-oak-dna\/","title":{"rendered":"EXCALIBUR HYBRID X KIT ARBAL\u00c8TE avec lunette de vis\u00e9e OVERWATCH MOSSY OAK DNA"},"content":{"rendered":"<p>L'EXCALIBUR Hybrid X est une arbal\u00e8te \u00e0 poulies vendue en set incluant une lunette Overwatch et dans le camouflage Mossy Oak DNA. Avec une vitesse de fl\u00e8che allant jusqu'\u00e0 435 FPS et une longueur totale compacte de 75.2 cm, elle offre une haute densit\u00e9 de performance pour une utilisation \u00e0 la chasse et dans le sport de tir.<\/p>\n<p>Le syst\u00e8me d'armement \u00e0 manivelle Charger X int\u00e9gr\u00e9 permet d'armer l'arbal\u00e8te de mani\u00e8re contr\u00f4l\u00e9e et ergonomique avec une force de traction de 6.35 kg (14 lbs). Le set est livr\u00e9 avec la lunette Overwatch pr\u00eat \u00e0 l'emploi d\u00e8s la sortie de la bo\u00eete.<\/p>\n<ul>\n<li>Vitesse jusqu'\u00e0 435 FPS<\/li>\n<li>Construction compacte avec une longueur totale de 75.2 cm<\/li>\n<li>Syst\u00e8me d'armement \u00e0 manivelle Charger X int\u00e9gr\u00e9<\/li>\n<li>Inclus lunette Overwatch et finition camouflage Mossy Oak DNA<\/li>\n<\/ul>","protected":false},"excerpt":{"rendered":"<table>\n<tr>\n<th>Propri\u00e9t\u00e9<\/th>\n<th>Valeur<\/th>\n<\/tr>\n<tr>\n<td>Vitesse<\/td>\n<td>Jusqu'\u00e0 435 FPS<\/td>\n<\/tr>\n<tr>\n<td>Longueur totale<\/td>\n<td>75.2 cm (29.6&#8243;)<\/td>\n<\/tr>\n<tr>\n<td>Poids (arc)<\/td>\n<td>3.76 kg<\/td>\n<\/tr>\n<tr>\n<td>Poids (avec accessoires)<\/td>\n<td>4.67 kg<\/td>\n<\/tr>\n<tr>\n<td>Puissance<\/td>\n<td>6.35 kg (14 lbs)<\/td>\n<\/tr>\n<tr>\n<td>Type de tir<\/td>\n<td>Syst\u00e8me d'armement \u00e0 manivelle Charger X int\u00e9gr\u00e9<\/td>\n<\/tr>\n<tr>\n<td>Optique<\/td>\n<td>Overwatch Scope<\/td>\n<\/tr>\n<tr>\n<td>Finition<\/td>\n<td>Mossy Oak DNA<\/td>\n<\/tr>\n<\/table>","protected":false},"featured_media":523989,"comment_status":"open","ping_status":"closed","template":"","meta":[],"product_brand":[804],"product_cat":[4135,4161,4162],"product_tag":[3546],"class_list":{"0":"post-394198","1":"product","2":"type-product","3":"status-publish","4":"has-post-thumbnail","6":"product_brand-excalibur","7":"product_cat-armbrust-zubehoer","8":"product_cat-armbueste","9":"product_cat-compound-armbrueste","10":"product_tag-neuheit","11":"product_shipping_class-bsd-standard","13":"first","14":"instock","15":"shipping-taxable","16":"purchasable","17":"product-type-simple"},"yoast_head":"<!-- This site is optimized with the Yoast SEO plugin v27.6 - https:\/\/yoast.com\/product\/yoast-seo-wordpress\/ -->\n<title>EXCALIBUR HYBRID X ARMBRUST SET mit OVERWATCH ZIELFERNROHR MOSSY OAK DNA - Bogensportdiscount \u2013 B\u00f6gen, Pfeile, Targets &amp; Zubeh\u00f6r<\/title>\n<meta name=\"description\" content=\"EXCALIBUR HYBRID X ARMBRUST SET mit OVERWATCH ZIELFERNROHR MOSSY OAK DNA g\u00fcnstig kaufen bei Bogensportdiscount \u2013 Top-Marken, schneller Versand aus der Schweiz.\" \/>\n<meta name=\"robots\" content=\"index, follow, max-snippet:-1, max-image-preview:large, max-video-preview:-1\" \/>\n<link rel=\"canonical\" href=\"https:\/\/bogensportdiscount.ch\/fr\/produit\/excalibur-compound-armbrust-hybrid-x-set-overwatch-scope-mossy-oak-dna\/\" \/>\n<meta property=\"og:locale\" content=\"fr_FR\" \/>\n<meta property=\"og:type\" content=\"article\" \/>\n<meta property=\"og:title\" content=\"EXCALIBUR HYBRID X ARMBRUST SET mit OVERWATCH ZIELFERNROHR MOSSY OAK DNA - Bogensportdiscount \u2013 B\u00f6gen, Pfeile, Targets &amp; Zubeh\u00f6r\" \/>\n<meta property=\"og:description\" content=\"EXCALIBUR HYBRID X ARMBRUST SET mit OVERWATCH ZIELFERNROHR MOSSY OAK DNA g\u00fcnstig kaufen bei Bogensportdiscount \u2013 Top-Marken, schneller Versand aus der Schweiz.\" \/>\n<meta property=\"og:url\" content=\"https:\/\/bogensportdiscount.ch\/fr\/produit\/excalibur-compound-armbrust-hybrid-x-set-overwatch-scope-mossy-oak-dna\/\" \/>\n<meta property=\"og:site_name\" content=\"Bogensportdiscount \u2013 B\u00f6gen, Pfeile, Targets &amp; Zubeh\u00f6r\" \/>\n<meta property=\"article:modified_time\" content=\"2026-05-14T05:14:03+00:00\" \/>\n<meta property=\"og:image\" content=\"https:\/\/bogensportdiscount.ch\/wp-content\/uploads\/bsm-images\/A096085_1.png\" \/>\n\t<meta property=\"og:image:width\" content=\"5195\" \/>\n\t<meta property=\"og:image:height\" content=\"2245\" \/>\n\t<meta property=\"og:image:type\" content=\"image\/png\" \/>\n<meta name=\"twitter:card\" content=\"summary_large_image\" \/>\n<script type=\"application\/ld+json\" class=\"yoast-schema-graph\">{\"@context\":\"https:\\\/\\\/schema.org\",\"@graph\":[{\"@type\":\"WebPage\",\"@id\":\"https:\\\/\\\/bogensportdiscount.ch\\\/produkt\\\/excalibur-compound-armbrust-hybrid-x-set-overwatch-scope-mossy-oak-dna\\\/\",\"url\":\"https:\\\/\\\/bogensportdiscount.ch\\\/produkt\\\/excalibur-compound-armbrust-hybrid-x-set-overwatch-scope-mossy-oak-dna\\\/\",\"name\":\"EXCALIBUR HYBRID X ARMBRUST SET mit OVERWATCH ZIELFERNROHR MOSSY OAK DNA - Bogensportdiscount \u2013 B\u00f6gen, Pfeile, Targets &amp; Zubeh\u00f6r\",\"isPartOf\":{\"@id\":\"https:\\\/\\\/bogensportdiscount.ch\\\/#website\"},\"primaryImageOfPage\":{\"@id\":\"https:\\\/\\\/bogensportdiscount.ch\\\/produkt\\\/excalibur-compound-armbrust-hybrid-x-set-overwatch-scope-mossy-oak-dna\\\/#primaryimage\"},\"image\":{\"@id\":\"https:\\\/\\\/bogensportdiscount.ch\\\/produkt\\\/excalibur-compound-armbrust-hybrid-x-set-overwatch-scope-mossy-oak-dna\\\/#primaryimage\"},\"thumbnailUrl\":\"https:\\\/\\\/bogensportdiscount.ch\\\/wp-content\\\/uploads\\\/bsm-images\\\/A096085_1.png\",\"datePublished\":\"2026-04-05T12:32:39+00:00\",\"dateModified\":\"2026-05-14T05:14:03+00:00\",\"description\":\"EXCALIBUR HYBRID X ARMBRUST SET mit OVERWATCH ZIELFERNROHR MOSSY OAK DNA g\u00fcnstig kaufen bei Bogensportdiscount \u2013 Top-Marken, schneller Versand aus der Schweiz.\",\"breadcrumb\":{\"@id\":\"https:\\\/\\\/bogensportdiscount.ch\\\/produkt\\\/excalibur-compound-armbrust-hybrid-x-set-overwatch-scope-mossy-oak-dna\\\/#breadcrumb\"},\"inLanguage\":\"fr-FR\",\"potentialAction\":[{\"@type\":\"ReadAction\",\"target\":[\"https:\\\/\\\/bogensportdiscount.ch\\\/produkt\\\/excalibur-compound-armbrust-hybrid-x-set-overwatch-scope-mossy-oak-dna\\\/\"]}]},{\"@type\":\"ImageObject\",\"inLanguage\":\"fr-FR\",\"@id\":\"https:\\\/\\\/bogensportdiscount.ch\\\/produkt\\\/excalibur-compound-armbrust-hybrid-x-set-overwatch-scope-mossy-oak-dna\\\/#primaryimage\",\"url\":\"https:\\\/\\\/bogensportdiscount.ch\\\/wp-content\\\/uploads\\\/bsm-images\\\/A096085_1.png\",\"contentUrl\":\"https:\\\/\\\/bogensportdiscount.ch\\\/wp-content\\\/uploads\\\/bsm-images\\\/A096085_1.png\",\"width\":5195,\"height\":2245},{\"@type\":\"BreadcrumbList\",\"@id\":\"https:\\\/\\\/bogensportdiscount.ch\\\/produkt\\\/excalibur-compound-armbrust-hybrid-x-set-overwatch-scope-mossy-oak-dna\\\/#breadcrumb\",\"itemListElement\":[{\"@type\":\"ListItem\",\"position\":1,\"name\":\"Home\",\"item\":\"https:\\\/\\\/bogensportdiscount.ch\\\/\"},{\"@type\":\"ListItem\",\"position\":2,\"name\":\"Shop\",\"item\":\"https:\\\/\\\/bogensportdiscount.ch\\\/shop\\\/\"},{\"@type\":\"ListItem\",\"position\":3,\"name\":\"EXCALIBUR HYBRID X CROSSBOW SET w\\\/ OVERWATCH SCOPE MOSSY OAK DNA\"}]},{\"@type\":\"WebSite\",\"@id\":\"https:\\\/\\\/bogensportdiscount.ch\\\/#website\",\"url\":\"https:\\\/\\\/bogensportdiscount.ch\\\/\",\"name\":\"Bogensportdiscount\",\"description\":\"\",\"potentialAction\":[{\"@type\":\"SearchAction\",\"target\":{\"@type\":\"EntryPoint\",\"urlTemplate\":\"https:\\\/\\\/bogensportdiscount.ch\\\/?s={search_term_string}\"},\"query-input\":{\"@type\":\"PropertyValueSpecification\",\"valueRequired\":true,\"valueName\":\"search_term_string\"}}],\"inLanguage\":\"fr-FR\"}]}<\/script>\n<!-- \/ Yoast SEO plugin. -->","yoast_head_json":{"title":"EXCALIBUR HYBRID X ARMBRUST SET mit OVERWATCH ZIELFERNROHR MOSSY OAK DNA - Bogensportdiscount \u2013 B\u00f6gen, Pfeile, Targets &amp; Zubeh\u00f6r","description":"EXCALIBUR HYBRID X ARMBRUST SET mit OVERWATCH ZIELFERNROHR MOSSY OAK DNA g\u00fcnstig kaufen bei Bogensportdiscount \u2013 Top-Marken, schneller Versand aus der Schweiz.","robots":{"index":"index","follow":"follow","max-snippet":"max-snippet:-1","max-image-preview":"max-image-preview:large","max-video-preview":"max-video-preview:-1"},"canonical":"https:\/\/bogensportdiscount.ch\/fr\/produit\/excalibur-compound-armbrust-hybrid-x-set-overwatch-scope-mossy-oak-dna\/","og_locale":"fr_FR","og_type":"article","og_title":"EXCALIBUR HYBRID X ARMBRUST SET mit OVERWATCH ZIELFERNROHR MOSSY OAK DNA - Bogensportdiscount \u2013 B\u00f6gen, Pfeile, Targets &amp; Zubeh\u00f6r","og_description":"EXCALIBUR HYBRID X ARMBRUST SET mit OVERWATCH ZIELFERNROHR MOSSY OAK DNA g\u00fcnstig kaufen bei Bogensportdiscount \u2013 Top-Marken, schneller Versand aus der Schweiz.","og_url":"https:\/\/bogensportdiscount.ch\/fr\/produit\/excalibur-compound-armbrust-hybrid-x-set-overwatch-scope-mossy-oak-dna\/","og_site_name":"Bogensportdiscount \u2013 B\u00f6gen, Pfeile, Targets &amp; Zubeh\u00f6r","article_modified_time":"2026-05-14T05:14:03+00:00","og_image":[{"url":"https:\/\/bogensportdiscount.ch\/wp-content\/uploads\/bsm-images\/A096085_1.png","width":5195,"height":2245,"type":"image\/png"}],"twitter_card":"summary_large_image","schema":{"@context":"https:\/\/schema.org","@graph":[{"@type":"WebPage","@id":"https:\/\/bogensportdiscount.ch\/produkt\/excalibur-compound-armbrust-hybrid-x-set-overwatch-scope-mossy-oak-dna\/","url":"https:\/\/bogensportdiscount.ch\/produkt\/excalibur-compound-armbrust-hybrid-x-set-overwatch-scope-mossy-oak-dna\/","name":"EXCALIBUR HYBRID X ARMBRUST SET mit OVERWATCH ZIELFERNROHR MOSSY OAK DNA - Bogensportdiscount \u2013 B\u00f6gen, Pfeile, Targets &amp; Zubeh\u00f6r","isPartOf":{"@id":"https:\/\/bogensportdiscount.ch\/#website"},"primaryImageOfPage":{"@id":"https:\/\/bogensportdiscount.ch\/produkt\/excalibur-compound-armbrust-hybrid-x-set-overwatch-scope-mossy-oak-dna\/#primaryimage"},"image":{"@id":"https:\/\/bogensportdiscount.ch\/produkt\/excalibur-compound-armbrust-hybrid-x-set-overwatch-scope-mossy-oak-dna\/#primaryimage"},"thumbnailUrl":"https:\/\/bogensportdiscount.ch\/wp-content\/uploads\/bsm-images\/A096085_1.png","datePublished":"2026-04-05T12:32:39+00:00","dateModified":"2026-05-14T05:14:03+00:00","description":"EXCALIBUR HYBRID X ARMBRUST SET mit OVERWATCH ZIELFERNROHR MOSSY OAK DNA g\u00fcnstig kaufen bei Bogensportdiscount \u2013 Top-Marken, schneller Versand aus der Schweiz.","breadcrumb":{"@id":"https:\/\/bogensportdiscount.ch\/produkt\/excalibur-compound-armbrust-hybrid-x-set-overwatch-scope-mossy-oak-dna\/#breadcrumb"},"inLanguage":"fr-FR","potentialAction":[{"@type":"ReadAction","target":["https:\/\/bogensportdiscount.ch\/produkt\/excalibur-compound-armbrust-hybrid-x-set-overwatch-scope-mossy-oak-dna\/"]}]},{"@type":"ImageObject","inLanguage":"fr-FR","@id":"https:\/\/bogensportdiscount.ch\/produkt\/excalibur-compound-armbrust-hybrid-x-set-overwatch-scope-mossy-oak-dna\/#primaryimage","url":"https:\/\/bogensportdiscount.ch\/wp-content\/uploads\/bsm-images\/A096085_1.png","contentUrl":"https:\/\/bogensportdiscount.ch\/wp-content\/uploads\/bsm-images\/A096085_1.png","width":5195,"height":2245},{"@type":"BreadcrumbList","@id":"https:\/\/bogensportdiscount.ch\/produkt\/excalibur-compound-armbrust-hybrid-x-set-overwatch-scope-mossy-oak-dna\/#breadcrumb","itemListElement":[{"@type":"ListItem","position":1,"name":"Home","item":"https:\/\/bogensportdiscount.ch\/"},{"@type":"ListItem","position":2,"name":"Shop","item":"https:\/\/bogensportdiscount.ch\/shop\/"},{"@type":"ListItem","position":3,"name":"EXCALIBUR HYBRID X CROSSBOW SET w\/ OVERWATCH SCOPE MOSSY OAK DNA"}]},{"@type":"WebSite","@id":"https:\/\/bogensportdiscount.ch\/#website","url":"https:\/\/bogensportdiscount.ch\/","name":"Bogensportdiscount","description":"","potentialAction":[{"@type":"SearchAction","target":{"@type":"EntryPoint","urlTemplate":"https:\/\/bogensportdiscount.ch\/?s={search_term_string}"},"query-input":{"@type":"PropertyValueSpecification","valueRequired":true,"valueName":"search_term_string"}}],"inLanguage":"fr-FR"}]}},"_links":{"self":[{"href":"https:\/\/bogensportdiscount.ch\/fr\/wp-json\/wp\/v2\/product\/394198","targetHints":{"allow":["GET"]}}],"collection":[{"href":"https:\/\/bogensportdiscount.ch\/fr\/wp-json\/wp\/v2\/product"}],"about":[{"href":"https:\/\/bogensportdiscount.ch\/fr\/wp-json\/wp\/v2\/types\/product"}],"replies":[{"embeddable":true,"href":"https:\/\/bogensportdiscount.ch\/fr\/wp-json\/wp\/v2\/comments?post=394198"}],"wp:featuredmedia":[{"embeddable":true,"href":"https:\/\/bogensportdiscount.ch\/fr\/wp-json\/wp\/v2\/media\/523989"}],"wp:attachment":[{"href":"https:\/\/bogensportdiscount.ch\/fr\/wp-json\/wp\/v2\/media?parent=394198"}],"wp:term":[{"taxonomy":"product_brand","embeddable":true,"href":"https:\/\/bogensportdiscount.ch\/fr\/wp-json\/wp\/v2\/product_brand?post=394198"},{"taxonomy":"product_cat","embeddable":true,"href":"https:\/\/bogensportdiscount.ch\/fr\/wp-json\/wp\/v2\/product_cat?post=394198"},{"taxonomy":"product_tag","embeddable":true,"href":"https:\/\/bogensportdiscount.ch\/fr\/wp-json\/wp\/v2\/product_tag?post=394198"}],"curies":[{"name":"wp","href":"https:\/\/api.w.org\/{rel}","templated":true}]}}