{"id":394192,"date":"2026-04-05T14:32:38","date_gmt":"2026-04-05T12:32:38","guid":{"rendered":"https:\/\/bogensportdiscount.ch\/produkt\/avalon-replacement-screw-lock-for-tec-button\/"},"modified":"2026-04-16T12:19:09","modified_gmt":"2026-04-16T10:19:09","slug":"avalon-ersatzschraube-tec-button","status":"publish","type":"product","link":"https:\/\/bogensportdiscount.ch\/fr\/produit\/avalon-ersatzschraube-tec-button\/","title":{"rendered":"AVALON REPLACEMENT SCREW LOCK FOR TEC BUTTON"},"content":{"rendered":"<p>Die AVALON Ersatzschraube ist speziell f\u00fcr den Avalon Tec Button konzipiert und erm\u00f6glicht den einfachen Austausch der Verschlussschraube, ohne den gesamten Button ersetzen zu m\u00fcssen.<\/p>\n<p>Das Ersatzteil ist eine kosteng\u00fcnstige L\u00f6sung, um den Tec Button wieder betriebsbereit zu machen, wenn die originale Schraube besch\u00e4digt oder verloren gegangen ist.<\/p>\n<ul>\n<li>Passend f\u00fcr den Avalon Tec Button<\/li>\n<li>Originalersatzteil von AVALON<\/li>\n<li>Einfache Montage<\/li>\n<\/ul>","protected":false},"excerpt":{"rendered":"<p>Ersatzschraube von AVALON f\u00fcr den Tec Cushion Plunger (Button). Passend f\u00fcr den Austausch defekter oder verlorener Verschlussschrauben am Avalon Tec Button.<\/p>","protected":false},"featured_media":445930,"comment_status":"open","ping_status":"closed","template":"","meta":[],"product_brand":[449],"product_cat":[4648],"product_tag":[3546],"class_list":{"0":"post-394192","1":"product","2":"type-product","3":"status-publish","4":"has-post-thumbnail","6":"product_brand-avalon","7":"product_cat-einzelteile-fuer-button","8":"product_tag-neuheit","10":"first","11":"instock","12":"shipping-taxable","13":"purchasable","14":"product-type-simple"},"_links":{"self":[{"href":"https:\/\/bogensportdiscount.ch\/fr\/wp-json\/wp\/v2\/product\/394192","targetHints":{"allow":["GET"]}}],"collection":[{"href":"https:\/\/bogensportdiscount.ch\/fr\/wp-json\/wp\/v2\/product"}],"about":[{"href":"https:\/\/bogensportdiscount.ch\/fr\/wp-json\/wp\/v2\/types\/product"}],"replies":[{"embeddable":true,"href":"https:\/\/bogensportdiscount.ch\/fr\/wp-json\/wp\/v2\/comments?post=394192"}],"wp:featuredmedia":[{"embeddable":true,"href":"https:\/\/bogensportdiscount.ch\/fr\/wp-json\/wp\/v2\/media\/445930"}],"wp:attachment":[{"href":"https:\/\/bogensportdiscount.ch\/fr\/wp-json\/wp\/v2\/media?parent=394192"}],"wp:term":[{"taxonomy":"product_brand","embeddable":true,"href":"https:\/\/bogensportdiscount.ch\/fr\/wp-json\/wp\/v2\/product_brand?post=394192"},{"taxonomy":"product_cat","embeddable":true,"href":"https:\/\/bogensportdiscount.ch\/fr\/wp-json\/wp\/v2\/product_cat?post=394192"},{"taxonomy":"product_tag","embeddable":true,"href":"https:\/\/bogensportdiscount.ch\/fr\/wp-json\/wp\/v2\/product_tag?post=394192"}],"curies":[{"name":"wp","href":"https:\/\/api.w.org\/{rel}","templated":true}]}}