{"id":394190,"date":"2026-04-05T14:32:37","date_gmt":"2026-04-05T12:32:37","guid":{"rendered":"https:\/\/bogensportdiscount.ch\/produkt\/skylon-new-id8-0-s-size-uni-bushing-inserts-bruxx-empros-300-500-12pk\/"},"modified":"2026-04-19T11:42:56","modified_gmt":"2026-04-19T09:42:56","slug":"skylon-uni-bushing-einsaetze-id8-0-s-size-bruxx-empros-300-500-12er-pack","status":"publish","type":"product","link":"https:\/\/bogensportdiscount.ch\/fr\/produit\/skylon-uni-bushing-einsaetze-id8-0-s-size-bruxx-empros-300-500-12er-pack\/","title":{"rendered":"SKYLON NEW ID8.0 TAILLE S INSERTIONS UNIVERSELLES POUR BRUXX\/EMPROS 300-500, lot de 12"},"content":{"rendered":"<p>Ces inserts uni-bushing de SKYLON sont sp\u00e9cialement con\u00e7us pour les f\u00fbts de fl\u00e8ches avec un diam\u00e8tre int\u00e9rieur de 8.0 mm (ID8.0). Ils sont disponibles en S-Size et sont compatibles avec les lignes de fl\u00e8ches SKYLON Bruxx et Empros dans les rigidit\u00e9s de spine 300 \u00e0 500.<\/p>\n<p>Les uni-bushings permettent l'utilisation flexible de diff\u00e9rents types d'encoches dans un syst\u00e8me de f\u00fbt de fl\u00e8che unifi\u00e9. Les inserts sont mont\u00e9s \u00e0 l'arri\u00e8re du f\u00fbt et assurent la connexion entre le f\u00fbt de fl\u00e8che et l'encoche.<\/p>\n<ul>\n<li>Diam\u00e8tre int\u00e9rieur : 8.0 mm (ID8.0)<\/li>\n<li>Taille : S-Size<\/li>\n<li>Compatible avec SKYLON Bruxx et Empros (Spine 300\u2013500)<\/li>\n<li>Contenu de la livraison : 12 pi\u00e8ces<\/li>\n<\/ul>","protected":false},"excerpt":{"rendered":"<p><strong>Diam\u00e8tre int\u00e9rieur du shaft:<\/strong> ID 8.0<br \/><strong>Taille de la bague:<\/strong> S-Size<br \/><strong>Spines compatibles:<\/strong> 300\u2013500<br \/><strong>Compatibilit\u00e9 :<\/strong> Skylon BRUXX \/ EMPROS<br \/><strong>Quantity:<\/strong> 12 pi\u00e8ces<\/p>","protected":false},"featured_media":453631,"comment_status":"open","ping_status":"closed","template":"","meta":[],"product_brand":[457],"product_cat":[4550],"product_tag":[3546],"class_list":{"0":"post-394190","1":"product","2":"type-product","3":"status-publish","4":"has-post-thumbnail","6":"product_brand-skylon","7":"product_cat-uni-bushings-pfeil-komponenten","8":"product_tag-neuheit","10":"first","11":"instock","12":"shipping-taxable","13":"purchasable","14":"product-type-simple"},"yoast_head":"<!-- This site is optimized with the Yoast SEO plugin v27.4 - https:\/\/yoast.com\/product\/yoast-seo-wordpress\/ -->\n<title>SKYLON NEW ID8.0 S-SIZE UNI BUCHSEN EINSAETZE BRUXX\/EMPROS 300-500 12PK - Bogensportdiscount \u2013 B\u00f6gen, Pfeile, Targets &amp; Zubeh\u00f6r<\/title>\n<meta name=\"robots\" content=\"noindex, follow, max-snippet:-1, max-image-preview:large, max-video-preview:-1\" \/>\n<meta property=\"og:locale\" content=\"fr_FR\" \/>\n<meta property=\"og:type\" content=\"article\" \/>\n<meta property=\"og:title\" content=\"SKYLON NEW ID8.0 S-SIZE UNI BUCHSEN EINSAETZE BRUXX\/EMPROS 300-500 12PK - Bogensportdiscount \u2013 B\u00f6gen, Pfeile, Targets &amp; Zubeh\u00f6r\" \/>\n<meta property=\"og:description\" content=\"Shaft Inner Diameter: ID 8.0Bushing Size: S-SizeCompatible Spines: 300\u2013500Compatibility: Skylon BRUXX \/ EMPROSQuantity: 12 pieces\" \/>\n<meta property=\"og:url\" content=\"https:\/\/bogensportdiscount.ch\/fr\/prodotto\/skylon-uni-bushing-einsaetze-id8-0-s-size-bruxx-empros-300-500-12er-pack\/\" \/>\n<meta property=\"og:site_name\" content=\"Bogensportdiscount \u2013 B\u00f6gen, Pfeile, Targets &amp; Zubeh\u00f6r\" \/>\n<meta property=\"article:modified_time\" content=\"2026-04-19T09:42:56+00:00\" \/>\n<meta property=\"og:image\" content=\"https:\/\/bogensportdiscount.ch\/wp-content\/uploads\/2026\/04\/bogensportdiscount.ch-pfeile-boegen-zubehoer-fuer-anfaenger-und-profis-zum-besten-preis-Symbolbild-kein-foto-zu-diesem-artikel_01.jpg\" \/>\n\t<meta property=\"og:image:width\" content=\"1080\" \/>\n\t<meta property=\"og:image:height\" content=\"1080\" \/>\n\t<meta property=\"og:image:type\" content=\"image\/jpeg\" \/>\n<meta name=\"twitter:card\" content=\"summary_large_image\" \/>\n<script type=\"application\/ld+json\" class=\"yoast-schema-graph\">{\"@context\":\"https:\\\/\\\/schema.org\",\"@graph\":[{\"@type\":\"WebPage\",\"@id\":\"https:\\\/\\\/bogensportdiscount.ch\\\/it\\\/prodotto\\\/skylon-uni-bushing-einsaetze-id8-0-s-size-bruxx-empros-300-500-12er-pack\\\/\",\"url\":\"https:\\\/\\\/bogensportdiscount.ch\\\/it\\\/prodotto\\\/skylon-uni-bushing-einsaetze-id8-0-s-size-bruxx-empros-300-500-12er-pack\\\/\",\"name\":\"SKYLON NEW ID8.0 S-SIZE UNI BUCHSEN EINSAETZE BRUXX\\\/EMPROS 300-500 12PK - Bogensportdiscount \u2013 B\u00f6gen, Pfeile, Targets &amp; Zubeh\u00f6r\",\"isPartOf\":{\"@id\":\"https:\\\/\\\/bogensportdiscount.ch\\\/#website\"},\"primaryImageOfPage\":{\"@id\":\"https:\\\/\\\/bogensportdiscount.ch\\\/it\\\/prodotto\\\/skylon-uni-bushing-einsaetze-id8-0-s-size-bruxx-empros-300-500-12er-pack\\\/#primaryimage\"},\"image\":{\"@id\":\"https:\\\/\\\/bogensportdiscount.ch\\\/it\\\/prodotto\\\/skylon-uni-bushing-einsaetze-id8-0-s-size-bruxx-empros-300-500-12er-pack\\\/#primaryimage\"},\"thumbnailUrl\":\"https:\\\/\\\/bogensportdiscount.ch\\\/wp-content\\\/uploads\\\/2026\\\/04\\\/bogensportdiscount.ch-pfeile-boegen-zubehoer-fuer-anfaenger-und-profis-zum-besten-preis-Symbolbild-kein-foto-zu-diesem-artikel_01.jpg\",\"datePublished\":\"2026-04-05T12:32:37+00:00\",\"dateModified\":\"2026-04-19T09:42:56+00:00\",\"breadcrumb\":{\"@id\":\"https:\\\/\\\/bogensportdiscount.ch\\\/it\\\/prodotto\\\/skylon-uni-bushing-einsaetze-id8-0-s-size-bruxx-empros-300-500-12er-pack\\\/#breadcrumb\"},\"inLanguage\":\"fr-FR\",\"potentialAction\":[{\"@type\":\"ReadAction\",\"target\":[\"https:\\\/\\\/bogensportdiscount.ch\\\/it\\\/prodotto\\\/skylon-uni-bushing-einsaetze-id8-0-s-size-bruxx-empros-300-500-12er-pack\\\/\"]}]},{\"@type\":\"ImageObject\",\"inLanguage\":\"fr-FR\",\"@id\":\"https:\\\/\\\/bogensportdiscount.ch\\\/it\\\/prodotto\\\/skylon-uni-bushing-einsaetze-id8-0-s-size-bruxx-empros-300-500-12er-pack\\\/#primaryimage\",\"url\":\"https:\\\/\\\/bogensportdiscount.ch\\\/wp-content\\\/uploads\\\/2026\\\/04\\\/bogensportdiscount.ch-pfeile-boegen-zubehoer-fuer-anfaenger-und-profis-zum-besten-preis-Symbolbild-kein-foto-zu-diesem-artikel_01.jpg\",\"contentUrl\":\"https:\\\/\\\/bogensportdiscount.ch\\\/wp-content\\\/uploads\\\/2026\\\/04\\\/bogensportdiscount.ch-pfeile-boegen-zubehoer-fuer-anfaenger-und-profis-zum-besten-preis-Symbolbild-kein-foto-zu-diesem-artikel_01.jpg\",\"width\":1080,\"height\":1080},{\"@type\":\"BreadcrumbList\",\"@id\":\"https:\\\/\\\/bogensportdiscount.ch\\\/it\\\/prodotto\\\/skylon-uni-bushing-einsaetze-id8-0-s-size-bruxx-empros-300-500-12er-pack\\\/#breadcrumb\",\"itemListElement\":[{\"@type\":\"ListItem\",\"position\":1,\"name\":\"Home\",\"item\":\"https:\\\/\\\/bogensportdiscount.ch\\\/\"},{\"@type\":\"ListItem\",\"position\":2,\"name\":\"Shop\",\"item\":\"https:\\\/\\\/bogensportdiscount.ch\\\/shop\\\/\"},{\"@type\":\"ListItem\",\"position\":3,\"name\":\"SKYLON NEW ID8.0 S-SIZE UNI BUCHSEN EINSAETZE BRUXX\\\/EMPROS 300-500 12PK\"}]},{\"@type\":\"WebSite\",\"@id\":\"https:\\\/\\\/bogensportdiscount.ch\\\/#website\",\"url\":\"https:\\\/\\\/bogensportdiscount.ch\\\/\",\"name\":\"Bogensportdiscount\",\"description\":\"\",\"potentialAction\":[{\"@type\":\"SearchAction\",\"target\":{\"@type\":\"EntryPoint\",\"urlTemplate\":\"https:\\\/\\\/bogensportdiscount.ch\\\/?s={search_term_string}\"},\"query-input\":{\"@type\":\"PropertyValueSpecification\",\"valueRequired\":true,\"valueName\":\"search_term_string\"}}],\"inLanguage\":\"fr-FR\"}]}<\/script>\n<!-- \/ Yoast SEO plugin. -->","yoast_head_json":{"title":"SKYLON NEW ID8.0 S-SIZE UNI BUCHSEN EINSAETZE BRUXX\/EMPROS 300-500 12PK - Bogensportdiscount \u2013 B\u00f6gen, Pfeile, Targets &amp; Zubeh\u00f6r","robots":{"index":"noindex","follow":"follow","max-snippet":"max-snippet:-1","max-image-preview":"max-image-preview:large","max-video-preview":"max-video-preview:-1"},"og_locale":"fr_FR","og_type":"article","og_title":"SKYLON NEW ID8.0 S-SIZE UNI BUCHSEN EINSAETZE BRUXX\/EMPROS 300-500 12PK - Bogensportdiscount \u2013 B\u00f6gen, Pfeile, Targets &amp; Zubeh\u00f6r","og_description":"Shaft Inner Diameter: ID 8.0Bushing Size: S-SizeCompatible Spines: 300\u2013500Compatibility: Skylon BRUXX \/ EMPROSQuantity: 12 pieces","og_url":"https:\/\/bogensportdiscount.ch\/fr\/prodotto\/skylon-uni-bushing-einsaetze-id8-0-s-size-bruxx-empros-300-500-12er-pack\/","og_site_name":"Bogensportdiscount \u2013 B\u00f6gen, Pfeile, Targets &amp; Zubeh\u00f6r","article_modified_time":"2026-04-19T09:42:56+00:00","og_image":[{"width":1080,"height":1080,"url":"https:\/\/bogensportdiscount.ch\/wp-content\/uploads\/2026\/04\/bogensportdiscount.ch-pfeile-boegen-zubehoer-fuer-anfaenger-und-profis-zum-besten-preis-Symbolbild-kein-foto-zu-diesem-artikel_01.jpg","type":"image\/jpeg"}],"twitter_card":"summary_large_image","schema":{"@context":"https:\/\/schema.org","@graph":[{"@type":"WebPage","@id":"https:\/\/bogensportdiscount.ch\/it\/prodotto\/skylon-uni-bushing-einsaetze-id8-0-s-size-bruxx-empros-300-500-12er-pack\/","url":"https:\/\/bogensportdiscount.ch\/it\/prodotto\/skylon-uni-bushing-einsaetze-id8-0-s-size-bruxx-empros-300-500-12er-pack\/","name":"SKYLON NEW ID8.0 S-SIZE UNI BUCHSEN EINSAETZE BRUXX\/EMPROS 300-500 12PK - Bogensportdiscount \u2013 B\u00f6gen, Pfeile, Targets &amp; Zubeh\u00f6r","isPartOf":{"@id":"https:\/\/bogensportdiscount.ch\/#website"},"primaryImageOfPage":{"@id":"https:\/\/bogensportdiscount.ch\/it\/prodotto\/skylon-uni-bushing-einsaetze-id8-0-s-size-bruxx-empros-300-500-12er-pack\/#primaryimage"},"image":{"@id":"https:\/\/bogensportdiscount.ch\/it\/prodotto\/skylon-uni-bushing-einsaetze-id8-0-s-size-bruxx-empros-300-500-12er-pack\/#primaryimage"},"thumbnailUrl":"https:\/\/bogensportdiscount.ch\/wp-content\/uploads\/2026\/04\/bogensportdiscount.ch-pfeile-boegen-zubehoer-fuer-anfaenger-und-profis-zum-besten-preis-Symbolbild-kein-foto-zu-diesem-artikel_01.jpg","datePublished":"2026-04-05T12:32:37+00:00","dateModified":"2026-04-19T09:42:56+00:00","breadcrumb":{"@id":"https:\/\/bogensportdiscount.ch\/it\/prodotto\/skylon-uni-bushing-einsaetze-id8-0-s-size-bruxx-empros-300-500-12er-pack\/#breadcrumb"},"inLanguage":"fr-FR","potentialAction":[{"@type":"ReadAction","target":["https:\/\/bogensportdiscount.ch\/it\/prodotto\/skylon-uni-bushing-einsaetze-id8-0-s-size-bruxx-empros-300-500-12er-pack\/"]}]},{"@type":"ImageObject","inLanguage":"fr-FR","@id":"https:\/\/bogensportdiscount.ch\/it\/prodotto\/skylon-uni-bushing-einsaetze-id8-0-s-size-bruxx-empros-300-500-12er-pack\/#primaryimage","url":"https:\/\/bogensportdiscount.ch\/wp-content\/uploads\/2026\/04\/bogensportdiscount.ch-pfeile-boegen-zubehoer-fuer-anfaenger-und-profis-zum-besten-preis-Symbolbild-kein-foto-zu-diesem-artikel_01.jpg","contentUrl":"https:\/\/bogensportdiscount.ch\/wp-content\/uploads\/2026\/04\/bogensportdiscount.ch-pfeile-boegen-zubehoer-fuer-anfaenger-und-profis-zum-besten-preis-Symbolbild-kein-foto-zu-diesem-artikel_01.jpg","width":1080,"height":1080},{"@type":"BreadcrumbList","@id":"https:\/\/bogensportdiscount.ch\/it\/prodotto\/skylon-uni-bushing-einsaetze-id8-0-s-size-bruxx-empros-300-500-12er-pack\/#breadcrumb","itemListElement":[{"@type":"ListItem","position":1,"name":"Home","item":"https:\/\/bogensportdiscount.ch\/"},{"@type":"ListItem","position":2,"name":"Shop","item":"https:\/\/bogensportdiscount.ch\/shop\/"},{"@type":"ListItem","position":3,"name":"SKYLON NEW ID8.0 S-SIZE UNI BUCHSEN EINSAETZE BRUXX\/EMPROS 300-500 12PK"}]},{"@type":"WebSite","@id":"https:\/\/bogensportdiscount.ch\/#website","url":"https:\/\/bogensportdiscount.ch\/","name":"Bogensportdiscount","description":"","potentialAction":[{"@type":"SearchAction","target":{"@type":"EntryPoint","urlTemplate":"https:\/\/bogensportdiscount.ch\/?s={search_term_string}"},"query-input":{"@type":"PropertyValueSpecification","valueRequired":true,"valueName":"search_term_string"}}],"inLanguage":"fr-FR"}]}},"_links":{"self":[{"href":"https:\/\/bogensportdiscount.ch\/fr\/wp-json\/wp\/v2\/product\/394190","targetHints":{"allow":["GET"]}}],"collection":[{"href":"https:\/\/bogensportdiscount.ch\/fr\/wp-json\/wp\/v2\/product"}],"about":[{"href":"https:\/\/bogensportdiscount.ch\/fr\/wp-json\/wp\/v2\/types\/product"}],"replies":[{"embeddable":true,"href":"https:\/\/bogensportdiscount.ch\/fr\/wp-json\/wp\/v2\/comments?post=394190"}],"wp:featuredmedia":[{"embeddable":true,"href":"https:\/\/bogensportdiscount.ch\/fr\/wp-json\/wp\/v2\/media\/453631"}],"wp:attachment":[{"href":"https:\/\/bogensportdiscount.ch\/fr\/wp-json\/wp\/v2\/media?parent=394190"}],"wp:term":[{"taxonomy":"product_brand","embeddable":true,"href":"https:\/\/bogensportdiscount.ch\/fr\/wp-json\/wp\/v2\/product_brand?post=394190"},{"taxonomy":"product_cat","embeddable":true,"href":"https:\/\/bogensportdiscount.ch\/fr\/wp-json\/wp\/v2\/product_cat?post=394190"},{"taxonomy":"product_tag","embeddable":true,"href":"https:\/\/bogensportdiscount.ch\/fr\/wp-json\/wp\/v2\/product_tag?post=394190"}],"curies":[{"name":"wp","href":"https:\/\/api.w.org\/{rel}","templated":true}]}}