{"id":394189,"date":"2026-04-05T14:32:37","date_gmt":"2026-04-05T12:32:37","guid":{"rendered":"https:\/\/bogensportdiscount.ch\/produkt\/beier-3d-target-gull-l33-5-x-w11-5-x-h24cm-group-4\/"},"modified":"2026-04-16T13:26:03","modified_gmt":"2026-04-16T11:26:03","slug":"beier-3d-ziel-moewe-l335-b115-h24cm-gruppe-4","status":"publish","type":"product","link":"https:\/\/bogensportdiscount.ch\/fr\/produit\/beier-3d-ziel-moewe-l335-b115-h24cm-gruppe-4\/","title":{"rendered":"BEIER 3D TARGET GULL : L33.5 x W11.5 x H24cm GROUPE 4"},"content":{"rendered":"<p>Das BEIER 3D-Ziel M\u00f6we ist ein lebensecht gestaltetes Schaumstoffziel in Vogelform f\u00fcr den Einsatz auf 3D-Parcours und im Training. Die Abmessungen von 33.5 cm L\u00e4nge, 11.5 cm Breite und 24 cm H\u00f6he entsprechen einer naturnahen Darstellung der M\u00f6we.<\/p>\n<p>Das Ziel ist der Gruppe 4 zugeteilt, was die Punkteverteilung und Entfernung bei offiziellen 3D-Bogensportwettk\u00e4mpfen gem\u00e4ss den g\u00e4ngigen Verbandsvorgaben bestimmt. Es eignet sich sowohl f\u00fcr den Trainings- als auch f\u00fcr den Wettkampfeinsatz.<\/p>\n<ul>\n<li>Naturgetreue Vogeldarstellung als M\u00f6we<\/li>\n<li>Abmessungen: L33.5 x B11.5 x H24cm<\/li>\n<li>Wettkampfgruppe 4<\/li>\n<li>Geeignet f\u00fcr 3D-Parcours und Training<\/li>\n<\/ul>","protected":false},"excerpt":{"rendered":"<p><strong>Dimensions:<\/strong> 33.5 \u00d7 11.5 \u00d7 24 cm<br \/><strong>Weight:<\/strong> 900 g<br \/><strong>IFAA Target Group:<\/strong> Group 4<br \/><strong>mat\u00e9riel :<\/strong> IBB Special Foam (self-healing)<br \/><strong>Manufacturing Origin:<\/strong> Germany (Beier Germany)<\/p>","protected":false},"featured_media":445005,"comment_status":"open","ping_status":"closed","template":"","meta":[],"product_brand":[831],"product_cat":[4148],"product_tag":[3546],"class_list":{"0":"post-394189","1":"product","2":"type-product","3":"status-publish","4":"has-post-thumbnail","6":"product_brand-beier","7":"product_cat-voegel-3d-ziele-ziele-auflagen","8":"product_tag-neuheit","10":"first","11":"instock","12":"shipping-taxable","13":"purchasable","14":"product-type-simple"},"_links":{"self":[{"href":"https:\/\/bogensportdiscount.ch\/fr\/wp-json\/wp\/v2\/product\/394189","targetHints":{"allow":["GET"]}}],"collection":[{"href":"https:\/\/bogensportdiscount.ch\/fr\/wp-json\/wp\/v2\/product"}],"about":[{"href":"https:\/\/bogensportdiscount.ch\/fr\/wp-json\/wp\/v2\/types\/product"}],"replies":[{"embeddable":true,"href":"https:\/\/bogensportdiscount.ch\/fr\/wp-json\/wp\/v2\/comments?post=394189"}],"wp:featuredmedia":[{"embeddable":true,"href":"https:\/\/bogensportdiscount.ch\/fr\/wp-json\/wp\/v2\/media\/445005"}],"wp:attachment":[{"href":"https:\/\/bogensportdiscount.ch\/fr\/wp-json\/wp\/v2\/media?parent=394189"}],"wp:term":[{"taxonomy":"product_brand","embeddable":true,"href":"https:\/\/bogensportdiscount.ch\/fr\/wp-json\/wp\/v2\/product_brand?post=394189"},{"taxonomy":"product_cat","embeddable":true,"href":"https:\/\/bogensportdiscount.ch\/fr\/wp-json\/wp\/v2\/product_cat?post=394189"},{"taxonomy":"product_tag","embeddable":true,"href":"https:\/\/bogensportdiscount.ch\/fr\/wp-json\/wp\/v2\/product_tag?post=394189"}],"curies":[{"name":"wp","href":"https:\/\/api.w.org\/{rel}","templated":true}]}}