{"id":394183,"date":"2026-04-05T14:32:36","date_gmt":"2026-04-05T12:32:36","guid":{"rendered":"https:\/\/bogensportdiscount.ch\/produkt\/beier-3d-target-pheasant-hen-l25-x-w12-x-h27cm-group-4\/"},"modified":"2026-04-16T13:26:04","modified_gmt":"2026-04-16T11:26:04","slug":"beier-3d-ziel-fasan-henne-gruppe-4","status":"publish","type":"product","link":"https:\/\/bogensportdiscount.ch\/fr\/produit\/beier-3d-ziel-fasan-henne-gruppe-4\/","title":{"rendered":"BEIER 3D TARGET PHEASANT - HEN : L25 x W12 x H27cm GROUPE 4"},"content":{"rendered":"<p>Das BEIER 3D Ziel Fasan \u2013 Henne ist ein massstabgetreues Schaumstoffziel in der Kategorie V\u00f6gel. Mit den Abmessungen 25 cm (L\u00e4nge) \u00d7 12 cm (Breite) \u00d7 27 cm (H\u00f6he) handelt es sich um ein kompaktes Ziel, das typische Trainings- und Wettkampfanforderungen auf 3D-Parcours erf\u00fcllt.<\/p>\n<p>Die Einstufung in Gruppe 4 entspricht den g\u00e4ngigen 3D-Bogensport-Regelwerken und definiert die g\u00fcltigen Trefferzonenbewertungen f\u00fcr dieses Ziel. Das Modell ist f\u00fcr den Einsatz im Freien konzipiert und kann auf Standard-3D-Zielst\u00e4ndern montiert werden.<\/p>\n<ul>\n<li>Detailgetreue Fasan-Henne-Darstellung<\/li>\n<li>Kompakte Abmessungen: L25 \u00d7 B12 \u00d7 H27 cm<\/li>\n<li>Treffergruppe 4 nach 3D-Bogensport-Standard<\/li>\n<li>Geeignet f\u00fcr Training und 3D-Parcours-Wettkampf<\/li>\n<\/ul>","protected":false},"excerpt":{"rendered":"<p><strong>Dimensions:<\/strong> 58 \u00d7 18 \u00d7 16 cm<br \/><strong>Weight:<\/strong> 1.05 kg<br \/><strong>IFAA Target Group:<\/strong> Group 4<br \/><strong>mat\u00e9riel :<\/strong> IBB Special Foam<br \/><strong>Construction:<\/strong> One-piece lightweight 3D target<br \/><strong>Manufacturing Origin:<\/strong> Germany (Beier Germany)<\/p>","protected":false},"featured_media":445021,"comment_status":"open","ping_status":"closed","template":"","meta":[],"product_brand":[831],"product_cat":[4148],"product_tag":[3546],"class_list":{"0":"post-394183","1":"product","2":"type-product","3":"status-publish","4":"has-post-thumbnail","6":"product_brand-beier","7":"product_cat-voegel-3d-ziele-ziele-auflagen","8":"product_tag-neuheit","10":"first","11":"instock","12":"shipping-taxable","13":"purchasable","14":"product-type-simple"},"_links":{"self":[{"href":"https:\/\/bogensportdiscount.ch\/fr\/wp-json\/wp\/v2\/product\/394183","targetHints":{"allow":["GET"]}}],"collection":[{"href":"https:\/\/bogensportdiscount.ch\/fr\/wp-json\/wp\/v2\/product"}],"about":[{"href":"https:\/\/bogensportdiscount.ch\/fr\/wp-json\/wp\/v2\/types\/product"}],"replies":[{"embeddable":true,"href":"https:\/\/bogensportdiscount.ch\/fr\/wp-json\/wp\/v2\/comments?post=394183"}],"wp:featuredmedia":[{"embeddable":true,"href":"https:\/\/bogensportdiscount.ch\/fr\/wp-json\/wp\/v2\/media\/445021"}],"wp:attachment":[{"href":"https:\/\/bogensportdiscount.ch\/fr\/wp-json\/wp\/v2\/media?parent=394183"}],"wp:term":[{"taxonomy":"product_brand","embeddable":true,"href":"https:\/\/bogensportdiscount.ch\/fr\/wp-json\/wp\/v2\/product_brand?post=394183"},{"taxonomy":"product_cat","embeddable":true,"href":"https:\/\/bogensportdiscount.ch\/fr\/wp-json\/wp\/v2\/product_cat?post=394183"},{"taxonomy":"product_tag","embeddable":true,"href":"https:\/\/bogensportdiscount.ch\/fr\/wp-json\/wp\/v2\/product_tag?post=394183"}],"curies":[{"name":"wp","href":"https:\/\/api.w.org\/{rel}","templated":true}]}}