{"id":394174,"date":"2026-04-05T14:32:34","date_gmt":"2026-04-05T12:32:34","guid":{"rendered":"https:\/\/bogensportdiscount.ch\/produkt\/beier-3d-target-life-size-bear-walking-black-l152-x-w43-x-h77cm-group-1\/"},"modified":"2026-04-16T13:26:03","modified_gmt":"2026-04-16T11:26:03","slug":"beier-3d-ziel-baer-gehend-lebensgross-schwarz-gruppe-1","status":"publish","type":"product","link":"https:\/\/bogensportdiscount.ch\/fr\/produit\/beier-3d-ziel-baer-gehend-lebensgross-schwarz-gruppe-1\/","title":{"rendered":"BEIER 3D TARGET LIFE-SIZE BEAR WALKING - BLACK : L152 x W43 x H77cm GROUP 1"},"content":{"rendered":"<p>Das BEIER 3D-Ziel \u00abB\u00e4r gehend\u00bb ist ein lebensgrossen Tiermodell in schwarzer Ausf\u00fchrung f\u00fcr den Einsatz im 3D-Bogensport. Mit einer L\u00e4nge von 152 cm, einer H\u00f6he von 77 cm und einer St\u00e4rke von 43 cm entspricht das Ziel den realen Proportionen eines B\u00e4ren und bietet realistische Schiess-Bedingungen auf dem Parcours.<\/p>\n<p>Das Ziel ist der IFAA-Gruppe 1 zugeordnet und wiegt 26 kg. Es wird in Deutschland gefertigt, was f\u00fcr eine hohe Materialqualit\u00e4t und pr\u00e4zise Verarbeitung steht.<\/p>\n<ul>\n<li>Lebensgrosse Darstellung eines gehenden B\u00e4ren<\/li>\n<li>IFAA Gruppe 1 \u2013 geeignet f\u00fcr offizielle 3D-Turniere<\/li>\n<li>Abmessungen: 152 x 43 x 77 cm (L x B x H)<\/li>\n<li>Hergestellt in Deutschland<\/li>\n<\/ul>","protected":false},"excerpt":{"rendered":"<table>\n<tr>\n<th>Propri\u00e9t\u00e9<\/th>\n<th>Valeur<\/th>\n<\/tr>\n<tr>\n<td>IFAA Gruppe<\/td>\n<td>1<\/td>\n<\/tr>\n<tr>\n<td>Longueur<\/td>\n<td>152 cm<\/td>\n<\/tr>\n<tr>\n<td>H\u00f6he<\/td>\n<td>77 cm<\/td>\n<\/tr>\n<tr>\n<td>St\u00e4rke<\/td>\n<td>43 cm<\/td>\n<\/tr>\n<tr>\n<td>Poids<\/td>\n<td>26 kg<\/td>\n<\/tr>\n<tr>\n<td>Hergestellt in<\/td>\n<td>Deutschland<\/td>\n<\/tr>\n<\/table>","protected":false},"featured_media":445056,"comment_status":"open","ping_status":"closed","template":"","meta":[],"product_brand":[831],"product_cat":[4311],"product_tag":[3546],"class_list":{"0":"post-394174","1":"product","2":"type-product","3":"status-publish","4":"has-post-thumbnail","6":"product_brand-beier","7":"product_cat-baeren-woelfe","8":"product_tag-neuheit","10":"first","11":"instock","12":"shipping-taxable","13":"purchasable","14":"product-type-simple"},"_links":{"self":[{"href":"https:\/\/bogensportdiscount.ch\/fr\/wp-json\/wp\/v2\/product\/394174","targetHints":{"allow":["GET"]}}],"collection":[{"href":"https:\/\/bogensportdiscount.ch\/fr\/wp-json\/wp\/v2\/product"}],"about":[{"href":"https:\/\/bogensportdiscount.ch\/fr\/wp-json\/wp\/v2\/types\/product"}],"replies":[{"embeddable":true,"href":"https:\/\/bogensportdiscount.ch\/fr\/wp-json\/wp\/v2\/comments?post=394174"}],"wp:featuredmedia":[{"embeddable":true,"href":"https:\/\/bogensportdiscount.ch\/fr\/wp-json\/wp\/v2\/media\/445056"}],"wp:attachment":[{"href":"https:\/\/bogensportdiscount.ch\/fr\/wp-json\/wp\/v2\/media?parent=394174"}],"wp:term":[{"taxonomy":"product_brand","embeddable":true,"href":"https:\/\/bogensportdiscount.ch\/fr\/wp-json\/wp\/v2\/product_brand?post=394174"},{"taxonomy":"product_cat","embeddable":true,"href":"https:\/\/bogensportdiscount.ch\/fr\/wp-json\/wp\/v2\/product_cat?post=394174"},{"taxonomy":"product_tag","embeddable":true,"href":"https:\/\/bogensportdiscount.ch\/fr\/wp-json\/wp\/v2\/product_tag?post=394174"}],"curies":[{"name":"wp","href":"https:\/\/api.w.org\/{rel}","templated":true}]}}