{"id":394173,"date":"2026-04-05T14:32:34","date_gmt":"2026-04-05T12:32:34","guid":{"rendered":"https:\/\/bogensportdiscount.ch\/produkt\/beier-3d-target-marabou-l25-x-w21-x-h105cm-group-2\/"},"modified":"2026-04-16T13:26:03","modified_gmt":"2026-04-16T11:26:03","slug":"beier-3d-ziel-marabou-l25-b21-h105cm-gruppe-2","status":"publish","type":"product","link":"https:\/\/bogensportdiscount.ch\/fr\/produit\/beier-3d-ziel-marabou-l25-b21-h105cm-gruppe-2\/","title":{"rendered":"BEIER 3D TARGET MARABOU : L25 x W21 x H105cm GROUPE 2"},"content":{"rendered":"<p>Das BEIER 3D-Ziel Marabou ist ein lebensgrosse Nachbildung eines Marabus aus hochwertigem IBB Premium 3D-Schaum. Mit einer H\u00f6he von 105 cm und einem Gewicht entsprechend seiner kompakten Breite von 21 cm bietet es eine realistische Zielfl\u00e4che f\u00fcr das 3D-Bogenschiessen im Freien und in der Halle.<\/p>\n<p>Das Ziel ist der IFAA-Zielgruppe 2 zugeordnet und damit f\u00fcr entsprechende 3D-Turniere und Trainingseinheiten geeignet. Die einteilige Schaumkonstruktion erm\u00f6glicht eine einfache Handhabung und einen stabilen Stand im Gel\u00e4nde.<\/p>\n<ul>\n<li>Selbstheilender IBB Premium 3D-Schaum f\u00fcr lange Lebensdauer<\/li>\n<li>UV-best\u00e4ndig \u2013 geeignet f\u00fcr den Dauereinsatz im Freien<\/li>\n<li>IFAA-Gruppe 2 \u2013 turniertauglich<\/li>\n<li>Hergestellt in Deutschland bei Beier Germany<\/li>\n<\/ul>","protected":false},"excerpt":{"rendered":"<table>\n<tr>\n<th>Propri\u00e9t\u00e9<\/th>\n<th>Valeur<\/th>\n<\/tr>\n<tr>\n<td>Abmessungen<\/td>\n<td>25 \u00d7 21 \u00d7 105 cm<\/td>\n<\/tr>\n<tr>\n<td>IFAA Zielgruppe<\/td>\n<td>Gruppe 2<\/td>\n<\/tr>\n<tr>\n<td>Mat\u00e9riau<\/td>\n<td>IBB Premium 3D-Schaum (selbstheilend, UV-best\u00e4ndig)<\/td>\n<\/tr>\n<tr>\n<td>Konstruktion<\/td>\n<td>Einteiliges Schaum-Vogelziel<\/td>\n<\/tr>\n<tr>\n<td>Herstellungsort<\/td>\n<td>Deutschland (Beier Germany)<\/td>\n<\/tr>\n<\/table>","protected":false},"featured_media":445053,"comment_status":"open","ping_status":"closed","template":"","meta":[],"product_brand":[831],"product_cat":[4148],"product_tag":[3546],"class_list":{"0":"post-394173","1":"product","2":"type-product","3":"status-publish","4":"has-post-thumbnail","6":"product_brand-beier","7":"product_cat-voegel-3d-ziele-ziele-auflagen","8":"product_tag-neuheit","10":"first","11":"instock","12":"shipping-taxable","13":"purchasable","14":"product-type-simple"},"_links":{"self":[{"href":"https:\/\/bogensportdiscount.ch\/fr\/wp-json\/wp\/v2\/product\/394173","targetHints":{"allow":["GET"]}}],"collection":[{"href":"https:\/\/bogensportdiscount.ch\/fr\/wp-json\/wp\/v2\/product"}],"about":[{"href":"https:\/\/bogensportdiscount.ch\/fr\/wp-json\/wp\/v2\/types\/product"}],"replies":[{"embeddable":true,"href":"https:\/\/bogensportdiscount.ch\/fr\/wp-json\/wp\/v2\/comments?post=394173"}],"wp:featuredmedia":[{"embeddable":true,"href":"https:\/\/bogensportdiscount.ch\/fr\/wp-json\/wp\/v2\/media\/445053"}],"wp:attachment":[{"href":"https:\/\/bogensportdiscount.ch\/fr\/wp-json\/wp\/v2\/media?parent=394173"}],"wp:term":[{"taxonomy":"product_brand","embeddable":true,"href":"https:\/\/bogensportdiscount.ch\/fr\/wp-json\/wp\/v2\/product_brand?post=394173"},{"taxonomy":"product_cat","embeddable":true,"href":"https:\/\/bogensportdiscount.ch\/fr\/wp-json\/wp\/v2\/product_cat?post=394173"},{"taxonomy":"product_tag","embeddable":true,"href":"https:\/\/bogensportdiscount.ch\/fr\/wp-json\/wp\/v2\/product_tag?post=394173"}],"curies":[{"name":"wp","href":"https:\/\/api.w.org\/{rel}","templated":true}]}}