{"id":394162,"date":"2026-04-05T14:32:31","date_gmt":"2026-04-05T12:32:31","guid":{"rendered":"https:\/\/bogensportdiscount.ch\/produkt\/srt-3d-target-camo-mimetic-chameleon-group-4-l43cm-h55cm\/"},"modified":"2026-05-14T07:14:03","modified_gmt":"2026-05-14T05:14:03","slug":"srt-3d-ziel-camo-mimetic-chameleon-gruppe-4-l43cm-h55cm","status":"publish","type":"product","link":"https:\/\/bogensportdiscount.ch\/fr\/produit\/srt-3d-ziel-camo-mimetic-chameleon-gruppe-4-l43cm-h55cm\/","title":{"rendered":"SRT 3D-ZIEL CAMO MIMETIC CHAMELEON &#8211; GRUPPE 4 &#8211; L43cm H55cm"},"content":{"rendered":"<p>La cible 3D SRT Camo Mimetic Chameleon appartient au groupe 4 et convient \u00e0 une utilisation dans le tir \u00e0 l'arc 3D. Avec ses dimensions de 43 cm de largeur et 55 cm de hauteur, elle offre une repr\u00e9sentation r\u00e9aliste avec un total de 4 zones de tir.<\/p>\n<p>La cible est fabriqu\u00e9e en mousse auto-cicatrisante Easy-Pull, qui permet un retrait facile des fl\u00e8ches sans endommager le mat\u00e9riau et garantit une longue dur\u00e9e de vie. La construction monobloc avec laquage CAMO Mimetic assure un aspect naturel lors de l'entra\u00eenement et des comp\u00e9titions.<\/p>\n<ul>\n<li>Mousse auto-cicatrisante Easy-Pull pour un retrait facile des fl\u00e8ches<\/li>\n<li>4 zones de tir pour un entra\u00eenement pr\u00e9cis<\/li>\n<li>Construction monobloc \u2013 robuste et facile d'entretien<\/li>\n<li>Surface CAMO Mimetic pour un aspect r\u00e9aliste<\/li>\n<\/ul>","protected":false},"excerpt":{"rendered":"<table>\n<tr>\n<th>Propri\u00e9t\u00e9<\/th>\n<th>Valeur<\/th>\n<\/tr>\n<tr>\n<td>Groupe cible<\/td>\n<td>Groupe 4<\/td>\n<\/tr>\n<tr>\n<td>Zones de tir<\/td>\n<td>4<\/td>\n<\/tr>\n<tr>\n<td>Mat\u00e9riau<\/td>\n<td>Mousse auto-cicatrisante Easy Pull<\/td>\n<\/tr>\n<tr>\n<td>Dimensions<\/td>\n<td>43 cm (l) \u00d7 55 cm (H)<\/td>\n<\/tr>\n<tr>\n<td>Construction<\/td>\n<td>Monobloc<\/td>\n<\/tr>\n<tr>\n<td>Surface<\/td>\n<td>Laquage CAMO Mimetic<\/td>\n<\/tr>\n<\/table>","protected":false},"featured_media":523992,"comment_status":"open","ping_status":"closed","template":"","meta":[],"product_brand":[410],"product_cat":[4143,4144,4318],"product_tag":[3546],"class_list":{"0":"post-394162","1":"product","2":"type-product","3":"status-publish","4":"has-post-thumbnail","6":"product_brand-srt","7":"product_cat-ziele-auflagen","8":"product_cat-3d-ziele","9":"product_cat-amphibien-reptilien","10":"product_tag-neuheit","11":"product_shipping_class-bsd-standard","13":"first","14":"instock","15":"shipping-taxable","16":"purchasable","17":"product-type-simple"},"yoast_head":"<!-- This site is optimized with the Yoast SEO plugin v27.6 - https:\/\/yoast.com\/product\/yoast-seo-wordpress\/ -->\n<title>SRT 3D-ZIEL CAMO MIMETIC CHAMELEON - GRUPPE 4 - L43cm H55cm - Bogensportdiscount \u2013 B\u00f6gen, Pfeile, Targets &amp; Zubeh\u00f6r<\/title>\n<meta name=\"description\" content=\"SRT 3D-ZIEL CAMO MIMETIC CHAMELEON - GRUPPE 4 - L43cm H55cm g\u00fcnstig kaufen bei Bogensportdiscount \u2013 Top-Marken, schneller Versand aus der Schweiz.\" \/>\n<meta name=\"robots\" content=\"index, follow, max-snippet:-1, max-image-preview:large, max-video-preview:-1\" \/>\n<link rel=\"canonical\" href=\"https:\/\/bogensportdiscount.ch\/fr\/produit\/srt-3d-ziel-camo-mimetic-chameleon-gruppe-4-l43cm-h55cm\/\" \/>\n<meta property=\"og:locale\" content=\"fr_FR\" \/>\n<meta property=\"og:type\" content=\"article\" \/>\n<meta property=\"og:title\" content=\"SRT 3D-ZIEL CAMO MIMETIC CHAMELEON - GRUPPE 4 - L43cm H55cm - Bogensportdiscount \u2013 B\u00f6gen, Pfeile, Targets &amp; Zubeh\u00f6r\" \/>\n<meta property=\"og:description\" content=\"SRT 3D-ZIEL CAMO MIMETIC CHAMELEON - GRUPPE 4 - L43cm H55cm g\u00fcnstig kaufen bei Bogensportdiscount \u2013 Top-Marken, schneller Versand aus der Schweiz.\" \/>\n<meta property=\"og:url\" content=\"https:\/\/bogensportdiscount.ch\/fr\/produit\/srt-3d-ziel-camo-mimetic-chameleon-gruppe-4-l43cm-h55cm\/\" \/>\n<meta property=\"og:site_name\" content=\"Bogensportdiscount \u2013 B\u00f6gen, Pfeile, Targets &amp; Zubeh\u00f6r\" \/>\n<meta property=\"article:modified_time\" content=\"2026-05-14T05:14:03+00:00\" \/>\n<meta property=\"og:image\" content=\"https:\/\/bogensportdiscount.ch\/wp-content\/uploads\/bsm-images\/A095902_1.png\" \/>\n\t<meta property=\"og:image:width\" content=\"2592\" \/>\n\t<meta property=\"og:image:height\" content=\"3669\" \/>\n\t<meta property=\"og:image:type\" content=\"image\/png\" \/>\n<meta name=\"twitter:card\" content=\"summary_large_image\" \/>\n<meta name=\"twitter:label1\" content=\"Dur\u00e9e de lecture estim\u00e9e\" \/>\n\t<meta name=\"twitter:data1\" content=\"1 minute\" \/>\n<script type=\"application\/ld+json\" class=\"yoast-schema-graph\">{\"@context\":\"https:\\\/\\\/schema.org\",\"@graph\":[{\"@type\":\"WebPage\",\"@id\":\"https:\\\/\\\/bogensportdiscount.ch\\\/produkt\\\/srt-3d-ziel-camo-mimetic-chameleon-gruppe-4-l43cm-h55cm\\\/\",\"url\":\"https:\\\/\\\/bogensportdiscount.ch\\\/produkt\\\/srt-3d-ziel-camo-mimetic-chameleon-gruppe-4-l43cm-h55cm\\\/\",\"name\":\"SRT 3D-ZIEL CAMO MIMETIC CHAMELEON - GRUPPE 4 - L43cm H55cm - Bogensportdiscount \u2013 B\u00f6gen, Pfeile, Targets &amp; Zubeh\u00f6r\",\"isPartOf\":{\"@id\":\"https:\\\/\\\/bogensportdiscount.ch\\\/#website\"},\"primaryImageOfPage\":{\"@id\":\"https:\\\/\\\/bogensportdiscount.ch\\\/produkt\\\/srt-3d-ziel-camo-mimetic-chameleon-gruppe-4-l43cm-h55cm\\\/#primaryimage\"},\"image\":{\"@id\":\"https:\\\/\\\/bogensportdiscount.ch\\\/produkt\\\/srt-3d-ziel-camo-mimetic-chameleon-gruppe-4-l43cm-h55cm\\\/#primaryimage\"},\"thumbnailUrl\":\"https:\\\/\\\/bogensportdiscount.ch\\\/wp-content\\\/uploads\\\/bsm-images\\\/A095902_1.png\",\"datePublished\":\"2026-04-05T12:32:31+00:00\",\"dateModified\":\"2026-05-14T05:14:03+00:00\",\"description\":\"SRT 3D-ZIEL CAMO MIMETIC CHAMELEON - GRUPPE 4 - L43cm H55cm g\u00fcnstig kaufen bei Bogensportdiscount \u2013 Top-Marken, schneller Versand aus der Schweiz.\",\"breadcrumb\":{\"@id\":\"https:\\\/\\\/bogensportdiscount.ch\\\/produkt\\\/srt-3d-ziel-camo-mimetic-chameleon-gruppe-4-l43cm-h55cm\\\/#breadcrumb\"},\"inLanguage\":\"fr-FR\",\"potentialAction\":[{\"@type\":\"ReadAction\",\"target\":[\"https:\\\/\\\/bogensportdiscount.ch\\\/produkt\\\/srt-3d-ziel-camo-mimetic-chameleon-gruppe-4-l43cm-h55cm\\\/\"]}]},{\"@type\":\"ImageObject\",\"inLanguage\":\"fr-FR\",\"@id\":\"https:\\\/\\\/bogensportdiscount.ch\\\/produkt\\\/srt-3d-ziel-camo-mimetic-chameleon-gruppe-4-l43cm-h55cm\\\/#primaryimage\",\"url\":\"https:\\\/\\\/bogensportdiscount.ch\\\/wp-content\\\/uploads\\\/bsm-images\\\/A095902_1.png\",\"contentUrl\":\"https:\\\/\\\/bogensportdiscount.ch\\\/wp-content\\\/uploads\\\/bsm-images\\\/A095902_1.png\",\"width\":2592,\"height\":3669},{\"@type\":\"BreadcrumbList\",\"@id\":\"https:\\\/\\\/bogensportdiscount.ch\\\/produkt\\\/srt-3d-ziel-camo-mimetic-chameleon-gruppe-4-l43cm-h55cm\\\/#breadcrumb\",\"itemListElement\":[{\"@type\":\"ListItem\",\"position\":1,\"name\":\"Home\",\"item\":\"https:\\\/\\\/bogensportdiscount.ch\\\/\"},{\"@type\":\"ListItem\",\"position\":2,\"name\":\"Shop\",\"item\":\"https:\\\/\\\/bogensportdiscount.ch\\\/shop\\\/\"},{\"@type\":\"ListItem\",\"position\":3,\"name\":\"SRT 3D TARGET CAMO MIMETIC CHAMELEON &#8211; GROUP 4 &#8211; L43cm H55cm\"}]},{\"@type\":\"WebSite\",\"@id\":\"https:\\\/\\\/bogensportdiscount.ch\\\/#website\",\"url\":\"https:\\\/\\\/bogensportdiscount.ch\\\/\",\"name\":\"Bogensportdiscount\",\"description\":\"\",\"potentialAction\":[{\"@type\":\"SearchAction\",\"target\":{\"@type\":\"EntryPoint\",\"urlTemplate\":\"https:\\\/\\\/bogensportdiscount.ch\\\/?s={search_term_string}\"},\"query-input\":{\"@type\":\"PropertyValueSpecification\",\"valueRequired\":true,\"valueName\":\"search_term_string\"}}],\"inLanguage\":\"fr-FR\"}]}<\/script>\n<!-- \/ Yoast SEO plugin. -->","yoast_head_json":{"title":"SRT 3D-ZIEL CAMO MIMETIC CHAMELEON - GRUPPE 4 - L43cm H55cm - Bogensportdiscount \u2013 B\u00f6gen, Pfeile, Targets &amp; Zubeh\u00f6r","description":"SRT 3D-ZIEL CAMO MIMETIC CHAMELEON - GRUPPE 4 - L43cm H55cm g\u00fcnstig kaufen bei Bogensportdiscount \u2013 Top-Marken, schneller Versand aus der Schweiz.","robots":{"index":"index","follow":"follow","max-snippet":"max-snippet:-1","max-image-preview":"max-image-preview:large","max-video-preview":"max-video-preview:-1"},"canonical":"https:\/\/bogensportdiscount.ch\/fr\/produit\/srt-3d-ziel-camo-mimetic-chameleon-gruppe-4-l43cm-h55cm\/","og_locale":"fr_FR","og_type":"article","og_title":"SRT 3D-ZIEL CAMO MIMETIC CHAMELEON - GRUPPE 4 - L43cm H55cm - Bogensportdiscount \u2013 B\u00f6gen, Pfeile, Targets &amp; Zubeh\u00f6r","og_description":"SRT 3D-ZIEL CAMO MIMETIC CHAMELEON - GRUPPE 4 - L43cm H55cm g\u00fcnstig kaufen bei Bogensportdiscount \u2013 Top-Marken, schneller Versand aus der Schweiz.","og_url":"https:\/\/bogensportdiscount.ch\/fr\/produit\/srt-3d-ziel-camo-mimetic-chameleon-gruppe-4-l43cm-h55cm\/","og_site_name":"Bogensportdiscount \u2013 B\u00f6gen, Pfeile, Targets &amp; Zubeh\u00f6r","article_modified_time":"2026-05-14T05:14:03+00:00","og_image":[{"url":"https:\/\/bogensportdiscount.ch\/wp-content\/uploads\/bsm-images\/A095902_1.png","width":2592,"height":3669,"type":"image\/png"}],"twitter_card":"summary_large_image","twitter_misc":{"Dur\u00e9e de lecture estim\u00e9e":"1 minute"},"schema":{"@context":"https:\/\/schema.org","@graph":[{"@type":"WebPage","@id":"https:\/\/bogensportdiscount.ch\/produkt\/srt-3d-ziel-camo-mimetic-chameleon-gruppe-4-l43cm-h55cm\/","url":"https:\/\/bogensportdiscount.ch\/produkt\/srt-3d-ziel-camo-mimetic-chameleon-gruppe-4-l43cm-h55cm\/","name":"SRT 3D-ZIEL CAMO MIMETIC CHAMELEON - GRUPPE 4 - L43cm H55cm - Bogensportdiscount \u2013 B\u00f6gen, Pfeile, Targets &amp; Zubeh\u00f6r","isPartOf":{"@id":"https:\/\/bogensportdiscount.ch\/#website"},"primaryImageOfPage":{"@id":"https:\/\/bogensportdiscount.ch\/produkt\/srt-3d-ziel-camo-mimetic-chameleon-gruppe-4-l43cm-h55cm\/#primaryimage"},"image":{"@id":"https:\/\/bogensportdiscount.ch\/produkt\/srt-3d-ziel-camo-mimetic-chameleon-gruppe-4-l43cm-h55cm\/#primaryimage"},"thumbnailUrl":"https:\/\/bogensportdiscount.ch\/wp-content\/uploads\/bsm-images\/A095902_1.png","datePublished":"2026-04-05T12:32:31+00:00","dateModified":"2026-05-14T05:14:03+00:00","description":"SRT 3D-ZIEL CAMO MIMETIC CHAMELEON - GRUPPE 4 - L43cm H55cm g\u00fcnstig kaufen bei Bogensportdiscount \u2013 Top-Marken, schneller Versand aus der Schweiz.","breadcrumb":{"@id":"https:\/\/bogensportdiscount.ch\/produkt\/srt-3d-ziel-camo-mimetic-chameleon-gruppe-4-l43cm-h55cm\/#breadcrumb"},"inLanguage":"fr-FR","potentialAction":[{"@type":"ReadAction","target":["https:\/\/bogensportdiscount.ch\/produkt\/srt-3d-ziel-camo-mimetic-chameleon-gruppe-4-l43cm-h55cm\/"]}]},{"@type":"ImageObject","inLanguage":"fr-FR","@id":"https:\/\/bogensportdiscount.ch\/produkt\/srt-3d-ziel-camo-mimetic-chameleon-gruppe-4-l43cm-h55cm\/#primaryimage","url":"https:\/\/bogensportdiscount.ch\/wp-content\/uploads\/bsm-images\/A095902_1.png","contentUrl":"https:\/\/bogensportdiscount.ch\/wp-content\/uploads\/bsm-images\/A095902_1.png","width":2592,"height":3669},{"@type":"BreadcrumbList","@id":"https:\/\/bogensportdiscount.ch\/produkt\/srt-3d-ziel-camo-mimetic-chameleon-gruppe-4-l43cm-h55cm\/#breadcrumb","itemListElement":[{"@type":"ListItem","position":1,"name":"Home","item":"https:\/\/bogensportdiscount.ch\/"},{"@type":"ListItem","position":2,"name":"Shop","item":"https:\/\/bogensportdiscount.ch\/shop\/"},{"@type":"ListItem","position":3,"name":"SRT 3D TARGET CAMO MIMETIC CHAMELEON &#8211; GROUP 4 &#8211; L43cm H55cm"}]},{"@type":"WebSite","@id":"https:\/\/bogensportdiscount.ch\/#website","url":"https:\/\/bogensportdiscount.ch\/","name":"Bogensportdiscount","description":"","potentialAction":[{"@type":"SearchAction","target":{"@type":"EntryPoint","urlTemplate":"https:\/\/bogensportdiscount.ch\/?s={search_term_string}"},"query-input":{"@type":"PropertyValueSpecification","valueRequired":true,"valueName":"search_term_string"}}],"inLanguage":"fr-FR"}]}},"_links":{"self":[{"href":"https:\/\/bogensportdiscount.ch\/fr\/wp-json\/wp\/v2\/product\/394162","targetHints":{"allow":["GET"]}}],"collection":[{"href":"https:\/\/bogensportdiscount.ch\/fr\/wp-json\/wp\/v2\/product"}],"about":[{"href":"https:\/\/bogensportdiscount.ch\/fr\/wp-json\/wp\/v2\/types\/product"}],"replies":[{"embeddable":true,"href":"https:\/\/bogensportdiscount.ch\/fr\/wp-json\/wp\/v2\/comments?post=394162"}],"wp:featuredmedia":[{"embeddable":true,"href":"https:\/\/bogensportdiscount.ch\/fr\/wp-json\/wp\/v2\/media\/523992"}],"wp:attachment":[{"href":"https:\/\/bogensportdiscount.ch\/fr\/wp-json\/wp\/v2\/media?parent=394162"}],"wp:term":[{"taxonomy":"product_brand","embeddable":true,"href":"https:\/\/bogensportdiscount.ch\/fr\/wp-json\/wp\/v2\/product_brand?post=394162"},{"taxonomy":"product_cat","embeddable":true,"href":"https:\/\/bogensportdiscount.ch\/fr\/wp-json\/wp\/v2\/product_cat?post=394162"},{"taxonomy":"product_tag","embeddable":true,"href":"https:\/\/bogensportdiscount.ch\/fr\/wp-json\/wp\/v2\/product_tag?post=394162"}],"curies":[{"name":"wp","href":"https:\/\/api.w.org\/{rel}","templated":true}]}}