{"id":394149,"date":"2026-04-05T14:32:29","date_gmt":"2026-04-05T12:32:29","guid":{"rendered":"https:\/\/bogensportdiscount.ch\/produkt\/centerpoint-sinister-430d-package-430fps-with-silent-crank\/"},"modified":"2026-05-14T07:14:03","modified_gmt":"2026-05-14T05:14:03","slug":"centerpoint-compound-armbrust-sinister-430d-paket-430fps-silent-crank","status":"publish","type":"product","link":"https:\/\/bogensportdiscount.ch\/fr\/produit\/centerpoint-compound-armbrust-sinister-430d-paket-430fps-silent-crank\/","title":{"rendered":"CENTERPOINT SINISTER 430D SET 430fps AVEC SILENT CRANK"},"content":{"rendered":"<p>La CENTERPOINT Sinister 430D est une arbal\u00e8te \u00e0 poulies du segment de performance sup\u00e9rieur, avec une vitesse de fl\u00e8che de 430 fps. Ce kit complet s'adresse aux tireurs et tireuses qui recherchent une arbal\u00e8te imm\u00e9diatement op\u00e9rationnelle, sans avoir \u00e0 se procurer d'accessoires suppl\u00e9mentaires.<\/p>\n<p>Une caract\u00e9ristique particuli\u00e8re de ce kit est le Silent Crank fourni, qui facilite consid\u00e9rablement l'armement de l'arbal\u00e8te tout en fonctionnant silencieusement. C'est un avantage particuli\u00e8rement pertinent \u00e0 la chasse, o\u00f9 le bruit doit \u00eatre \u00e9vit\u00e9.<\/p>\n<ul>\n<li>Vitesse de tir : 430 fps<\/li>\n<li>Construction \u00e0 poulies pour un transfert d'\u00e9nergie \u00e9lev\u00e9<\/li>\n<li>Inclus : Silent Crank pour un armement silencieux<\/li>\n<li>Kit complet \u2014 imm\u00e9diatement op\u00e9rationnel<\/li>\n<\/ul>","protected":false},"excerpt":{"rendered":"<table>\n<tr>\n<th>Propri\u00e9t\u00e9<\/th>\n<th>Valeur<\/th>\n<\/tr>\n<tr>\n<td>Marque<\/td>\n<td>Centerpoint<\/td>\n<\/tr>\n<tr>\n<td>Couleur<\/td>\n<td>Noir<\/td>\n<\/tr>\n<tr>\n<td>Geschwindigkeit (FPS)<\/td>\n<td>430<\/td>\n<\/tr>\n<tr>\n<td>Pays d'origine<\/td>\n<td>Taiwan<\/td>\n<\/tr>\n<tr>\n<td>GTIN<\/td>\n<td>810153420040<\/td>\n<\/tr>\n<\/table>","protected":false},"featured_media":523998,"comment_status":"open","ping_status":"closed","template":"","meta":[],"product_brand":[525],"product_cat":[4135,4161,4162],"product_tag":[3546],"class_list":{"0":"post-394149","1":"product","2":"type-product","3":"status-publish","4":"has-post-thumbnail","6":"product_brand-centerpoint","7":"product_cat-armbrust-zubehoer","8":"product_cat-armbueste","9":"product_cat-compound-armbrueste","10":"product_tag-neuheit","11":"product_shipping_class-bsd-standard","13":"first","14":"instock","15":"shipping-taxable","16":"purchasable","17":"product-type-simple"},"yoast_head":"<!-- This site is optimized with the Yoast SEO plugin v27.6 - https:\/\/yoast.com\/product\/yoast-seo-wordpress\/ -->\n<title>CENTERPOINT SINISTER 430D SET 430fps MIT SILENT CRANK - Bogensportdiscount \u2013 B\u00f6gen, Pfeile, Targets &amp; Zubeh\u00f6r<\/title>\n<meta name=\"description\" content=\"CENTERPOINT SINISTER 430D SET 430fps MIT SILENT CRANK g\u00fcnstig kaufen bei Bogensportdiscount \u2013 Top-Marken, schneller Versand aus der Schweiz.\" \/>\n<meta name=\"robots\" content=\"index, follow, max-snippet:-1, max-image-preview:large, max-video-preview:-1\" \/>\n<link rel=\"canonical\" href=\"https:\/\/bogensportdiscount.ch\/fr\/produit\/centerpoint-compound-armbrust-sinister-430d-paket-430fps-silent-crank\/\" \/>\n<meta property=\"og:locale\" content=\"fr_FR\" \/>\n<meta property=\"og:type\" content=\"article\" \/>\n<meta property=\"og:title\" content=\"CENTERPOINT SINISTER 430D SET 430fps MIT SILENT CRANK - Bogensportdiscount \u2013 B\u00f6gen, Pfeile, Targets &amp; Zubeh\u00f6r\" \/>\n<meta property=\"og:description\" content=\"CENTERPOINT SINISTER 430D SET 430fps MIT SILENT CRANK g\u00fcnstig kaufen bei Bogensportdiscount \u2013 Top-Marken, schneller Versand aus der Schweiz.\" \/>\n<meta property=\"og:url\" content=\"https:\/\/bogensportdiscount.ch\/fr\/produit\/centerpoint-compound-armbrust-sinister-430d-paket-430fps-silent-crank\/\" \/>\n<meta property=\"og:site_name\" content=\"Bogensportdiscount \u2013 B\u00f6gen, Pfeile, Targets &amp; Zubeh\u00f6r\" \/>\n<meta property=\"article:modified_time\" content=\"2026-05-14T05:14:03+00:00\" \/>\n<meta property=\"og:image\" content=\"https:\/\/bogensportdiscount.ch\/wp-content\/uploads\/bsm-images\/A095038_1.png\" \/>\n\t<meta property=\"og:image:width\" content=\"1863\" \/>\n\t<meta property=\"og:image:height\" content=\"855\" \/>\n\t<meta property=\"og:image:type\" content=\"image\/png\" \/>\n<meta name=\"twitter:card\" content=\"summary_large_image\" \/>\n<script type=\"application\/ld+json\" class=\"yoast-schema-graph\">{\"@context\":\"https:\\\/\\\/schema.org\",\"@graph\":[{\"@type\":\"WebPage\",\"@id\":\"https:\\\/\\\/bogensportdiscount.ch\\\/produkt\\\/centerpoint-compound-armbrust-sinister-430d-paket-430fps-silent-crank\\\/\",\"url\":\"https:\\\/\\\/bogensportdiscount.ch\\\/produkt\\\/centerpoint-compound-armbrust-sinister-430d-paket-430fps-silent-crank\\\/\",\"name\":\"CENTERPOINT SINISTER 430D SET 430fps MIT SILENT CRANK - Bogensportdiscount \u2013 B\u00f6gen, Pfeile, Targets &amp; Zubeh\u00f6r\",\"isPartOf\":{\"@id\":\"https:\\\/\\\/bogensportdiscount.ch\\\/#website\"},\"primaryImageOfPage\":{\"@id\":\"https:\\\/\\\/bogensportdiscount.ch\\\/produkt\\\/centerpoint-compound-armbrust-sinister-430d-paket-430fps-silent-crank\\\/#primaryimage\"},\"image\":{\"@id\":\"https:\\\/\\\/bogensportdiscount.ch\\\/produkt\\\/centerpoint-compound-armbrust-sinister-430d-paket-430fps-silent-crank\\\/#primaryimage\"},\"thumbnailUrl\":\"https:\\\/\\\/bogensportdiscount.ch\\\/wp-content\\\/uploads\\\/bsm-images\\\/A095038_1.png\",\"datePublished\":\"2026-04-05T12:32:29+00:00\",\"dateModified\":\"2026-05-14T05:14:03+00:00\",\"description\":\"CENTERPOINT SINISTER 430D SET 430fps MIT SILENT CRANK g\u00fcnstig kaufen bei Bogensportdiscount \u2013 Top-Marken, schneller Versand aus der Schweiz.\",\"breadcrumb\":{\"@id\":\"https:\\\/\\\/bogensportdiscount.ch\\\/produkt\\\/centerpoint-compound-armbrust-sinister-430d-paket-430fps-silent-crank\\\/#breadcrumb\"},\"inLanguage\":\"fr-FR\",\"potentialAction\":[{\"@type\":\"ReadAction\",\"target\":[\"https:\\\/\\\/bogensportdiscount.ch\\\/produkt\\\/centerpoint-compound-armbrust-sinister-430d-paket-430fps-silent-crank\\\/\"]}]},{\"@type\":\"ImageObject\",\"inLanguage\":\"fr-FR\",\"@id\":\"https:\\\/\\\/bogensportdiscount.ch\\\/produkt\\\/centerpoint-compound-armbrust-sinister-430d-paket-430fps-silent-crank\\\/#primaryimage\",\"url\":\"https:\\\/\\\/bogensportdiscount.ch\\\/wp-content\\\/uploads\\\/bsm-images\\\/A095038_1.png\",\"contentUrl\":\"https:\\\/\\\/bogensportdiscount.ch\\\/wp-content\\\/uploads\\\/bsm-images\\\/A095038_1.png\",\"width\":1863,\"height\":855},{\"@type\":\"BreadcrumbList\",\"@id\":\"https:\\\/\\\/bogensportdiscount.ch\\\/produkt\\\/centerpoint-compound-armbrust-sinister-430d-paket-430fps-silent-crank\\\/#breadcrumb\",\"itemListElement\":[{\"@type\":\"ListItem\",\"position\":1,\"name\":\"Home\",\"item\":\"https:\\\/\\\/bogensportdiscount.ch\\\/\"},{\"@type\":\"ListItem\",\"position\":2,\"name\":\"Shop\",\"item\":\"https:\\\/\\\/bogensportdiscount.ch\\\/shop\\\/\"},{\"@type\":\"ListItem\",\"position\":3,\"name\":\"CENTERPOINT SINISTER 430D PACKAGE 430fps WITH SILENT CRANK\"}]},{\"@type\":\"WebSite\",\"@id\":\"https:\\\/\\\/bogensportdiscount.ch\\\/#website\",\"url\":\"https:\\\/\\\/bogensportdiscount.ch\\\/\",\"name\":\"Bogensportdiscount\",\"description\":\"\",\"potentialAction\":[{\"@type\":\"SearchAction\",\"target\":{\"@type\":\"EntryPoint\",\"urlTemplate\":\"https:\\\/\\\/bogensportdiscount.ch\\\/?s={search_term_string}\"},\"query-input\":{\"@type\":\"PropertyValueSpecification\",\"valueRequired\":true,\"valueName\":\"search_term_string\"}}],\"inLanguage\":\"fr-FR\"}]}<\/script>\n<!-- \/ Yoast SEO plugin. -->","yoast_head_json":{"title":"CENTERPOINT SINISTER 430D SET 430fps MIT SILENT CRANK - Bogensportdiscount \u2013 B\u00f6gen, Pfeile, Targets &amp; Zubeh\u00f6r","description":"CENTERPOINT SINISTER 430D SET 430fps MIT SILENT CRANK g\u00fcnstig kaufen bei Bogensportdiscount \u2013 Top-Marken, schneller Versand aus der Schweiz.","robots":{"index":"index","follow":"follow","max-snippet":"max-snippet:-1","max-image-preview":"max-image-preview:large","max-video-preview":"max-video-preview:-1"},"canonical":"https:\/\/bogensportdiscount.ch\/fr\/produit\/centerpoint-compound-armbrust-sinister-430d-paket-430fps-silent-crank\/","og_locale":"fr_FR","og_type":"article","og_title":"CENTERPOINT SINISTER 430D SET 430fps MIT SILENT CRANK - Bogensportdiscount \u2013 B\u00f6gen, Pfeile, Targets &amp; Zubeh\u00f6r","og_description":"CENTERPOINT SINISTER 430D SET 430fps MIT SILENT CRANK g\u00fcnstig kaufen bei Bogensportdiscount \u2013 Top-Marken, schneller Versand aus der Schweiz.","og_url":"https:\/\/bogensportdiscount.ch\/fr\/produit\/centerpoint-compound-armbrust-sinister-430d-paket-430fps-silent-crank\/","og_site_name":"Bogensportdiscount \u2013 B\u00f6gen, Pfeile, Targets &amp; Zubeh\u00f6r","article_modified_time":"2026-05-14T05:14:03+00:00","og_image":[{"width":1863,"height":855,"url":"https:\/\/bogensportdiscount.ch\/wp-content\/uploads\/bsm-images\/A095038_1.png","type":"image\/png"}],"twitter_card":"summary_large_image","schema":{"@context":"https:\/\/schema.org","@graph":[{"@type":"WebPage","@id":"https:\/\/bogensportdiscount.ch\/produkt\/centerpoint-compound-armbrust-sinister-430d-paket-430fps-silent-crank\/","url":"https:\/\/bogensportdiscount.ch\/produkt\/centerpoint-compound-armbrust-sinister-430d-paket-430fps-silent-crank\/","name":"CENTERPOINT SINISTER 430D SET 430fps MIT SILENT CRANK - Bogensportdiscount \u2013 B\u00f6gen, Pfeile, Targets &amp; Zubeh\u00f6r","isPartOf":{"@id":"https:\/\/bogensportdiscount.ch\/#website"},"primaryImageOfPage":{"@id":"https:\/\/bogensportdiscount.ch\/produkt\/centerpoint-compound-armbrust-sinister-430d-paket-430fps-silent-crank\/#primaryimage"},"image":{"@id":"https:\/\/bogensportdiscount.ch\/produkt\/centerpoint-compound-armbrust-sinister-430d-paket-430fps-silent-crank\/#primaryimage"},"thumbnailUrl":"https:\/\/bogensportdiscount.ch\/wp-content\/uploads\/bsm-images\/A095038_1.png","datePublished":"2026-04-05T12:32:29+00:00","dateModified":"2026-05-14T05:14:03+00:00","description":"CENTERPOINT SINISTER 430D SET 430fps MIT SILENT CRANK g\u00fcnstig kaufen bei Bogensportdiscount \u2013 Top-Marken, schneller Versand aus der Schweiz.","breadcrumb":{"@id":"https:\/\/bogensportdiscount.ch\/produkt\/centerpoint-compound-armbrust-sinister-430d-paket-430fps-silent-crank\/#breadcrumb"},"inLanguage":"fr-FR","potentialAction":[{"@type":"ReadAction","target":["https:\/\/bogensportdiscount.ch\/produkt\/centerpoint-compound-armbrust-sinister-430d-paket-430fps-silent-crank\/"]}]},{"@type":"ImageObject","inLanguage":"fr-FR","@id":"https:\/\/bogensportdiscount.ch\/produkt\/centerpoint-compound-armbrust-sinister-430d-paket-430fps-silent-crank\/#primaryimage","url":"https:\/\/bogensportdiscount.ch\/wp-content\/uploads\/bsm-images\/A095038_1.png","contentUrl":"https:\/\/bogensportdiscount.ch\/wp-content\/uploads\/bsm-images\/A095038_1.png","width":1863,"height":855},{"@type":"BreadcrumbList","@id":"https:\/\/bogensportdiscount.ch\/produkt\/centerpoint-compound-armbrust-sinister-430d-paket-430fps-silent-crank\/#breadcrumb","itemListElement":[{"@type":"ListItem","position":1,"name":"Home","item":"https:\/\/bogensportdiscount.ch\/"},{"@type":"ListItem","position":2,"name":"Shop","item":"https:\/\/bogensportdiscount.ch\/shop\/"},{"@type":"ListItem","position":3,"name":"CENTERPOINT SINISTER 430D PACKAGE 430fps WITH SILENT CRANK"}]},{"@type":"WebSite","@id":"https:\/\/bogensportdiscount.ch\/#website","url":"https:\/\/bogensportdiscount.ch\/","name":"Bogensportdiscount","description":"","potentialAction":[{"@type":"SearchAction","target":{"@type":"EntryPoint","urlTemplate":"https:\/\/bogensportdiscount.ch\/?s={search_term_string}"},"query-input":{"@type":"PropertyValueSpecification","valueRequired":true,"valueName":"search_term_string"}}],"inLanguage":"fr-FR"}]}},"_links":{"self":[{"href":"https:\/\/bogensportdiscount.ch\/fr\/wp-json\/wp\/v2\/product\/394149","targetHints":{"allow":["GET"]}}],"collection":[{"href":"https:\/\/bogensportdiscount.ch\/fr\/wp-json\/wp\/v2\/product"}],"about":[{"href":"https:\/\/bogensportdiscount.ch\/fr\/wp-json\/wp\/v2\/types\/product"}],"replies":[{"embeddable":true,"href":"https:\/\/bogensportdiscount.ch\/fr\/wp-json\/wp\/v2\/comments?post=394149"}],"wp:featuredmedia":[{"embeddable":true,"href":"https:\/\/bogensportdiscount.ch\/fr\/wp-json\/wp\/v2\/media\/523998"}],"wp:attachment":[{"href":"https:\/\/bogensportdiscount.ch\/fr\/wp-json\/wp\/v2\/media?parent=394149"}],"wp:term":[{"taxonomy":"product_brand","embeddable":true,"href":"https:\/\/bogensportdiscount.ch\/fr\/wp-json\/wp\/v2\/product_brand?post=394149"},{"taxonomy":"product_cat","embeddable":true,"href":"https:\/\/bogensportdiscount.ch\/fr\/wp-json\/wp\/v2\/product_cat?post=394149"},{"taxonomy":"product_tag","embeddable":true,"href":"https:\/\/bogensportdiscount.ch\/fr\/wp-json\/wp\/v2\/product_tag?post=394149"}],"curies":[{"name":"wp","href":"https:\/\/api.w.org\/{rel}","templated":true}]}}