{"id":394145,"date":"2026-04-05T14:32:28","date_gmt":"2026-04-05T12:32:28","guid":{"rendered":"https:\/\/bogensportdiscount.ch\/produkt\/hamskea-quick-change-stabilizer-weight-kit-w-linx-lock-tech-26oz-silver\/"},"modified":"2026-05-14T07:14:03","modified_gmt":"2026-05-14T05:14:03","slug":"hamskea-quick-change-stabilisator-gewicht-set-linx-lock-26oz-silber","status":"publish","type":"product","link":"https:\/\/bogensportdiscount.ch\/fr\/produit\/hamskea-quick-change-stabilisator-gewicht-set-linx-lock-26oz-silber\/","title":{"rendered":"HAMSKEA KIT DE POIDS STABILISATEUR QUICK CHANGE w\/LINX-LOCK TECH 26oz ARGENT"},"content":{"rendered":"<p>Le kit de poids de stabilisateur HAMSKEA Quick Change est con\u00e7u pour les archers souhaitant ajuster leur poids de stabilisateur de mani\u00e8re flexible et rapide. Gr\u00e2ce \u00e0 la technologie Linx-Lock int\u00e9gr\u00e9e, les poids peuvent \u00eatre fix\u00e9s de mani\u00e8re s\u00e9curis\u00e9e et \u00e9chang\u00e9s facilement sans outil.<\/p>\n<p>Avec un poids total de 26oz, le kit convient aux archers recherchant un \u00e9quilibre de poids pr\u00e9cis sur leur arc. La version argent\u00e9e conf\u00e8re une apparence discr\u00e8te au setup.<\/p>\n<ul>\n<li>Changement rapide du poids gr\u00e2ce \u00e0 la technologie Linx-Lock<\/li>\n<li>Poids total : 26oz<\/li>\n<li>Couleur : Argent<\/li>\n<li>Compatible avec les syst\u00e8mes de stabilisateurs HAMSKEA<\/li>\n<\/ul>","protected":false},"excerpt":{"rendered":"<table>\n<tr>\n<th>Propri\u00e9t\u00e9<\/th>\n<th>Valeur<\/th>\n<\/tr>\n<tr>\n<td>Marque<\/td>\n<td>Hamskea<\/td>\n<\/tr>\n<tr>\n<td>Couleur<\/td>\n<td>Silbe<\/td>\n<\/tr>\n<tr>\n<td>Pays d'origine<\/td>\n<td>USA<\/td>\n<\/tr>\n<tr>\n<td>GTIN<\/td>\n<td>850002375633<\/td>\n<\/tr>\n<\/table>","protected":false},"featured_media":523999,"comment_status":"open","ping_status":"closed","template":"","meta":[],"product_brand":[465],"product_cat":[4128,4131,4199],"product_tag":[3546],"class_list":{"0":"post-394145","1":"product","2":"type-product","3":"status-publish","4":"has-post-thumbnail","6":"product_brand-hamskea","7":"product_cat-bogen-zubehoer","8":"product_cat-stabilisation","9":"product_cat-gewichte","10":"product_tag-neuheit","11":"product_shipping_class-bsd-standard","13":"first","14":"instock","15":"shipping-taxable","16":"purchasable","17":"product-type-simple"},"yoast_head":"<!-- This site is optimized with the Yoast SEO plugin v27.6 - https:\/\/yoast.com\/product\/yoast-seo-wordpress\/ -->\n<title>HAMSKEA QUICK CHANGE STABILISATOR GEWICHT KIT w\/LINX-LOCK TECH 26oz SILBER - Bogensportdiscount \u2013 B\u00f6gen, Pfeile, Targets &amp; Zubeh\u00f6r<\/title>\n<meta name=\"description\" content=\"HAMSKEA QUICK CHANGE STABILISATOR GEWICHT KIT w\/LINX-LOCK TECH 26oz SILBER g\u00fcnstig kaufen bei Bogensportdiscount \u2013 Top-Marken, schneller Versand aus der Schweiz.\" \/>\n<meta name=\"robots\" content=\"index, follow, max-snippet:-1, max-image-preview:large, max-video-preview:-1\" \/>\n<link rel=\"canonical\" href=\"https:\/\/bogensportdiscount.ch\/fr\/produit\/hamskea-quick-change-stabilisator-gewicht-set-linx-lock-26oz-silber\/\" \/>\n<meta property=\"og:locale\" content=\"fr_FR\" \/>\n<meta property=\"og:type\" content=\"article\" \/>\n<meta property=\"og:title\" content=\"HAMSKEA QUICK CHANGE STABILISATOR GEWICHT KIT w\/LINX-LOCK TECH 26oz SILBER - Bogensportdiscount \u2013 B\u00f6gen, Pfeile, Targets &amp; Zubeh\u00f6r\" \/>\n<meta property=\"og:description\" content=\"HAMSKEA QUICK CHANGE STABILISATOR GEWICHT KIT w\/LINX-LOCK TECH 26oz SILBER g\u00fcnstig kaufen bei Bogensportdiscount \u2013 Top-Marken, schneller Versand aus der Schweiz.\" \/>\n<meta property=\"og:url\" content=\"https:\/\/bogensportdiscount.ch\/fr\/produit\/hamskea-quick-change-stabilisator-gewicht-set-linx-lock-26oz-silber\/\" \/>\n<meta property=\"og:site_name\" content=\"Bogensportdiscount \u2013 B\u00f6gen, Pfeile, Targets &amp; Zubeh\u00f6r\" \/>\n<meta property=\"article:modified_time\" content=\"2026-05-14T05:14:03+00:00\" \/>\n<meta property=\"og:image\" content=\"https:\/\/bogensportdiscount.ch\/wp-content\/uploads\/bsm-images\/A094801_1.png\" \/>\n\t<meta property=\"og:image:width\" content=\"1610\" \/>\n\t<meta property=\"og:image:height\" content=\"3072\" \/>\n\t<meta property=\"og:image:type\" content=\"image\/png\" \/>\n<meta name=\"twitter:card\" content=\"summary_large_image\" \/>\n<script type=\"application\/ld+json\" class=\"yoast-schema-graph\">{\"@context\":\"https:\\\/\\\/schema.org\",\"@graph\":[{\"@type\":\"WebPage\",\"@id\":\"https:\\\/\\\/bogensportdiscount.ch\\\/produkt\\\/hamskea-quick-change-stabilisator-gewicht-set-linx-lock-26oz-silber\\\/\",\"url\":\"https:\\\/\\\/bogensportdiscount.ch\\\/produkt\\\/hamskea-quick-change-stabilisator-gewicht-set-linx-lock-26oz-silber\\\/\",\"name\":\"HAMSKEA QUICK CHANGE STABILISATOR GEWICHT KIT w\\\/LINX-LOCK TECH 26oz SILBER - Bogensportdiscount \u2013 B\u00f6gen, Pfeile, Targets &amp; Zubeh\u00f6r\",\"isPartOf\":{\"@id\":\"https:\\\/\\\/bogensportdiscount.ch\\\/#website\"},\"primaryImageOfPage\":{\"@id\":\"https:\\\/\\\/bogensportdiscount.ch\\\/produkt\\\/hamskea-quick-change-stabilisator-gewicht-set-linx-lock-26oz-silber\\\/#primaryimage\"},\"image\":{\"@id\":\"https:\\\/\\\/bogensportdiscount.ch\\\/produkt\\\/hamskea-quick-change-stabilisator-gewicht-set-linx-lock-26oz-silber\\\/#primaryimage\"},\"thumbnailUrl\":\"https:\\\/\\\/bogensportdiscount.ch\\\/wp-content\\\/uploads\\\/bsm-images\\\/A094801_1.png\",\"datePublished\":\"2026-04-05T12:32:28+00:00\",\"dateModified\":\"2026-05-14T05:14:03+00:00\",\"description\":\"HAMSKEA QUICK CHANGE STABILISATOR GEWICHT KIT w\\\/LINX-LOCK TECH 26oz SILBER g\u00fcnstig kaufen bei Bogensportdiscount \u2013 Top-Marken, schneller Versand aus der Schweiz.\",\"breadcrumb\":{\"@id\":\"https:\\\/\\\/bogensportdiscount.ch\\\/produkt\\\/hamskea-quick-change-stabilisator-gewicht-set-linx-lock-26oz-silber\\\/#breadcrumb\"},\"inLanguage\":\"fr-FR\",\"potentialAction\":[{\"@type\":\"ReadAction\",\"target\":[\"https:\\\/\\\/bogensportdiscount.ch\\\/produkt\\\/hamskea-quick-change-stabilisator-gewicht-set-linx-lock-26oz-silber\\\/\"]}]},{\"@type\":\"ImageObject\",\"inLanguage\":\"fr-FR\",\"@id\":\"https:\\\/\\\/bogensportdiscount.ch\\\/produkt\\\/hamskea-quick-change-stabilisator-gewicht-set-linx-lock-26oz-silber\\\/#primaryimage\",\"url\":\"https:\\\/\\\/bogensportdiscount.ch\\\/wp-content\\\/uploads\\\/bsm-images\\\/A094801_1.png\",\"contentUrl\":\"https:\\\/\\\/bogensportdiscount.ch\\\/wp-content\\\/uploads\\\/bsm-images\\\/A094801_1.png\",\"width\":1610,\"height\":3072},{\"@type\":\"BreadcrumbList\",\"@id\":\"https:\\\/\\\/bogensportdiscount.ch\\\/produkt\\\/hamskea-quick-change-stabilisator-gewicht-set-linx-lock-26oz-silber\\\/#breadcrumb\",\"itemListElement\":[{\"@type\":\"ListItem\",\"position\":1,\"name\":\"Home\",\"item\":\"https:\\\/\\\/bogensportdiscount.ch\\\/\"},{\"@type\":\"ListItem\",\"position\":2,\"name\":\"Shop\",\"item\":\"https:\\\/\\\/bogensportdiscount.ch\\\/shop\\\/\"},{\"@type\":\"ListItem\",\"position\":3,\"name\":\"HAMSKEA QUICK CHANGE STABILIZER WEIGHT KIT w\\\/LINX-LOCK TECH 26oz SILVER\"}]},{\"@type\":\"WebSite\",\"@id\":\"https:\\\/\\\/bogensportdiscount.ch\\\/#website\",\"url\":\"https:\\\/\\\/bogensportdiscount.ch\\\/\",\"name\":\"Bogensportdiscount\",\"description\":\"\",\"potentialAction\":[{\"@type\":\"SearchAction\",\"target\":{\"@type\":\"EntryPoint\",\"urlTemplate\":\"https:\\\/\\\/bogensportdiscount.ch\\\/?s={search_term_string}\"},\"query-input\":{\"@type\":\"PropertyValueSpecification\",\"valueRequired\":true,\"valueName\":\"search_term_string\"}}],\"inLanguage\":\"fr-FR\"}]}<\/script>\n<!-- \/ Yoast SEO plugin. -->","yoast_head_json":{"title":"HAMSKEA QUICK CHANGE STABILISATOR GEWICHT KIT w\/LINX-LOCK TECH 26oz SILBER - Bogensportdiscount \u2013 B\u00f6gen, Pfeile, Targets &amp; Zubeh\u00f6r","description":"HAMSKEA QUICK CHANGE STABILISATOR GEWICHT KIT w\/LINX-LOCK TECH 26oz SILBER g\u00fcnstig kaufen bei Bogensportdiscount \u2013 Top-Marken, schneller Versand aus der Schweiz.","robots":{"index":"index","follow":"follow","max-snippet":"max-snippet:-1","max-image-preview":"max-image-preview:large","max-video-preview":"max-video-preview:-1"},"canonical":"https:\/\/bogensportdiscount.ch\/fr\/produit\/hamskea-quick-change-stabilisator-gewicht-set-linx-lock-26oz-silber\/","og_locale":"fr_FR","og_type":"article","og_title":"HAMSKEA QUICK CHANGE STABILISATOR GEWICHT KIT w\/LINX-LOCK TECH 26oz SILBER - Bogensportdiscount \u2013 B\u00f6gen, Pfeile, Targets &amp; Zubeh\u00f6r","og_description":"HAMSKEA QUICK CHANGE STABILISATOR GEWICHT KIT w\/LINX-LOCK TECH 26oz SILBER g\u00fcnstig kaufen bei Bogensportdiscount \u2013 Top-Marken, schneller Versand aus der Schweiz.","og_url":"https:\/\/bogensportdiscount.ch\/fr\/produit\/hamskea-quick-change-stabilisator-gewicht-set-linx-lock-26oz-silber\/","og_site_name":"Bogensportdiscount \u2013 B\u00f6gen, Pfeile, Targets &amp; Zubeh\u00f6r","article_modified_time":"2026-05-14T05:14:03+00:00","og_image":[{"url":"https:\/\/bogensportdiscount.ch\/wp-content\/uploads\/bsm-images\/A094801_1.png","width":1610,"height":3072,"type":"image\/png"}],"twitter_card":"summary_large_image","schema":{"@context":"https:\/\/schema.org","@graph":[{"@type":"WebPage","@id":"https:\/\/bogensportdiscount.ch\/produkt\/hamskea-quick-change-stabilisator-gewicht-set-linx-lock-26oz-silber\/","url":"https:\/\/bogensportdiscount.ch\/produkt\/hamskea-quick-change-stabilisator-gewicht-set-linx-lock-26oz-silber\/","name":"HAMSKEA QUICK CHANGE STABILISATOR GEWICHT KIT w\/LINX-LOCK TECH 26oz SILBER - Bogensportdiscount \u2013 B\u00f6gen, Pfeile, Targets &amp; Zubeh\u00f6r","isPartOf":{"@id":"https:\/\/bogensportdiscount.ch\/#website"},"primaryImageOfPage":{"@id":"https:\/\/bogensportdiscount.ch\/produkt\/hamskea-quick-change-stabilisator-gewicht-set-linx-lock-26oz-silber\/#primaryimage"},"image":{"@id":"https:\/\/bogensportdiscount.ch\/produkt\/hamskea-quick-change-stabilisator-gewicht-set-linx-lock-26oz-silber\/#primaryimage"},"thumbnailUrl":"https:\/\/bogensportdiscount.ch\/wp-content\/uploads\/bsm-images\/A094801_1.png","datePublished":"2026-04-05T12:32:28+00:00","dateModified":"2026-05-14T05:14:03+00:00","description":"HAMSKEA QUICK CHANGE STABILISATOR GEWICHT KIT w\/LINX-LOCK TECH 26oz SILBER g\u00fcnstig kaufen bei Bogensportdiscount \u2013 Top-Marken, schneller Versand aus der Schweiz.","breadcrumb":{"@id":"https:\/\/bogensportdiscount.ch\/produkt\/hamskea-quick-change-stabilisator-gewicht-set-linx-lock-26oz-silber\/#breadcrumb"},"inLanguage":"fr-FR","potentialAction":[{"@type":"ReadAction","target":["https:\/\/bogensportdiscount.ch\/produkt\/hamskea-quick-change-stabilisator-gewicht-set-linx-lock-26oz-silber\/"]}]},{"@type":"ImageObject","inLanguage":"fr-FR","@id":"https:\/\/bogensportdiscount.ch\/produkt\/hamskea-quick-change-stabilisator-gewicht-set-linx-lock-26oz-silber\/#primaryimage","url":"https:\/\/bogensportdiscount.ch\/wp-content\/uploads\/bsm-images\/A094801_1.png","contentUrl":"https:\/\/bogensportdiscount.ch\/wp-content\/uploads\/bsm-images\/A094801_1.png","width":1610,"height":3072},{"@type":"BreadcrumbList","@id":"https:\/\/bogensportdiscount.ch\/produkt\/hamskea-quick-change-stabilisator-gewicht-set-linx-lock-26oz-silber\/#breadcrumb","itemListElement":[{"@type":"ListItem","position":1,"name":"Home","item":"https:\/\/bogensportdiscount.ch\/"},{"@type":"ListItem","position":2,"name":"Shop","item":"https:\/\/bogensportdiscount.ch\/shop\/"},{"@type":"ListItem","position":3,"name":"HAMSKEA QUICK CHANGE STABILIZER WEIGHT KIT w\/LINX-LOCK TECH 26oz SILVER"}]},{"@type":"WebSite","@id":"https:\/\/bogensportdiscount.ch\/#website","url":"https:\/\/bogensportdiscount.ch\/","name":"Bogensportdiscount","description":"","potentialAction":[{"@type":"SearchAction","target":{"@type":"EntryPoint","urlTemplate":"https:\/\/bogensportdiscount.ch\/?s={search_term_string}"},"query-input":{"@type":"PropertyValueSpecification","valueRequired":true,"valueName":"search_term_string"}}],"inLanguage":"fr-FR"}]}},"_links":{"self":[{"href":"https:\/\/bogensportdiscount.ch\/fr\/wp-json\/wp\/v2\/product\/394145","targetHints":{"allow":["GET"]}}],"collection":[{"href":"https:\/\/bogensportdiscount.ch\/fr\/wp-json\/wp\/v2\/product"}],"about":[{"href":"https:\/\/bogensportdiscount.ch\/fr\/wp-json\/wp\/v2\/types\/product"}],"replies":[{"embeddable":true,"href":"https:\/\/bogensportdiscount.ch\/fr\/wp-json\/wp\/v2\/comments?post=394145"}],"wp:featuredmedia":[{"embeddable":true,"href":"https:\/\/bogensportdiscount.ch\/fr\/wp-json\/wp\/v2\/media\/523999"}],"wp:attachment":[{"href":"https:\/\/bogensportdiscount.ch\/fr\/wp-json\/wp\/v2\/media?parent=394145"}],"wp:term":[{"taxonomy":"product_brand","embeddable":true,"href":"https:\/\/bogensportdiscount.ch\/fr\/wp-json\/wp\/v2\/product_brand?post=394145"},{"taxonomy":"product_cat","embeddable":true,"href":"https:\/\/bogensportdiscount.ch\/fr\/wp-json\/wp\/v2\/product_cat?post=394145"},{"taxonomy":"product_tag","embeddable":true,"href":"https:\/\/bogensportdiscount.ch\/fr\/wp-json\/wp\/v2\/product_tag?post=394145"}],"curies":[{"name":"wp","href":"https:\/\/api.w.org\/{rel}","templated":true}]}}