{"id":394142,"date":"2026-04-05T14:32:27","date_gmt":"2026-04-05T12:32:27","guid":{"rendered":"https:\/\/bogensportdiscount.ch\/produkt\/buck-trail-traditional-back-quiver-nomad-52cm-leather-brown-ambidextrous\/"},"modified":"2026-05-14T07:14:03","modified_gmt":"2026-05-14T05:14:03","slug":"bucktrail-traditioneller-rueckenkocher-nomad-52cm-leder-braun","status":"publish","type":"product","link":"https:\/\/bogensportdiscount.ch\/fr\/produit\/bucktrail-traditioneller-rueckenkocher-nomad-52cm-leder-braun\/","title":{"rendered":"BUCK TRAIL CARQUOIS DOS TRADITIONNEL NOMAD 52CM CUIR MARRON AMBIDEXTRE"},"content":{"rendered":"<p>Le BUCKTRAIL Nomad est un carquois dos traditionnel en cuir marron d'une longueur de 52 cm. Il convient aux archers pratiquant le tir \u00e0 l'arc classique et souhaitant transporter leurs fl\u00e8ches confortablement dans le dos.<\/p>\n<p>Gr\u00e2ce \u00e0 sa conception ambidextre, le carquois convient aussi bien aux gauchers qu'aux droitiers. Le cuir assure une stabilit\u00e9 et une finition robuste qui r\u00e9siste \u00e0 une utilisation quotidienne \u00e0 l'entra\u00eenement et \u00e0 la chasse.<\/p>\n<ul>\n<li>Mati\u00e8re : cuir marron<\/li>\n<li>Longueur : 52 cm<\/li>\n<li>Ambidextre \u2013 convient aux gauchers et aux droitiers<\/li>\n<li>Design traditionnel pour les archers classiques<\/li>\n<\/ul>","protected":false},"excerpt":{"rendered":"<table>\n<tr>\n<th>Propri\u00e9t\u00e9<\/th>\n<th>Valeur<\/th>\n<\/tr>\n<tr>\n<td>Longueur<\/td>\n<td>52 cm<\/td>\n<\/tr>\n<tr>\n<td>Mat\u00e9riau<\/td>\n<td>Cuir<\/td>\n<\/tr>\n<tr>\n<td>Type<\/td>\n<td>Carquois dos traditionnel<\/td>\n<\/tr>\n<tr>\n<td>Orientation<\/td>\n<td>Ambidextre<\/td>\n<\/tr>\n<\/table>","protected":false},"featured_media":524004,"comment_status":"open","ping_status":"closed","template":"","meta":[],"product_brand":[432],"product_cat":[4124,4145,4149],"product_tag":[3546],"class_list":{"0":"post-394142","1":"product","2":"type-product","3":"status-publish","4":"has-post-thumbnail","6":"product_brand-bucktrail","7":"product_cat-bogenschuetzer-ausruestung","8":"product_cat-koecher-guerteltasche","9":"product_cat-traditioneller-koecher","10":"product_tag-neuheit","11":"product_shipping_class-bsd-standard","13":"first","14":"instock","15":"shipping-taxable","16":"purchasable","17":"product-type-simple"},"yoast_head":"<!-- This site is optimized with the Yoast SEO plugin v27.6 - https:\/\/yoast.com\/product\/yoast-seo-wordpress\/ -->\n<title>BUCK TRAIL TRADITIONELLER R\u00dcCKENK\u00d6CHER NOMAD 52CM LEDER BRAUN AMBIDEXTROUS - Bogensportdiscount \u2013 B\u00f6gen, Pfeile, Targets &amp; Zubeh\u00f6r<\/title>\n<meta name=\"description\" content=\"BUCK TRAIL TRADITIONELLER R\u00dcCKENK\u00d6CHER NOMAD 52CM LEDER BRAUN AMBIDEXTROUS g\u00fcnstig kaufen bei Bogensportdiscount \u2013 Top-Marken, schneller Versand aus der Schweiz.\" \/>\n<meta name=\"robots\" content=\"index, follow, max-snippet:-1, max-image-preview:large, max-video-preview:-1\" \/>\n<link rel=\"canonical\" href=\"https:\/\/bogensportdiscount.ch\/fr\/produit\/bucktrail-traditioneller-rueckenkocher-nomad-52cm-leder-braun\/\" \/>\n<meta property=\"og:locale\" content=\"fr_FR\" \/>\n<meta property=\"og:type\" content=\"article\" \/>\n<meta property=\"og:title\" content=\"BUCK TRAIL TRADITIONELLER R\u00dcCKENK\u00d6CHER NOMAD 52CM LEDER BRAUN AMBIDEXTROUS - Bogensportdiscount \u2013 B\u00f6gen, Pfeile, Targets &amp; Zubeh\u00f6r\" \/>\n<meta property=\"og:description\" content=\"BUCK TRAIL TRADITIONELLER R\u00dcCKENK\u00d6CHER NOMAD 52CM LEDER BRAUN AMBIDEXTROUS g\u00fcnstig kaufen bei Bogensportdiscount \u2013 Top-Marken, schneller Versand aus der Schweiz.\" \/>\n<meta property=\"og:url\" content=\"https:\/\/bogensportdiscount.ch\/fr\/produit\/bucktrail-traditioneller-rueckenkocher-nomad-52cm-leder-braun\/\" \/>\n<meta property=\"og:site_name\" content=\"Bogensportdiscount \u2013 B\u00f6gen, Pfeile, Targets &amp; Zubeh\u00f6r\" \/>\n<meta property=\"article:modified_time\" content=\"2026-05-14T05:14:03+00:00\" \/>\n<meta property=\"og:image\" content=\"https:\/\/bogensportdiscount.ch\/wp-content\/uploads\/bsm-images\/A094789_1.png\" \/>\n\t<meta property=\"og:image:width\" content=\"1246\" \/>\n\t<meta property=\"og:image:height\" content=\"4552\" \/>\n\t<meta property=\"og:image:type\" content=\"image\/png\" \/>\n<meta name=\"twitter:card\" content=\"summary_large_image\" \/>\n<meta name=\"twitter:label1\" content=\"Dur\u00e9e de lecture estim\u00e9e\" \/>\n\t<meta name=\"twitter:data1\" content=\"1 minute\" \/>\n<script type=\"application\/ld+json\" class=\"yoast-schema-graph\">{\"@context\":\"https:\\\/\\\/schema.org\",\"@graph\":[{\"@type\":\"WebPage\",\"@id\":\"https:\\\/\\\/bogensportdiscount.ch\\\/produkt\\\/bucktrail-traditioneller-rueckenkocher-nomad-52cm-leder-braun\\\/\",\"url\":\"https:\\\/\\\/bogensportdiscount.ch\\\/produkt\\\/bucktrail-traditioneller-rueckenkocher-nomad-52cm-leder-braun\\\/\",\"name\":\"BUCK TRAIL TRADITIONELLER R\u00dcCKENK\u00d6CHER NOMAD 52CM LEDER BRAUN AMBIDEXTROUS - Bogensportdiscount \u2013 B\u00f6gen, Pfeile, Targets &amp; Zubeh\u00f6r\",\"isPartOf\":{\"@id\":\"https:\\\/\\\/bogensportdiscount.ch\\\/#website\"},\"primaryImageOfPage\":{\"@id\":\"https:\\\/\\\/bogensportdiscount.ch\\\/produkt\\\/bucktrail-traditioneller-rueckenkocher-nomad-52cm-leder-braun\\\/#primaryimage\"},\"image\":{\"@id\":\"https:\\\/\\\/bogensportdiscount.ch\\\/produkt\\\/bucktrail-traditioneller-rueckenkocher-nomad-52cm-leder-braun\\\/#primaryimage\"},\"thumbnailUrl\":\"https:\\\/\\\/bogensportdiscount.ch\\\/wp-content\\\/uploads\\\/bsm-images\\\/A094789_1.png\",\"datePublished\":\"2026-04-05T12:32:27+00:00\",\"dateModified\":\"2026-05-14T05:14:03+00:00\",\"description\":\"BUCK TRAIL TRADITIONELLER R\u00dcCKENK\u00d6CHER NOMAD 52CM LEDER BRAUN AMBIDEXTROUS g\u00fcnstig kaufen bei Bogensportdiscount \u2013 Top-Marken, schneller Versand aus der Schweiz.\",\"breadcrumb\":{\"@id\":\"https:\\\/\\\/bogensportdiscount.ch\\\/produkt\\\/bucktrail-traditioneller-rueckenkocher-nomad-52cm-leder-braun\\\/#breadcrumb\"},\"inLanguage\":\"fr-FR\",\"potentialAction\":[{\"@type\":\"ReadAction\",\"target\":[\"https:\\\/\\\/bogensportdiscount.ch\\\/produkt\\\/bucktrail-traditioneller-rueckenkocher-nomad-52cm-leder-braun\\\/\"]}]},{\"@type\":\"ImageObject\",\"inLanguage\":\"fr-FR\",\"@id\":\"https:\\\/\\\/bogensportdiscount.ch\\\/produkt\\\/bucktrail-traditioneller-rueckenkocher-nomad-52cm-leder-braun\\\/#primaryimage\",\"url\":\"https:\\\/\\\/bogensportdiscount.ch\\\/wp-content\\\/uploads\\\/bsm-images\\\/A094789_1.png\",\"contentUrl\":\"https:\\\/\\\/bogensportdiscount.ch\\\/wp-content\\\/uploads\\\/bsm-images\\\/A094789_1.png\",\"width\":1246,\"height\":4552},{\"@type\":\"BreadcrumbList\",\"@id\":\"https:\\\/\\\/bogensportdiscount.ch\\\/produkt\\\/bucktrail-traditioneller-rueckenkocher-nomad-52cm-leder-braun\\\/#breadcrumb\",\"itemListElement\":[{\"@type\":\"ListItem\",\"position\":1,\"name\":\"Home\",\"item\":\"https:\\\/\\\/bogensportdiscount.ch\\\/\"},{\"@type\":\"ListItem\",\"position\":2,\"name\":\"Shop\",\"item\":\"https:\\\/\\\/bogensportdiscount.ch\\\/shop\\\/\"},{\"@type\":\"ListItem\",\"position\":3,\"name\":\"BUCK TRAIL TRADITIONAL BACK QUIVER NOMAD 52CM LEATHER BROWN AMBIDEXTROUS\"}]},{\"@type\":\"WebSite\",\"@id\":\"https:\\\/\\\/bogensportdiscount.ch\\\/#website\",\"url\":\"https:\\\/\\\/bogensportdiscount.ch\\\/\",\"name\":\"Bogensportdiscount\",\"description\":\"\",\"potentialAction\":[{\"@type\":\"SearchAction\",\"target\":{\"@type\":\"EntryPoint\",\"urlTemplate\":\"https:\\\/\\\/bogensportdiscount.ch\\\/?s={search_term_string}\"},\"query-input\":{\"@type\":\"PropertyValueSpecification\",\"valueRequired\":true,\"valueName\":\"search_term_string\"}}],\"inLanguage\":\"fr-FR\"}]}<\/script>\n<!-- \/ Yoast SEO plugin. -->","yoast_head_json":{"title":"BUCK TRAIL TRADITIONELLER R\u00dcCKENK\u00d6CHER NOMAD 52CM LEDER BRAUN AMBIDEXTROUS - Bogensportdiscount \u2013 B\u00f6gen, Pfeile, Targets &amp; Zubeh\u00f6r","description":"BUCK TRAIL TRADITIONELLER R\u00dcCKENK\u00d6CHER NOMAD 52CM LEDER BRAUN AMBIDEXTROUS g\u00fcnstig kaufen bei Bogensportdiscount \u2013 Top-Marken, schneller Versand aus der Schweiz.","robots":{"index":"index","follow":"follow","max-snippet":"max-snippet:-1","max-image-preview":"max-image-preview:large","max-video-preview":"max-video-preview:-1"},"canonical":"https:\/\/bogensportdiscount.ch\/fr\/produit\/bucktrail-traditioneller-rueckenkocher-nomad-52cm-leder-braun\/","og_locale":"fr_FR","og_type":"article","og_title":"BUCK TRAIL TRADITIONELLER R\u00dcCKENK\u00d6CHER NOMAD 52CM LEDER BRAUN AMBIDEXTROUS - Bogensportdiscount \u2013 B\u00f6gen, Pfeile, Targets &amp; Zubeh\u00f6r","og_description":"BUCK TRAIL TRADITIONELLER R\u00dcCKENK\u00d6CHER NOMAD 52CM LEDER BRAUN AMBIDEXTROUS g\u00fcnstig kaufen bei Bogensportdiscount \u2013 Top-Marken, schneller Versand aus der Schweiz.","og_url":"https:\/\/bogensportdiscount.ch\/fr\/produit\/bucktrail-traditioneller-rueckenkocher-nomad-52cm-leder-braun\/","og_site_name":"Bogensportdiscount \u2013 B\u00f6gen, Pfeile, Targets &amp; Zubeh\u00f6r","article_modified_time":"2026-05-14T05:14:03+00:00","og_image":[{"url":"https:\/\/bogensportdiscount.ch\/wp-content\/uploads\/bsm-images\/A094789_1.png","width":1246,"height":4552,"type":"image\/png"}],"twitter_card":"summary_large_image","twitter_misc":{"Dur\u00e9e de lecture estim\u00e9e":"1 minute"},"schema":{"@context":"https:\/\/schema.org","@graph":[{"@type":"WebPage","@id":"https:\/\/bogensportdiscount.ch\/produkt\/bucktrail-traditioneller-rueckenkocher-nomad-52cm-leder-braun\/","url":"https:\/\/bogensportdiscount.ch\/produkt\/bucktrail-traditioneller-rueckenkocher-nomad-52cm-leder-braun\/","name":"BUCK TRAIL TRADITIONELLER R\u00dcCKENK\u00d6CHER NOMAD 52CM LEDER BRAUN AMBIDEXTROUS - Bogensportdiscount \u2013 B\u00f6gen, Pfeile, Targets &amp; Zubeh\u00f6r","isPartOf":{"@id":"https:\/\/bogensportdiscount.ch\/#website"},"primaryImageOfPage":{"@id":"https:\/\/bogensportdiscount.ch\/produkt\/bucktrail-traditioneller-rueckenkocher-nomad-52cm-leder-braun\/#primaryimage"},"image":{"@id":"https:\/\/bogensportdiscount.ch\/produkt\/bucktrail-traditioneller-rueckenkocher-nomad-52cm-leder-braun\/#primaryimage"},"thumbnailUrl":"https:\/\/bogensportdiscount.ch\/wp-content\/uploads\/bsm-images\/A094789_1.png","datePublished":"2026-04-05T12:32:27+00:00","dateModified":"2026-05-14T05:14:03+00:00","description":"BUCK TRAIL TRADITIONELLER R\u00dcCKENK\u00d6CHER NOMAD 52CM LEDER BRAUN AMBIDEXTROUS g\u00fcnstig kaufen bei Bogensportdiscount \u2013 Top-Marken, schneller Versand aus der Schweiz.","breadcrumb":{"@id":"https:\/\/bogensportdiscount.ch\/produkt\/bucktrail-traditioneller-rueckenkocher-nomad-52cm-leder-braun\/#breadcrumb"},"inLanguage":"fr-FR","potentialAction":[{"@type":"ReadAction","target":["https:\/\/bogensportdiscount.ch\/produkt\/bucktrail-traditioneller-rueckenkocher-nomad-52cm-leder-braun\/"]}]},{"@type":"ImageObject","inLanguage":"fr-FR","@id":"https:\/\/bogensportdiscount.ch\/produkt\/bucktrail-traditioneller-rueckenkocher-nomad-52cm-leder-braun\/#primaryimage","url":"https:\/\/bogensportdiscount.ch\/wp-content\/uploads\/bsm-images\/A094789_1.png","contentUrl":"https:\/\/bogensportdiscount.ch\/wp-content\/uploads\/bsm-images\/A094789_1.png","width":1246,"height":4552},{"@type":"BreadcrumbList","@id":"https:\/\/bogensportdiscount.ch\/produkt\/bucktrail-traditioneller-rueckenkocher-nomad-52cm-leder-braun\/#breadcrumb","itemListElement":[{"@type":"ListItem","position":1,"name":"Home","item":"https:\/\/bogensportdiscount.ch\/"},{"@type":"ListItem","position":2,"name":"Shop","item":"https:\/\/bogensportdiscount.ch\/shop\/"},{"@type":"ListItem","position":3,"name":"BUCK TRAIL TRADITIONAL BACK QUIVER NOMAD 52CM LEATHER BROWN AMBIDEXTROUS"}]},{"@type":"WebSite","@id":"https:\/\/bogensportdiscount.ch\/#website","url":"https:\/\/bogensportdiscount.ch\/","name":"Bogensportdiscount","description":"","potentialAction":[{"@type":"SearchAction","target":{"@type":"EntryPoint","urlTemplate":"https:\/\/bogensportdiscount.ch\/?s={search_term_string}"},"query-input":{"@type":"PropertyValueSpecification","valueRequired":true,"valueName":"search_term_string"}}],"inLanguage":"fr-FR"}]}},"_links":{"self":[{"href":"https:\/\/bogensportdiscount.ch\/fr\/wp-json\/wp\/v2\/product\/394142","targetHints":{"allow":["GET"]}}],"collection":[{"href":"https:\/\/bogensportdiscount.ch\/fr\/wp-json\/wp\/v2\/product"}],"about":[{"href":"https:\/\/bogensportdiscount.ch\/fr\/wp-json\/wp\/v2\/types\/product"}],"replies":[{"embeddable":true,"href":"https:\/\/bogensportdiscount.ch\/fr\/wp-json\/wp\/v2\/comments?post=394142"}],"wp:featuredmedia":[{"embeddable":true,"href":"https:\/\/bogensportdiscount.ch\/fr\/wp-json\/wp\/v2\/media\/524004"}],"wp:attachment":[{"href":"https:\/\/bogensportdiscount.ch\/fr\/wp-json\/wp\/v2\/media?parent=394142"}],"wp:term":[{"taxonomy":"product_brand","embeddable":true,"href":"https:\/\/bogensportdiscount.ch\/fr\/wp-json\/wp\/v2\/product_brand?post=394142"},{"taxonomy":"product_cat","embeddable":true,"href":"https:\/\/bogensportdiscount.ch\/fr\/wp-json\/wp\/v2\/product_cat?post=394142"},{"taxonomy":"product_tag","embeddable":true,"href":"https:\/\/bogensportdiscount.ch\/fr\/wp-json\/wp\/v2\/product_tag?post=394142"}],"curies":[{"name":"wp","href":"https:\/\/api.w.org\/{rel}","templated":true}]}}