{"id":394137,"date":"2026-04-05T14:32:26","date_gmt":"2026-04-05T12:32:26","guid":{"rendered":"https:\/\/bogensportdiscount.ch\/produkt\/hha-sight-parts-lyt-sight-light\/"},"modified":"2026-04-22T14:12:00","modified_gmt":"2026-04-22T12:12:00","slug":"hha-visier-zubehoer-lyt-sight-light","status":"publish","type":"product","link":"https:\/\/bogensportdiscount.ch\/fr\/produit\/hha-visier-zubehoer-lyt-sight-light\/","title":{"rendered":"HHA VISIER TEILE LYT SIGHT LIGHT"},"content":{"rendered":"<p>Das HHA Lyt Sight Light ist ein Beleuchtungszubeh\u00f6r f\u00fcr HHA Visiere. Es wird direkt am Visier montiert und verbessert die Sichtbarkeit der Visiermarkierungen bei schlechten Lichtverh\u00e4ltnissen.<\/p>\n<p>Dieses Ersatz- bzw. Zubeh\u00f6rteil ist speziell f\u00fcr die Verwendung mit kompatiblen HHA Visiersystemen konzipiert und wird in den USA gefertigt. Es eignet sich besonders f\u00fcr Jagdb\u00f6gen, bei denen pr\u00e4zises Zielen auch bei D\u00e4mmerung oder in dunklen Umgebungen gefragt ist.<\/p>\n<ul>\n<li>Beleuchtung f\u00fcr HHA Visiere<\/li>\n<li>Visibilit\u00e9 am\u00e9lior\u00e9e dans de mauvaises conditions d'\u00e9clairage<\/li>\n<li>Fabriqu\u00e9 aux \u00c9tats-Unis<\/li>\n<li>Kompatibel mit HHA Visiersystemen<\/li>\n<\/ul>","protected":false},"excerpt":{"rendered":"<table>\n<tr>\n<th>Propri\u00e9t\u00e9<\/th>\n<th>Valeur<\/th>\n<\/tr>\n<tr>\n<td>Marque<\/td>\n<td>HHA<\/td>\n<\/tr>\n<tr>\n<td>Type<\/td>\n<td>Licht (Light)<\/td>\n<\/tr>\n<tr>\n<td>Pays d'origine<\/td>\n<td>USA<\/td>\n<\/tr>\n<tr>\n<td>GTIN<\/td>\n<td>716415231822<\/td>\n<\/tr>\n<\/table>","protected":false},"featured_media":524007,"comment_status":"open","ping_status":"closed","template":"","meta":[],"product_brand":[528],"product_cat":[4134],"product_tag":[3546],"class_list":{"0":"post-394137","1":"product","2":"type-product","3":"status-publish","4":"has-post-thumbnail","6":"product_brand-hha","7":"product_cat-einzelteile-fur-jagd-und-3d","8":"product_tag-neuheit","9":"product_shipping_class-bsd-standard","11":"first","12":"instock","13":"shipping-taxable","14":"purchasable","15":"product-type-simple"},"yoast_head":"<!-- This site is optimized with the Yoast SEO plugin v27.4 - https:\/\/yoast.com\/product\/yoast-seo-wordpress\/ -->\n<title>Pi\u00e8ces de vis\u00e9e HHA LYT SIGHT LIGHT - Bogensportdiscount \u2013 Arcs, fl\u00e8ches, cibles et accessoires<\/title>\n<meta name=\"description\" content=\"Pi\u00e8ces de vis\u00e9e HHA LYT SIGHT LIGHT \u00e0 prix avantageux chez Bogensportdiscount \u2013 Grandes marques, livraison rapide depuis la Suisse.\" \/>\n<meta name=\"robots\" content=\"index, follow, max-snippet:-1, max-image-preview:large, max-video-preview:-1\" \/>\n<link rel=\"canonical\" href=\"https:\/\/bogensportdiscount.ch\/fr\/produit\/hha-visier-zubehoer-lyt-sight-light\/\" \/>\n<meta property=\"og:locale\" content=\"fr_FR\" \/>\n<meta property=\"og:type\" content=\"article\" \/>\n<meta property=\"og:title\" content=\"HHA VISIER TEILE LYT SIGHT LIGHT - Bogensportdiscount \u2013 Arcs, fl\u00e8ches, cibles et accessoires\" \/>\n<meta property=\"og:description\" content=\"Pi\u00e8ces de vis\u00e9e HHA LYT SIGHT LIGHT \u00e0 prix avantageux chez Bogensportdiscount \u2013 Grandes marques, livraison rapide depuis la Suisse.\" \/>\n<meta property=\"og:url\" content=\"https:\/\/bogensportdiscount.ch\/fr\/produit\/hha-visier-zubehoer-lyt-sight-light\/\" \/>\n<meta property=\"og:site_name\" content=\"Bogensportdiscount \u2013 B\u00f6gen, Pfeile, Targets &amp; Zubeh\u00f6r\" \/>\n<meta property=\"article:modified_time\" content=\"2026-04-22T12:12:00+00:00\" \/>\n<meta property=\"og:image\" content=\"https:\/\/bogensportdiscount.ch\/wp-content\/uploads\/bsm-images\/A094759_1.png\" \/>\n\t<meta property=\"og:image:width\" content=\"417\" \/>\n\t<meta property=\"og:image:height\" content=\"450\" \/>\n\t<meta property=\"og:image:type\" content=\"image\/png\" \/>\n<meta name=\"twitter:card\" content=\"summary_large_image\" \/>\n<script type=\"application\/ld+json\" class=\"yoast-schema-graph\">{\"@context\":\"https:\\\/\\\/schema.org\",\"@graph\":[{\"@type\":\"WebPage\",\"@id\":\"https:\\\/\\\/bogensportdiscount.ch\\\/produkt\\\/hha-visier-zubehoer-lyt-sight-light\\\/\",\"url\":\"https:\\\/\\\/bogensportdiscount.ch\\\/produkt\\\/hha-visier-zubehoer-lyt-sight-light\\\/\",\"name\":\"HHA VISIER TEILE LYT SIGHT LIGHT - Bogensportdiscount \u2013 B\u00f6gen, Pfeile, Targets &amp; Zubeh\u00f6r\",\"isPartOf\":{\"@id\":\"https:\\\/\\\/bogensportdiscount.ch\\\/#website\"},\"primaryImageOfPage\":{\"@id\":\"https:\\\/\\\/bogensportdiscount.ch\\\/produkt\\\/hha-visier-zubehoer-lyt-sight-light\\\/#primaryimage\"},\"image\":{\"@id\":\"https:\\\/\\\/bogensportdiscount.ch\\\/produkt\\\/hha-visier-zubehoer-lyt-sight-light\\\/#primaryimage\"},\"thumbnailUrl\":\"https:\\\/\\\/bogensportdiscount.ch\\\/wp-content\\\/uploads\\\/bsm-images\\\/A094759_1.png\",\"datePublished\":\"2026-04-05T12:32:26+00:00\",\"dateModified\":\"2026-04-22T12:12:00+00:00\",\"description\":\"HHA VISIER TEILE LYT SIGHT LIGHT g\u00fcnstig kaufen bei Bogensportdiscount \u2013 Top-Marken, schneller Versand aus der Schweiz.\",\"breadcrumb\":{\"@id\":\"https:\\\/\\\/bogensportdiscount.ch\\\/produkt\\\/hha-visier-zubehoer-lyt-sight-light\\\/#breadcrumb\"},\"inLanguage\":\"fr-FR\",\"potentialAction\":[{\"@type\":\"ReadAction\",\"target\":[\"https:\\\/\\\/bogensportdiscount.ch\\\/produkt\\\/hha-visier-zubehoer-lyt-sight-light\\\/\"]}]},{\"@type\":\"ImageObject\",\"inLanguage\":\"fr-FR\",\"@id\":\"https:\\\/\\\/bogensportdiscount.ch\\\/produkt\\\/hha-visier-zubehoer-lyt-sight-light\\\/#primaryimage\",\"url\":\"https:\\\/\\\/bogensportdiscount.ch\\\/wp-content\\\/uploads\\\/bsm-images\\\/A094759_1.png\",\"contentUrl\":\"https:\\\/\\\/bogensportdiscount.ch\\\/wp-content\\\/uploads\\\/bsm-images\\\/A094759_1.png\",\"width\":417,\"height\":450},{\"@type\":\"BreadcrumbList\",\"@id\":\"https:\\\/\\\/bogensportdiscount.ch\\\/produkt\\\/hha-visier-zubehoer-lyt-sight-light\\\/#breadcrumb\",\"itemListElement\":[{\"@type\":\"ListItem\",\"position\":1,\"name\":\"Home\",\"item\":\"https:\\\/\\\/bogensportdiscount.ch\\\/\"},{\"@type\":\"ListItem\",\"position\":2,\"name\":\"Shop\",\"item\":\"https:\\\/\\\/bogensportdiscount.ch\\\/shop\\\/\"},{\"@type\":\"ListItem\",\"position\":3,\"name\":\"HHA VISIER TEILE LYT SIGHT LIGHT\"}]},{\"@type\":\"WebSite\",\"@id\":\"https:\\\/\\\/bogensportdiscount.ch\\\/#website\",\"url\":\"https:\\\/\\\/bogensportdiscount.ch\\\/\",\"name\":\"Bogensportdiscount\",\"description\":\"\",\"potentialAction\":[{\"@type\":\"SearchAction\",\"target\":{\"@type\":\"EntryPoint\",\"urlTemplate\":\"https:\\\/\\\/bogensportdiscount.ch\\\/?s={search_term_string}\"},\"query-input\":{\"@type\":\"PropertyValueSpecification\",\"valueRequired\":true,\"valueName\":\"search_term_string\"}}],\"inLanguage\":\"fr-FR\"}]}<\/script>\n<!-- \/ Yoast SEO plugin. -->","yoast_head_json":{"title":"Pi\u00e8ces de vis\u00e9e HHA LYT SIGHT LIGHT - Bogensportdiscount \u2013 Arcs, fl\u00e8ches, cibles et accessoires","description":"Pi\u00e8ces de vis\u00e9e HHA LYT SIGHT LIGHT \u00e0 prix avantageux chez Bogensportdiscount \u2013 Grandes marques, livraison rapide depuis la Suisse.","robots":{"index":"index","follow":"follow","max-snippet":"max-snippet:-1","max-image-preview":"max-image-preview:large","max-video-preview":"max-video-preview:-1"},"canonical":"https:\/\/bogensportdiscount.ch\/fr\/produit\/hha-visier-zubehoer-lyt-sight-light\/","og_locale":"fr_FR","og_type":"article","og_title":"HHA VISIER TEILE LYT SIGHT LIGHT - Bogensportdiscount \u2013 Arcs, fl\u00e8ches, cibles et accessoires","og_description":"Pi\u00e8ces de vis\u00e9e HHA LYT SIGHT LIGHT \u00e0 prix avantageux chez Bogensportdiscount \u2013 Grandes marques, livraison rapide depuis la Suisse.","og_url":"https:\/\/bogensportdiscount.ch\/fr\/produit\/hha-visier-zubehoer-lyt-sight-light\/","og_site_name":"Bogensportdiscount \u2013 B\u00f6gen, Pfeile, Targets &amp; Zubeh\u00f6r","article_modified_time":"2026-04-22T12:12:00+00:00","og_image":[{"width":417,"height":450,"url":"https:\/\/bogensportdiscount.ch\/wp-content\/uploads\/bsm-images\/A094759_1.png","type":"image\/png"}],"twitter_card":"summary_large_image","schema":{"@context":"https:\/\/schema.org","@graph":[{"@type":"WebPage","@id":"https:\/\/bogensportdiscount.ch\/produkt\/hha-visier-zubehoer-lyt-sight-light\/","url":"https:\/\/bogensportdiscount.ch\/produkt\/hha-visier-zubehoer-lyt-sight-light\/","name":"HHA VISIER TEILE LYT SIGHT LIGHT - Bogensportdiscount \u2013 Arcs, fl\u00e8ches, cibles et accessoires","isPartOf":{"@id":"https:\/\/bogensportdiscount.ch\/#website"},"primaryImageOfPage":{"@id":"https:\/\/bogensportdiscount.ch\/produkt\/hha-visier-zubehoer-lyt-sight-light\/#primaryimage"},"image":{"@id":"https:\/\/bogensportdiscount.ch\/produkt\/hha-visier-zubehoer-lyt-sight-light\/#primaryimage"},"thumbnailUrl":"https:\/\/bogensportdiscount.ch\/wp-content\/uploads\/bsm-images\/A094759_1.png","datePublished":"2026-04-05T12:32:26+00:00","dateModified":"2026-04-22T12:12:00+00:00","description":"Pi\u00e8ces de vis\u00e9e HHA LYT SIGHT LIGHT \u00e0 prix avantageux chez Bogensportdiscount \u2013 Grandes marques, livraison rapide depuis la Suisse.","breadcrumb":{"@id":"https:\/\/bogensportdiscount.ch\/produkt\/hha-visier-zubehoer-lyt-sight-light\/#breadcrumb"},"inLanguage":"fr-FR","potentialAction":[{"@type":"ReadAction","target":["https:\/\/bogensportdiscount.ch\/produkt\/hha-visier-zubehoer-lyt-sight-light\/"]}]},{"@type":"ImageObject","inLanguage":"fr-FR","@id":"https:\/\/bogensportdiscount.ch\/produkt\/hha-visier-zubehoer-lyt-sight-light\/#primaryimage","url":"https:\/\/bogensportdiscount.ch\/wp-content\/uploads\/bsm-images\/A094759_1.png","contentUrl":"https:\/\/bogensportdiscount.ch\/wp-content\/uploads\/bsm-images\/A094759_1.png","width":417,"height":450},{"@type":"BreadcrumbList","@id":"https:\/\/bogensportdiscount.ch\/produkt\/hha-visier-zubehoer-lyt-sight-light\/#breadcrumb","itemListElement":[{"@type":"ListItem","position":1,"name":"Home","item":"https:\/\/bogensportdiscount.ch\/"},{"@type":"ListItem","position":2,"name":"Shop","item":"https:\/\/bogensportdiscount.ch\/shop\/"},{"@type":"ListItem","position":3,"name":"HHA VISIER TEILE LYT SIGHT LIGHT"}]},{"@type":"WebSite","@id":"https:\/\/bogensportdiscount.ch\/#website","url":"https:\/\/bogensportdiscount.ch\/","name":"Bogensportdiscount","description":"","potentialAction":[{"@type":"SearchAction","target":{"@type":"EntryPoint","urlTemplate":"https:\/\/bogensportdiscount.ch\/?s={search_term_string}"},"query-input":{"@type":"PropertyValueSpecification","valueRequired":true,"valueName":"search_term_string"}}],"inLanguage":"fr-FR"}]}},"_links":{"self":[{"href":"https:\/\/bogensportdiscount.ch\/fr\/wp-json\/wp\/v2\/product\/394137","targetHints":{"allow":["GET"]}}],"collection":[{"href":"https:\/\/bogensportdiscount.ch\/fr\/wp-json\/wp\/v2\/product"}],"about":[{"href":"https:\/\/bogensportdiscount.ch\/fr\/wp-json\/wp\/v2\/types\/product"}],"replies":[{"embeddable":true,"href":"https:\/\/bogensportdiscount.ch\/fr\/wp-json\/wp\/v2\/comments?post=394137"}],"wp:featuredmedia":[{"embeddable":true,"href":"https:\/\/bogensportdiscount.ch\/fr\/wp-json\/wp\/v2\/media\/524007"}],"wp:attachment":[{"href":"https:\/\/bogensportdiscount.ch\/fr\/wp-json\/wp\/v2\/media?parent=394137"}],"wp:term":[{"taxonomy":"product_brand","embeddable":true,"href":"https:\/\/bogensportdiscount.ch\/fr\/wp-json\/wp\/v2\/product_brand?post=394137"},{"taxonomy":"product_cat","embeddable":true,"href":"https:\/\/bogensportdiscount.ch\/fr\/wp-json\/wp\/v2\/product_cat?post=394137"},{"taxonomy":"product_tag","embeddable":true,"href":"https:\/\/bogensportdiscount.ch\/fr\/wp-json\/wp\/v2\/product_tag?post=394137"}],"curies":[{"name":"wp","href":"https:\/\/api.w.org\/{rel}","templated":true}]}}