{"id":394135,"date":"2026-04-05T14:32:25","date_gmt":"2026-04-05T12:32:25","guid":{"rendered":"https:\/\/bogensportdiscount.ch\/produkt\/avalon-parts-for-portable-presses-wide-hook-only-2-pk\/"},"modified":"2026-05-14T07:14:02","modified_gmt":"2026-05-14T05:14:02","slug":"avalon-ersatzteil-tragbare-bogenpresse-breiter-haken-2er-pack","status":"publish","type":"product","link":"https:\/\/bogensportdiscount.ch\/fr\/produit\/avalon-ersatzteil-tragbare-bogenpresse-breiter-haken-2er-pack\/","title":{"rendered":"AVALON PI\u00c8CES POUR PRESSES PORTABLES CROCHET LARGE UNIQUEMENT 2\/PK"},"content":{"rendered":"<p>Ce kit contient deux crochets larges comme pi\u00e8ces de rechange pour les presses d'arc portables AVALON. Les crochets sont sp\u00e9cialement con\u00e7us pour une utilisation sur des presses d'arc portables et permettent un maintien s\u00fbr lors du pressage de l'arc.<\/p>\n<p>Les crochets larges conviennent particuli\u00e8rement aux arcs avec des branches plus larges et offrent un appui stable lors des travaux sur la corde, les c\u00e2bles et les poulies. Le pack de 2 permet de remplacer simultan\u00e9ment les deux c\u00f4t\u00e9s de la presse.<\/p>\n<ul>\n<li>2 pi\u00e8ces incluses dans la livraison<\/li>\n<li>Design \u00e0 crochet large pour un maintien s\u00fbr<\/li>\n<li>Adapt\u00e9 aux presses d'arc portables<\/li>\n<li>Pi\u00e8ce de rechange ou pi\u00e8ce compl\u00e9mentaire<\/li>\n<\/ul>","protected":false},"excerpt":{"rendered":"<table>\n<tr>\n<th>Propri\u00e9t\u00e9<\/th>\n<th>Valeur<\/th>\n<\/tr>\n<tr>\n<td>Marque<\/td>\n<td>Avalon<\/td>\n<\/tr>\n<tr>\n<td>Pays d'origine<\/td>\n<td>Chine<\/td>\n<\/tr>\n<tr>\n<td>GTIN<\/td>\n<td>6426001855861<\/td>\n<\/tr>\n<\/table>","protected":false},"featured_media":524011,"comment_status":"open","ping_status":"closed","template":"","meta":[],"product_brand":[449],"product_cat":[4121,4564,27444],"product_tag":[3546],"class_list":{"0":"post-394135","1":"product","2":"type-product","3":"status-publish","4":"has-post-thumbnail","6":"product_brand-avalon","7":"product_cat-werkzeuge-training","8":"product_cat-bogenpressen-einzelteile","9":"product_cat-bogenpresse-zubehoer-einzelteile","10":"product_tag-neuheit","11":"product_shipping_class-bsd-standard","13":"first","14":"instock","15":"shipping-taxable","16":"purchasable","17":"product-type-simple"},"yoast_head":"<!-- This site is optimized with the Yoast SEO plugin v27.6 - https:\/\/yoast.com\/product\/yoast-seo-wordpress\/ -->\n<title>AVALON TEILE F\u00dcR TRAGBARE PRESSEN WEITER HAKEN NUR 2\/PK - Bogensportdiscount \u2013 B\u00f6gen, Pfeile, Targets &amp; Zubeh\u00f6r<\/title>\n<meta name=\"description\" content=\"AVALON TEILE F\u00dcR TRAGBARE PRESSEN WEITER HAKEN NUR 2\/PK g\u00fcnstig kaufen bei Bogensportdiscount \u2013 Top-Marken, schneller Versand aus der Schweiz.\" \/>\n<meta name=\"robots\" content=\"index, follow, max-snippet:-1, max-image-preview:large, max-video-preview:-1\" \/>\n<link rel=\"canonical\" href=\"https:\/\/bogensportdiscount.ch\/fr\/produit\/avalon-ersatzteil-tragbare-bogenpresse-breiter-haken-2er-pack\/\" \/>\n<meta property=\"og:locale\" content=\"fr_FR\" \/>\n<meta property=\"og:type\" content=\"article\" \/>\n<meta property=\"og:title\" content=\"AVALON TEILE F\u00dcR TRAGBARE PRESSEN WEITER HAKEN NUR 2\/PK - Bogensportdiscount \u2013 B\u00f6gen, Pfeile, Targets &amp; Zubeh\u00f6r\" \/>\n<meta property=\"og:description\" content=\"AVALON TEILE F\u00dcR TRAGBARE PRESSEN WEITER HAKEN NUR 2\/PK g\u00fcnstig kaufen bei Bogensportdiscount \u2013 Top-Marken, schneller Versand aus der Schweiz.\" \/>\n<meta property=\"og:url\" content=\"https:\/\/bogensportdiscount.ch\/fr\/produit\/avalon-ersatzteil-tragbare-bogenpresse-breiter-haken-2er-pack\/\" \/>\n<meta property=\"og:site_name\" content=\"Bogensportdiscount \u2013 B\u00f6gen, Pfeile, Targets &amp; Zubeh\u00f6r\" \/>\n<meta property=\"article:modified_time\" content=\"2026-05-14T05:14:02+00:00\" \/>\n<meta property=\"og:image\" content=\"https:\/\/bogensportdiscount.ch\/wp-content\/uploads\/bsm-images\/A094757_1.png\" \/>\n\t<meta property=\"og:image:width\" content=\"4419\" \/>\n\t<meta property=\"og:image:height\" content=\"3641\" \/>\n\t<meta property=\"og:image:type\" content=\"image\/png\" \/>\n<meta name=\"twitter:card\" content=\"summary_large_image\" \/>\n<script type=\"application\/ld+json\" class=\"yoast-schema-graph\">{\"@context\":\"https:\\\/\\\/schema.org\",\"@graph\":[{\"@type\":\"WebPage\",\"@id\":\"https:\\\/\\\/bogensportdiscount.ch\\\/produkt\\\/avalon-ersatzteil-tragbare-bogenpresse-breiter-haken-2er-pack\\\/\",\"url\":\"https:\\\/\\\/bogensportdiscount.ch\\\/produkt\\\/avalon-ersatzteil-tragbare-bogenpresse-breiter-haken-2er-pack\\\/\",\"name\":\"AVALON TEILE F\u00dcR TRAGBARE PRESSEN WEITER HAKEN NUR 2\\\/PK - Bogensportdiscount \u2013 B\u00f6gen, Pfeile, Targets &amp; Zubeh\u00f6r\",\"isPartOf\":{\"@id\":\"https:\\\/\\\/bogensportdiscount.ch\\\/#website\"},\"primaryImageOfPage\":{\"@id\":\"https:\\\/\\\/bogensportdiscount.ch\\\/produkt\\\/avalon-ersatzteil-tragbare-bogenpresse-breiter-haken-2er-pack\\\/#primaryimage\"},\"image\":{\"@id\":\"https:\\\/\\\/bogensportdiscount.ch\\\/produkt\\\/avalon-ersatzteil-tragbare-bogenpresse-breiter-haken-2er-pack\\\/#primaryimage\"},\"thumbnailUrl\":\"https:\\\/\\\/bogensportdiscount.ch\\\/wp-content\\\/uploads\\\/bsm-images\\\/A094757_1.png\",\"datePublished\":\"2026-04-05T12:32:25+00:00\",\"dateModified\":\"2026-05-14T05:14:02+00:00\",\"description\":\"AVALON TEILE F\u00dcR TRAGBARE PRESSEN WEITER HAKEN NUR 2\\\/PK g\u00fcnstig kaufen bei Bogensportdiscount \u2013 Top-Marken, schneller Versand aus der Schweiz.\",\"breadcrumb\":{\"@id\":\"https:\\\/\\\/bogensportdiscount.ch\\\/produkt\\\/avalon-ersatzteil-tragbare-bogenpresse-breiter-haken-2er-pack\\\/#breadcrumb\"},\"inLanguage\":\"fr-FR\",\"potentialAction\":[{\"@type\":\"ReadAction\",\"target\":[\"https:\\\/\\\/bogensportdiscount.ch\\\/produkt\\\/avalon-ersatzteil-tragbare-bogenpresse-breiter-haken-2er-pack\\\/\"]}]},{\"@type\":\"ImageObject\",\"inLanguage\":\"fr-FR\",\"@id\":\"https:\\\/\\\/bogensportdiscount.ch\\\/produkt\\\/avalon-ersatzteil-tragbare-bogenpresse-breiter-haken-2er-pack\\\/#primaryimage\",\"url\":\"https:\\\/\\\/bogensportdiscount.ch\\\/wp-content\\\/uploads\\\/bsm-images\\\/A094757_1.png\",\"contentUrl\":\"https:\\\/\\\/bogensportdiscount.ch\\\/wp-content\\\/uploads\\\/bsm-images\\\/A094757_1.png\",\"width\":4419,\"height\":3641},{\"@type\":\"BreadcrumbList\",\"@id\":\"https:\\\/\\\/bogensportdiscount.ch\\\/produkt\\\/avalon-ersatzteil-tragbare-bogenpresse-breiter-haken-2er-pack\\\/#breadcrumb\",\"itemListElement\":[{\"@type\":\"ListItem\",\"position\":1,\"name\":\"Home\",\"item\":\"https:\\\/\\\/bogensportdiscount.ch\\\/\"},{\"@type\":\"ListItem\",\"position\":2,\"name\":\"Shop\",\"item\":\"https:\\\/\\\/bogensportdiscount.ch\\\/shop\\\/\"},{\"@type\":\"ListItem\",\"position\":3,\"name\":\"AVALON PARTS FOR PORTABLE PRESSES WIDE HOOK ONLY 2\\\/PK\"}]},{\"@type\":\"WebSite\",\"@id\":\"https:\\\/\\\/bogensportdiscount.ch\\\/#website\",\"url\":\"https:\\\/\\\/bogensportdiscount.ch\\\/\",\"name\":\"Bogensportdiscount\",\"description\":\"\",\"potentialAction\":[{\"@type\":\"SearchAction\",\"target\":{\"@type\":\"EntryPoint\",\"urlTemplate\":\"https:\\\/\\\/bogensportdiscount.ch\\\/?s={search_term_string}\"},\"query-input\":{\"@type\":\"PropertyValueSpecification\",\"valueRequired\":true,\"valueName\":\"search_term_string\"}}],\"inLanguage\":\"fr-FR\"}]}<\/script>\n<!-- \/ Yoast SEO plugin. -->","yoast_head_json":{"title":"AVALON TEILE F\u00dcR TRAGBARE PRESSEN WEITER HAKEN NUR 2\/PK - Bogensportdiscount \u2013 B\u00f6gen, Pfeile, Targets &amp; Zubeh\u00f6r","description":"AVALON TEILE F\u00dcR TRAGBARE PRESSEN WEITER HAKEN NUR 2\/PK g\u00fcnstig kaufen bei Bogensportdiscount \u2013 Top-Marken, schneller Versand aus der Schweiz.","robots":{"index":"index","follow":"follow","max-snippet":"max-snippet:-1","max-image-preview":"max-image-preview:large","max-video-preview":"max-video-preview:-1"},"canonical":"https:\/\/bogensportdiscount.ch\/fr\/produit\/avalon-ersatzteil-tragbare-bogenpresse-breiter-haken-2er-pack\/","og_locale":"fr_FR","og_type":"article","og_title":"AVALON TEILE F\u00dcR TRAGBARE PRESSEN WEITER HAKEN NUR 2\/PK - Bogensportdiscount \u2013 B\u00f6gen, Pfeile, Targets &amp; Zubeh\u00f6r","og_description":"AVALON TEILE F\u00dcR TRAGBARE PRESSEN WEITER HAKEN NUR 2\/PK g\u00fcnstig kaufen bei Bogensportdiscount \u2013 Top-Marken, schneller Versand aus der Schweiz.","og_url":"https:\/\/bogensportdiscount.ch\/fr\/produit\/avalon-ersatzteil-tragbare-bogenpresse-breiter-haken-2er-pack\/","og_site_name":"Bogensportdiscount \u2013 B\u00f6gen, Pfeile, Targets &amp; Zubeh\u00f6r","article_modified_time":"2026-05-14T05:14:02+00:00","og_image":[{"url":"https:\/\/bogensportdiscount.ch\/wp-content\/uploads\/bsm-images\/A094757_1.png","width":4419,"height":3641,"type":"image\/png"}],"twitter_card":"summary_large_image","schema":{"@context":"https:\/\/schema.org","@graph":[{"@type":"WebPage","@id":"https:\/\/bogensportdiscount.ch\/produkt\/avalon-ersatzteil-tragbare-bogenpresse-breiter-haken-2er-pack\/","url":"https:\/\/bogensportdiscount.ch\/produkt\/avalon-ersatzteil-tragbare-bogenpresse-breiter-haken-2er-pack\/","name":"AVALON TEILE F\u00dcR TRAGBARE PRESSEN WEITER HAKEN NUR 2\/PK - Bogensportdiscount \u2013 B\u00f6gen, Pfeile, Targets &amp; Zubeh\u00f6r","isPartOf":{"@id":"https:\/\/bogensportdiscount.ch\/#website"},"primaryImageOfPage":{"@id":"https:\/\/bogensportdiscount.ch\/produkt\/avalon-ersatzteil-tragbare-bogenpresse-breiter-haken-2er-pack\/#primaryimage"},"image":{"@id":"https:\/\/bogensportdiscount.ch\/produkt\/avalon-ersatzteil-tragbare-bogenpresse-breiter-haken-2er-pack\/#primaryimage"},"thumbnailUrl":"https:\/\/bogensportdiscount.ch\/wp-content\/uploads\/bsm-images\/A094757_1.png","datePublished":"2026-04-05T12:32:25+00:00","dateModified":"2026-05-14T05:14:02+00:00","description":"AVALON TEILE F\u00dcR TRAGBARE PRESSEN WEITER HAKEN NUR 2\/PK g\u00fcnstig kaufen bei Bogensportdiscount \u2013 Top-Marken, schneller Versand aus der Schweiz.","breadcrumb":{"@id":"https:\/\/bogensportdiscount.ch\/produkt\/avalon-ersatzteil-tragbare-bogenpresse-breiter-haken-2er-pack\/#breadcrumb"},"inLanguage":"fr-FR","potentialAction":[{"@type":"ReadAction","target":["https:\/\/bogensportdiscount.ch\/produkt\/avalon-ersatzteil-tragbare-bogenpresse-breiter-haken-2er-pack\/"]}]},{"@type":"ImageObject","inLanguage":"fr-FR","@id":"https:\/\/bogensportdiscount.ch\/produkt\/avalon-ersatzteil-tragbare-bogenpresse-breiter-haken-2er-pack\/#primaryimage","url":"https:\/\/bogensportdiscount.ch\/wp-content\/uploads\/bsm-images\/A094757_1.png","contentUrl":"https:\/\/bogensportdiscount.ch\/wp-content\/uploads\/bsm-images\/A094757_1.png","width":4419,"height":3641},{"@type":"BreadcrumbList","@id":"https:\/\/bogensportdiscount.ch\/produkt\/avalon-ersatzteil-tragbare-bogenpresse-breiter-haken-2er-pack\/#breadcrumb","itemListElement":[{"@type":"ListItem","position":1,"name":"Home","item":"https:\/\/bogensportdiscount.ch\/"},{"@type":"ListItem","position":2,"name":"Shop","item":"https:\/\/bogensportdiscount.ch\/shop\/"},{"@type":"ListItem","position":3,"name":"AVALON PARTS FOR PORTABLE PRESSES WIDE HOOK ONLY 2\/PK"}]},{"@type":"WebSite","@id":"https:\/\/bogensportdiscount.ch\/#website","url":"https:\/\/bogensportdiscount.ch\/","name":"Bogensportdiscount","description":"","potentialAction":[{"@type":"SearchAction","target":{"@type":"EntryPoint","urlTemplate":"https:\/\/bogensportdiscount.ch\/?s={search_term_string}"},"query-input":{"@type":"PropertyValueSpecification","valueRequired":true,"valueName":"search_term_string"}}],"inLanguage":"fr-FR"}]}},"_links":{"self":[{"href":"https:\/\/bogensportdiscount.ch\/fr\/wp-json\/wp\/v2\/product\/394135","targetHints":{"allow":["GET"]}}],"collection":[{"href":"https:\/\/bogensportdiscount.ch\/fr\/wp-json\/wp\/v2\/product"}],"about":[{"href":"https:\/\/bogensportdiscount.ch\/fr\/wp-json\/wp\/v2\/types\/product"}],"replies":[{"embeddable":true,"href":"https:\/\/bogensportdiscount.ch\/fr\/wp-json\/wp\/v2\/comments?post=394135"}],"wp:featuredmedia":[{"embeddable":true,"href":"https:\/\/bogensportdiscount.ch\/fr\/wp-json\/wp\/v2\/media\/524011"}],"wp:attachment":[{"href":"https:\/\/bogensportdiscount.ch\/fr\/wp-json\/wp\/v2\/media?parent=394135"}],"wp:term":[{"taxonomy":"product_brand","embeddable":true,"href":"https:\/\/bogensportdiscount.ch\/fr\/wp-json\/wp\/v2\/product_brand?post=394135"},{"taxonomy":"product_cat","embeddable":true,"href":"https:\/\/bogensportdiscount.ch\/fr\/wp-json\/wp\/v2\/product_cat?post=394135"},{"taxonomy":"product_tag","embeddable":true,"href":"https:\/\/bogensportdiscount.ch\/fr\/wp-json\/wp\/v2\/product_tag?post=394135"}],"curies":[{"name":"wp","href":"https:\/\/api.w.org\/{rel}","templated":true}]}}