{"id":394122,"date":"2026-04-05T14:32:23","date_gmt":"2026-04-05T12:32:23","guid":{"rendered":"https:\/\/bogensportdiscount.ch\/produkt\/bearpaw-whistling-point-screw-in-11-32-12-pk\/"},"modified":"2026-04-17T09:36:36","modified_gmt":"2026-04-17T07:36:36","slug":"bearpaw-einschraub-pfeifspitze-whistling-point-11-32-12er-pack","status":"publish","type":"product","link":"https:\/\/bogensportdiscount.ch\/fr\/produit\/bearpaw-einschraub-pfeifspitze-whistling-point-11-32-12er-pack\/","title":{"rendered":"BEARPAW WHISTLING POINT SCREW IN 11\/32 12\/PK"},"content":{"rendered":"<p>Die BEARPAW Whistling Point Einschraub-Pfeifspitzen im Format 11\/32 sind auf Standard-Gewindeeins\u00e4tze ausgelegt und lassen sich schnell und einfach montieren. Die goldene Ausf\u00fchrung erm\u00f6glicht eine gute Sichtbarkeit im Ziel- und Trainingsbereich.<\/p>\n<p>Pfeifspitzen erzeugen beim Flug ein charakteristisches Pfeifger\u00e4usch, das zur akustischen Kontrolle des Schussbildes genutzt werden kann. Das Paket enth\u00e4lt 12 Spitzen, was eine wirtschaftliche Best\u00fcckung mehrerer Pfeile erm\u00f6glicht.<\/p>\n<ul>\n<li>Einschraub-Befestigung f\u00fcr 11\/32-Sch\u00e4fte<\/li>\n<li>Goldene Ausf\u00fchrung f\u00fcr gute Sichtbarkeit<\/li>\n<li>Akustisches Pfeifger\u00e4usch beim Pfeilflug<\/li>\n<li>12 Spitzen pro Packung<\/li>\n<\/ul>","protected":false},"excerpt":{"rendered":"<table>\n<tr>\n<th>Propri\u00e9t\u00e9<\/th>\n<th>Valeur<\/th>\n<\/tr>\n<tr>\n<td>Marque<\/td>\n<td>Bearpaw<\/td>\n<\/tr>\n<tr>\n<td>Couleur<\/td>\n<td>Or<\/td>\n<\/tr>\n<tr>\n<td>Schaftdurchmesser<\/td>\n<td>11\/32<\/td>\n<\/tr>\n<tr>\n<td>Packungsinhalt<\/td>\n<td>12 St\u00fcck<\/td>\n<\/tr>\n<tr>\n<td>Origine<\/td>\n<td>Deutschland<\/td>\n<\/tr>\n<\/table>","protected":false},"featured_media":453452,"comment_status":"open","ping_status":"closed","template":"","meta":[],"product_brand":[442],"product_cat":[4545],"product_tag":[3546],"class_list":{"0":"post-394122","1":"product","2":"type-product","3":"status-publish","4":"has-post-thumbnail","6":"product_brand-bearpaw","7":"product_cat-einschraube-spitzen-pfeil-komponenten","8":"product_tag-neuheit","10":"first","11":"instock","12":"shipping-taxable","13":"purchasable","14":"product-type-simple"},"_links":{"self":[{"href":"https:\/\/bogensportdiscount.ch\/fr\/wp-json\/wp\/v2\/product\/394122","targetHints":{"allow":["GET"]}}],"collection":[{"href":"https:\/\/bogensportdiscount.ch\/fr\/wp-json\/wp\/v2\/product"}],"about":[{"href":"https:\/\/bogensportdiscount.ch\/fr\/wp-json\/wp\/v2\/types\/product"}],"replies":[{"embeddable":true,"href":"https:\/\/bogensportdiscount.ch\/fr\/wp-json\/wp\/v2\/comments?post=394122"}],"wp:featuredmedia":[{"embeddable":true,"href":"https:\/\/bogensportdiscount.ch\/fr\/wp-json\/wp\/v2\/media\/453452"}],"wp:attachment":[{"href":"https:\/\/bogensportdiscount.ch\/fr\/wp-json\/wp\/v2\/media?parent=394122"}],"wp:term":[{"taxonomy":"product_brand","embeddable":true,"href":"https:\/\/bogensportdiscount.ch\/fr\/wp-json\/wp\/v2\/product_brand?post=394122"},{"taxonomy":"product_cat","embeddable":true,"href":"https:\/\/bogensportdiscount.ch\/fr\/wp-json\/wp\/v2\/product_cat?post=394122"},{"taxonomy":"product_tag","embeddable":true,"href":"https:\/\/bogensportdiscount.ch\/fr\/wp-json\/wp\/v2\/product_tag?post=394122"}],"curies":[{"name":"wp","href":"https:\/\/api.w.org\/{rel}","templated":true}]}}